{"id":10006,"date":"2023-01-10T14:49:58","date_gmt":"2023-01-10T11:49:58","guid":{"rendered":"http:\/\/moddbeta.xyz\/maya\/?page_id=10006"},"modified":"2025-05-22T01:26:10","modified_gmt":"2025-05-21T22:26:10","slug":"hepsi-bir-arada-tedavi","status":"publish","type":"page","link":"https:\/\/mayadent.com.tr\/tr\/hepsi-bir-arada-tedavi\/","title":{"rendered":"All On Four \u0130mplant Tedavisi"},"content":{"rendered":"<p>[vc_row content_placement=&#8221;middle&#8221; responsive_css=&#8221;padding_top_medium:65px|padding_bottom_medium:65px&#8221; css=&#8221;.vc_custom_1621858742456{padding-top: 35px !important;padding-bottom: 35px !important;}&#8221;][vc_column responsive_css=&#8221;margin_bottom_medium:0px&#8221; css=&#8221;.vc_custom_1675965922391{margin-bottom: 30px !important;}&#8221;]<style>.ld_images_group_element_69ef961aea99e{border-radius:15px;}<\/style><div id=\"ld_images_group_element_69ef961aea99e\" class=\"lqd-imggrp-single ld_images_group_element_69ef961aea99e\" data-shadow-style=\"3\" data-roundness=\"custom\" data-hover3d=\"true\"  >\n\t\n\t<div class=\"lqd-imggrp-img-container\" data-stacking-factor=\"1\"   >\n\t\t\n\t\t\t\t\n\t\t\t\t<figure ><img decoding=\"async\" width=\"570\" height=\"466\" src=\"https:\/\/mayadent.com.tr\/tr\/wp-content\/uploads\/2023\/01\/All-on-Four-Treatment.png\" srcset=\"https:\/\/mayadent.com.tr\/tr\/wp-content\/uploads\/2023\/01\/All-on-Four-Treatment-300x245.png 300w, https:\/\/mayadent.com.tr\/tr\/wp-content\/uploads\/2023\/01\/All-on-Four-Treatment-1024x837.png 1024w, https:\/\/mayadent.com.tr\/tr\/wp-content\/uploads\/2023\/01\/All-on-Four-Treatment.png 1140w\" class=\"\" alt=\"\" itemprop=\"image\" \/><\/figure>\t\t\t\t\t\t\t\t\n\t<\/div><!-- \/.lqd-imggrp-content -->\n<\/div><!-- \/.lqd-imggrp-single --><style>.ld_spacer_69ef961aec3ff{height:32px;}<\/style>\n<div class=\"ld-empty-space ld_spacer_69ef961aec3ff\"><\/div><style>.ld_fancy_heading_69ef961aec78d h2{color:rgb(255, 255, 255);}.ld_fancy_heading_69ef961aec78d h2 {margin-bottom:0.3em !important;  } .ld_fancy_heading_69ef961aec78d .lqd-highlight-inner{height:0.275em!important;bottom:0px!important;}.ld_fancy_heading_69ef961aec78d h2 {margin-bottom:0.3em !important;  } <\/style><div class=\"ld-fancy-heading ld_fancy_heading_69ef961aec78d\">\n\t<h2 class=\"ld-fh-element lqd-highlight-underline lqd-highlight-grow-left text-decoration-default\"   >  All On Four \u0130mplant Tedavisi<\/h2><\/div><style>.ld_fancy_heading_69ef961aed223 p{color:rgb(255, 255, 255);}.ld_fancy_heading_69ef961aed223 p {font-size:18px; } .ld_fancy_heading_69ef961aed223 p {line-height:1.44em; } .ld_fancy_heading_69ef961aed223 p {--element-line-height:1.44em; } .ld_fancy_heading_69ef961aed223 p {margin-bottom:2.5em !important;  } .ld_fancy_heading_69ef961aed223 .lqd-highlight-inner{height:0.275em!important;bottom:0px!important;}.ld_fancy_heading_69ef961aed223 p {font-size:18px; } .ld_fancy_heading_69ef961aed223 p {line-height:1.44em; } .ld_fancy_heading_69ef961aed223 p {--element-line-height:1.44em; } .ld_fancy_heading_69ef961aed223 p {margin-bottom:2.5em !important;  } <\/style><div class=\"ld-fancy-heading ld_fancy_heading_69ef961aed223\">\n\t<p class=\"ld-fh-element lqd-highlight-underline lqd-highlight-grow-left text-decoration-default\"   >  Kemik eksikli\u011fi veya \u00e7enelerde anatomik zorluklar (mandibular sinir, maksiller sin\u00fcs) gibi durumlarda implantlar\u0131n standart bir \u015fekilde yerle\u015ftirilmesi m\u00fcmk\u00fcn olmayabilir veya ileri cerrahi tedavilere ihtiya\u00e7 duyulabilir.\u00a0Bu durumda sabit protez kullanmak i\u00e7in a\u00e7\u0131l\u0131 implantlar kullan\u0131l\u0131r.\u00a0All-on-Four tedavisi ile \u00e7ene kemiklerine 2 adet d\u00fcz ve 2 adet a\u00e7\u0131l\u0131 implant yerle\u015ftirilerek toplamda 4 implant \u00fczerinden sabit protez yap\u0131labilir.<\/p><\/div><style>.ld_fancy_heading_69ef961aedef2 p{color:rgb(255, 255, 255);}.ld_fancy_heading_69ef961aedef2 p {font-size:18px; } .ld_fancy_heading_69ef961aedef2 p {line-height:1.44em; } .ld_fancy_heading_69ef961aedef2 p {--element-line-height:1.44em; } .ld_fancy_heading_69ef961aedef2 p {margin-bottom:2.5em !important;  } .ld_fancy_heading_69ef961aedef2 .lqd-highlight-inner{height:0.275em!important;bottom:0px!important;}.ld_fancy_heading_69ef961aedef2 p {font-size:18px; } .ld_fancy_heading_69ef961aedef2 p {line-height:1.44em; } .ld_fancy_heading_69ef961aedef2 p {--element-line-height:1.44em; } .ld_fancy_heading_69ef961aedef2 p {margin-bottom:2.5em !important;  } <\/style><div class=\"ld-fancy-heading ld_fancy_heading_69ef961aedef2\">\n\t<p class=\"ld-fh-element lqd-highlight-underline lqd-highlight-grow-left text-decoration-default\"   >  <b>All-On-4&#8217;\u00fcn Geleneksel \u0130mplantlardan Fark\u0131 Nedir?<\/b><\/p>\n<p>En b\u00fcy\u00fck fark implant say\u0131s\u0131d\u0131r.\u00a0Bireysel implantlar\u0131n aksine, All-on-4 veya All-on-6, yaln\u0131zca d\u00f6rt veya alt\u0131 di\u015f implant\u0131 kullanarak bir hastan\u0131n t\u00fcm di\u015flerini de\u011fi\u015ftirebilir.\u00a0All-on-4 ayr\u0131ca geleneksel implantlardan farkl\u0131d\u0131r, \u00e7\u00fcnk\u00fc tipik olarak bir kemik grefti gerekli de\u011fildir ve bu implant tipi daha h\u0131zl\u0131 sonu\u00e7lar sa\u011flar.<br \/>\n<b>All-On-4 Ne Kadar S\u00fcrer?<\/b><\/p>\n<p>All-on-4&#8217;\u00fcn tamamlanmas\u0131 genellikle 2-4 saat s\u00fcrer.<\/p>\n<p><b>All-On-4 A\u011fr\u0131l\u0131 Bir Prosed\u00fcr m\u00fc?<\/b><\/p>\n<p>Hay\u0131r. All-on-4 implant alan \u00e7o\u011fu hasta, beklediklerinden daha az a\u011fr\u0131 ya\u015fad\u0131klar\u0131n\u0131 bildirir.\u00a0Ayr\u0131ca lokal anestezi veya IV sedasyon alt\u0131nda yap\u0131l\u0131r.<\/p>\n<p><b>\u0130yile\u015fme S\u00fcresi Ne Kadar S\u00fcrer?<\/b><\/p>\n<p>All-on-4 ile iyile\u015fme s\u00fcreci, 3 ila 4 ay s\u00fcren geleneksel di\u015f implantlar\u0131na k\u0131yasla nispeten h\u0131zl\u0131d\u0131r.\u00a0\u0130lk g\u00fcnden itibaren implantlar hastan\u0131n kemi\u011fiyle kayna\u015fmaya ba\u015flar.\u00a0Hatta baz\u0131 ki\u015filer i\u015flem g\u00fcn\u00fcnde kat\u0131 yiyecekler yiyebilirler.<\/p><\/div>[\/vc_column][\/vc_row]<\/p>\n","protected":false},"excerpt":{"rendered":"<p>[vc_row content_placement=&#8221;middle&#8221; responsive_css=&#8221;padding_top_medium:65px|padding_bottom_medium:65px&#8221; css=&#8221;.vc_custom_1621858742456{padding-top: 35px !important;padding-bottom: 35px !important;}&#8221;][vc_column responsive_css=&#8221;margin_bottom_medium:0px&#8221; css=&#8221;.vc_custom_1675965922391{margin-bottom: 30px !important;}&#8221;][\/vc_column][\/vc_row]<\/p>\n","protected":false},"author":1,"featured_media":0,"parent":0,"menu_order":0,"comment_status":"closed","ping_status":"closed","template":"","meta":{"footnotes":""},"class_list":["post-10006","page","type-page","status-publish","hentry"],"yoast_head":"<!-- This site is optimized with the Yoast SEO plugin v27.3 - https:\/\/yoast.com\/product\/yoast-seo-wordpress\/ -->\n<title>All On Four \u0130mplant Tedavisi - MAYADENT<\/title>\n<meta name=\"robots\" content=\"index, follow, max-snippet:-1, max-image-preview:large, max-video-preview:-1\" \/>\n<link rel=\"canonical\" href=\"https:\/\/mayadent.com.tr\/tr\/hepsi-bir-arada-tedavi\/\" \/>\n<meta property=\"og:locale\" content=\"tr_TR\" \/>\n<meta property=\"og:type\" content=\"article\" \/>\n<meta property=\"og:title\" content=\"All On Four \u0130mplant Tedavisi - MAYADENT\" \/>\n<meta property=\"og:description\" content=\"[vc_row content_placement=&#8221;middle&#8221; responsive_css=&#8221;padding_top_medium:65px|padding_bottom_medium:65px&#8221; css=&#8221;.vc_custom_1621858742456{padding-top: 35px !important;padding-bottom: 35px !important;}&#8221;][vc_column responsive_css=&#8221;margin_bottom_medium:0px&#8221; css=&#8221;.vc_custom_1675965922391{margin-bottom: 30px !important;}&#8221;][\/vc_column][\/vc_row]\" \/>\n<meta property=\"og:url\" content=\"https:\/\/mayadent.com.tr\/tr\/hepsi-bir-arada-tedavi\/\" \/>\n<meta property=\"og:site_name\" content=\"MAYADENT\" \/>\n<meta property=\"article:publisher\" content=\"https:\/\/www.facebook.com\/profile.php?id=100095497178358\" \/>\n<meta property=\"article:modified_time\" content=\"2025-05-21T22:26:10+00:00\" \/>\n<meta name=\"twitter:card\" content=\"summary_large_image\" \/>\n<meta name=\"twitter:label1\" content=\"Tahmini okuma s\u00fcresi\" \/>\n\t<meta name=\"twitter:data1\" content=\"2 dakika\" \/>\n<script type=\"application\/ld+json\" class=\"yoast-schema-graph\">{\"@context\":\"https:\\\/\\\/schema.org\",\"@graph\":[{\"@type\":\"WebPage\",\"@id\":\"https:\\\/\\\/mayadent.com.tr\\\/tr\\\/hepsi-bir-arada-tedavi\\\/\",\"url\":\"https:\\\/\\\/mayadent.com.tr\\\/tr\\\/hepsi-bir-arada-tedavi\\\/\",\"name\":\"All On Four \u0130mplant Tedavisi - MAYADENT\",\"isPartOf\":{\"@id\":\"https:\\\/\\\/mayadent.com.tr\\\/tr\\\/#website\"},\"datePublished\":\"2023-01-10T11:49:58+00:00\",\"dateModified\":\"2025-05-21T22:26:10+00:00\",\"breadcrumb\":{\"@id\":\"https:\\\/\\\/mayadent.com.tr\\\/tr\\\/hepsi-bir-arada-tedavi\\\/#breadcrumb\"},\"inLanguage\":\"tr\",\"potentialAction\":[{\"@type\":\"ReadAction\",\"target\":[\"https:\\\/\\\/mayadent.com.tr\\\/tr\\\/hepsi-bir-arada-tedavi\\\/\"]}]},{\"@type\":\"BreadcrumbList\",\"@id\":\"https:\\\/\\\/mayadent.com.tr\\\/tr\\\/hepsi-bir-arada-tedavi\\\/#breadcrumb\",\"itemListElement\":[{\"@type\":\"ListItem\",\"position\":1,\"name\":\"Anasayfa\",\"item\":\"https:\\\/\\\/mayadent.com.tr\\\/tr\\\/\"},{\"@type\":\"ListItem\",\"position\":2,\"name\":\"All On Four \u0130mplant Tedavisi\"}]},{\"@type\":\"WebSite\",\"@id\":\"https:\\\/\\\/mayadent.com.tr\\\/tr\\\/#website\",\"url\":\"https:\\\/\\\/mayadent.com.tr\\\/tr\\\/\",\"name\":\"mayadent.com.tr\",\"description\":\"G\u00fcvenle G\u00fcl\u00fcmse\",\"publisher\":{\"@id\":\"https:\\\/\\\/mayadent.com.tr\\\/tr\\\/#organization\"},\"potentialAction\":[{\"@type\":\"SearchAction\",\"target\":{\"@type\":\"EntryPoint\",\"urlTemplate\":\"https:\\\/\\\/mayadent.com.tr\\\/tr\\\/?s={search_term_string}\"},\"query-input\":{\"@type\":\"PropertyValueSpecification\",\"valueRequired\":true,\"valueName\":\"search_term_string\"}}],\"inLanguage\":\"tr\"},{\"@type\":\"Organization\",\"@id\":\"https:\\\/\\\/mayadent.com.tr\\\/tr\\\/#organization\",\"name\":\"MAYADENT\",\"alternateName\":\"Mayadent International\",\"url\":\"https:\\\/\\\/mayadent.com.tr\\\/tr\\\/\",\"logo\":{\"@type\":\"ImageObject\",\"inLanguage\":\"tr\",\"@id\":\"https:\\\/\\\/mayadent.com.tr\\\/tr\\\/#\\\/schema\\\/logo\\\/image\\\/\",\"url\":\"https:\\\/\\\/mayadent.com.tr\\\/tr\\\/wp-content\\\/uploads\\\/2023\\\/08\\\/Adsiz-tasarim.png\",\"contentUrl\":\"https:\\\/\\\/mayadent.com.tr\\\/tr\\\/wp-content\\\/uploads\\\/2023\\\/08\\\/Adsiz-tasarim.png\",\"width\":375,\"height\":375,\"caption\":\"MAYADENT\"},\"image\":{\"@id\":\"https:\\\/\\\/mayadent.com.tr\\\/tr\\\/#\\\/schema\\\/logo\\\/image\\\/\"},\"sameAs\":[\"https:\\\/\\\/www.facebook.com\\\/profile.php?id=100095497178358\",\"https:\\\/\\\/www.instagram.com\\\/mayadentinternational\\\/\"]}]}<\/script>\n<!-- \/ Yoast SEO plugin. -->","yoast_head_json":{"title":"All On Four \u0130mplant Tedavisi - MAYADENT","robots":{"index":"index","follow":"follow","max-snippet":"max-snippet:-1","max-image-preview":"max-image-preview:large","max-video-preview":"max-video-preview:-1"},"canonical":"https:\/\/mayadent.com.tr\/tr\/hepsi-bir-arada-tedavi\/","og_locale":"tr_TR","og_type":"article","og_title":"All On Four \u0130mplant Tedavisi - MAYADENT","og_description":"[vc_row content_placement=&#8221;middle&#8221; responsive_css=&#8221;padding_top_medium:65px|padding_bottom_medium:65px&#8221; css=&#8221;.vc_custom_1621858742456{padding-top: 35px !important;padding-bottom: 35px !important;}&#8221;][vc_column responsive_css=&#8221;margin_bottom_medium:0px&#8221; css=&#8221;.vc_custom_1675965922391{margin-bottom: 30px !important;}&#8221;][\/vc_column][\/vc_row]","og_url":"https:\/\/mayadent.com.tr\/tr\/hepsi-bir-arada-tedavi\/","og_site_name":"MAYADENT","article_publisher":"https:\/\/www.facebook.com\/profile.php?id=100095497178358","article_modified_time":"2025-05-21T22:26:10+00:00","twitter_card":"summary_large_image","twitter_misc":{"Tahmini okuma s\u00fcresi":"2 dakika"},"schema":{"@context":"https:\/\/schema.org","@graph":[{"@type":"WebPage","@id":"https:\/\/mayadent.com.tr\/tr\/hepsi-bir-arada-tedavi\/","url":"https:\/\/mayadent.com.tr\/tr\/hepsi-bir-arada-tedavi\/","name":"All On Four \u0130mplant Tedavisi - MAYADENT","isPartOf":{"@id":"https:\/\/mayadent.com.tr\/tr\/#website"},"datePublished":"2023-01-10T11:49:58+00:00","dateModified":"2025-05-21T22:26:10+00:00","breadcrumb":{"@id":"https:\/\/mayadent.com.tr\/tr\/hepsi-bir-arada-tedavi\/#breadcrumb"},"inLanguage":"tr","potentialAction":[{"@type":"ReadAction","target":["https:\/\/mayadent.com.tr\/tr\/hepsi-bir-arada-tedavi\/"]}]},{"@type":"BreadcrumbList","@id":"https:\/\/mayadent.com.tr\/tr\/hepsi-bir-arada-tedavi\/#breadcrumb","itemListElement":[{"@type":"ListItem","position":1,"name":"Anasayfa","item":"https:\/\/mayadent.com.tr\/tr\/"},{"@type":"ListItem","position":2,"name":"All On Four \u0130mplant Tedavisi"}]},{"@type":"WebSite","@id":"https:\/\/mayadent.com.tr\/tr\/#website","url":"https:\/\/mayadent.com.tr\/tr\/","name":"mayadent.com.tr","description":"G\u00fcvenle G\u00fcl\u00fcmse","publisher":{"@id":"https:\/\/mayadent.com.tr\/tr\/#organization"},"potentialAction":[{"@type":"SearchAction","target":{"@type":"EntryPoint","urlTemplate":"https:\/\/mayadent.com.tr\/tr\/?s={search_term_string}"},"query-input":{"@type":"PropertyValueSpecification","valueRequired":true,"valueName":"search_term_string"}}],"inLanguage":"tr"},{"@type":"Organization","@id":"https:\/\/mayadent.com.tr\/tr\/#organization","name":"MAYADENT","alternateName":"Mayadent International","url":"https:\/\/mayadent.com.tr\/tr\/","logo":{"@type":"ImageObject","inLanguage":"tr","@id":"https:\/\/mayadent.com.tr\/tr\/#\/schema\/logo\/image\/","url":"https:\/\/mayadent.com.tr\/tr\/wp-content\/uploads\/2023\/08\/Adsiz-tasarim.png","contentUrl":"https:\/\/mayadent.com.tr\/tr\/wp-content\/uploads\/2023\/08\/Adsiz-tasarim.png","width":375,"height":375,"caption":"MAYADENT"},"image":{"@id":"https:\/\/mayadent.com.tr\/tr\/#\/schema\/logo\/image\/"},"sameAs":["https:\/\/www.facebook.com\/profile.php?id=100095497178358","https:\/\/www.instagram.com\/mayadentinternational\/"]}]}},"_links":{"self":[{"href":"https:\/\/mayadent.com.tr\/tr\/wp-json\/wp\/v2\/pages\/10006","targetHints":{"allow":["GET"]}}],"collection":[{"href":"https:\/\/mayadent.com.tr\/tr\/wp-json\/wp\/v2\/pages"}],"about":[{"href":"https:\/\/mayadent.com.tr\/tr\/wp-json\/wp\/v2\/types\/page"}],"author":[{"embeddable":true,"href":"https:\/\/mayadent.com.tr\/tr\/wp-json\/wp\/v2\/users\/1"}],"replies":[{"embeddable":true,"href":"https:\/\/mayadent.com.tr\/tr\/wp-json\/wp\/v2\/comments?post=10006"}],"version-history":[{"count":1,"href":"https:\/\/mayadent.com.tr\/tr\/wp-json\/wp\/v2\/pages\/10006\/revisions"}],"predecessor-version":[{"id":12170,"href":"https:\/\/mayadent.com.tr\/tr\/wp-json\/wp\/v2\/pages\/10006\/revisions\/12170"}],"wp:attachment":[{"href":"https:\/\/mayadent.com.tr\/tr\/wp-json\/wp\/v2\/media?parent=10006"}],"curies":[{"name":"wp","href":"https:\/\/api.w.org\/{rel}","templated":true}]}}