{"id":10015,"date":"2023-01-10T15:05:49","date_gmt":"2023-01-10T12:05:49","guid":{"rendered":"http:\/\/moddbeta.xyz\/maya\/?page_id=10015"},"modified":"2025-05-22T01:28:20","modified_gmt":"2025-05-21T22:28:20","slug":"inlay-onley-dolgular","status":"publish","type":"page","link":"https:\/\/mayadent.com.tr\/tr\/inlay-onley-dolgular\/","title":{"rendered":"Inlay\/Onley Dolgular"},"content":{"rendered":"<p>[vc_row content_placement=&#8221;middle&#8221; responsive_css=&#8221;padding_top_medium:65px|padding_bottom_medium:65px&#8221; css=&#8221;.vc_custom_1621858742456{padding-top: 35px !important;padding-bottom: 35px !important;}&#8221;][vc_column responsive_css=&#8221;margin_bottom_medium:0px&#8221; css=&#8221;.vc_custom_1675966515008{margin-bottom: 30px !important;}&#8221;]<style>.ld_images_group_element_69f3a17aac5c3{border-radius:15px;}<\/style><div id=\"ld_images_group_element_69f3a17aac5c3\" class=\"lqd-imggrp-single ld_images_group_element_69f3a17aac5c3\" data-shadow-style=\"3\" data-roundness=\"custom\" data-hover3d=\"true\"  >\n\t\n\t<div class=\"lqd-imggrp-img-container\" data-stacking-factor=\"1\"   >\n\t\t\n\t\t\t\t\n\t\t\t\t<figure ><img decoding=\"async\" width=\"570\" height=\"466\" src=\"https:\/\/mayadent.com.tr\/tr\/wp-content\/uploads\/2023\/01\/Onlay-Fillings.png\" srcset=\"https:\/\/mayadent.com.tr\/tr\/wp-content\/uploads\/2023\/01\/Onlay-Fillings-300x245.png 300w, https:\/\/mayadent.com.tr\/tr\/wp-content\/uploads\/2023\/01\/Onlay-Fillings-1024x837.png 1024w, https:\/\/mayadent.com.tr\/tr\/wp-content\/uploads\/2023\/01\/Onlay-Fillings.png 1140w\" class=\"\" alt=\"\" itemprop=\"image\" \/><\/figure>\t\t\t\t\t\t\t\t\n\t<\/div><!-- \/.lqd-imggrp-content -->\n<\/div><!-- \/.lqd-imggrp-single --><style>.ld_spacer_69f3a17aad96c{height:32px;}<\/style>\n<div class=\"ld-empty-space ld_spacer_69f3a17aad96c\"><\/div><style>.ld_fancy_heading_69f3a17aadb7a h2{color:rgb(255, 255, 255);}.ld_fancy_heading_69f3a17aadb7a h2 {margin-bottom:0.3em !important;  } .ld_fancy_heading_69f3a17aadb7a .lqd-highlight-inner{height:0.275em!important;bottom:0px!important;}.ld_fancy_heading_69f3a17aadb7a h2 {margin-bottom:0.3em !important;  } <\/style><div class=\"ld-fancy-heading ld_fancy_heading_69f3a17aadb7a\">\n\t<h2 class=\"ld-fh-element lqd-highlight-underline lqd-highlight-grow-left text-decoration-default\"   >  <span style=\"font-family: 'Marcellus'\">Inlay\/Onley Dolgular<\/span><\/h2><\/div><style>.ld_fancy_heading_69f3a17aae3fa p{color:rgb(255, 255, 255);}.ld_fancy_heading_69f3a17aae3fa p {font-size:18px; } .ld_fancy_heading_69f3a17aae3fa p {line-height:1.44em; } .ld_fancy_heading_69f3a17aae3fa p {--element-line-height:1.44em; } .ld_fancy_heading_69f3a17aae3fa p {margin-bottom:2.5em !important;  } .ld_fancy_heading_69f3a17aae3fa .lqd-highlight-inner{height:0.275em!important;bottom:0px!important;}.ld_fancy_heading_69f3a17aae3fa p {font-size:18px; } .ld_fancy_heading_69f3a17aae3fa p {line-height:1.44em; } .ld_fancy_heading_69f3a17aae3fa p {--element-line-height:1.44em; } .ld_fancy_heading_69f3a17aae3fa p {margin-bottom:2.5em !important;  } <\/style><div class=\"ld-fancy-heading ld_fancy_heading_69f3a17aae3fa\">\n\t<p class=\"ld-fh-element lqd-highlight-underline lqd-highlight-grow-left text-decoration-default\"   >  Basit bir dolgu ile tedavi edilemeyen ancak kaplama i\u00e7in malzeme kayb\u0131n\u0131n az oldu\u011fu durumlarda kullan\u0131lan bir y\u00f6ntemdir. Dolgu ve kuron kaplama aras\u0131 bir tedavidir. Onley inleye g\u00f6re daha geni\u015f alan\u0131 kaplar.<\/p>\n<p>Bu y\u00f6ntemde gereksiz di\u015f kesiminin \u00f6n\u00fcne ge\u00e7ilmekte ve sa\u011fl\u0131kl\u0131 doku korumas\u0131 sa\u011flanmaktad\u0131r. 2 seansta ger\u00e7ekle\u015ftirilir. Di\u015f \u00e7\u00fcr\u00fc\u011f\u00fc temizlenir ve \u00f6l\u00e7\u00fcs\u00fc al\u0131n\u0131r.Laboratuvar ortam\u0131nda haz\u0131rlanan ve ikinci seansta di\u015f hekimi taraf\u0131ndan \u00f6zel yap\u0131\u015ft\u0131r\u0131c\u0131lar ile di\u015f \u00fczerine yerle\u015ftirilen dolgu t\u00fcr\u00fcd\u00fcr.<\/p><\/div><style>.ld_fancy_heading_69f3a17aaee15 p{color:rgb(255, 255, 255);}.ld_fancy_heading_69f3a17aaee15 p {font-size:18px; } .ld_fancy_heading_69f3a17aaee15 p {line-height:1.44em; } .ld_fancy_heading_69f3a17aaee15 p {--element-line-height:1.44em; } .ld_fancy_heading_69f3a17aaee15 p {margin-bottom:2.5em !important;  } .ld_fancy_heading_69f3a17aaee15 .lqd-highlight-inner{height:0.275em!important;bottom:0px!important;}.ld_fancy_heading_69f3a17aaee15 p {font-size:18px; } .ld_fancy_heading_69f3a17aaee15 p {line-height:1.44em; } .ld_fancy_heading_69f3a17aaee15 p {--element-line-height:1.44em; } .ld_fancy_heading_69f3a17aaee15 p {margin-bottom:2.5em !important;  } <\/style><div class=\"ld-fancy-heading ld_fancy_heading_69f3a17aaee15\">\n\t<p class=\"ld-fh-element lqd-highlight-underline lqd-highlight-grow-left text-decoration-default\"   >  <b>Inlay\/Onley Dolgular\u0131n Faydalar\u0131<\/b><\/p>\n<ul style=\"color: #fff !important\">\n<li>Uzun y\u0131llar dayan\u0131kl\u0131l\u0131\u011f\u0131n\u0131 koruyabilen estetik ve restorasyon sistemidir.<\/li>\n<li>Porselen dolgunun \u00e7i\u011fneme y\u00fczeyi ve aray\u00fcz y\u00fczeyleri m\u00fckemmel bir \u015fekilde parlat\u0131larak bakteri tutma ve leke olu\u015fumu engellenir.<\/li>\n<li>Do\u011fal di\u015flerin a\u015f\u0131nd\u0131r\u0131lmas\u0131 ve t\u00f6rp\u00fclenmesi gereklili\u011fini ortadan kald\u0131r\u0131r.<\/li>\n<li>Porselen dolgu laboratuvar ortam\u0131nda haz\u0131rland\u0131\u011f\u0131 i\u00e7in di\u015fin eksik konturlar\u0131n\u0131 ve kom\u015fu di\u015flerle temas noktalar\u0131n\u0131 anatomik olarak \u00e7ok iyi taklit ederler bu nedenle di\u015fler aras\u0131nda besin art\u0131klar\u0131 birikmesi ve bunun yol a\u00e7t\u0131\u011f\u0131 problemler olmaz.<\/li>\n<li>Porselen dolgular\u0131n \u00e7i\u011fneme y\u00fczeyleri di\u015fin anatomik \u00e7i\u011fneme hatt\u0131n\u0131 taklit edecek \u015fekilde haz\u0131rland\u0131\u011f\u0131ndan \u00e7i\u011fneme ve \u00f6\u011f\u00fctme fonksiyonlar\u0131 a\u00e7\u0131s\u0131ndan kompozit dolgulardan \u00fcst\u00fcnd\u00fcr.<\/li>\n<li>Porselen dolgular di\u015f ile birebir ve stressiz bir ili\u015fki kurduklar\u0131 i\u00e7in di\u015fin zay\u0131f k\u0131s\u0131mlar\u0131nda olu\u015fabilecek \u00e7atlak ve k\u0131r\u0131lmalar\u0131n \u00f6n\u00fcne ge\u00e7erler.<\/li>\n<li>Kompozit dolgu ve amalgam dolgu k\u0131r\u0131klar\u0131 i\u00e7in ideal \u00e7\u00f6z\u00fcmd\u00fcr.<\/li>\n<\/ul>\n<p>&nbsp;<\/p>\n<p><b>\u0130nley ve Onleyler Ne Kadar S\u00fcrer?<\/b><\/p>\n<p>\u0130nley ve onley di\u015f restorasyonu i\u00e7in en etkili uzun vadeli \u00e7\u00f6z\u00fcmler aras\u0131ndad\u0131r.\u00a0Genel olarak, hastalar\u0131n iyi bir a\u011f\u0131z hijyenine sahip olmalar\u0131 ko\u015fuluyla, yakla\u015f\u0131k 10-15 y\u0131l ve geleneksel dolgulardan \u00f6nemli \u00f6l\u00e7\u00fcde daha uzun s\u00fcre dayanmalar\u0131 beklenir.<\/p><\/div>[\/vc_column][\/vc_row]<\/p>\n","protected":false},"excerpt":{"rendered":"<p>[vc_row content_placement=&#8221;middle&#8221; responsive_css=&#8221;padding_top_medium:65px|padding_bottom_medium:65px&#8221; css=&#8221;.vc_custom_1621858742456{padding-top: 35px !important;padding-bottom: 35px !important;}&#8221;][vc_column responsive_css=&#8221;margin_bottom_medium:0px&#8221; css=&#8221;.vc_custom_1675966515008{margin-bottom: 30px !important;}&#8221;][\/vc_column][\/vc_row]<\/p>\n","protected":false},"author":1,"featured_media":0,"parent":0,"menu_order":0,"comment_status":"closed","ping_status":"closed","template":"","meta":{"footnotes":""},"class_list":["post-10015","page","type-page","status-publish","hentry"],"yoast_head":"<!-- This site is optimized with the Yoast SEO plugin v27.3 - https:\/\/yoast.com\/product\/yoast-seo-wordpress\/ -->\n<title>Inlay\/Onley Dolgular - MAYADENT<\/title>\n<meta name=\"robots\" content=\"index, follow, max-snippet:-1, max-image-preview:large, max-video-preview:-1\" \/>\n<link rel=\"canonical\" href=\"https:\/\/mayadent.com.tr\/tr\/inlay-onley-dolgular\/\" \/>\n<meta property=\"og:locale\" content=\"tr_TR\" \/>\n<meta property=\"og:type\" content=\"article\" \/>\n<meta property=\"og:title\" content=\"Inlay\/Onley Dolgular - MAYADENT\" \/>\n<meta property=\"og:description\" content=\"[vc_row content_placement=&#8221;middle&#8221; responsive_css=&#8221;padding_top_medium:65px|padding_bottom_medium:65px&#8221; css=&#8221;.vc_custom_1621858742456{padding-top: 35px !important;padding-bottom: 35px !important;}&#8221;][vc_column responsive_css=&#8221;margin_bottom_medium:0px&#8221; css=&#8221;.vc_custom_1675966515008{margin-bottom: 30px !important;}&#8221;][\/vc_column][\/vc_row]\" \/>\n<meta property=\"og:url\" content=\"https:\/\/mayadent.com.tr\/tr\/inlay-onley-dolgular\/\" \/>\n<meta property=\"og:site_name\" content=\"MAYADENT\" \/>\n<meta property=\"article:publisher\" content=\"https:\/\/www.facebook.com\/profile.php?id=100095497178358\" \/>\n<meta property=\"article:modified_time\" content=\"2025-05-21T22:28:20+00:00\" \/>\n<meta name=\"twitter:card\" content=\"summary_large_image\" \/>\n<meta name=\"twitter:label1\" content=\"Tahmini okuma s\u00fcresi\" \/>\n\t<meta name=\"twitter:data1\" content=\"2 dakika\" \/>\n<script type=\"application\/ld+json\" class=\"yoast-schema-graph\">{\"@context\":\"https:\\\/\\\/schema.org\",\"@graph\":[{\"@type\":\"WebPage\",\"@id\":\"https:\\\/\\\/mayadent.com.tr\\\/tr\\\/inlay-onley-dolgular\\\/\",\"url\":\"https:\\\/\\\/mayadent.com.tr\\\/tr\\\/inlay-onley-dolgular\\\/\",\"name\":\"Inlay\\\/Onley Dolgular - MAYADENT\",\"isPartOf\":{\"@id\":\"https:\\\/\\\/mayadent.com.tr\\\/tr\\\/#website\"},\"datePublished\":\"2023-01-10T12:05:49+00:00\",\"dateModified\":\"2025-05-21T22:28:20+00:00\",\"breadcrumb\":{\"@id\":\"https:\\\/\\\/mayadent.com.tr\\\/tr\\\/inlay-onley-dolgular\\\/#breadcrumb\"},\"inLanguage\":\"tr\",\"potentialAction\":[{\"@type\":\"ReadAction\",\"target\":[\"https:\\\/\\\/mayadent.com.tr\\\/tr\\\/inlay-onley-dolgular\\\/\"]}]},{\"@type\":\"BreadcrumbList\",\"@id\":\"https:\\\/\\\/mayadent.com.tr\\\/tr\\\/inlay-onley-dolgular\\\/#breadcrumb\",\"itemListElement\":[{\"@type\":\"ListItem\",\"position\":1,\"name\":\"Anasayfa\",\"item\":\"https:\\\/\\\/mayadent.com.tr\\\/tr\\\/\"},{\"@type\":\"ListItem\",\"position\":2,\"name\":\"Inlay\\\/Onley Dolgular\"}]},{\"@type\":\"WebSite\",\"@id\":\"https:\\\/\\\/mayadent.com.tr\\\/tr\\\/#website\",\"url\":\"https:\\\/\\\/mayadent.com.tr\\\/tr\\\/\",\"name\":\"mayadent.com.tr\",\"description\":\"G\u00fcvenle G\u00fcl\u00fcmse\",\"publisher\":{\"@id\":\"https:\\\/\\\/mayadent.com.tr\\\/tr\\\/#organization\"},\"potentialAction\":[{\"@type\":\"SearchAction\",\"target\":{\"@type\":\"EntryPoint\",\"urlTemplate\":\"https:\\\/\\\/mayadent.com.tr\\\/tr\\\/?s={search_term_string}\"},\"query-input\":{\"@type\":\"PropertyValueSpecification\",\"valueRequired\":true,\"valueName\":\"search_term_string\"}}],\"inLanguage\":\"tr\"},{\"@type\":\"Organization\",\"@id\":\"https:\\\/\\\/mayadent.com.tr\\\/tr\\\/#organization\",\"name\":\"MAYADENT\",\"alternateName\":\"Mayadent International\",\"url\":\"https:\\\/\\\/mayadent.com.tr\\\/tr\\\/\",\"logo\":{\"@type\":\"ImageObject\",\"inLanguage\":\"tr\",\"@id\":\"https:\\\/\\\/mayadent.com.tr\\\/tr\\\/#\\\/schema\\\/logo\\\/image\\\/\",\"url\":\"https:\\\/\\\/mayadent.com.tr\\\/tr\\\/wp-content\\\/uploads\\\/2023\\\/08\\\/Adsiz-tasarim.png\",\"contentUrl\":\"https:\\\/\\\/mayadent.com.tr\\\/tr\\\/wp-content\\\/uploads\\\/2023\\\/08\\\/Adsiz-tasarim.png\",\"width\":375,\"height\":375,\"caption\":\"MAYADENT\"},\"image\":{\"@id\":\"https:\\\/\\\/mayadent.com.tr\\\/tr\\\/#\\\/schema\\\/logo\\\/image\\\/\"},\"sameAs\":[\"https:\\\/\\\/www.facebook.com\\\/profile.php?id=100095497178358\",\"https:\\\/\\\/www.instagram.com\\\/mayadentinternational\\\/\"]}]}<\/script>\n<!-- \/ Yoast SEO plugin. -->","yoast_head_json":{"title":"Inlay\/Onley Dolgular - MAYADENT","robots":{"index":"index","follow":"follow","max-snippet":"max-snippet:-1","max-image-preview":"max-image-preview:large","max-video-preview":"max-video-preview:-1"},"canonical":"https:\/\/mayadent.com.tr\/tr\/inlay-onley-dolgular\/","og_locale":"tr_TR","og_type":"article","og_title":"Inlay\/Onley Dolgular - MAYADENT","og_description":"[vc_row content_placement=&#8221;middle&#8221; responsive_css=&#8221;padding_top_medium:65px|padding_bottom_medium:65px&#8221; css=&#8221;.vc_custom_1621858742456{padding-top: 35px !important;padding-bottom: 35px !important;}&#8221;][vc_column responsive_css=&#8221;margin_bottom_medium:0px&#8221; css=&#8221;.vc_custom_1675966515008{margin-bottom: 30px !important;}&#8221;][\/vc_column][\/vc_row]","og_url":"https:\/\/mayadent.com.tr\/tr\/inlay-onley-dolgular\/","og_site_name":"MAYADENT","article_publisher":"https:\/\/www.facebook.com\/profile.php?id=100095497178358","article_modified_time":"2025-05-21T22:28:20+00:00","twitter_card":"summary_large_image","twitter_misc":{"Tahmini okuma s\u00fcresi":"2 dakika"},"schema":{"@context":"https:\/\/schema.org","@graph":[{"@type":"WebPage","@id":"https:\/\/mayadent.com.tr\/tr\/inlay-onley-dolgular\/","url":"https:\/\/mayadent.com.tr\/tr\/inlay-onley-dolgular\/","name":"Inlay\/Onley Dolgular - MAYADENT","isPartOf":{"@id":"https:\/\/mayadent.com.tr\/tr\/#website"},"datePublished":"2023-01-10T12:05:49+00:00","dateModified":"2025-05-21T22:28:20+00:00","breadcrumb":{"@id":"https:\/\/mayadent.com.tr\/tr\/inlay-onley-dolgular\/#breadcrumb"},"inLanguage":"tr","potentialAction":[{"@type":"ReadAction","target":["https:\/\/mayadent.com.tr\/tr\/inlay-onley-dolgular\/"]}]},{"@type":"BreadcrumbList","@id":"https:\/\/mayadent.com.tr\/tr\/inlay-onley-dolgular\/#breadcrumb","itemListElement":[{"@type":"ListItem","position":1,"name":"Anasayfa","item":"https:\/\/mayadent.com.tr\/tr\/"},{"@type":"ListItem","position":2,"name":"Inlay\/Onley Dolgular"}]},{"@type":"WebSite","@id":"https:\/\/mayadent.com.tr\/tr\/#website","url":"https:\/\/mayadent.com.tr\/tr\/","name":"mayadent.com.tr","description":"G\u00fcvenle G\u00fcl\u00fcmse","publisher":{"@id":"https:\/\/mayadent.com.tr\/tr\/#organization"},"potentialAction":[{"@type":"SearchAction","target":{"@type":"EntryPoint","urlTemplate":"https:\/\/mayadent.com.tr\/tr\/?s={search_term_string}"},"query-input":{"@type":"PropertyValueSpecification","valueRequired":true,"valueName":"search_term_string"}}],"inLanguage":"tr"},{"@type":"Organization","@id":"https:\/\/mayadent.com.tr\/tr\/#organization","name":"MAYADENT","alternateName":"Mayadent International","url":"https:\/\/mayadent.com.tr\/tr\/","logo":{"@type":"ImageObject","inLanguage":"tr","@id":"https:\/\/mayadent.com.tr\/tr\/#\/schema\/logo\/image\/","url":"https:\/\/mayadent.com.tr\/tr\/wp-content\/uploads\/2023\/08\/Adsiz-tasarim.png","contentUrl":"https:\/\/mayadent.com.tr\/tr\/wp-content\/uploads\/2023\/08\/Adsiz-tasarim.png","width":375,"height":375,"caption":"MAYADENT"},"image":{"@id":"https:\/\/mayadent.com.tr\/tr\/#\/schema\/logo\/image\/"},"sameAs":["https:\/\/www.facebook.com\/profile.php?id=100095497178358","https:\/\/www.instagram.com\/mayadentinternational\/"]}]}},"_links":{"self":[{"href":"https:\/\/mayadent.com.tr\/tr\/wp-json\/wp\/v2\/pages\/10015","targetHints":{"allow":["GET"]}}],"collection":[{"href":"https:\/\/mayadent.com.tr\/tr\/wp-json\/wp\/v2\/pages"}],"about":[{"href":"https:\/\/mayadent.com.tr\/tr\/wp-json\/wp\/v2\/types\/page"}],"author":[{"embeddable":true,"href":"https:\/\/mayadent.com.tr\/tr\/wp-json\/wp\/v2\/users\/1"}],"replies":[{"embeddable":true,"href":"https:\/\/mayadent.com.tr\/tr\/wp-json\/wp\/v2\/comments?post=10015"}],"version-history":[{"count":1,"href":"https:\/\/mayadent.com.tr\/tr\/wp-json\/wp\/v2\/pages\/10015\/revisions"}],"predecessor-version":[{"id":12174,"href":"https:\/\/mayadent.com.tr\/tr\/wp-json\/wp\/v2\/pages\/10015\/revisions\/12174"}],"wp:attachment":[{"href":"https:\/\/mayadent.com.tr\/tr\/wp-json\/wp\/v2\/media?parent=10015"}],"curies":[{"name":"wp","href":"https:\/\/api.w.org\/{rel}","templated":true}]}}