{"id":10033,"date":"2023-01-10T15:20:33","date_gmt":"2023-01-10T12:20:33","guid":{"rendered":"http:\/\/moddbeta.xyz\/maya\/?page_id=10033"},"modified":"2025-05-22T01:28:58","modified_gmt":"2025-05-21T22:28:58","slug":"periodontoloji","status":"publish","type":"page","link":"https:\/\/mayadent.com.tr\/tr\/periodontoloji\/","title":{"rendered":"Periodontoloji"},"content":{"rendered":"<p>[vc_row content_placement=&#8221;middle&#8221; responsive_css=&#8221;padding_top_medium:65px|padding_bottom_medium:65px&#8221; css=&#8221;.vc_custom_1621858742456{padding-top: 35px !important;padding-bottom: 35px !important;}&#8221;][vc_column responsive_css=&#8221;margin_bottom_medium:0px&#8221; css=&#8221;.vc_custom_1675966654490{margin-bottom: 30px !important;}&#8221;]<style>.ld_images_group_element_69f3a1d4ed4ba{border-radius:15px;}<\/style><div id=\"ld_images_group_element_69f3a1d4ed4ba\" class=\"lqd-imggrp-single ld_images_group_element_69f3a1d4ed4ba\" data-shadow-style=\"3\" data-roundness=\"custom\" data-hover3d=\"true\"  >\n\t\n\t<div class=\"lqd-imggrp-img-container\" data-stacking-factor=\"1\"   >\n\t\t\n\t\t\t\t\n\t\t\t\t<figure ><img decoding=\"async\" width=\"570\" height=\"466\" src=\"https:\/\/mayadent.com.tr\/tr\/wp-content\/uploads\/2023\/01\/Periodontology.png\" srcset=\"https:\/\/mayadent.com.tr\/tr\/wp-content\/uploads\/2023\/01\/Periodontology-300x245.png 300w, https:\/\/mayadent.com.tr\/tr\/wp-content\/uploads\/2023\/01\/Periodontology-1024x837.png 1024w, https:\/\/mayadent.com.tr\/tr\/wp-content\/uploads\/2023\/01\/Periodontology.png 1140w\" class=\"\" alt=\"\" itemprop=\"image\" \/><\/figure>\t\t\t\t\t\t\t\t\n\t<\/div><!-- \/.lqd-imggrp-content -->\n<\/div><!-- \/.lqd-imggrp-single --><style>.ld_spacer_69f3a1d4ee8ae{height:32px;}<\/style>\n<div class=\"ld-empty-space ld_spacer_69f3a1d4ee8ae\"><\/div><style>.ld_fancy_heading_69f3a1d4eeac0 h2{color:rgb(255, 255, 255);}.ld_fancy_heading_69f3a1d4eeac0 h2 {margin-bottom:0.3em !important;  } .ld_fancy_heading_69f3a1d4eeac0 .lqd-highlight-inner{height:0.275em!important;bottom:0px!important;}.ld_fancy_heading_69f3a1d4eeac0 h2 {margin-bottom:0.3em !important;  } <\/style><div class=\"ld-fancy-heading ld_fancy_heading_69f3a1d4eeac0\">\n\t<h2 class=\"ld-fh-element lqd-highlight-underline lqd-highlight-grow-left text-decoration-default\"   >  <span style=\"font-family: 'Marcellus'\">Periodontoloji<\/span><\/h2><\/div><style>.ld_fancy_heading_69f3a1d4ef2e0 p{color:rgb(255, 255, 255);}.ld_fancy_heading_69f3a1d4ef2e0 p {font-size:18px; } .ld_fancy_heading_69f3a1d4ef2e0 p {line-height:1.44em; } .ld_fancy_heading_69f3a1d4ef2e0 p {--element-line-height:1.44em; } .ld_fancy_heading_69f3a1d4ef2e0 p {margin-bottom:2.5em !important;  } .ld_fancy_heading_69f3a1d4ef2e0 .lqd-highlight-inner{height:0.275em!important;bottom:0px!important;}.ld_fancy_heading_69f3a1d4ef2e0 p {font-size:18px; } .ld_fancy_heading_69f3a1d4ef2e0 p {line-height:1.44em; } .ld_fancy_heading_69f3a1d4ef2e0 p {--element-line-height:1.44em; } .ld_fancy_heading_69f3a1d4ef2e0 p {margin-bottom:2.5em !important;  } <\/style><div class=\"ld-fancy-heading ld_fancy_heading_69f3a1d4ef2e0\">\n\t<p class=\"ld-fh-element lqd-highlight-underline lqd-highlight-grow-left text-decoration-default\"   >  Di\u015fin\u00a0 \u00e7evresindeki sert ve yumu\u015fak dokular klinik ve mikroskobik olarak incelenir, bu dokular\u0131 etkileyen bozukluklar te\u015fhis edilir, tedavileri yap\u0131l\u0131r ve sonras\u0131nda hasta-hekim i\u015fbirli\u011fi ile sa\u011fl\u0131kl\u0131 tutulur.. Ba\u015flang\u0131\u00e7ta gingivitis, periodontolojide di\u015feti hastal\u0131klar\u0131n\u0131 tan\u0131mlamak i\u00e7in kullan\u0131lan terimdir. Di\u015f eti kanamas\u0131, k\u0131rm\u0131z\u0131, \u015fi\u015f, hassas di\u015f eti, di\u015flerden kolayca ayr\u0131lan di\u015f eti, di\u015fler ve di\u015f eti aras\u0131nda iltihaplanma, sallanan ve giderek birbirinden ayr\u0131lan di\u015fler ve inat\u00e7\u0131 a\u011f\u0131z kokusu di\u015feti hastal\u0131\u011f\u0131n\u0131n belirtileridir.<\/p><\/div><style>.ld_fancy_heading_69f3a1d4efcb5 p{color:rgb(255, 255, 255);}.ld_fancy_heading_69f3a1d4efcb5 p {font-size:18px; } .ld_fancy_heading_69f3a1d4efcb5 p {line-height:1.44em; } .ld_fancy_heading_69f3a1d4efcb5 p {--element-line-height:1.44em; } .ld_fancy_heading_69f3a1d4efcb5 p {margin-bottom:2.5em !important;  } .ld_fancy_heading_69f3a1d4efcb5 .lqd-highlight-inner{height:0.275em!important;bottom:0px!important;}.ld_fancy_heading_69f3a1d4efcb5 p {font-size:18px; } .ld_fancy_heading_69f3a1d4efcb5 p {line-height:1.44em; } .ld_fancy_heading_69f3a1d4efcb5 p {--element-line-height:1.44em; } .ld_fancy_heading_69f3a1d4efcb5 p {margin-bottom:2.5em !important;  } <\/style><div class=\"ld-fancy-heading ld_fancy_heading_69f3a1d4efcb5\">\n\t<p class=\"ld-fh-element lqd-highlight-underline lqd-highlight-grow-left text-decoration-default\"   >  <b>Periodontal Hastal\u0131k Nedir?<\/b><\/p>\n<p>Periodontal hastal\u0131k, a\u011f\u0131zda bulunan floran\u0131n neden oldu\u011fu bula\u015f\u0131c\u0131 bir hastal\u0131kt\u0131r. Di\u015fleri destekleyen dokular\u0131 (di\u015f eti, periodontal ba\u011f ve kemik) etkiler ve yok eder.<\/p>\n<p><b>PH&#8217;nin Belirtileri Nelerdir?<\/b><\/p>\n<ul style=\"color: #fff !important\">\n<li>Di\u015f eti iltihab\u0131<\/li>\n<li>F\u0131r\u00e7alarken veya di\u015f ipi kullan\u0131rken kanama,<\/li>\n<li>A\u011f\u0131z kokusu,<\/li>\n<li>Di\u015f eti \u00e7ekilmesi<\/li>\n<li>Di\u015f hareketlili\u011fi<\/li>\n<\/ul>\n<p>&nbsp;<\/p>\n<p><b>PH&#8217; ye ne sebep olur ve geli\u015fiminde hangi fakt\u00f6rler rol oynar?<\/b><\/p>\n<p>A\u011f\u0131zda bakteri floras\u0131n\u0131n artmas\u0131 ve hastal\u0131\u011fa genetik yatk\u0131nl\u0131k periodontal hastal\u0131\u011f\u0131n\u0131n ortaya \u00e7\u0131kmas\u0131na neden olur.<\/p>\n<p>Sigara i\u00e7mek, yanl\u0131\u015f veya yetersiz a\u011f\u0131z hijyeni, hormonal de\u011fi\u015fiklikler, diyabet gibi sistemik hastal\u0131klar, baz\u0131 ila\u00e7lar ve benzeri di\u011fer fakt\u00f6rler sorunu a\u011f\u0131rla\u015ft\u0131rabilir.<\/p>\n<p><b>PH nas\u0131l tedavi edilir?<\/b><\/p>\n<p>PH tedavisi di\u015f hekimleri taraf\u0131ndan ger\u00e7ekle\u015ftirilir ve amac\u0131 hastan\u0131n a\u011f\u0131z sa\u011fl\u0131\u011f\u0131n\u0131 yeniden sa\u011flamakt\u0131r. Bu, a\u011f\u0131zda bulunan patojenik bakteri seviyesinin azalt\u0131lmas\u0131 anlam\u0131na gelir. Mini aletler ve minimal invaziv teknikler kullan\u0131larak, di\u015f eti alt\u0131nda birikmi\u015f bakterileri yok eden periodontal dezenfeksiyon tedavisi ger\u00e7ekle\u015ftirilir.<\/p>\n<p>Baz\u0131 durumlarda, Periodontal hastal\u0131\u011f\u0131n\u0131n t\u00fcr\u00fcne ba\u011fl\u0131 olarak, a\u011fz\u0131n belirli b\u00f6lgelerine, hasar g\u00f6rm\u00fc\u015f dokular\u0131 eski haline getirmek veya \u00e7ok derin alanlara eri\u015fim sa\u011flamak i\u00e7in mikrocerrahi gereklidir.<\/p>\n<p>Bu mikrocerrahi tedaviler, tedavinin agresifli\u011fini ve ameliyat sonras\u0131 olas\u0131 rahats\u0131zl\u0131klar\u0131 azaltan en yeni nesil mikroskoplar ve cerrahi mikro aletlerle ger\u00e7ekle\u015ftirilir.\u00a0Diki\u015f kullan\u0131m\u0131ndan tamamen ka\u00e7\u0131nmak \u00e7o\u011fu zaman m\u00fcmk\u00fcnd\u00fcr.<\/p><\/div>[\/vc_column][\/vc_row]<\/p>\n","protected":false},"excerpt":{"rendered":"<p>[vc_row content_placement=&#8221;middle&#8221; responsive_css=&#8221;padding_top_medium:65px|padding_bottom_medium:65px&#8221; css=&#8221;.vc_custom_1621858742456{padding-top: 35px !important;padding-bottom: 35px !important;}&#8221;][vc_column responsive_css=&#8221;margin_bottom_medium:0px&#8221; css=&#8221;.vc_custom_1675966654490{margin-bottom: 30px !important;}&#8221;][\/vc_column][\/vc_row]<\/p>\n","protected":false},"author":1,"featured_media":0,"parent":0,"menu_order":0,"comment_status":"closed","ping_status":"closed","template":"","meta":{"footnotes":""},"class_list":["post-10033","page","type-page","status-publish","hentry"],"yoast_head":"<!-- This site is optimized with the Yoast SEO plugin v27.3 - https:\/\/yoast.com\/product\/yoast-seo-wordpress\/ -->\n<title>Periodontoloji - MAYADENT<\/title>\n<meta name=\"robots\" content=\"index, follow, max-snippet:-1, max-image-preview:large, max-video-preview:-1\" \/>\n<link rel=\"canonical\" href=\"https:\/\/mayadent.com.tr\/tr\/periodontoloji\/\" \/>\n<meta property=\"og:locale\" content=\"tr_TR\" \/>\n<meta property=\"og:type\" content=\"article\" \/>\n<meta property=\"og:title\" content=\"Periodontoloji - MAYADENT\" \/>\n<meta property=\"og:description\" content=\"[vc_row content_placement=&#8221;middle&#8221; responsive_css=&#8221;padding_top_medium:65px|padding_bottom_medium:65px&#8221; css=&#8221;.vc_custom_1621858742456{padding-top: 35px !important;padding-bottom: 35px !important;}&#8221;][vc_column responsive_css=&#8221;margin_bottom_medium:0px&#8221; css=&#8221;.vc_custom_1675966654490{margin-bottom: 30px !important;}&#8221;][\/vc_column][\/vc_row]\" \/>\n<meta property=\"og:url\" content=\"https:\/\/mayadent.com.tr\/tr\/periodontoloji\/\" \/>\n<meta property=\"og:site_name\" content=\"MAYADENT\" \/>\n<meta property=\"article:publisher\" content=\"https:\/\/www.facebook.com\/profile.php?id=100095497178358\" \/>\n<meta property=\"article:modified_time\" content=\"2025-05-21T22:28:58+00:00\" \/>\n<meta name=\"twitter:card\" content=\"summary_large_image\" \/>\n<meta name=\"twitter:label1\" content=\"Tahmini okuma s\u00fcresi\" \/>\n\t<meta name=\"twitter:data1\" content=\"2 dakika\" \/>\n<script type=\"application\/ld+json\" class=\"yoast-schema-graph\">{\"@context\":\"https:\\\/\\\/schema.org\",\"@graph\":[{\"@type\":\"WebPage\",\"@id\":\"https:\\\/\\\/mayadent.com.tr\\\/tr\\\/periodontoloji\\\/\",\"url\":\"https:\\\/\\\/mayadent.com.tr\\\/tr\\\/periodontoloji\\\/\",\"name\":\"Periodontoloji - MAYADENT\",\"isPartOf\":{\"@id\":\"https:\\\/\\\/mayadent.com.tr\\\/tr\\\/#website\"},\"datePublished\":\"2023-01-10T12:20:33+00:00\",\"dateModified\":\"2025-05-21T22:28:58+00:00\",\"breadcrumb\":{\"@id\":\"https:\\\/\\\/mayadent.com.tr\\\/tr\\\/periodontoloji\\\/#breadcrumb\"},\"inLanguage\":\"tr\",\"potentialAction\":[{\"@type\":\"ReadAction\",\"target\":[\"https:\\\/\\\/mayadent.com.tr\\\/tr\\\/periodontoloji\\\/\"]}]},{\"@type\":\"BreadcrumbList\",\"@id\":\"https:\\\/\\\/mayadent.com.tr\\\/tr\\\/periodontoloji\\\/#breadcrumb\",\"itemListElement\":[{\"@type\":\"ListItem\",\"position\":1,\"name\":\"Anasayfa\",\"item\":\"https:\\\/\\\/mayadent.com.tr\\\/tr\\\/\"},{\"@type\":\"ListItem\",\"position\":2,\"name\":\"Periodontoloji\"}]},{\"@type\":\"WebSite\",\"@id\":\"https:\\\/\\\/mayadent.com.tr\\\/tr\\\/#website\",\"url\":\"https:\\\/\\\/mayadent.com.tr\\\/tr\\\/\",\"name\":\"mayadent.com.tr\",\"description\":\"G\u00fcvenle G\u00fcl\u00fcmse\",\"publisher\":{\"@id\":\"https:\\\/\\\/mayadent.com.tr\\\/tr\\\/#organization\"},\"potentialAction\":[{\"@type\":\"SearchAction\",\"target\":{\"@type\":\"EntryPoint\",\"urlTemplate\":\"https:\\\/\\\/mayadent.com.tr\\\/tr\\\/?s={search_term_string}\"},\"query-input\":{\"@type\":\"PropertyValueSpecification\",\"valueRequired\":true,\"valueName\":\"search_term_string\"}}],\"inLanguage\":\"tr\"},{\"@type\":\"Organization\",\"@id\":\"https:\\\/\\\/mayadent.com.tr\\\/tr\\\/#organization\",\"name\":\"MAYADENT\",\"alternateName\":\"Mayadent International\",\"url\":\"https:\\\/\\\/mayadent.com.tr\\\/tr\\\/\",\"logo\":{\"@type\":\"ImageObject\",\"inLanguage\":\"tr\",\"@id\":\"https:\\\/\\\/mayadent.com.tr\\\/tr\\\/#\\\/schema\\\/logo\\\/image\\\/\",\"url\":\"https:\\\/\\\/mayadent.com.tr\\\/tr\\\/wp-content\\\/uploads\\\/2023\\\/08\\\/Adsiz-tasarim.png\",\"contentUrl\":\"https:\\\/\\\/mayadent.com.tr\\\/tr\\\/wp-content\\\/uploads\\\/2023\\\/08\\\/Adsiz-tasarim.png\",\"width\":375,\"height\":375,\"caption\":\"MAYADENT\"},\"image\":{\"@id\":\"https:\\\/\\\/mayadent.com.tr\\\/tr\\\/#\\\/schema\\\/logo\\\/image\\\/\"},\"sameAs\":[\"https:\\\/\\\/www.facebook.com\\\/profile.php?id=100095497178358\",\"https:\\\/\\\/www.instagram.com\\\/mayadentinternational\\\/\"]}]}<\/script>\n<!-- \/ Yoast SEO plugin. -->","yoast_head_json":{"title":"Periodontoloji - MAYADENT","robots":{"index":"index","follow":"follow","max-snippet":"max-snippet:-1","max-image-preview":"max-image-preview:large","max-video-preview":"max-video-preview:-1"},"canonical":"https:\/\/mayadent.com.tr\/tr\/periodontoloji\/","og_locale":"tr_TR","og_type":"article","og_title":"Periodontoloji - MAYADENT","og_description":"[vc_row content_placement=&#8221;middle&#8221; responsive_css=&#8221;padding_top_medium:65px|padding_bottom_medium:65px&#8221; css=&#8221;.vc_custom_1621858742456{padding-top: 35px !important;padding-bottom: 35px !important;}&#8221;][vc_column responsive_css=&#8221;margin_bottom_medium:0px&#8221; css=&#8221;.vc_custom_1675966654490{margin-bottom: 30px !important;}&#8221;][\/vc_column][\/vc_row]","og_url":"https:\/\/mayadent.com.tr\/tr\/periodontoloji\/","og_site_name":"MAYADENT","article_publisher":"https:\/\/www.facebook.com\/profile.php?id=100095497178358","article_modified_time":"2025-05-21T22:28:58+00:00","twitter_card":"summary_large_image","twitter_misc":{"Tahmini okuma s\u00fcresi":"2 dakika"},"schema":{"@context":"https:\/\/schema.org","@graph":[{"@type":"WebPage","@id":"https:\/\/mayadent.com.tr\/tr\/periodontoloji\/","url":"https:\/\/mayadent.com.tr\/tr\/periodontoloji\/","name":"Periodontoloji - MAYADENT","isPartOf":{"@id":"https:\/\/mayadent.com.tr\/tr\/#website"},"datePublished":"2023-01-10T12:20:33+00:00","dateModified":"2025-05-21T22:28:58+00:00","breadcrumb":{"@id":"https:\/\/mayadent.com.tr\/tr\/periodontoloji\/#breadcrumb"},"inLanguage":"tr","potentialAction":[{"@type":"ReadAction","target":["https:\/\/mayadent.com.tr\/tr\/periodontoloji\/"]}]},{"@type":"BreadcrumbList","@id":"https:\/\/mayadent.com.tr\/tr\/periodontoloji\/#breadcrumb","itemListElement":[{"@type":"ListItem","position":1,"name":"Anasayfa","item":"https:\/\/mayadent.com.tr\/tr\/"},{"@type":"ListItem","position":2,"name":"Periodontoloji"}]},{"@type":"WebSite","@id":"https:\/\/mayadent.com.tr\/tr\/#website","url":"https:\/\/mayadent.com.tr\/tr\/","name":"mayadent.com.tr","description":"G\u00fcvenle G\u00fcl\u00fcmse","publisher":{"@id":"https:\/\/mayadent.com.tr\/tr\/#organization"},"potentialAction":[{"@type":"SearchAction","target":{"@type":"EntryPoint","urlTemplate":"https:\/\/mayadent.com.tr\/tr\/?s={search_term_string}"},"query-input":{"@type":"PropertyValueSpecification","valueRequired":true,"valueName":"search_term_string"}}],"inLanguage":"tr"},{"@type":"Organization","@id":"https:\/\/mayadent.com.tr\/tr\/#organization","name":"MAYADENT","alternateName":"Mayadent International","url":"https:\/\/mayadent.com.tr\/tr\/","logo":{"@type":"ImageObject","inLanguage":"tr","@id":"https:\/\/mayadent.com.tr\/tr\/#\/schema\/logo\/image\/","url":"https:\/\/mayadent.com.tr\/tr\/wp-content\/uploads\/2023\/08\/Adsiz-tasarim.png","contentUrl":"https:\/\/mayadent.com.tr\/tr\/wp-content\/uploads\/2023\/08\/Adsiz-tasarim.png","width":375,"height":375,"caption":"MAYADENT"},"image":{"@id":"https:\/\/mayadent.com.tr\/tr\/#\/schema\/logo\/image\/"},"sameAs":["https:\/\/www.facebook.com\/profile.php?id=100095497178358","https:\/\/www.instagram.com\/mayadentinternational\/"]}]}},"_links":{"self":[{"href":"https:\/\/mayadent.com.tr\/tr\/wp-json\/wp\/v2\/pages\/10033","targetHints":{"allow":["GET"]}}],"collection":[{"href":"https:\/\/mayadent.com.tr\/tr\/wp-json\/wp\/v2\/pages"}],"about":[{"href":"https:\/\/mayadent.com.tr\/tr\/wp-json\/wp\/v2\/types\/page"}],"author":[{"embeddable":true,"href":"https:\/\/mayadent.com.tr\/tr\/wp-json\/wp\/v2\/users\/1"}],"replies":[{"embeddable":true,"href":"https:\/\/mayadent.com.tr\/tr\/wp-json\/wp\/v2\/comments?post=10033"}],"version-history":[{"count":1,"href":"https:\/\/mayadent.com.tr\/tr\/wp-json\/wp\/v2\/pages\/10033\/revisions"}],"predecessor-version":[{"id":12175,"href":"https:\/\/mayadent.com.tr\/tr\/wp-json\/wp\/v2\/pages\/10033\/revisions\/12175"}],"wp:attachment":[{"href":"https:\/\/mayadent.com.tr\/tr\/wp-json\/wp\/v2\/media?parent=10033"}],"curies":[{"name":"wp","href":"https:\/\/api.w.org\/{rel}","templated":true}]}}