{"id":10036,"date":"2023-01-10T15:24:51","date_gmt":"2023-01-10T12:24:51","guid":{"rendered":"http:\/\/moddbeta.xyz\/maya\/?page_id=10036"},"modified":"2025-05-22T01:27:55","modified_gmt":"2025-05-21T22:27:55","slug":"endodonti","status":"publish","type":"page","link":"https:\/\/mayadent.com.tr\/tr\/endodonti\/","title":{"rendered":"Endodonti"},"content":{"rendered":"<p>[vc_row content_placement=&#8221;middle&#8221; responsive_css=&#8221;padding_top_medium:65px|padding_bottom_medium:65px&#8221; css=&#8221;.vc_custom_1621858742456{padding-top: 35px !important;padding-bottom: 35px !important;}&#8221;][vc_column responsive_css=&#8221;margin_bottom_medium:0px&#8221; css=&#8221;.vc_custom_1675966373586{margin-bottom: 30px !important;}&#8221;]<style>.ld_images_group_element_69f39f9c91f8c{border-radius:15px;}<\/style><div id=\"ld_images_group_element_69f39f9c91f8c\" class=\"lqd-imggrp-single ld_images_group_element_69f39f9c91f8c\" data-shadow-style=\"3\" data-roundness=\"custom\" data-hover3d=\"true\"  >\n\t\n\t<div class=\"lqd-imggrp-img-container\" data-stacking-factor=\"1\"   >\n\t\t\n\t\t\t\t\n\t\t\t\t<figure ><img decoding=\"async\" width=\"570\" height=\"466\" src=\"https:\/\/mayadent.com.tr\/tr\/wp-content\/uploads\/2023\/01\/Endodontics.png\" srcset=\"https:\/\/mayadent.com.tr\/tr\/wp-content\/uploads\/2023\/01\/Endodontics-300x245.png 300w, https:\/\/mayadent.com.tr\/tr\/wp-content\/uploads\/2023\/01\/Endodontics-1024x837.png 1024w, https:\/\/mayadent.com.tr\/tr\/wp-content\/uploads\/2023\/01\/Endodontics.png 1140w\" class=\"\" alt=\"\" itemprop=\"image\" \/><\/figure>\t\t\t\t\t\t\t\t\n\t<\/div><!-- \/.lqd-imggrp-content -->\n<\/div><!-- \/.lqd-imggrp-single --><style>.ld_spacer_69f39f9c937e1{height:32px;}<\/style>\n<div class=\"ld-empty-space ld_spacer_69f39f9c937e1\"><\/div><style>.ld_fancy_heading_69f39f9c93a09 h2{color:rgb(255, 255, 255);}.ld_fancy_heading_69f39f9c93a09 h2 {margin-bottom:0.3em !important;  } .ld_fancy_heading_69f39f9c93a09 .lqd-highlight-inner{height:0.275em!important;bottom:0px!important;}.ld_fancy_heading_69f39f9c93a09 h2 {margin-bottom:0.3em !important;  } <\/style><div class=\"ld-fancy-heading ld_fancy_heading_69f39f9c93a09\">\n\t<h2 class=\"ld-fh-element lqd-highlight-underline lqd-highlight-grow-left text-decoration-default\"   >  <span style=\"font-family: 'Marcellus'\">Endodonti<\/span><\/h2><\/div><style>.ld_fancy_heading_69f39f9c9428f p{color:rgb(255, 255, 255);}.ld_fancy_heading_69f39f9c9428f p {font-size:18px; } .ld_fancy_heading_69f39f9c9428f p {line-height:1.44em; } .ld_fancy_heading_69f39f9c9428f p {--element-line-height:1.44em; } .ld_fancy_heading_69f39f9c9428f p {margin-bottom:2.5em !important;  } .ld_fancy_heading_69f39f9c9428f .lqd-highlight-inner{height:0.275em!important;bottom:0px!important;}.ld_fancy_heading_69f39f9c9428f p {font-size:18px; } .ld_fancy_heading_69f39f9c9428f p {line-height:1.44em; } .ld_fancy_heading_69f39f9c9428f p {--element-line-height:1.44em; } .ld_fancy_heading_69f39f9c9428f p {margin-bottom:2.5em !important;  } <\/style><div class=\"ld-fancy-heading ld_fancy_heading_69f39f9c9428f\">\n\t<p class=\"ld-fh-element lqd-highlight-underline lqd-highlight-grow-left text-decoration-default\"   >  Bir di\u015fin i\u00e7indeki hasarl\u0131 k\u0131sm\u0131 iyile\u015ftirmek i\u00e7in kanal tedavisi yap\u0131l\u0131r. Endodontik tedavi olarak da bilinir. Di\u015fte bir yuva a\u00e7may\u0131 ve i\u00e7 k\u0131s\u0131m olan di\u015f \u00f6z\u00fcn\u00fc \u00e7\u0131karmay\u0131 i\u00e7erir. Di\u015f \u00f6z\u00fc di\u015f k\u00f6klerine uzan\u0131r ve ba\u011f dokusu, sinirler ve bir kan kayna\u011f\u0131ndan olu\u015fur. Pulpa elimine edildikten sonra alan doldurulur ve kapat\u0131l\u0131r. Gerekirse di\u015fin kuronunu veya \u00e7i\u011fneme y\u00fczeyini de\u011fi\u015ftirmek de m\u00fcmk\u00fcnd\u00fcr. Nitelikli bir endodontist veya genel di\u015f hekiminiz k\u00f6k kanal tedavisini uygulayabilir.<\/p><\/div><style>.ld_fancy_heading_69f39f9c94d26 p{color:rgb(255, 255, 255);}.ld_fancy_heading_69f39f9c94d26 p {font-size:18px; } .ld_fancy_heading_69f39f9c94d26 p {line-height:1.44em; } .ld_fancy_heading_69f39f9c94d26 p {--element-line-height:1.44em; } .ld_fancy_heading_69f39f9c94d26 p {margin-bottom:2.5em !important;  } .ld_fancy_heading_69f39f9c94d26 .lqd-highlight-inner{height:0.275em!important;bottom:0px!important;}.ld_fancy_heading_69f39f9c94d26 p {font-size:18px; } .ld_fancy_heading_69f39f9c94d26 p {line-height:1.44em; } .ld_fancy_heading_69f39f9c94d26 p {--element-line-height:1.44em; } .ld_fancy_heading_69f39f9c94d26 p {margin-bottom:2.5em !important;  } <\/style><div class=\"ld-fancy-heading ld_fancy_heading_69f39f9c94d26\">\n\t<p class=\"ld-fh-element lqd-highlight-underline lqd-highlight-grow-left text-decoration-default\"   >  <b>Endodonti Nedir?<\/b><\/p>\n<p>Endodonti, pulpan\u0131n tamamen \u00e7\u0131kar\u0131lmas\u0131d\u0131r; \u00e7ok k\u0131saca anlatacak olursak endodonti, s\u00fcrekli a\u011fr\u0131ya neden olan bir di\u015fin &#8216;sinirini&#8217; almak i\u00e7in yap\u0131lan bir i\u015flemdir . Kanal\u0131 m\u00fcmk\u00fcn oldu\u011funca aseptik olarak b\u0131rakmak i\u00e7in bakteri ve nekrotik dokunun \u00e7\u0131kar\u0131ld\u0131\u011f\u0131 k\u00f6k kanal sisteminin bir temizleme prosed\u00fcr\u00fcnden olu\u015fur.<\/p>\n<p>Di\u015f \u00e7\u00fcr\u00fc\u011f\u00fc, di\u015f sinirlerinin iltihaplanmas\u0131n\u0131n ve enfeksiyonunun ana nedenidir. Bununla birlikte, tedaviye ba\u015fvurman\u0131n ba\u015fka nedenleri de vard\u0131r: di\u011ferleri aras\u0131nda travma, k\u0131r\u0131klar, a\u015f\u0131nma ve y\u0131pranma gibi nedenlerde endodonti i\u015flemi uygulanabilir.<\/p>\n<p>Di\u015fin sahip oldu\u011fu kanal say\u0131s\u0131na ba\u011fl\u0131 olarak, bir endodontik model veya di\u011feri tan\u0131mlan\u0131r:<\/p>\n<ul style=\"color: #fff !important\">\n<li><b>Uniradik\u00fcler endodonti.\u00a0<\/b>Bu, yaln\u0131zca bir k\u00f6k\u00fc veya kanal\u0131 olan di\u015flerde ger\u00e7ekle\u015ftirilir.\u00a0Bu di\u015fler genellikle kesici ve k\u00f6pek di\u015fleridir.<\/li>\n<li><b>Biradicular endodonti.\u00a0<\/b>Bu y\u00f6ntem alt az\u0131 di\u015fleri veya \u00fcst 1.. k\u00fc\u00e7\u00fck az\u0131 di\u015fleri gibi iki kanall\u0131 di\u015flerde yap\u0131l\u0131r.<\/li>\n<li><b>Multi-radik\u00fcler k\u00f6k kanal tedavisi.<\/b>\u00a0Bu, \u00fcst az\u0131 di\u015fleri gibi \u00fc\u00e7 veya daha fazla kanall\u0131 di\u015flerde yap\u0131l\u0131r.<\/li>\n<\/ul>\n<p><b>Endodonti hangi durumlarda yap\u0131l\u0131r?<\/b><\/p>\n<p>Di\u015fin siniri, di\u015fin en i\u00e7 k\u0131sm\u0131nda, kan damarlar\u0131n\u0131n ve sinir u\u00e7lar\u0131n\u0131n bulundu\u011fu yerde bulunur.\u00a0Genellikle \u00e7\u00fcr\u00fc\u011f\u00fcn neden oldu\u011fu bir enfeksiyon nedeniyle iltihapland\u0131\u011f\u0131nda \u015fiddetli a\u011fr\u0131ya, \u015fi\u015fmeye ve s\u0131ca\u011fa veya so\u011fu\u011fa kar\u015f\u0131 hassasiyete neden olur.\u00a0Pulpadaki iltihab\u0131n tedavisi genellikle kanal tedavisi gerektirir.<\/p>\n<p>Endodonti g\u00fcvenli ve etkili bir tekniktir.\u00a0Di\u015finizin i\u015flevselli\u011fi ve do\u011fal g\u00f6r\u00fcn\u00fcm\u00fc h\u0131zla eski haline d\u00f6ner.\u00a0Kanal tedavisinden sonra, tedavi edilen di\u015f di\u011fer sa\u011fl\u0131kl\u0131 di\u015fler gibi davranacakt\u0131r ve sadece \u00e7ok az durumda di\u015fe yeniden kanal tedavisi yap\u0131lmas\u0131 gerekecektir.\u00a0Bu genellikle yaln\u0131zca k\u00f6k kanal tedavisinin beklendi\u011fi gibi olmad\u0131\u011f\u0131 durumlarda, genellikle k\u00f6k kanallar\u0131nda bulunan t\u00fcm bakterilerin giderilememesi nedeniyle yap\u0131l\u0131r.\u00a0Bu durumda di\u015fin \u00e7ekilmemesi i\u00e7in ikinci bir temizlik yap\u0131l\u0131r.<\/p><\/div>[\/vc_column][\/vc_row]<\/p>\n","protected":false},"excerpt":{"rendered":"<p>[vc_row content_placement=&#8221;middle&#8221; responsive_css=&#8221;padding_top_medium:65px|padding_bottom_medium:65px&#8221; css=&#8221;.vc_custom_1621858742456{padding-top: 35px !important;padding-bottom: 35px !important;}&#8221;][vc_column responsive_css=&#8221;margin_bottom_medium:0px&#8221; css=&#8221;.vc_custom_1675966373586{margin-bottom: 30px !important;}&#8221;][\/vc_column][\/vc_row]<\/p>\n","protected":false},"author":1,"featured_media":0,"parent":0,"menu_order":0,"comment_status":"closed","ping_status":"closed","template":"","meta":{"footnotes":""},"class_list":["post-10036","page","type-page","status-publish","hentry"],"yoast_head":"<!-- This site is optimized with the Yoast SEO plugin v27.3 - https:\/\/yoast.com\/product\/yoast-seo-wordpress\/ -->\n<title>Endodonti - MAYADENT<\/title>\n<meta name=\"robots\" content=\"index, follow, max-snippet:-1, max-image-preview:large, max-video-preview:-1\" \/>\n<link rel=\"canonical\" href=\"https:\/\/mayadent.com.tr\/tr\/endodonti\/\" \/>\n<meta property=\"og:locale\" content=\"tr_TR\" \/>\n<meta property=\"og:type\" content=\"article\" \/>\n<meta property=\"og:title\" content=\"Endodonti - MAYADENT\" \/>\n<meta property=\"og:description\" content=\"[vc_row content_placement=&#8221;middle&#8221; responsive_css=&#8221;padding_top_medium:65px|padding_bottom_medium:65px&#8221; css=&#8221;.vc_custom_1621858742456{padding-top: 35px !important;padding-bottom: 35px !important;}&#8221;][vc_column responsive_css=&#8221;margin_bottom_medium:0px&#8221; css=&#8221;.vc_custom_1675966373586{margin-bottom: 30px !important;}&#8221;][\/vc_column][\/vc_row]\" \/>\n<meta property=\"og:url\" content=\"https:\/\/mayadent.com.tr\/tr\/endodonti\/\" \/>\n<meta property=\"og:site_name\" content=\"MAYADENT\" \/>\n<meta property=\"article:publisher\" content=\"https:\/\/www.facebook.com\/profile.php?id=100095497178358\" \/>\n<meta property=\"article:modified_time\" content=\"2025-05-21T22:27:55+00:00\" \/>\n<meta name=\"twitter:card\" content=\"summary_large_image\" \/>\n<meta name=\"twitter:label1\" content=\"Tahmini okuma s\u00fcresi\" \/>\n\t<meta name=\"twitter:data1\" content=\"3 dakika\" \/>\n<script type=\"application\/ld+json\" class=\"yoast-schema-graph\">{\"@context\":\"https:\\\/\\\/schema.org\",\"@graph\":[{\"@type\":\"WebPage\",\"@id\":\"https:\\\/\\\/mayadent.com.tr\\\/tr\\\/endodonti\\\/\",\"url\":\"https:\\\/\\\/mayadent.com.tr\\\/tr\\\/endodonti\\\/\",\"name\":\"Endodonti - MAYADENT\",\"isPartOf\":{\"@id\":\"https:\\\/\\\/mayadent.com.tr\\\/tr\\\/#website\"},\"datePublished\":\"2023-01-10T12:24:51+00:00\",\"dateModified\":\"2025-05-21T22:27:55+00:00\",\"breadcrumb\":{\"@id\":\"https:\\\/\\\/mayadent.com.tr\\\/tr\\\/endodonti\\\/#breadcrumb\"},\"inLanguage\":\"tr\",\"potentialAction\":[{\"@type\":\"ReadAction\",\"target\":[\"https:\\\/\\\/mayadent.com.tr\\\/tr\\\/endodonti\\\/\"]}]},{\"@type\":\"BreadcrumbList\",\"@id\":\"https:\\\/\\\/mayadent.com.tr\\\/tr\\\/endodonti\\\/#breadcrumb\",\"itemListElement\":[{\"@type\":\"ListItem\",\"position\":1,\"name\":\"Anasayfa\",\"item\":\"https:\\\/\\\/mayadent.com.tr\\\/tr\\\/\"},{\"@type\":\"ListItem\",\"position\":2,\"name\":\"Endodonti\"}]},{\"@type\":\"WebSite\",\"@id\":\"https:\\\/\\\/mayadent.com.tr\\\/tr\\\/#website\",\"url\":\"https:\\\/\\\/mayadent.com.tr\\\/tr\\\/\",\"name\":\"mayadent.com.tr\",\"description\":\"G\u00fcvenle G\u00fcl\u00fcmse\",\"publisher\":{\"@id\":\"https:\\\/\\\/mayadent.com.tr\\\/tr\\\/#organization\"},\"potentialAction\":[{\"@type\":\"SearchAction\",\"target\":{\"@type\":\"EntryPoint\",\"urlTemplate\":\"https:\\\/\\\/mayadent.com.tr\\\/tr\\\/?s={search_term_string}\"},\"query-input\":{\"@type\":\"PropertyValueSpecification\",\"valueRequired\":true,\"valueName\":\"search_term_string\"}}],\"inLanguage\":\"tr\"},{\"@type\":\"Organization\",\"@id\":\"https:\\\/\\\/mayadent.com.tr\\\/tr\\\/#organization\",\"name\":\"MAYADENT\",\"alternateName\":\"Mayadent International\",\"url\":\"https:\\\/\\\/mayadent.com.tr\\\/tr\\\/\",\"logo\":{\"@type\":\"ImageObject\",\"inLanguage\":\"tr\",\"@id\":\"https:\\\/\\\/mayadent.com.tr\\\/tr\\\/#\\\/schema\\\/logo\\\/image\\\/\",\"url\":\"https:\\\/\\\/mayadent.com.tr\\\/tr\\\/wp-content\\\/uploads\\\/2023\\\/08\\\/Adsiz-tasarim.png\",\"contentUrl\":\"https:\\\/\\\/mayadent.com.tr\\\/tr\\\/wp-content\\\/uploads\\\/2023\\\/08\\\/Adsiz-tasarim.png\",\"width\":375,\"height\":375,\"caption\":\"MAYADENT\"},\"image\":{\"@id\":\"https:\\\/\\\/mayadent.com.tr\\\/tr\\\/#\\\/schema\\\/logo\\\/image\\\/\"},\"sameAs\":[\"https:\\\/\\\/www.facebook.com\\\/profile.php?id=100095497178358\",\"https:\\\/\\\/www.instagram.com\\\/mayadentinternational\\\/\"]}]}<\/script>\n<!-- \/ Yoast SEO plugin. -->","yoast_head_json":{"title":"Endodonti - MAYADENT","robots":{"index":"index","follow":"follow","max-snippet":"max-snippet:-1","max-image-preview":"max-image-preview:large","max-video-preview":"max-video-preview:-1"},"canonical":"https:\/\/mayadent.com.tr\/tr\/endodonti\/","og_locale":"tr_TR","og_type":"article","og_title":"Endodonti - MAYADENT","og_description":"[vc_row content_placement=&#8221;middle&#8221; responsive_css=&#8221;padding_top_medium:65px|padding_bottom_medium:65px&#8221; css=&#8221;.vc_custom_1621858742456{padding-top: 35px !important;padding-bottom: 35px !important;}&#8221;][vc_column responsive_css=&#8221;margin_bottom_medium:0px&#8221; css=&#8221;.vc_custom_1675966373586{margin-bottom: 30px !important;}&#8221;][\/vc_column][\/vc_row]","og_url":"https:\/\/mayadent.com.tr\/tr\/endodonti\/","og_site_name":"MAYADENT","article_publisher":"https:\/\/www.facebook.com\/profile.php?id=100095497178358","article_modified_time":"2025-05-21T22:27:55+00:00","twitter_card":"summary_large_image","twitter_misc":{"Tahmini okuma s\u00fcresi":"3 dakika"},"schema":{"@context":"https:\/\/schema.org","@graph":[{"@type":"WebPage","@id":"https:\/\/mayadent.com.tr\/tr\/endodonti\/","url":"https:\/\/mayadent.com.tr\/tr\/endodonti\/","name":"Endodonti - MAYADENT","isPartOf":{"@id":"https:\/\/mayadent.com.tr\/tr\/#website"},"datePublished":"2023-01-10T12:24:51+00:00","dateModified":"2025-05-21T22:27:55+00:00","breadcrumb":{"@id":"https:\/\/mayadent.com.tr\/tr\/endodonti\/#breadcrumb"},"inLanguage":"tr","potentialAction":[{"@type":"ReadAction","target":["https:\/\/mayadent.com.tr\/tr\/endodonti\/"]}]},{"@type":"BreadcrumbList","@id":"https:\/\/mayadent.com.tr\/tr\/endodonti\/#breadcrumb","itemListElement":[{"@type":"ListItem","position":1,"name":"Anasayfa","item":"https:\/\/mayadent.com.tr\/tr\/"},{"@type":"ListItem","position":2,"name":"Endodonti"}]},{"@type":"WebSite","@id":"https:\/\/mayadent.com.tr\/tr\/#website","url":"https:\/\/mayadent.com.tr\/tr\/","name":"mayadent.com.tr","description":"G\u00fcvenle G\u00fcl\u00fcmse","publisher":{"@id":"https:\/\/mayadent.com.tr\/tr\/#organization"},"potentialAction":[{"@type":"SearchAction","target":{"@type":"EntryPoint","urlTemplate":"https:\/\/mayadent.com.tr\/tr\/?s={search_term_string}"},"query-input":{"@type":"PropertyValueSpecification","valueRequired":true,"valueName":"search_term_string"}}],"inLanguage":"tr"},{"@type":"Organization","@id":"https:\/\/mayadent.com.tr\/tr\/#organization","name":"MAYADENT","alternateName":"Mayadent International","url":"https:\/\/mayadent.com.tr\/tr\/","logo":{"@type":"ImageObject","inLanguage":"tr","@id":"https:\/\/mayadent.com.tr\/tr\/#\/schema\/logo\/image\/","url":"https:\/\/mayadent.com.tr\/tr\/wp-content\/uploads\/2023\/08\/Adsiz-tasarim.png","contentUrl":"https:\/\/mayadent.com.tr\/tr\/wp-content\/uploads\/2023\/08\/Adsiz-tasarim.png","width":375,"height":375,"caption":"MAYADENT"},"image":{"@id":"https:\/\/mayadent.com.tr\/tr\/#\/schema\/logo\/image\/"},"sameAs":["https:\/\/www.facebook.com\/profile.php?id=100095497178358","https:\/\/www.instagram.com\/mayadentinternational\/"]}]}},"_links":{"self":[{"href":"https:\/\/mayadent.com.tr\/tr\/wp-json\/wp\/v2\/pages\/10036","targetHints":{"allow":["GET"]}}],"collection":[{"href":"https:\/\/mayadent.com.tr\/tr\/wp-json\/wp\/v2\/pages"}],"about":[{"href":"https:\/\/mayadent.com.tr\/tr\/wp-json\/wp\/v2\/types\/page"}],"author":[{"embeddable":true,"href":"https:\/\/mayadent.com.tr\/tr\/wp-json\/wp\/v2\/users\/1"}],"replies":[{"embeddable":true,"href":"https:\/\/mayadent.com.tr\/tr\/wp-json\/wp\/v2\/comments?post=10036"}],"version-history":[{"count":1,"href":"https:\/\/mayadent.com.tr\/tr\/wp-json\/wp\/v2\/pages\/10036\/revisions"}],"predecessor-version":[{"id":12173,"href":"https:\/\/mayadent.com.tr\/tr\/wp-json\/wp\/v2\/pages\/10036\/revisions\/12173"}],"wp:attachment":[{"href":"https:\/\/mayadent.com.tr\/tr\/wp-json\/wp\/v2\/media?parent=10036"}],"curies":[{"name":"wp","href":"https:\/\/api.w.org\/{rel}","templated":true}]}}