{"id":10053,"date":"2023-01-10T15:50:36","date_gmt":"2023-01-10T12:50:36","guid":{"rendered":"http:\/\/moddbeta.xyz\/maya\/?page_id=10053"},"modified":"2025-05-22T01:27:13","modified_gmt":"2025-05-21T22:27:13","slug":"dis-implantlari-icin-kemik-asilama","status":"publish","type":"page","link":"https:\/\/mayadent.com.tr\/tr\/dis-implantlari-icin-kemik-asilama\/","title":{"rendered":"Di\u015f \u0130mplantlar\u0131 \u0130\u00e7in Kemik A\u015f\u0131lama"},"content":{"rendered":"<p>[vc_row content_placement=&#8221;middle&#8221; responsive_css=&#8221;padding_top_medium:65px|padding_bottom_medium:65px&#8221; css=&#8221;.vc_custom_1621858742456{padding-top: 35px !important;padding-bottom: 35px !important;}&#8221;][vc_column responsive_css=&#8221;margin_bottom_medium:0px&#8221; css=&#8221;.vc_custom_1675966176665{margin-bottom: 30px !important;}&#8221;]<style>.ld_images_group_element_6a0367cac0b7d{border-radius:15px;}<\/style><div id=\"ld_images_group_element_6a0367cac0b7d\" class=\"lqd-imggrp-single ld_images_group_element_6a0367cac0b7d\" data-shadow-style=\"3\" data-roundness=\"custom\" data-hover3d=\"true\"  >\n\t\n\t<div class=\"lqd-imggrp-img-container\" data-stacking-factor=\"1\"   >\n\t\t\n\t\t\t\t\n\t\t\t\t<figure ><img decoding=\"async\" width=\"570\" height=\"466\" src=\"https:\/\/mayadent.com.tr\/tr\/wp-content\/uploads\/2023\/01\/Bone-Grafting-for-Dental-Implants.png\" srcset=\"https:\/\/mayadent.com.tr\/tr\/wp-content\/uploads\/2023\/01\/Bone-Grafting-for-Dental-Implants-300x245.png 300w, https:\/\/mayadent.com.tr\/tr\/wp-content\/uploads\/2023\/01\/Bone-Grafting-for-Dental-Implants-1024x837.png 1024w, https:\/\/mayadent.com.tr\/tr\/wp-content\/uploads\/2023\/01\/Bone-Grafting-for-Dental-Implants.png 1140w\" class=\"\" alt=\"\" itemprop=\"image\" \/><\/figure>\t\t\t\t\t\t\t\t\n\t<\/div><!-- \/.lqd-imggrp-content -->\n<\/div><!-- \/.lqd-imggrp-single --><style>.ld_spacer_6a0367cac2366{height:32px;}<\/style>\n<div class=\"ld-empty-space ld_spacer_6a0367cac2366\"><\/div><style>.ld_fancy_heading_6a0367cac25b3 h2{color:rgb(255, 255, 255);}.ld_fancy_heading_6a0367cac25b3 h2 {margin-bottom:0.3em !important;  } .ld_fancy_heading_6a0367cac25b3 .lqd-highlight-inner{height:0.275em!important;bottom:0px!important;}.ld_fancy_heading_6a0367cac25b3 h2 {margin-bottom:0.3em !important;  } <\/style><div class=\"ld-fancy-heading ld_fancy_heading_6a0367cac25b3\">\n\t<h2 class=\"ld-fh-element lqd-highlight-underline lqd-highlight-grow-left text-decoration-default\"   >  <span style=\"font-family: 'Marcellus'\">Di\u015f \u0130mplantlar\u0131 \u0130\u00e7in Kemik A\u015f\u0131lama<\/span><\/h2><\/div><style>.ld_fancy_heading_6a0367cac2e9d p{color:rgb(255, 255, 255);}.ld_fancy_heading_6a0367cac2e9d p {font-size:18px; } .ld_fancy_heading_6a0367cac2e9d p {line-height:1.44em; } .ld_fancy_heading_6a0367cac2e9d p {--element-line-height:1.44em; } .ld_fancy_heading_6a0367cac2e9d p {margin-bottom:2.5em !important;  } .ld_fancy_heading_6a0367cac2e9d .lqd-highlight-inner{height:0.275em!important;bottom:0px!important;}.ld_fancy_heading_6a0367cac2e9d p {font-size:18px; } .ld_fancy_heading_6a0367cac2e9d p {line-height:1.44em; } .ld_fancy_heading_6a0367cac2e9d p {--element-line-height:1.44em; } .ld_fancy_heading_6a0367cac2e9d p {margin-bottom:2.5em !important;  } <\/style><div class=\"ld-fancy-heading ld_fancy_heading_6a0367cac2e9d\">\n\t<p class=\"ld-fh-element lqd-highlight-underline lqd-highlight-grow-left text-decoration-default\"   >  Kemik grefti, di\u015f implantlar\u0131n\u0131 ba\u015far\u0131l\u0131 bir \u015fekilde yerle\u015ftirmek i\u00e7in \u00e7ene kemi\u011fi hacmini de\u011fi\u015ftiren ve yenileyen cerrahi bir prosed\u00fcrd\u00fcr (tipik olarak Uzman Cerrahlar taraf\u0131ndan ger\u00e7ekle\u015ftirilir).\u00a0Yetersiz kemik varsa, di\u015f implant\u0131 \u00e7eneye yap\u0131\u015famayacak veya ba\u015far\u0131s\u0131z olacakt\u0131r.\u00a0Anestezi, herhangi bir rahats\u0131zl\u0131\u011f\u0131 gidermek i\u00e7in ameliyattan \u00f6nce uygulan\u0131r.\u00a0Alan\u0131 temizledikten sonra, di\u015f hekimi kemik grefti gerektiren alan\u0131 ortaya \u00e7\u0131karmak i\u00e7in di\u015f eti dokusunda bir kesi yapar.\u00a0Di\u015f hekimi daha sonra v\u00fccudunuzun ba\u015fka bir b\u00f6lgesinden kemi\u011fin bir b\u00f6l\u00fcm\u00fcn\u00fc veya \u00f6zel bir kemik a\u015f\u0131lama malzemesini ihtiya\u00e7 duyulan \u00e7ene kemi\u011fine a\u015f\u0131layacakt\u0131r.<\/p><\/div><style>.ld_fancy_heading_6a0367cac3972 p{color:rgb(255, 255, 255);}.ld_fancy_heading_6a0367cac3972 p {font-size:18px; } .ld_fancy_heading_6a0367cac3972 p {line-height:1.44em; } .ld_fancy_heading_6a0367cac3972 p {--element-line-height:1.44em; } .ld_fancy_heading_6a0367cac3972 p {margin-bottom:2.5em !important;  } .ld_fancy_heading_6a0367cac3972 .lqd-highlight-inner{height:0.275em!important;bottom:0px!important;}.ld_fancy_heading_6a0367cac3972 p {font-size:18px; } .ld_fancy_heading_6a0367cac3972 p {line-height:1.44em; } .ld_fancy_heading_6a0367cac3972 p {--element-line-height:1.44em; } .ld_fancy_heading_6a0367cac3972 p {margin-bottom:2.5em !important;  } <\/style><div class=\"ld-fancy-heading ld_fancy_heading_6a0367cac3972\">\n\t<p class=\"ld-fh-element lqd-highlight-underline lqd-highlight-grow-left text-decoration-default\"   >  <b>Di\u015f Kemik Greftlerinin Faydalar\u0131<\/b><\/p>\n<p>Dental kemik greftleri, dental implantlar ve di\u011fer restoratif tedaviler i\u00e7in uygunlu\u011fu art\u0131rabilir.\u00a0Bu prosed\u00fcr, travma, di\u015f kayb\u0131 veya di\u015f eti (periodontal) hastal\u0131\u011f\u0131n\u0131 takiben \u00e7eneyi orijinal haline getirir.<\/p>\n<p><b>\u0130yile\u015fme Nas\u0131l Olacak?<\/b><\/p>\n<p>Hastadan hastaya farkl\u0131l\u0131k g\u00f6sterebilece\u011finden, hastalar her zaman cerrahlar\u0131n\u0131n kendilerine verdi\u011fi talimatlara uymal\u0131d\u0131r.\u00a0Genel olarak, hastalara kemik grefti yapt\u0131rd\u0131ktan sonra iki ila \u00fc\u00e7 g\u00fcn boyunca yorucu faaliyetlerden ka\u00e7\u0131nmalar\u0131 \u00f6nerilir.\u00a0\u015ei\u015fkinlik normaldir.\u00a0\u015ei\u015fli\u011fi en aza indirmek i\u00e7in hastalar ilk 48 saat boyunca her seferinde 20 dakika boyunca buz uygulayabilir.\u00a0Cerrah, hastay\u0131 rahat ettirmek i\u00e7in a\u011fr\u0131 kesici ila\u00e7lar ve enfeksiyonlar\u0131 \u00f6nlemek i\u00e7in antibiyotik re\u00e7ete edebilir.<\/p>\n<p><b>Di\u015f Kemik Greftlerinin Riskleri veya Komplikasyonlar\u0131 Nelerdir?<\/b><\/p>\n<p>A\u011fz\u0131n\u0131zdaki kemik greftleri genellikle g\u00fcvenlidir.\u00a0Bununla birlikte, prosed\u00fcr a\u015fa\u011f\u0131dakiler de dahil olmak \u00fczere baz\u0131 riskler ta\u015f\u0131r:<\/p>\n<ul style=\"color: #fff !important\">\n<li>Enfeksiyon<\/li>\n<li>A\u011f\u0131r kanama<\/li>\n<li>Sinir hasar\u0131<\/li>\n<li>Anestezi komplikasyonlar\u0131<\/li>\n<\/ul>\n<p>&nbsp;<\/p>\n<p><b>Di\u015f Kemik Greftinde \u0130yile\u015fmek Ne Kadar S\u00fcrer?<\/b><\/p>\n<p>Muhtemelen bir veya iki hafta i\u00e7inde kendinizi normale d\u00f6nm\u00fc\u015f hissedecek olsan\u0131z da tam di\u015f kemi\u011fi grefti iyile\u015fmesi \u00fc\u00e7 ile dokuz ay aras\u0131nda, bazen daha uzun s\u00fcrebilir.\u00a0\u0130yile\u015fme s\u00fcreleri, greftin t\u00fcr\u00fc, greftin yerle\u015ftirildi\u011fi alan ve v\u00fccudunuzun iyile\u015fme kapasitesi gibi \u00e7e\u015fitli fakt\u00f6rlere ba\u011fl\u0131d\u0131r.<\/p>\n<p><b>Di\u015f Kemik Grefti \u0130yile\u015fme A\u015famalar\u0131 Nelerdir?<\/b><\/p>\n<p>\u0130yile\u015fme s\u00fcresi hastadan hastaya \u00f6nemli \u00f6l\u00e7\u00fcde de\u011fi\u015febilir.\u00a0Kemik grefti yerle\u015ftirildikten sonra, di\u015f hekimi iyile\u015fmenizi izleyecektir.\u00a0Hastalar dental implant ameliyat\u0131 olmay\u0131 bekliyorsa, yeni kemikleri implant\u0131 destekleyecek kadar g\u00fc\u00e7l\u00fc oldu\u011funda size haber vereceklerdir.<\/p><\/div>[\/vc_column][\/vc_row]<\/p>\n","protected":false},"excerpt":{"rendered":"<p>[vc_row content_placement=&#8221;middle&#8221; responsive_css=&#8221;padding_top_medium:65px|padding_bottom_medium:65px&#8221; css=&#8221;.vc_custom_1621858742456{padding-top: 35px !important;padding-bottom: 35px !important;}&#8221;][vc_column responsive_css=&#8221;margin_bottom_medium:0px&#8221; css=&#8221;.vc_custom_1675966176665{margin-bottom: 30px !important;}&#8221;][\/vc_column][\/vc_row]<\/p>\n","protected":false},"author":1,"featured_media":0,"parent":0,"menu_order":0,"comment_status":"closed","ping_status":"closed","template":"","meta":{"footnotes":""},"class_list":["post-10053","page","type-page","status-publish","hentry"],"yoast_head":"<!-- This site is optimized with the Yoast SEO plugin v27.3 - https:\/\/yoast.com\/product\/yoast-seo-wordpress\/ -->\n<title>Di\u015f \u0130mplantlar\u0131 \u0130\u00e7in Kemik A\u015f\u0131lama - MAYADENT<\/title>\n<meta name=\"robots\" content=\"index, follow, max-snippet:-1, max-image-preview:large, max-video-preview:-1\" \/>\n<link rel=\"canonical\" href=\"https:\/\/mayadent.com.tr\/tr\/dis-implantlari-icin-kemik-asilama\/\" \/>\n<meta property=\"og:locale\" content=\"tr_TR\" \/>\n<meta property=\"og:type\" content=\"article\" \/>\n<meta property=\"og:title\" content=\"Di\u015f \u0130mplantlar\u0131 \u0130\u00e7in Kemik A\u015f\u0131lama - MAYADENT\" \/>\n<meta property=\"og:description\" content=\"[vc_row content_placement=&#8221;middle&#8221; responsive_css=&#8221;padding_top_medium:65px|padding_bottom_medium:65px&#8221; css=&#8221;.vc_custom_1621858742456{padding-top: 35px !important;padding-bottom: 35px !important;}&#8221;][vc_column responsive_css=&#8221;margin_bottom_medium:0px&#8221; css=&#8221;.vc_custom_1675966176665{margin-bottom: 30px !important;}&#8221;][\/vc_column][\/vc_row]\" \/>\n<meta property=\"og:url\" content=\"https:\/\/mayadent.com.tr\/tr\/dis-implantlari-icin-kemik-asilama\/\" \/>\n<meta property=\"og:site_name\" content=\"MAYADENT\" \/>\n<meta property=\"article:publisher\" content=\"https:\/\/www.facebook.com\/profile.php?id=100095497178358\" \/>\n<meta property=\"article:modified_time\" content=\"2025-05-21T22:27:13+00:00\" \/>\n<meta name=\"twitter:card\" content=\"summary_large_image\" \/>\n<meta name=\"twitter:label1\" content=\"Tahmini okuma s\u00fcresi\" \/>\n\t<meta name=\"twitter:data1\" content=\"3 dakika\" \/>\n<script type=\"application\/ld+json\" class=\"yoast-schema-graph\">{\"@context\":\"https:\\\/\\\/schema.org\",\"@graph\":[{\"@type\":\"WebPage\",\"@id\":\"https:\\\/\\\/mayadent.com.tr\\\/tr\\\/dis-implantlari-icin-kemik-asilama\\\/\",\"url\":\"https:\\\/\\\/mayadent.com.tr\\\/tr\\\/dis-implantlari-icin-kemik-asilama\\\/\",\"name\":\"Di\u015f \u0130mplantlar\u0131 \u0130\u00e7in Kemik A\u015f\u0131lama - MAYADENT\",\"isPartOf\":{\"@id\":\"https:\\\/\\\/mayadent.com.tr\\\/tr\\\/#website\"},\"datePublished\":\"2023-01-10T12:50:36+00:00\",\"dateModified\":\"2025-05-21T22:27:13+00:00\",\"breadcrumb\":{\"@id\":\"https:\\\/\\\/mayadent.com.tr\\\/tr\\\/dis-implantlari-icin-kemik-asilama\\\/#breadcrumb\"},\"inLanguage\":\"tr\",\"potentialAction\":[{\"@type\":\"ReadAction\",\"target\":[\"https:\\\/\\\/mayadent.com.tr\\\/tr\\\/dis-implantlari-icin-kemik-asilama\\\/\"]}]},{\"@type\":\"BreadcrumbList\",\"@id\":\"https:\\\/\\\/mayadent.com.tr\\\/tr\\\/dis-implantlari-icin-kemik-asilama\\\/#breadcrumb\",\"itemListElement\":[{\"@type\":\"ListItem\",\"position\":1,\"name\":\"Anasayfa\",\"item\":\"https:\\\/\\\/mayadent.com.tr\\\/tr\\\/\"},{\"@type\":\"ListItem\",\"position\":2,\"name\":\"Di\u015f \u0130mplantlar\u0131 \u0130\u00e7in Kemik A\u015f\u0131lama\"}]},{\"@type\":\"WebSite\",\"@id\":\"https:\\\/\\\/mayadent.com.tr\\\/tr\\\/#website\",\"url\":\"https:\\\/\\\/mayadent.com.tr\\\/tr\\\/\",\"name\":\"mayadent.com.tr\",\"description\":\"G\u00fcvenle G\u00fcl\u00fcmse\",\"publisher\":{\"@id\":\"https:\\\/\\\/mayadent.com.tr\\\/tr\\\/#organization\"},\"potentialAction\":[{\"@type\":\"SearchAction\",\"target\":{\"@type\":\"EntryPoint\",\"urlTemplate\":\"https:\\\/\\\/mayadent.com.tr\\\/tr\\\/?s={search_term_string}\"},\"query-input\":{\"@type\":\"PropertyValueSpecification\",\"valueRequired\":true,\"valueName\":\"search_term_string\"}}],\"inLanguage\":\"tr\"},{\"@type\":\"Organization\",\"@id\":\"https:\\\/\\\/mayadent.com.tr\\\/tr\\\/#organization\",\"name\":\"MAYADENT\",\"alternateName\":\"Mayadent International\",\"url\":\"https:\\\/\\\/mayadent.com.tr\\\/tr\\\/\",\"logo\":{\"@type\":\"ImageObject\",\"inLanguage\":\"tr\",\"@id\":\"https:\\\/\\\/mayadent.com.tr\\\/tr\\\/#\\\/schema\\\/logo\\\/image\\\/\",\"url\":\"https:\\\/\\\/mayadent.com.tr\\\/tr\\\/wp-content\\\/uploads\\\/2023\\\/08\\\/Adsiz-tasarim.png\",\"contentUrl\":\"https:\\\/\\\/mayadent.com.tr\\\/tr\\\/wp-content\\\/uploads\\\/2023\\\/08\\\/Adsiz-tasarim.png\",\"width\":375,\"height\":375,\"caption\":\"MAYADENT\"},\"image\":{\"@id\":\"https:\\\/\\\/mayadent.com.tr\\\/tr\\\/#\\\/schema\\\/logo\\\/image\\\/\"},\"sameAs\":[\"https:\\\/\\\/www.facebook.com\\\/profile.php?id=100095497178358\",\"https:\\\/\\\/www.instagram.com\\\/mayadentinternational\\\/\"]}]}<\/script>\n<!-- \/ Yoast SEO plugin. -->","yoast_head_json":{"title":"Di\u015f \u0130mplantlar\u0131 \u0130\u00e7in Kemik A\u015f\u0131lama - MAYADENT","robots":{"index":"index","follow":"follow","max-snippet":"max-snippet:-1","max-image-preview":"max-image-preview:large","max-video-preview":"max-video-preview:-1"},"canonical":"https:\/\/mayadent.com.tr\/tr\/dis-implantlari-icin-kemik-asilama\/","og_locale":"tr_TR","og_type":"article","og_title":"Di\u015f \u0130mplantlar\u0131 \u0130\u00e7in Kemik A\u015f\u0131lama - MAYADENT","og_description":"[vc_row content_placement=&#8221;middle&#8221; responsive_css=&#8221;padding_top_medium:65px|padding_bottom_medium:65px&#8221; css=&#8221;.vc_custom_1621858742456{padding-top: 35px !important;padding-bottom: 35px !important;}&#8221;][vc_column responsive_css=&#8221;margin_bottom_medium:0px&#8221; css=&#8221;.vc_custom_1675966176665{margin-bottom: 30px !important;}&#8221;][\/vc_column][\/vc_row]","og_url":"https:\/\/mayadent.com.tr\/tr\/dis-implantlari-icin-kemik-asilama\/","og_site_name":"MAYADENT","article_publisher":"https:\/\/www.facebook.com\/profile.php?id=100095497178358","article_modified_time":"2025-05-21T22:27:13+00:00","twitter_card":"summary_large_image","twitter_misc":{"Tahmini okuma s\u00fcresi":"3 dakika"},"schema":{"@context":"https:\/\/schema.org","@graph":[{"@type":"WebPage","@id":"https:\/\/mayadent.com.tr\/tr\/dis-implantlari-icin-kemik-asilama\/","url":"https:\/\/mayadent.com.tr\/tr\/dis-implantlari-icin-kemik-asilama\/","name":"Di\u015f \u0130mplantlar\u0131 \u0130\u00e7in Kemik A\u015f\u0131lama - MAYADENT","isPartOf":{"@id":"https:\/\/mayadent.com.tr\/tr\/#website"},"datePublished":"2023-01-10T12:50:36+00:00","dateModified":"2025-05-21T22:27:13+00:00","breadcrumb":{"@id":"https:\/\/mayadent.com.tr\/tr\/dis-implantlari-icin-kemik-asilama\/#breadcrumb"},"inLanguage":"tr","potentialAction":[{"@type":"ReadAction","target":["https:\/\/mayadent.com.tr\/tr\/dis-implantlari-icin-kemik-asilama\/"]}]},{"@type":"BreadcrumbList","@id":"https:\/\/mayadent.com.tr\/tr\/dis-implantlari-icin-kemik-asilama\/#breadcrumb","itemListElement":[{"@type":"ListItem","position":1,"name":"Anasayfa","item":"https:\/\/mayadent.com.tr\/tr\/"},{"@type":"ListItem","position":2,"name":"Di\u015f \u0130mplantlar\u0131 \u0130\u00e7in Kemik A\u015f\u0131lama"}]},{"@type":"WebSite","@id":"https:\/\/mayadent.com.tr\/tr\/#website","url":"https:\/\/mayadent.com.tr\/tr\/","name":"mayadent.com.tr","description":"G\u00fcvenle G\u00fcl\u00fcmse","publisher":{"@id":"https:\/\/mayadent.com.tr\/tr\/#organization"},"potentialAction":[{"@type":"SearchAction","target":{"@type":"EntryPoint","urlTemplate":"https:\/\/mayadent.com.tr\/tr\/?s={search_term_string}"},"query-input":{"@type":"PropertyValueSpecification","valueRequired":true,"valueName":"search_term_string"}}],"inLanguage":"tr"},{"@type":"Organization","@id":"https:\/\/mayadent.com.tr\/tr\/#organization","name":"MAYADENT","alternateName":"Mayadent International","url":"https:\/\/mayadent.com.tr\/tr\/","logo":{"@type":"ImageObject","inLanguage":"tr","@id":"https:\/\/mayadent.com.tr\/tr\/#\/schema\/logo\/image\/","url":"https:\/\/mayadent.com.tr\/tr\/wp-content\/uploads\/2023\/08\/Adsiz-tasarim.png","contentUrl":"https:\/\/mayadent.com.tr\/tr\/wp-content\/uploads\/2023\/08\/Adsiz-tasarim.png","width":375,"height":375,"caption":"MAYADENT"},"image":{"@id":"https:\/\/mayadent.com.tr\/tr\/#\/schema\/logo\/image\/"},"sameAs":["https:\/\/www.facebook.com\/profile.php?id=100095497178358","https:\/\/www.instagram.com\/mayadentinternational\/"]}]}},"_links":{"self":[{"href":"https:\/\/mayadent.com.tr\/tr\/wp-json\/wp\/v2\/pages\/10053","targetHints":{"allow":["GET"]}}],"collection":[{"href":"https:\/\/mayadent.com.tr\/tr\/wp-json\/wp\/v2\/pages"}],"about":[{"href":"https:\/\/mayadent.com.tr\/tr\/wp-json\/wp\/v2\/types\/page"}],"author":[{"embeddable":true,"href":"https:\/\/mayadent.com.tr\/tr\/wp-json\/wp\/v2\/users\/1"}],"replies":[{"embeddable":true,"href":"https:\/\/mayadent.com.tr\/tr\/wp-json\/wp\/v2\/comments?post=10053"}],"version-history":[{"count":1,"href":"https:\/\/mayadent.com.tr\/tr\/wp-json\/wp\/v2\/pages\/10053\/revisions"}],"predecessor-version":[{"id":12172,"href":"https:\/\/mayadent.com.tr\/tr\/wp-json\/wp\/v2\/pages\/10053\/revisions\/12172"}],"wp:attachment":[{"href":"https:\/\/mayadent.com.tr\/tr\/wp-json\/wp\/v2\/media?parent=10053"}],"curies":[{"name":"wp","href":"https:\/\/api.w.org\/{rel}","templated":true}]}}