{"id":10063,"date":"2023-01-10T15:58:19","date_gmt":"2023-01-10T12:58:19","guid":{"rendered":"http:\/\/moddbeta.xyz\/maya\/?page_id=10063"},"modified":"2025-05-22T01:26:27","modified_gmt":"2025-05-21T22:26:27","slug":"implant-tedavisi","status":"publish","type":"page","link":"https:\/\/mayadent.com.tr\/tr\/implant-tedavisi\/","title":{"rendered":"\u0130mplant Tedavisi"},"content":{"rendered":"<p>[vc_row content_placement=&#8221;middle&#8221; responsive_css=&#8221;padding_top_medium:65px|padding_bottom_medium:65px&#8221; css=&#8221;.vc_custom_1621858742456{padding-top: 35px !important;padding-bottom: 35px !important;}&#8221;][vc_column responsive_css=&#8221;margin_bottom_medium:0px&#8221; css=&#8221;.vc_custom_1675966027599{margin-bottom: 30px !important;}&#8221;]<style>.ld_images_group_element_6a034d8db1f84{border-radius:15px;}<\/style><div id=\"ld_images_group_element_6a034d8db1f84\" class=\"lqd-imggrp-single ld_images_group_element_6a034d8db1f84\" data-shadow-style=\"3\" data-roundness=\"custom\" data-hover3d=\"true\"  >\n\t\n\t<div class=\"lqd-imggrp-img-container\" data-stacking-factor=\"1\"   >\n\t\t\n\t\t\t\t\n\t\t\t\t<figure ><img decoding=\"async\" width=\"570\" height=\"466\" src=\"https:\/\/mayadent.com.tr\/tr\/wp-content\/uploads\/2023\/01\/Implant-Treatment.png\" srcset=\"https:\/\/mayadent.com.tr\/tr\/wp-content\/uploads\/2023\/01\/Implant-Treatment-300x245.png 300w, https:\/\/mayadent.com.tr\/tr\/wp-content\/uploads\/2023\/01\/Implant-Treatment-1024x837.png 1024w, https:\/\/mayadent.com.tr\/tr\/wp-content\/uploads\/2023\/01\/Implant-Treatment.png 1140w\" class=\"\" alt=\"\" itemprop=\"image\" \/><\/figure>\t\t\t\t\t\t\t\t\n\t<\/div><!-- \/.lqd-imggrp-content -->\n<\/div><!-- \/.lqd-imggrp-single --><style>.ld_spacer_6a034d8db35fb{height:32px;}<\/style>\n<div class=\"ld-empty-space ld_spacer_6a034d8db35fb\"><\/div><style>.ld_fancy_heading_6a034d8db3809 h2{color:rgb(255, 255, 255);}.ld_fancy_heading_6a034d8db3809 h2 {margin-bottom:0.3em !important;  } .ld_fancy_heading_6a034d8db3809 .lqd-highlight-inner{height:0.275em!important;bottom:0px!important;}.ld_fancy_heading_6a034d8db3809 h2 {margin-bottom:0.3em !important;  } <\/style><div class=\"ld-fancy-heading ld_fancy_heading_6a034d8db3809\">\n\t<h2 class=\"ld-fh-element lqd-highlight-underline lqd-highlight-grow-left text-decoration-default\"   >  <span style=\"font-family: 'Marcellus'\">\u0130mplant Tedavisi<\/span><\/h2><\/div><style>.ld_fancy_heading_6a034d8db40f0 p{color:rgb(255, 255, 255);}.ld_fancy_heading_6a034d8db40f0 p {font-size:18px; } .ld_fancy_heading_6a034d8db40f0 p {line-height:1.44em; } .ld_fancy_heading_6a034d8db40f0 p {--element-line-height:1.44em; } .ld_fancy_heading_6a034d8db40f0 p {margin-bottom:2.5em !important;  } .ld_fancy_heading_6a034d8db40f0 .lqd-highlight-inner{height:0.275em!important;bottom:0px!important;}.ld_fancy_heading_6a034d8db40f0 p {font-size:18px; } .ld_fancy_heading_6a034d8db40f0 p {line-height:1.44em; } .ld_fancy_heading_6a034d8db40f0 p {--element-line-height:1.44em; } .ld_fancy_heading_6a034d8db40f0 p {margin-bottom:2.5em !important;  } <\/style><div class=\"ld-fancy-heading ld_fancy_heading_6a034d8db40f0\">\n\t<p class=\"ld-fh-element lqd-highlight-underline lqd-highlight-grow-left text-decoration-default\"   >  Di\u015f implantlar\u0131, \u00e7enelerde eksik di\u015f olmas\u0131 durumunda uygulanan, di\u015f k\u00f6k\u00fcn\u00fc taklit eden titanyum veya zirkonyumdan yap\u0131lan, biyouyumlu malzemelerdir.\u00a0Di\u015f implantlar\u0131 steril ko\u015fullarda, lokal anestezi alt\u0131nda \u00e7ene kemiklerine a\u011fr\u0131s\u0131z bir \u015fekilde yerle\u015ftirilir.\u00a0\u0130mplantlar sabit protezlerin yap\u0131m\u0131nda ve hareketli protezlere destek olmas\u0131 amac\u0131yla kullan\u0131lmaktad\u0131r.<\/p><\/div><style>.ld_fancy_heading_6a034d8db4c0a p{color:rgb(255, 255, 255);}.ld_fancy_heading_6a034d8db4c0a p {font-size:18px; } .ld_fancy_heading_6a034d8db4c0a p {line-height:1.44em; } .ld_fancy_heading_6a034d8db4c0a p {--element-line-height:1.44em; } .ld_fancy_heading_6a034d8db4c0a p {margin-bottom:2.5em !important;  } .ld_fancy_heading_6a034d8db4c0a .lqd-highlight-inner{height:0.275em!important;bottom:0px!important;}.ld_fancy_heading_6a034d8db4c0a p {font-size:18px; } .ld_fancy_heading_6a034d8db4c0a p {line-height:1.44em; } .ld_fancy_heading_6a034d8db4c0a p {--element-line-height:1.44em; } .ld_fancy_heading_6a034d8db4c0a p {margin-bottom:2.5em !important;  } <\/style><div class=\"ld-fancy-heading ld_fancy_heading_6a034d8db4c0a\">\n\t<p class=\"ld-fh-element lqd-highlight-underline lqd-highlight-grow-left text-decoration-default\"   >  <b>Di\u015f \u0130mplantlar\u0131 Nedir?<\/b><\/p>\n<p>Di\u015f implantlar\u0131 eksik di\u015flerin yerine kullan\u0131l\u0131r.\u00a0\u0130mplant, \u00fczerine bir kuron, sabit bir k\u00f6pr\u00fc ve bir k\u0131smi veya tam protezin tak\u0131ld\u0131\u011f\u0131 \u00e7ene kemi\u011fine yerle\u015ftirilen bir titanyum post veya fikst\u00fcrden olu\u015fur.\u00a0\u0130mplant kemi\u011fe entegre olduktan sonra abutment ad\u0131 verilen bir yap\u0131 implanta ba\u011flan\u0131r ve ard\u0131ndan yapay di\u015f\/di\u015fler tak\u0131l\u0131r.\u00a0Bu nedenle, bir yapay di\u015fin 3 par\u00e7as\u0131 vard\u0131r: di\u015f implant\u0131n\u0131n kendisi, abutment ve yapay di\u015f.<\/p>\n<p><b>Dental \u0130mplantlar\u0131n Faydalar\u0131<\/b><\/p>\n<ul style=\"color: #fff !important\">\n<li>Dayan\u0131kl\u0131d\u0131r.<\/li>\n<li>Kemik kayb\u0131n\u0131 \u00f6nler.<\/li>\n<li>Do\u011fal di\u015f g\u00f6r\u00fcn\u00fcm\u00fcn\u00fc sa\u011flar.<\/li>\n<li>Biti\u015fik di\u015fleri sabit tutmada etkilidir.<\/li>\n<li>Genel ya\u015fam kalitesini art\u0131r\u0131r.<\/li>\n<li>Bir \u00f6m\u00fcr boyu dayan\u0131kl\u0131d\u0131r.<\/li>\n<\/ul>\n<p>&nbsp;<\/p>\n<p><b>Dental \u0130mplantlar \u0130\u00e7in Kimler \u0130yi Bir Adayd\u0131r?<\/b><\/p>\n<ul style=\"color: #fff !important\">\n<li>Bir veya birden fazla di\u015fi eksik olan hastalar.<\/li>\n<li>Sa\u011fl\u0131kl\u0131 di\u015f ve di\u015f etlerine sahip hastalar.<\/li>\n<li>Yeterli kemik yo\u011funlu\u011funa sahip hastalar.<\/li>\n<li>\u00c7ene kemi\u011fi tamamen b\u00fcy\u00fcm\u00fc\u015f hastalar.<\/li>\n<li>Kemik iyile\u015fmesini etkileyecek bir t\u0131bbi durumu olmayan hastalar.<\/li>\n<li>Sigara i\u00e7meyen veya b\u0131rakmak isteyen hastalar.<\/li>\n<\/ul>\n<p>&nbsp;<\/p>\n<p><b>Di\u015f \u0130mplant\u0131 Yapt\u0131rmak A\u011fr\u0131l\u0131 m\u0131?<\/b><\/p>\n<p>Rahats\u0131zl\u0131k ki\u015fiden ki\u015fiye de\u011fi\u015febilse de \u00e7o\u011fu ki\u015fi di\u015f implant\u0131 yapt\u0131rman\u0131n beklediklerinden \u00e7ok daha az rahats\u0131z edici oldu\u011funu bildirmi\u015ftir.\u00a0Cerrahi di\u015f implant\u0131 prosed\u00fcr\u00fc s\u0131ras\u0131nda, di\u015f hekimimiz hastam\u0131za anestezi uygulayaca\u011f\u0131 i\u00e7in i\u015flem s\u0131ras\u0131nda bir \u015fey hissedilmesi m\u00fcmk\u00fcn de\u011fildir.<\/p>\n<p><b>Di\u015f \u0130mplantlar\u0131n\u0131n \u0130yile\u015fmesi Ne Kadar S\u00fcrer?<\/b><\/p>\n<p>Ortalama implant i\u015flemi birden fazla ad\u0131mda ger\u00e7ekle\u015fir .\u00a0Bu nedenle, sa\u011fl\u0131\u011f\u0131n\u0131za, ka\u00e7 di\u015fi de\u011fi\u015ftirmeniz gerekti\u011fine ve di\u011fer fakt\u00f6rlere ba\u011fl\u0131 olarak de\u011fi\u015fen bir iyile\u015fme d\u00f6nemi vard\u0131r.\u00a0Bununla birlikte, iyile\u015fme s\u00fcreci genellikle 6 ila 12 hafta aras\u0131nda s\u00fcrer.<\/p><\/div>[\/vc_column][\/vc_row]<\/p>\n","protected":false},"excerpt":{"rendered":"<p>[vc_row content_placement=&#8221;middle&#8221; responsive_css=&#8221;padding_top_medium:65px|padding_bottom_medium:65px&#8221; css=&#8221;.vc_custom_1621858742456{padding-top: 35px !important;padding-bottom: 35px !important;}&#8221;][vc_column responsive_css=&#8221;margin_bottom_medium:0px&#8221; css=&#8221;.vc_custom_1675966027599{margin-bottom: 30px !important;}&#8221;][\/vc_column][\/vc_row]<\/p>\n","protected":false},"author":1,"featured_media":0,"parent":0,"menu_order":0,"comment_status":"closed","ping_status":"closed","template":"","meta":{"footnotes":""},"class_list":["post-10063","page","type-page","status-publish","hentry"],"yoast_head":"<!-- This site is optimized with the Yoast SEO plugin v27.3 - https:\/\/yoast.com\/product\/yoast-seo-wordpress\/ -->\n<title>\u0130mplant Tedavisi - MAYADENT<\/title>\n<meta name=\"robots\" content=\"index, follow, max-snippet:-1, max-image-preview:large, max-video-preview:-1\" \/>\n<link rel=\"canonical\" href=\"https:\/\/mayadent.com.tr\/tr\/implant-tedavisi\/\" \/>\n<meta property=\"og:locale\" content=\"tr_TR\" \/>\n<meta property=\"og:type\" content=\"article\" \/>\n<meta property=\"og:title\" content=\"\u0130mplant Tedavisi - MAYADENT\" \/>\n<meta property=\"og:description\" content=\"[vc_row content_placement=&#8221;middle&#8221; responsive_css=&#8221;padding_top_medium:65px|padding_bottom_medium:65px&#8221; css=&#8221;.vc_custom_1621858742456{padding-top: 35px !important;padding-bottom: 35px !important;}&#8221;][vc_column responsive_css=&#8221;margin_bottom_medium:0px&#8221; css=&#8221;.vc_custom_1675966027599{margin-bottom: 30px !important;}&#8221;][\/vc_column][\/vc_row]\" \/>\n<meta property=\"og:url\" content=\"https:\/\/mayadent.com.tr\/tr\/implant-tedavisi\/\" \/>\n<meta property=\"og:site_name\" content=\"MAYADENT\" \/>\n<meta property=\"article:publisher\" content=\"https:\/\/www.facebook.com\/profile.php?id=100095497178358\" \/>\n<meta property=\"article:modified_time\" content=\"2025-05-21T22:26:27+00:00\" \/>\n<meta name=\"twitter:card\" content=\"summary_large_image\" \/>\n<meta name=\"twitter:label1\" content=\"Tahmini okuma s\u00fcresi\" \/>\n\t<meta name=\"twitter:data1\" content=\"2 dakika\" \/>\n<script type=\"application\/ld+json\" class=\"yoast-schema-graph\">{\"@context\":\"https:\\\/\\\/schema.org\",\"@graph\":[{\"@type\":\"WebPage\",\"@id\":\"https:\\\/\\\/mayadent.com.tr\\\/tr\\\/implant-tedavisi\\\/\",\"url\":\"https:\\\/\\\/mayadent.com.tr\\\/tr\\\/implant-tedavisi\\\/\",\"name\":\"\u0130mplant Tedavisi - MAYADENT\",\"isPartOf\":{\"@id\":\"https:\\\/\\\/mayadent.com.tr\\\/tr\\\/#website\"},\"datePublished\":\"2023-01-10T12:58:19+00:00\",\"dateModified\":\"2025-05-21T22:26:27+00:00\",\"breadcrumb\":{\"@id\":\"https:\\\/\\\/mayadent.com.tr\\\/tr\\\/implant-tedavisi\\\/#breadcrumb\"},\"inLanguage\":\"tr\",\"potentialAction\":[{\"@type\":\"ReadAction\",\"target\":[\"https:\\\/\\\/mayadent.com.tr\\\/tr\\\/implant-tedavisi\\\/\"]}]},{\"@type\":\"BreadcrumbList\",\"@id\":\"https:\\\/\\\/mayadent.com.tr\\\/tr\\\/implant-tedavisi\\\/#breadcrumb\",\"itemListElement\":[{\"@type\":\"ListItem\",\"position\":1,\"name\":\"Anasayfa\",\"item\":\"https:\\\/\\\/mayadent.com.tr\\\/tr\\\/\"},{\"@type\":\"ListItem\",\"position\":2,\"name\":\"\u0130mplant Tedavisi\"}]},{\"@type\":\"WebSite\",\"@id\":\"https:\\\/\\\/mayadent.com.tr\\\/tr\\\/#website\",\"url\":\"https:\\\/\\\/mayadent.com.tr\\\/tr\\\/\",\"name\":\"mayadent.com.tr\",\"description\":\"G\u00fcvenle G\u00fcl\u00fcmse\",\"publisher\":{\"@id\":\"https:\\\/\\\/mayadent.com.tr\\\/tr\\\/#organization\"},\"potentialAction\":[{\"@type\":\"SearchAction\",\"target\":{\"@type\":\"EntryPoint\",\"urlTemplate\":\"https:\\\/\\\/mayadent.com.tr\\\/tr\\\/?s={search_term_string}\"},\"query-input\":{\"@type\":\"PropertyValueSpecification\",\"valueRequired\":true,\"valueName\":\"search_term_string\"}}],\"inLanguage\":\"tr\"},{\"@type\":\"Organization\",\"@id\":\"https:\\\/\\\/mayadent.com.tr\\\/tr\\\/#organization\",\"name\":\"MAYADENT\",\"alternateName\":\"Mayadent International\",\"url\":\"https:\\\/\\\/mayadent.com.tr\\\/tr\\\/\",\"logo\":{\"@type\":\"ImageObject\",\"inLanguage\":\"tr\",\"@id\":\"https:\\\/\\\/mayadent.com.tr\\\/tr\\\/#\\\/schema\\\/logo\\\/image\\\/\",\"url\":\"https:\\\/\\\/mayadent.com.tr\\\/tr\\\/wp-content\\\/uploads\\\/2023\\\/08\\\/Adsiz-tasarim.png\",\"contentUrl\":\"https:\\\/\\\/mayadent.com.tr\\\/tr\\\/wp-content\\\/uploads\\\/2023\\\/08\\\/Adsiz-tasarim.png\",\"width\":375,\"height\":375,\"caption\":\"MAYADENT\"},\"image\":{\"@id\":\"https:\\\/\\\/mayadent.com.tr\\\/tr\\\/#\\\/schema\\\/logo\\\/image\\\/\"},\"sameAs\":[\"https:\\\/\\\/www.facebook.com\\\/profile.php?id=100095497178358\",\"https:\\\/\\\/www.instagram.com\\\/mayadentinternational\\\/\"]}]}<\/script>\n<!-- \/ Yoast SEO plugin. -->","yoast_head_json":{"title":"\u0130mplant Tedavisi - MAYADENT","robots":{"index":"index","follow":"follow","max-snippet":"max-snippet:-1","max-image-preview":"max-image-preview:large","max-video-preview":"max-video-preview:-1"},"canonical":"https:\/\/mayadent.com.tr\/tr\/implant-tedavisi\/","og_locale":"tr_TR","og_type":"article","og_title":"\u0130mplant Tedavisi - MAYADENT","og_description":"[vc_row content_placement=&#8221;middle&#8221; responsive_css=&#8221;padding_top_medium:65px|padding_bottom_medium:65px&#8221; css=&#8221;.vc_custom_1621858742456{padding-top: 35px !important;padding-bottom: 35px !important;}&#8221;][vc_column responsive_css=&#8221;margin_bottom_medium:0px&#8221; css=&#8221;.vc_custom_1675966027599{margin-bottom: 30px !important;}&#8221;][\/vc_column][\/vc_row]","og_url":"https:\/\/mayadent.com.tr\/tr\/implant-tedavisi\/","og_site_name":"MAYADENT","article_publisher":"https:\/\/www.facebook.com\/profile.php?id=100095497178358","article_modified_time":"2025-05-21T22:26:27+00:00","twitter_card":"summary_large_image","twitter_misc":{"Tahmini okuma s\u00fcresi":"2 dakika"},"schema":{"@context":"https:\/\/schema.org","@graph":[{"@type":"WebPage","@id":"https:\/\/mayadent.com.tr\/tr\/implant-tedavisi\/","url":"https:\/\/mayadent.com.tr\/tr\/implant-tedavisi\/","name":"\u0130mplant Tedavisi - MAYADENT","isPartOf":{"@id":"https:\/\/mayadent.com.tr\/tr\/#website"},"datePublished":"2023-01-10T12:58:19+00:00","dateModified":"2025-05-21T22:26:27+00:00","breadcrumb":{"@id":"https:\/\/mayadent.com.tr\/tr\/implant-tedavisi\/#breadcrumb"},"inLanguage":"tr","potentialAction":[{"@type":"ReadAction","target":["https:\/\/mayadent.com.tr\/tr\/implant-tedavisi\/"]}]},{"@type":"BreadcrumbList","@id":"https:\/\/mayadent.com.tr\/tr\/implant-tedavisi\/#breadcrumb","itemListElement":[{"@type":"ListItem","position":1,"name":"Anasayfa","item":"https:\/\/mayadent.com.tr\/tr\/"},{"@type":"ListItem","position":2,"name":"\u0130mplant Tedavisi"}]},{"@type":"WebSite","@id":"https:\/\/mayadent.com.tr\/tr\/#website","url":"https:\/\/mayadent.com.tr\/tr\/","name":"mayadent.com.tr","description":"G\u00fcvenle G\u00fcl\u00fcmse","publisher":{"@id":"https:\/\/mayadent.com.tr\/tr\/#organization"},"potentialAction":[{"@type":"SearchAction","target":{"@type":"EntryPoint","urlTemplate":"https:\/\/mayadent.com.tr\/tr\/?s={search_term_string}"},"query-input":{"@type":"PropertyValueSpecification","valueRequired":true,"valueName":"search_term_string"}}],"inLanguage":"tr"},{"@type":"Organization","@id":"https:\/\/mayadent.com.tr\/tr\/#organization","name":"MAYADENT","alternateName":"Mayadent International","url":"https:\/\/mayadent.com.tr\/tr\/","logo":{"@type":"ImageObject","inLanguage":"tr","@id":"https:\/\/mayadent.com.tr\/tr\/#\/schema\/logo\/image\/","url":"https:\/\/mayadent.com.tr\/tr\/wp-content\/uploads\/2023\/08\/Adsiz-tasarim.png","contentUrl":"https:\/\/mayadent.com.tr\/tr\/wp-content\/uploads\/2023\/08\/Adsiz-tasarim.png","width":375,"height":375,"caption":"MAYADENT"},"image":{"@id":"https:\/\/mayadent.com.tr\/tr\/#\/schema\/logo\/image\/"},"sameAs":["https:\/\/www.facebook.com\/profile.php?id=100095497178358","https:\/\/www.instagram.com\/mayadentinternational\/"]}]}},"_links":{"self":[{"href":"https:\/\/mayadent.com.tr\/tr\/wp-json\/wp\/v2\/pages\/10063","targetHints":{"allow":["GET"]}}],"collection":[{"href":"https:\/\/mayadent.com.tr\/tr\/wp-json\/wp\/v2\/pages"}],"about":[{"href":"https:\/\/mayadent.com.tr\/tr\/wp-json\/wp\/v2\/types\/page"}],"author":[{"embeddable":true,"href":"https:\/\/mayadent.com.tr\/tr\/wp-json\/wp\/v2\/users\/1"}],"replies":[{"embeddable":true,"href":"https:\/\/mayadent.com.tr\/tr\/wp-json\/wp\/v2\/comments?post=10063"}],"version-history":[{"count":1,"href":"https:\/\/mayadent.com.tr\/tr\/wp-json\/wp\/v2\/pages\/10063\/revisions"}],"predecessor-version":[{"id":12171,"href":"https:\/\/mayadent.com.tr\/tr\/wp-json\/wp\/v2\/pages\/10063\/revisions\/12171"}],"wp:attachment":[{"href":"https:\/\/mayadent.com.tr\/tr\/wp-json\/wp\/v2\/media?parent=10063"}],"curies":[{"name":"wp","href":"https:\/\/api.w.org\/{rel}","templated":true}]}}