{"id":10271,"date":"2023-01-12T15:11:12","date_gmt":"2023-01-12T12:11:12","guid":{"rendered":"http:\/\/moddbeta.xyz\/maya\/?page_id=10271"},"modified":"2025-05-22T01:58:36","modified_gmt":"2025-05-21T22:58:36","slug":"implant-dis-hekimligi","status":"publish","type":"page","link":"https:\/\/mayadent.com.tr\/tr\/implant-dis-hekimligi\/","title":{"rendered":"\u0130mplant Tedavileri"},"content":{"rendered":"<p>[vc_row][vc_column]<style>.ld_spacer_6a035bace238b{height:32px;}<\/style>\n<div class=\"ld-empty-space ld_spacer_6a035bace238b\"><\/div>[\/vc_column][\/vc_row][vc_row][vc_column width=&#8221;1\/3&#8243;]<style>.ld_content_box_6a035bace25e3 .lqd-fb-content{background:rgb(255, 255, 255);}.ld_content_box_6a035bace25e3 h2{color:rgb(0, 0, 0);}.ld_content_box_6a035bace25e3 .lqd-fb-title i{color:rgb(0, 0, 0);}.ld_content_box_6a035bace25e3 .lqd-fb-icon{color:rgb(170, 161, 120);}<\/style>\n<div id=\"ld_content_box_6a035bace25e3\" class=\"lqd-fb lqd-fb-style-8 pos-rel lqd-fb-content-bc ld_content_box_6a035bace25e3\">\n\t<div class=\"lqd-fb-inner\">\n\n\t\t<div\n\t\tclass=\"lqd-fb-img round\"\n\t\tdata-custom-animations=\"true\"\n\t\tdata-ca-options='{ \"triggerHandler\": \"inview\", \"animationTarget\": \"figure\", \"duration\": 1200, \"initValues\": { \"scale\": 1.075, \"opacity\": 0 }, \"animations\": { \"scale\": 1, \"opacity\": 1 } }'>\n\t\t\t<figure data-responsive-bg=\"true\">\n\t\t\t\t<img decoding=\"async\" width=\"1140\" height=\"932\" src=\"https:\/\/mayadent.com.tr\/tr\/wp-content\/uploads\/2023\/01\/All-on-Four-Treatment.png\" class=\"w-100 invisible\" alt=\"\" srcset=\"https:\/\/mayadent.com.tr\/tr\/wp-content\/uploads\/2023\/01\/All-on-Four-Treatment.png 1140w, https:\/\/mayadent.com.tr\/tr\/wp-content\/uploads\/2023\/01\/All-on-Four-Treatment-300x245.png 300w, https:\/\/mayadent.com.tr\/tr\/wp-content\/uploads\/2023\/01\/All-on-Four-Treatment-1024x837.png 1024w\" sizes=\"(max-width: 1140px) 100vw, 1140px\" itemprop=\"image\" \/>\t\t\t\t<a href=\"https:\/\/mayadent.com.tr\/tr\/hepsi-bir-arada-tedavi\/\" class=\"liquid-overlay-link\"><\/a>\t\t\t<\/figure>\n\t\t<\/div>\n\n\t\t<div class=\"lqd-fb-content z-index-2 round w-80\">\n\t\t\t<div class=\"lqd-fb-content-inner d-flex flex-wrap align-items-center pos-rel round px-5 py-4\">\n\t\t\t\t<div class=\"lqd-overlay\" data-reveal=\"true\" data-reveal-options='{ \"direction\": \"bt\", \"delay\": 150, \"duration\": 500, \"coverArea\": 100 }'>\n\t\t\t\t\t<div class=\"lqd-fb-bg lqd-overlay\"><\/div>\n\t\t\t\t<\/div>\n\t\t\t\t\t\t\t\t<div\n\t\t\t\tclass=\"w-80 pr-md-2 pos-rel\"\n\t\t\t\tdata-custom-animations=\"true\"\n\t\t\t\tdata-ca-options='{ \"triggerHandler\": \"inview\", \"animationTarget\": \"all-childs\", \"duration\": 1200, \"delay\": 120,  \"startDelay\": 800, \"initValues\": { \"y\": 30, \"opacity\": 0 }, \"animations\": { \"y\": 0, \"opacity\": 1 } }'>\n\t\t\t\t\t<h2 class=\"lqd-fb-content-title my-0\" data-split-text=\"true\" data-split-options='{ \"type\": \"lines\" }'><a href=\"https:\/\/mayadent.com.tr\/tr\/hepsi-bir-arada-tedavi\/\">All On Four Tekni\u011fi<\/a><\/h2>\n\t\t\t\t<\/div>\n\t\t\t\t\t\t\t\t<div\n\t\t\t\tclass=\"w-20 pos-rel\"\n\t\t\t\tdata-custom-animations=\"true\"\n\t\t\t\tdata-ca-options='{ \"triggerHandler\": \"inview\", \"animationTarget\": \"all-childs\", \"duration\": 1100, \"delay\": 120,  \"startDelay\": 950, \"initValues\": { \"y\": 30, \"opacity\": 0 }, \"animations\": { \"y\": 0, \"opacity\": 1 } }'>\n\t\t\t\t\t<a class=\"lh-1 d-flex align-items-center justify-content-end lqd-fb-icon\" href=\"https:\/\/mayadent.com.tr\/tr\/hepsi-bir-arada-tedavi\/\">\n\t\t\t\t\t\t<i class=\"lqd-icn-ess \"><\/i>\t\t\t\t\t<\/a>\n\t\t\t\t<\/div>\n\t\t\t<\/div>\n\t\t\t<a  href=\"https:\/\/mayadent.com.tr\/tr\/hepsi-bir-arada-tedavi\/\" class=\"liquid-overlay-link\"><\/a>\n\t\t<\/div>\n\n\t<\/div>\n<\/div><style>.ld_fancy_heading_6a035bace2f7a p {font-size:16px; } .ld_fancy_heading_6a035bace2f7a p {line-height:1.42em; } .ld_fancy_heading_6a035bace2f7a p {--element-line-height:1.42em; } @media (min-width: 992px) { .ld_fancy_heading_6a035bace2f7a p {padding-right:10.5% !important; padding-left:10.5% !important;  }  } .ld_fancy_heading_6a035bace2f7a p {margin-top:10px !important;  } .ld_fancy_heading_6a035bace2f7a .lqd-highlight-inner{height:0.275em!important;bottom:0px!important;}.ld_fancy_heading_6a035bace2f7a p {font-size:16px; } .ld_fancy_heading_6a035bace2f7a p {line-height:1.42em; } .ld_fancy_heading_6a035bace2f7a p {--element-line-height:1.42em; } @media (min-width: 992px) { .ld_fancy_heading_6a035bace2f7a p {padding-right:10.5% !important; padding-left:10.5% !important;  }  } .ld_fancy_heading_6a035bace2f7a p {margin-top:10px !important;  } <\/style><div class=\"ld-fancy-heading ld_fancy_heading_6a035bace2f7a\">\n\t<p class=\"ld-fh-element lqd-highlight-underline lqd-highlight-grow-left text-decoration-default\"   >  Kemik eksikli\u011fi veya \u00e7enelerde anatomik zorluklar (mandibular sinir, maksiller sin\u00fcs) gibi durumlarda implantlar\u0131n standart bir \u015fekilde yerle\u015ftirilmesi m\u00fcmk\u00fcn olmayabilir veya ileri cerrahi tedavilere ihtiya\u00e7 duyulabilir.<\/p><\/div>[\/vc_column][vc_column width=&#8221;1\/3&#8243;]<style>.ld_content_box_6a035bace33d0 .lqd-fb-content{background:rgb(255, 255, 255);}.ld_content_box_6a035bace33d0 h2{color:rgb(0, 0, 0);}.ld_content_box_6a035bace33d0 .lqd-fb-title i{color:rgb(0, 0, 0);}.ld_content_box_6a035bace33d0 .lqd-fb-icon{color:rgb(170, 161, 120);}<\/style>\n<div id=\"ld_content_box_6a035bace33d0\" class=\"lqd-fb lqd-fb-style-8 pos-rel lqd-fb-content-bc ld_content_box_6a035bace33d0\">\n\t<div class=\"lqd-fb-inner\">\n\n\t\t<div\n\t\tclass=\"lqd-fb-img round\"\n\t\tdata-custom-animations=\"true\"\n\t\tdata-ca-options='{ \"triggerHandler\": \"inview\", \"animationTarget\": \"figure\", \"duration\": 1200, \"initValues\": { \"scale\": 1.075, \"opacity\": 0 }, \"animations\": { \"scale\": 1, \"opacity\": 1 } }'>\n\t\t\t<figure data-responsive-bg=\"true\">\n\t\t\t\t<img decoding=\"async\" width=\"1140\" height=\"932\" src=\"data:image\/svg+xml;charset=utf-8,%3Csvg xmlns%3D&#039;http%3A%2F%2Fwww.w3.org%2F2000%2Fsvg&#039; viewBox%3D&#039;0 0 1140 932&#039;%2F%3E\" class=\"w-100 invisible ld-lazyload\" alt=\"\" itemprop=\"image\" data-src=\"https:\/\/mayadent.com.tr\/tr\/wp-content\/uploads\/2023\/01\/Implant-Treatment.png\" data-srcset=\"https:\/\/mayadent.com.tr\/tr\/wp-content\/uploads\/2023\/01\/Implant-Treatment.png 1140w, https:\/\/mayadent.com.tr\/tr\/wp-content\/uploads\/2023\/01\/Implant-Treatment-300x245.png 300w, https:\/\/mayadent.com.tr\/tr\/wp-content\/uploads\/2023\/01\/Implant-Treatment-1024x837.png 1024w\" data-sizes=\"(max-width: 1140px) 100vw, 1140px\" data-aspect=\"1.2231759656652\" \/>\t\t\t\t<a href=\"https:\/\/mayadent.com.tr\/tr\/implant-tedavisi\/\" class=\"liquid-overlay-link\"><\/a>\t\t\t<\/figure>\n\t\t<\/div>\n\n\t\t<div class=\"lqd-fb-content z-index-2 round w-80\">\n\t\t\t<div class=\"lqd-fb-content-inner d-flex flex-wrap align-items-center pos-rel round px-5 py-4\">\n\t\t\t\t<div class=\"lqd-overlay\" data-reveal=\"true\" data-reveal-options='{ \"direction\": \"bt\", \"delay\": 150, \"duration\": 500, \"coverArea\": 100 }'>\n\t\t\t\t\t<div class=\"lqd-fb-bg lqd-overlay\"><\/div>\n\t\t\t\t<\/div>\n\t\t\t\t\t\t\t\t<div\n\t\t\t\tclass=\"w-80 pr-md-2 pos-rel\"\n\t\t\t\tdata-custom-animations=\"true\"\n\t\t\t\tdata-ca-options='{ \"triggerHandler\": \"inview\", \"animationTarget\": \"all-childs\", \"duration\": 1200, \"delay\": 120,  \"startDelay\": 800, \"initValues\": { \"y\": 30, \"opacity\": 0 }, \"animations\": { \"y\": 0, \"opacity\": 1 } }'>\n\t\t\t\t\t<h2 class=\"lqd-fb-content-title my-0\" data-split-text=\"true\" data-split-options='{ \"type\": \"lines\" }'><a href=\"https:\/\/mayadent.com.tr\/tr\/implant-tedavisi\/\">\u0130mplant Tedavisi<\/a><\/h2>\n\t\t\t\t<\/div>\n\t\t\t\t\t\t\t\t<div\n\t\t\t\tclass=\"w-20 pos-rel\"\n\t\t\t\tdata-custom-animations=\"true\"\n\t\t\t\tdata-ca-options='{ \"triggerHandler\": \"inview\", \"animationTarget\": \"all-childs\", \"duration\": 1100, \"delay\": 120,  \"startDelay\": 950, \"initValues\": { \"y\": 30, \"opacity\": 0 }, \"animations\": { \"y\": 0, \"opacity\": 1 } }'>\n\t\t\t\t\t<a class=\"lh-1 d-flex align-items-center justify-content-end lqd-fb-icon\" href=\"https:\/\/mayadent.com.tr\/tr\/implant-tedavisi\/\">\n\t\t\t\t\t\t<i class=\"lqd-icn-ess \"><\/i>\t\t\t\t\t<\/a>\n\t\t\t\t<\/div>\n\t\t\t<\/div>\n\t\t\t<a  href=\"https:\/\/mayadent.com.tr\/tr\/implant-tedavisi\/\" class=\"liquid-overlay-link\"><\/a>\n\t\t<\/div>\n\n\t<\/div>\n<\/div><style>.ld_fancy_heading_6a035bacf1752 p {font-size:16px; } .ld_fancy_heading_6a035bacf1752 p {line-height:1.42em; } .ld_fancy_heading_6a035bacf1752 p {--element-line-height:1.42em; } @media (min-width: 992px) { .ld_fancy_heading_6a035bacf1752 p {padding-right:10.5% !important; padding-left:10.5% !important;  }  } .ld_fancy_heading_6a035bacf1752 p {margin-top:30px !important;  } .ld_fancy_heading_6a035bacf1752 .lqd-highlight-inner{height:0.275em!important;bottom:0px!important;}.ld_fancy_heading_6a035bacf1752 p {font-size:16px; } .ld_fancy_heading_6a035bacf1752 p {line-height:1.42em; } .ld_fancy_heading_6a035bacf1752 p {--element-line-height:1.42em; } @media (min-width: 992px) { .ld_fancy_heading_6a035bacf1752 p {padding-right:10.5% !important; padding-left:10.5% !important;  }  } .ld_fancy_heading_6a035bacf1752 p {margin-top:30px !important;  } <\/style><div class=\"ld-fancy-heading ld_fancy_heading_6a035bacf1752\">\n\t<p class=\"ld-fh-element lqd-highlight-underline lqd-highlight-grow-left text-decoration-default\"   >  Di\u015f implantlar\u0131, \u00e7enelerde eksik di\u015f olmas\u0131 durumunda uygulanan, di\u015f k\u00f6k\u00fcn\u00fc taklit eden titanyum veya zirkonyumdan yap\u0131lan, biyouyumlu malzemelerdir.<\/p><\/div>[\/vc_column][vc_column width=&#8221;1\/3&#8243;]<style>.ld_content_box_6a035bacf1c12 .lqd-fb-content{background:rgb(255, 255, 255);}.ld_content_box_6a035bacf1c12 h2{color:rgb(0, 0, 0);}.ld_content_box_6a035bacf1c12 .lqd-fb-title i{color:rgb(0, 0, 0);}.ld_content_box_6a035bacf1c12 .lqd-fb-icon{color:rgb(170, 161, 120);}<\/style>\n<div id=\"ld_content_box_6a035bacf1c12\" class=\"lqd-fb lqd-fb-style-8 pos-rel lqd-fb-content-bc ld_content_box_6a035bacf1c12\">\n\t<div class=\"lqd-fb-inner\">\n\n\t\t<div\n\t\tclass=\"lqd-fb-img round\"\n\t\tdata-custom-animations=\"true\"\n\t\tdata-ca-options='{ \"triggerHandler\": \"inview\", \"animationTarget\": \"figure\", \"duration\": 1200, \"initValues\": { \"scale\": 1.075, \"opacity\": 0 }, \"animations\": { \"scale\": 1, \"opacity\": 1 } }'>\n\t\t\t<figure data-responsive-bg=\"true\">\n\t\t\t\t<img decoding=\"async\" width=\"1140\" height=\"932\" src=\"data:image\/svg+xml;charset=utf-8,%3Csvg xmlns%3D&#039;http%3A%2F%2Fwww.w3.org%2F2000%2Fsvg&#039; viewBox%3D&#039;0 0 1140 932&#039;%2F%3E\" class=\"w-100 invisible ld-lazyload\" alt=\"\" itemprop=\"image\" data-src=\"https:\/\/mayadent.com.tr\/tr\/wp-content\/uploads\/2023\/01\/Bone-Grafting-for-Dental-Implants.png\" data-srcset=\"https:\/\/mayadent.com.tr\/tr\/wp-content\/uploads\/2023\/01\/Bone-Grafting-for-Dental-Implants.png 1140w, https:\/\/mayadent.com.tr\/tr\/wp-content\/uploads\/2023\/01\/Bone-Grafting-for-Dental-Implants-300x245.png 300w, https:\/\/mayadent.com.tr\/tr\/wp-content\/uploads\/2023\/01\/Bone-Grafting-for-Dental-Implants-1024x837.png 1024w\" data-sizes=\"(max-width: 1140px) 100vw, 1140px\" data-aspect=\"1.2231759656652\" \/>\t\t\t\t<a href=\"https:\/\/mayadent.com.tr\/tr\/dis-implantlari-icin-kemik-asilama\/\" class=\"liquid-overlay-link\"><\/a>\t\t\t<\/figure>\n\t\t<\/div>\n\n\t\t<div class=\"lqd-fb-content z-index-2 round w-80\">\n\t\t\t<div class=\"lqd-fb-content-inner d-flex flex-wrap align-items-center pos-rel round px-5 py-4\">\n\t\t\t\t<div class=\"lqd-overlay\" data-reveal=\"true\" data-reveal-options='{ \"direction\": \"bt\", \"delay\": 150, \"duration\": 500, \"coverArea\": 100 }'>\n\t\t\t\t\t<div class=\"lqd-fb-bg lqd-overlay\"><\/div>\n\t\t\t\t<\/div>\n\t\t\t\t\t\t\t\t<div\n\t\t\t\tclass=\"w-80 pr-md-2 pos-rel\"\n\t\t\t\tdata-custom-animations=\"true\"\n\t\t\t\tdata-ca-options='{ \"triggerHandler\": \"inview\", \"animationTarget\": \"all-childs\", \"duration\": 1200, \"delay\": 120,  \"startDelay\": 800, \"initValues\": { \"y\": 30, \"opacity\": 0 }, \"animations\": { \"y\": 0, \"opacity\": 1 } }'>\n\t\t\t\t\t<h2 class=\"lqd-fb-content-title my-0\" data-split-text=\"true\" data-split-options='{ \"type\": \"lines\" }'><a href=\"https:\/\/mayadent.com.tr\/tr\/dis-implantlari-icin-kemik-asilama\/\">Kemik Yetersizliklerinde \u0130mplant Tedavisi<\/a><\/h2>\n\t\t\t\t<\/div>\n\t\t\t\t\t\t\t\t<div\n\t\t\t\tclass=\"w-20 pos-rel\"\n\t\t\t\tdata-custom-animations=\"true\"\n\t\t\t\tdata-ca-options='{ \"triggerHandler\": \"inview\", \"animationTarget\": \"all-childs\", \"duration\": 1100, \"delay\": 120,  \"startDelay\": 950, \"initValues\": { \"y\": 30, \"opacity\": 0 }, \"animations\": { \"y\": 0, \"opacity\": 1 } }'>\n\t\t\t\t\t<a class=\"lh-1 d-flex align-items-center justify-content-end lqd-fb-icon\" href=\"https:\/\/mayadent.com.tr\/tr\/dis-implantlari-icin-kemik-asilama\/\">\n\t\t\t\t\t\t<i class=\"lqd-icn-ess \"><\/i>\t\t\t\t\t<\/a>\n\t\t\t\t<\/div>\n\t\t\t<\/div>\n\t\t\t<a  href=\"https:\/\/mayadent.com.tr\/tr\/dis-implantlari-icin-kemik-asilama\/\" class=\"liquid-overlay-link\"><\/a>\n\t\t<\/div>\n\n\t<\/div>\n<\/div><style>.ld_fancy_heading_6a035bad0e387 p {font-size:16px; } .ld_fancy_heading_6a035bad0e387 p {line-height:1.42em; } .ld_fancy_heading_6a035bad0e387 p {--element-line-height:1.42em; } @media (min-width: 992px) { .ld_fancy_heading_6a035bad0e387 p {padding-right:10.5% !important; padding-left:10.5% !important;  }  } .ld_fancy_heading_6a035bad0e387 p {margin-top:10px !important;  } .ld_fancy_heading_6a035bad0e387 .lqd-highlight-inner{height:0.275em!important;bottom:0px!important;}.ld_fancy_heading_6a035bad0e387 p {font-size:16px; } .ld_fancy_heading_6a035bad0e387 p {line-height:1.42em; } .ld_fancy_heading_6a035bad0e387 p {--element-line-height:1.42em; } @media (min-width: 992px) { .ld_fancy_heading_6a035bad0e387 p {padding-right:10.5% !important; padding-left:10.5% !important;  }  } .ld_fancy_heading_6a035bad0e387 p {margin-top:10px !important;  } <\/style><div class=\"ld-fancy-heading ld_fancy_heading_6a035bad0e387\">\n\t<p class=\"ld-fh-element lqd-highlight-underline lqd-highlight-grow-left text-decoration-default\"   >  Kemik grefti, di\u015f implantlar\u0131n\u0131 ba\u015far\u0131l\u0131 bir \u015fekilde yerle\u015ftirmek i\u00e7in \u00e7ene kemi\u011fi hacmini de\u011fi\u015ftiren ve yenileyen cerrahi bir prosed\u00fcrd\u00fcr (tipik olarak Uzman Cerrahlar taraf\u0131ndan ger\u00e7ekle\u015ftirilir).\u00a0Yetersiz kemik varsa, di\u015f implant\u0131 \u00e7eneye yap\u0131\u015famayacak veya ba\u015far\u0131s\u0131z olacakt\u0131r<\/p><\/div>[\/vc_column][\/vc_row][vc_row][vc_column]<style>.ld_spacer_6a035bad0e638{height:32px;}<\/style>\n<div class=\"ld-empty-space ld_spacer_6a035bad0e638\"><\/div>[\/vc_column][\/vc_row]<\/p>\n","protected":false},"excerpt":{"rendered":"<p>[vc_row][vc_column][\/vc_column][\/vc_row][vc_row][vc_column width=&#8221;1\/3&#8243;][\/vc_column][vc_column width=&#8221;1\/3&#8243;][\/vc_column][vc_column width=&#8221;1\/3&#8243;][\/vc_column][\/vc_row][vc_row][vc_column][\/vc_column][\/vc_row]<\/p>\n","protected":false},"author":1,"featured_media":0,"parent":0,"menu_order":0,"comment_status":"closed","ping_status":"closed","template":"","meta":{"footnotes":""},"class_list":["post-10271","page","type-page","status-publish","hentry"],"yoast_head":"<!-- This site is optimized with the Yoast SEO plugin v27.3 - https:\/\/yoast.com\/product\/yoast-seo-wordpress\/ -->\n<title>\u0130mplant Tedavileri - MAYADENT<\/title>\n<meta name=\"robots\" content=\"index, follow, max-snippet:-1, max-image-preview:large, max-video-preview:-1\" \/>\n<link rel=\"canonical\" href=\"https:\/\/mayadent.com.tr\/tr\/implant-dis-hekimligi\/\" \/>\n<meta property=\"og:locale\" content=\"tr_TR\" \/>\n<meta property=\"og:type\" content=\"article\" \/>\n<meta property=\"og:title\" content=\"\u0130mplant Tedavileri - MAYADENT\" \/>\n<meta property=\"og:description\" content=\"[vc_row][vc_column][\/vc_column][\/vc_row][vc_row][vc_column width=&#8221;1\/3&#8243;][\/vc_column][vc_column width=&#8221;1\/3&#8243;][\/vc_column][vc_column width=&#8221;1\/3&#8243;][\/vc_column][\/vc_row][vc_row][vc_column][\/vc_column][\/vc_row]\" \/>\n<meta property=\"og:url\" content=\"https:\/\/mayadent.com.tr\/tr\/implant-dis-hekimligi\/\" \/>\n<meta property=\"og:site_name\" content=\"MAYADENT\" \/>\n<meta property=\"article:publisher\" content=\"https:\/\/www.facebook.com\/profile.php?id=100095497178358\" \/>\n<meta property=\"article:modified_time\" content=\"2025-05-21T22:58:36+00:00\" \/>\n<meta name=\"twitter:card\" content=\"summary_large_image\" \/>\n<meta name=\"twitter:label1\" content=\"Tahmini okuma s\u00fcresi\" \/>\n\t<meta name=\"twitter:data1\" content=\"1 dakika\" \/>\n<script type=\"application\/ld+json\" class=\"yoast-schema-graph\">{\"@context\":\"https:\\\/\\\/schema.org\",\"@graph\":[{\"@type\":\"WebPage\",\"@id\":\"https:\\\/\\\/mayadent.com.tr\\\/tr\\\/implant-dis-hekimligi\\\/\",\"url\":\"https:\\\/\\\/mayadent.com.tr\\\/tr\\\/implant-dis-hekimligi\\\/\",\"name\":\"\u0130mplant Tedavileri - MAYADENT\",\"isPartOf\":{\"@id\":\"https:\\\/\\\/mayadent.com.tr\\\/tr\\\/#website\"},\"datePublished\":\"2023-01-12T12:11:12+00:00\",\"dateModified\":\"2025-05-21T22:58:36+00:00\",\"breadcrumb\":{\"@id\":\"https:\\\/\\\/mayadent.com.tr\\\/tr\\\/implant-dis-hekimligi\\\/#breadcrumb\"},\"inLanguage\":\"tr\",\"potentialAction\":[{\"@type\":\"ReadAction\",\"target\":[\"https:\\\/\\\/mayadent.com.tr\\\/tr\\\/implant-dis-hekimligi\\\/\"]}]},{\"@type\":\"BreadcrumbList\",\"@id\":\"https:\\\/\\\/mayadent.com.tr\\\/tr\\\/implant-dis-hekimligi\\\/#breadcrumb\",\"itemListElement\":[{\"@type\":\"ListItem\",\"position\":1,\"name\":\"Anasayfa\",\"item\":\"https:\\\/\\\/mayadent.com.tr\\\/tr\\\/\"},{\"@type\":\"ListItem\",\"position\":2,\"name\":\"\u0130mplant Tedavileri\"}]},{\"@type\":\"WebSite\",\"@id\":\"https:\\\/\\\/mayadent.com.tr\\\/tr\\\/#website\",\"url\":\"https:\\\/\\\/mayadent.com.tr\\\/tr\\\/\",\"name\":\"mayadent.com.tr\",\"description\":\"G\u00fcvenle G\u00fcl\u00fcmse\",\"publisher\":{\"@id\":\"https:\\\/\\\/mayadent.com.tr\\\/tr\\\/#organization\"},\"potentialAction\":[{\"@type\":\"SearchAction\",\"target\":{\"@type\":\"EntryPoint\",\"urlTemplate\":\"https:\\\/\\\/mayadent.com.tr\\\/tr\\\/?s={search_term_string}\"},\"query-input\":{\"@type\":\"PropertyValueSpecification\",\"valueRequired\":true,\"valueName\":\"search_term_string\"}}],\"inLanguage\":\"tr\"},{\"@type\":\"Organization\",\"@id\":\"https:\\\/\\\/mayadent.com.tr\\\/tr\\\/#organization\",\"name\":\"MAYADENT\",\"alternateName\":\"Mayadent International\",\"url\":\"https:\\\/\\\/mayadent.com.tr\\\/tr\\\/\",\"logo\":{\"@type\":\"ImageObject\",\"inLanguage\":\"tr\",\"@id\":\"https:\\\/\\\/mayadent.com.tr\\\/tr\\\/#\\\/schema\\\/logo\\\/image\\\/\",\"url\":\"https:\\\/\\\/mayadent.com.tr\\\/tr\\\/wp-content\\\/uploads\\\/2023\\\/08\\\/Adsiz-tasarim.png\",\"contentUrl\":\"https:\\\/\\\/mayadent.com.tr\\\/tr\\\/wp-content\\\/uploads\\\/2023\\\/08\\\/Adsiz-tasarim.png\",\"width\":375,\"height\":375,\"caption\":\"MAYADENT\"},\"image\":{\"@id\":\"https:\\\/\\\/mayadent.com.tr\\\/tr\\\/#\\\/schema\\\/logo\\\/image\\\/\"},\"sameAs\":[\"https:\\\/\\\/www.facebook.com\\\/profile.php?id=100095497178358\",\"https:\\\/\\\/www.instagram.com\\\/mayadentinternational\\\/\"]}]}<\/script>\n<!-- \/ Yoast SEO plugin. -->","yoast_head_json":{"title":"\u0130mplant Tedavileri - MAYADENT","robots":{"index":"index","follow":"follow","max-snippet":"max-snippet:-1","max-image-preview":"max-image-preview:large","max-video-preview":"max-video-preview:-1"},"canonical":"https:\/\/mayadent.com.tr\/tr\/implant-dis-hekimligi\/","og_locale":"tr_TR","og_type":"article","og_title":"\u0130mplant Tedavileri - MAYADENT","og_description":"[vc_row][vc_column][\/vc_column][\/vc_row][vc_row][vc_column width=&#8221;1\/3&#8243;][\/vc_column][vc_column width=&#8221;1\/3&#8243;][\/vc_column][vc_column width=&#8221;1\/3&#8243;][\/vc_column][\/vc_row][vc_row][vc_column][\/vc_column][\/vc_row]","og_url":"https:\/\/mayadent.com.tr\/tr\/implant-dis-hekimligi\/","og_site_name":"MAYADENT","article_publisher":"https:\/\/www.facebook.com\/profile.php?id=100095497178358","article_modified_time":"2025-05-21T22:58:36+00:00","twitter_card":"summary_large_image","twitter_misc":{"Tahmini okuma s\u00fcresi":"1 dakika"},"schema":{"@context":"https:\/\/schema.org","@graph":[{"@type":"WebPage","@id":"https:\/\/mayadent.com.tr\/tr\/implant-dis-hekimligi\/","url":"https:\/\/mayadent.com.tr\/tr\/implant-dis-hekimligi\/","name":"\u0130mplant Tedavileri - MAYADENT","isPartOf":{"@id":"https:\/\/mayadent.com.tr\/tr\/#website"},"datePublished":"2023-01-12T12:11:12+00:00","dateModified":"2025-05-21T22:58:36+00:00","breadcrumb":{"@id":"https:\/\/mayadent.com.tr\/tr\/implant-dis-hekimligi\/#breadcrumb"},"inLanguage":"tr","potentialAction":[{"@type":"ReadAction","target":["https:\/\/mayadent.com.tr\/tr\/implant-dis-hekimligi\/"]}]},{"@type":"BreadcrumbList","@id":"https:\/\/mayadent.com.tr\/tr\/implant-dis-hekimligi\/#breadcrumb","itemListElement":[{"@type":"ListItem","position":1,"name":"Anasayfa","item":"https:\/\/mayadent.com.tr\/tr\/"},{"@type":"ListItem","position":2,"name":"\u0130mplant Tedavileri"}]},{"@type":"WebSite","@id":"https:\/\/mayadent.com.tr\/tr\/#website","url":"https:\/\/mayadent.com.tr\/tr\/","name":"mayadent.com.tr","description":"G\u00fcvenle G\u00fcl\u00fcmse","publisher":{"@id":"https:\/\/mayadent.com.tr\/tr\/#organization"},"potentialAction":[{"@type":"SearchAction","target":{"@type":"EntryPoint","urlTemplate":"https:\/\/mayadent.com.tr\/tr\/?s={search_term_string}"},"query-input":{"@type":"PropertyValueSpecification","valueRequired":true,"valueName":"search_term_string"}}],"inLanguage":"tr"},{"@type":"Organization","@id":"https:\/\/mayadent.com.tr\/tr\/#organization","name":"MAYADENT","alternateName":"Mayadent International","url":"https:\/\/mayadent.com.tr\/tr\/","logo":{"@type":"ImageObject","inLanguage":"tr","@id":"https:\/\/mayadent.com.tr\/tr\/#\/schema\/logo\/image\/","url":"https:\/\/mayadent.com.tr\/tr\/wp-content\/uploads\/2023\/08\/Adsiz-tasarim.png","contentUrl":"https:\/\/mayadent.com.tr\/tr\/wp-content\/uploads\/2023\/08\/Adsiz-tasarim.png","width":375,"height":375,"caption":"MAYADENT"},"image":{"@id":"https:\/\/mayadent.com.tr\/tr\/#\/schema\/logo\/image\/"},"sameAs":["https:\/\/www.facebook.com\/profile.php?id=100095497178358","https:\/\/www.instagram.com\/mayadentinternational\/"]}]}},"_links":{"self":[{"href":"https:\/\/mayadent.com.tr\/tr\/wp-json\/wp\/v2\/pages\/10271","targetHints":{"allow":["GET"]}}],"collection":[{"href":"https:\/\/mayadent.com.tr\/tr\/wp-json\/wp\/v2\/pages"}],"about":[{"href":"https:\/\/mayadent.com.tr\/tr\/wp-json\/wp\/v2\/types\/page"}],"author":[{"embeddable":true,"href":"https:\/\/mayadent.com.tr\/tr\/wp-json\/wp\/v2\/users\/1"}],"replies":[{"embeddable":true,"href":"https:\/\/mayadent.com.tr\/tr\/wp-json\/wp\/v2\/comments?post=10271"}],"version-history":[{"count":1,"href":"https:\/\/mayadent.com.tr\/tr\/wp-json\/wp\/v2\/pages\/10271\/revisions"}],"predecessor-version":[{"id":12059,"href":"https:\/\/mayadent.com.tr\/tr\/wp-json\/wp\/v2\/pages\/10271\/revisions\/12059"}],"wp:attachment":[{"href":"https:\/\/mayadent.com.tr\/tr\/wp-json\/wp\/v2\/media?parent=10271"}],"curies":[{"name":"wp","href":"https:\/\/api.w.org\/{rel}","templated":true}]}}