{"id":10281,"date":"2023-01-12T15:44:13","date_gmt":"2023-01-12T12:44:13","guid":{"rendered":"http:\/\/moddbeta.xyz\/maya\/?page_id=10281"},"modified":"2025-05-22T01:59:07","modified_gmt":"2025-05-21T22:59:07","slug":"duzeltici-tedaviler","status":"publish","type":"page","link":"https:\/\/mayadent.com.tr\/tr\/duzeltici-tedaviler\/","title":{"rendered":"D\u00fczeltici Tedaviler"},"content":{"rendered":"<p>[vc_row][vc_column]<style>.ld_spacer_69f390989108e{height:32px;}<\/style>\n<div class=\"ld-empty-space ld_spacer_69f390989108e\"><\/div>[\/vc_column][\/vc_row][vc_row][vc_column width=&#8221;1\/3&#8243;]<style>.ld_content_box_69f39098912b7 .lqd-fb-content{background:rgb(255, 255, 255);}.ld_content_box_69f39098912b7 h2{color:rgb(0, 0, 0);}.ld_content_box_69f39098912b7 .lqd-fb-title i{color:rgb(0, 0, 0);}.ld_content_box_69f39098912b7 .lqd-fb-icon{color:rgb(170, 161, 120);}<\/style>\n<div id=\"ld_content_box_69f39098912b7\" class=\"lqd-fb lqd-fb-style-8 pos-rel lqd-fb-content-bc ld_content_box_69f39098912b7\">\n\t<div class=\"lqd-fb-inner\">\n\n\t\t<div\n\t\tclass=\"lqd-fb-img round\"\n\t\tdata-custom-animations=\"true\"\n\t\tdata-ca-options='{ \"triggerHandler\": \"inview\", \"animationTarget\": \"figure\", \"duration\": 1200, \"initValues\": { \"scale\": 1.075, \"opacity\": 0 }, \"animations\": { \"scale\": 1, \"opacity\": 1 } }'>\n\t\t\t<figure data-responsive-bg=\"true\">\n\t\t\t\t<img decoding=\"async\" width=\"1140\" height=\"932\" src=\"https:\/\/mayadent.com.tr\/tr\/wp-content\/uploads\/2023\/01\/Endodontics.png\" class=\"w-100 invisible\" alt=\"\" srcset=\"https:\/\/mayadent.com.tr\/tr\/wp-content\/uploads\/2023\/01\/Endodontics.png 1140w, https:\/\/mayadent.com.tr\/tr\/wp-content\/uploads\/2023\/01\/Endodontics-300x245.png 300w, https:\/\/mayadent.com.tr\/tr\/wp-content\/uploads\/2023\/01\/Endodontics-1024x837.png 1024w\" sizes=\"(max-width: 1140px) 100vw, 1140px\" itemprop=\"image\" \/>\t\t\t\t<a href=\"https:\/\/mayadent.com.tr\/tr\/endodonti\/\" class=\"liquid-overlay-link\"><\/a>\t\t\t<\/figure>\n\t\t<\/div>\n\n\t\t<div class=\"lqd-fb-content z-index-2 round w-80\">\n\t\t\t<div class=\"lqd-fb-content-inner d-flex flex-wrap align-items-center pos-rel round px-5 py-4\">\n\t\t\t\t<div class=\"lqd-overlay\" data-reveal=\"true\" data-reveal-options='{ \"direction\": \"bt\", \"delay\": 150, \"duration\": 500, \"coverArea\": 100 }'>\n\t\t\t\t\t<div class=\"lqd-fb-bg lqd-overlay\"><\/div>\n\t\t\t\t<\/div>\n\t\t\t\t\t\t\t\t<div\n\t\t\t\tclass=\"w-80 pr-md-2 pos-rel\"\n\t\t\t\tdata-custom-animations=\"true\"\n\t\t\t\tdata-ca-options='{ \"triggerHandler\": \"inview\", \"animationTarget\": \"all-childs\", \"duration\": 1200, \"delay\": 120,  \"startDelay\": 800, \"initValues\": { \"y\": 30, \"opacity\": 0 }, \"animations\": { \"y\": 0, \"opacity\": 1 } }'>\n\t\t\t\t\t<h2 class=\"lqd-fb-content-title my-0\" data-split-text=\"true\" data-split-options='{ \"type\": \"lines\" }'><a href=\"https:\/\/mayadent.com.tr\/tr\/endodonti\/\">Endodonti<\/a><\/h2>\n\t\t\t\t<\/div>\n\t\t\t\t\t\t\t\t<div\n\t\t\t\tclass=\"w-20 pos-rel\"\n\t\t\t\tdata-custom-animations=\"true\"\n\t\t\t\tdata-ca-options='{ \"triggerHandler\": \"inview\", \"animationTarget\": \"all-childs\", \"duration\": 1100, \"delay\": 120,  \"startDelay\": 950, \"initValues\": { \"y\": 30, \"opacity\": 0 }, \"animations\": { \"y\": 0, \"opacity\": 1 } }'>\n\t\t\t\t\t<a class=\"lh-1 d-flex align-items-center justify-content-end lqd-fb-icon\" href=\"https:\/\/mayadent.com.tr\/tr\/endodonti\/\">\n\t\t\t\t\t\t<i class=\"lqd-icn-ess \"><\/i>\t\t\t\t\t<\/a>\n\t\t\t\t<\/div>\n\t\t\t<\/div>\n\t\t\t<a  href=\"https:\/\/mayadent.com.tr\/tr\/endodonti\/\" class=\"liquid-overlay-link\"><\/a>\n\t\t<\/div>\n\n\t<\/div>\n<\/div><style>.ld_fancy_heading_69f390989224e p {font-size:16px; } .ld_fancy_heading_69f390989224e p {line-height:1.42em; } .ld_fancy_heading_69f390989224e p {--element-line-height:1.42em; } @media (min-width: 992px) { .ld_fancy_heading_69f390989224e p {padding-right:10.5% !important; padding-left:10.5% !important;  }  } .ld_fancy_heading_69f390989224e p {margin-top:10px !important;  } .ld_fancy_heading_69f390989224e .lqd-highlight-inner{height:0.275em!important;bottom:0px!important;}.ld_fancy_heading_69f390989224e p {font-size:16px; } .ld_fancy_heading_69f390989224e p {line-height:1.42em; } .ld_fancy_heading_69f390989224e p {--element-line-height:1.42em; } @media (min-width: 992px) { .ld_fancy_heading_69f390989224e p {padding-right:10.5% !important; padding-left:10.5% !important;  }  } .ld_fancy_heading_69f390989224e p {margin-top:10px !important;  } <\/style><div class=\"ld-fancy-heading ld_fancy_heading_69f390989224e\">\n\t<p class=\"ld-fh-element lqd-highlight-underline lqd-highlight-grow-left text-decoration-default\"   >  Bir di\u015fin i\u00e7indeki hasarl\u0131 k\u0131sm\u0131 iyile\u015ftirmek i\u00e7in kanal tedavisi yap\u0131l\u0131r. Endodontik tedavi olarak da bilinir. Di\u015fte bir yuva a\u00e7may\u0131 ve\u00a0 i\u00e7 k\u0131s\u0131m olan di\u015f \u00f6z\u00fcn\u00fc \u00e7\u0131karmay\u0131 i\u00e7erir<\/p><\/div>[\/vc_column][vc_column width=&#8221;1\/3&#8243;]<style>.ld_content_box_69f3909892582 .lqd-fb-content{background:rgb(255, 255, 255);}.ld_content_box_69f3909892582 h2{color:rgb(0, 0, 0);}.ld_content_box_69f3909892582 .lqd-fb-title i{color:rgb(0, 0, 0);}.ld_content_box_69f3909892582 .lqd-fb-icon{color:rgb(170, 161, 120);}<\/style>\n<div id=\"ld_content_box_69f3909892582\" class=\"lqd-fb lqd-fb-style-8 pos-rel lqd-fb-content-bc ld_content_box_69f3909892582\">\n\t<div class=\"lqd-fb-inner\">\n\n\t\t<div\n\t\tclass=\"lqd-fb-img round\"\n\t\tdata-custom-animations=\"true\"\n\t\tdata-ca-options='{ \"triggerHandler\": \"inview\", \"animationTarget\": \"figure\", \"duration\": 1200, \"initValues\": { \"scale\": 1.075, \"opacity\": 0 }, \"animations\": { \"scale\": 1, \"opacity\": 1 } }'>\n\t\t\t<figure data-responsive-bg=\"true\">\n\t\t\t\t<img decoding=\"async\" width=\"1140\" height=\"932\" src=\"data:image\/svg+xml;charset=utf-8,%3Csvg xmlns%3D&#039;http%3A%2F%2Fwww.w3.org%2F2000%2Fsvg&#039; viewBox%3D&#039;0 0 1140 932&#039;%2F%3E\" class=\"w-100 invisible ld-lazyload\" alt=\"\" itemprop=\"image\" data-src=\"https:\/\/mayadent.com.tr\/tr\/wp-content\/uploads\/2023\/01\/Onlay-Fillings.png\" data-srcset=\"https:\/\/mayadent.com.tr\/tr\/wp-content\/uploads\/2023\/01\/Onlay-Fillings.png 1140w, https:\/\/mayadent.com.tr\/tr\/wp-content\/uploads\/2023\/01\/Onlay-Fillings-300x245.png 300w, https:\/\/mayadent.com.tr\/tr\/wp-content\/uploads\/2023\/01\/Onlay-Fillings-1024x837.png 1024w\" data-sizes=\"(max-width: 1140px) 100vw, 1140px\" data-aspect=\"1.2231759656652\" \/>\t\t\t\t<a href=\"https:\/\/mayadent.com.tr\/tr\/inlay-onley-dolgular\/\" class=\"liquid-overlay-link\"><\/a>\t\t\t<\/figure>\n\t\t<\/div>\n\n\t\t<div class=\"lqd-fb-content z-index-2 round w-80\">\n\t\t\t<div class=\"lqd-fb-content-inner d-flex flex-wrap align-items-center pos-rel round px-5 py-4\">\n\t\t\t\t<div class=\"lqd-overlay\" data-reveal=\"true\" data-reveal-options='{ \"direction\": \"bt\", \"delay\": 150, \"duration\": 500, \"coverArea\": 100 }'>\n\t\t\t\t\t<div class=\"lqd-fb-bg lqd-overlay\"><\/div>\n\t\t\t\t<\/div>\n\t\t\t\t\t\t\t\t<div\n\t\t\t\tclass=\"w-80 pr-md-2 pos-rel\"\n\t\t\t\tdata-custom-animations=\"true\"\n\t\t\t\tdata-ca-options='{ \"triggerHandler\": \"inview\", \"animationTarget\": \"all-childs\", \"duration\": 1200, \"delay\": 120,  \"startDelay\": 800, \"initValues\": { \"y\": 30, \"opacity\": 0 }, \"animations\": { \"y\": 0, \"opacity\": 1 } }'>\n\t\t\t\t\t<h2 class=\"lqd-fb-content-title my-0\" data-split-text=\"true\" data-split-options='{ \"type\": \"lines\" }'><a href=\"https:\/\/mayadent.com.tr\/tr\/inlay-onley-dolgular\/\">Inlay\/Onley Dolgular<\/a><\/h2>\n\t\t\t\t<\/div>\n\t\t\t\t\t\t\t\t<div\n\t\t\t\tclass=\"w-20 pos-rel\"\n\t\t\t\tdata-custom-animations=\"true\"\n\t\t\t\tdata-ca-options='{ \"triggerHandler\": \"inview\", \"animationTarget\": \"all-childs\", \"duration\": 1100, \"delay\": 120,  \"startDelay\": 950, \"initValues\": { \"y\": 30, \"opacity\": 0 }, \"animations\": { \"y\": 0, \"opacity\": 1 } }'>\n\t\t\t\t\t<a class=\"lh-1 d-flex align-items-center justify-content-end lqd-fb-icon\" href=\"https:\/\/mayadent.com.tr\/tr\/inlay-onley-dolgular\/\">\n\t\t\t\t\t\t<i class=\"lqd-icn-ess \"><\/i>\t\t\t\t\t<\/a>\n\t\t\t\t<\/div>\n\t\t\t<\/div>\n\t\t\t<a  href=\"https:\/\/mayadent.com.tr\/tr\/inlay-onley-dolgular\/\" class=\"liquid-overlay-link\"><\/a>\n\t\t<\/div>\n\n\t<\/div>\n<\/div><style>.ld_fancy_heading_69f39098a0c40 p {font-size:16px; } .ld_fancy_heading_69f39098a0c40 p {line-height:1.42em; } .ld_fancy_heading_69f39098a0c40 p {--element-line-height:1.42em; } @media (min-width: 992px) { .ld_fancy_heading_69f39098a0c40 p {padding-right:10.5% !important; padding-left:10.5% !important;  }  } .ld_fancy_heading_69f39098a0c40 p {margin-top:10px !important;  } .ld_fancy_heading_69f39098a0c40 .lqd-highlight-inner{height:0.275em!important;bottom:0px!important;}.ld_fancy_heading_69f39098a0c40 p {font-size:16px; } .ld_fancy_heading_69f39098a0c40 p {line-height:1.42em; } .ld_fancy_heading_69f39098a0c40 p {--element-line-height:1.42em; } @media (min-width: 992px) { .ld_fancy_heading_69f39098a0c40 p {padding-right:10.5% !important; padding-left:10.5% !important;  }  } .ld_fancy_heading_69f39098a0c40 p {margin-top:10px !important;  } <\/style><div class=\"ld-fancy-heading ld_fancy_heading_69f39098a0c40\">\n\t<p class=\"ld-fh-element lqd-highlight-underline lqd-highlight-grow-left text-decoration-default\"   >  Basit bir dolgu ile tedavi edilemeyen ancak kaplama i\u00e7in malzeme kayb\u0131n\u0131n az oldu\u011fu durumlarda kullan\u0131lan bir y\u00f6ntemdir.\u00a0Dolgu ve kuron kaplama aras\u0131 bir tedavidir.\u00a0Onley daha geni\u015f alan\u0131 kaplar.<\/p><\/div>[\/vc_column][vc_column width=&#8221;1\/3&#8243;]<style>.ld_content_box_69f39098a0fcc .lqd-fb-content{background:rgb(255, 255, 255);}.ld_content_box_69f39098a0fcc h2{color:rgb(0, 0, 0);}.ld_content_box_69f39098a0fcc .lqd-fb-title i{color:rgb(0, 0, 0);}.ld_content_box_69f39098a0fcc .lqd-fb-icon{color:rgb(170, 161, 120);}<\/style>\n<div id=\"ld_content_box_69f39098a0fcc\" class=\"lqd-fb lqd-fb-style-8 pos-rel lqd-fb-content-bc ld_content_box_69f39098a0fcc\">\n\t<div class=\"lqd-fb-inner\">\n\n\t\t<div\n\t\tclass=\"lqd-fb-img round\"\n\t\tdata-custom-animations=\"true\"\n\t\tdata-ca-options='{ \"triggerHandler\": \"inview\", \"animationTarget\": \"figure\", \"duration\": 1200, \"initValues\": { \"scale\": 1.075, \"opacity\": 0 }, \"animations\": { \"scale\": 1, \"opacity\": 1 } }'>\n\t\t\t<figure data-responsive-bg=\"true\">\n\t\t\t\t<img decoding=\"async\" width=\"1140\" height=\"932\" src=\"data:image\/svg+xml;charset=utf-8,%3Csvg xmlns%3D&#039;http%3A%2F%2Fwww.w3.org%2F2000%2Fsvg&#039; viewBox%3D&#039;0 0 1140 932&#039;%2F%3E\" class=\"w-100 invisible ld-lazyload\" alt=\"\" itemprop=\"image\" data-src=\"https:\/\/mayadent.com.tr\/tr\/wp-content\/uploads\/2023\/01\/Periodontology.png\" data-srcset=\"https:\/\/mayadent.com.tr\/tr\/wp-content\/uploads\/2023\/01\/Periodontology.png 1140w, https:\/\/mayadent.com.tr\/tr\/wp-content\/uploads\/2023\/01\/Periodontology-300x245.png 300w, https:\/\/mayadent.com.tr\/tr\/wp-content\/uploads\/2023\/01\/Periodontology-1024x837.png 1024w\" data-sizes=\"(max-width: 1140px) 100vw, 1140px\" data-aspect=\"1.2231759656652\" \/>\t\t\t\t<a href=\"https:\/\/mayadent.com.tr\/tr\/periodontoloji\/\" class=\"liquid-overlay-link\"><\/a>\t\t\t<\/figure>\n\t\t<\/div>\n\n\t\t<div class=\"lqd-fb-content z-index-2 round w-80\">\n\t\t\t<div class=\"lqd-fb-content-inner d-flex flex-wrap align-items-center pos-rel round px-5 py-4\">\n\t\t\t\t<div class=\"lqd-overlay\" data-reveal=\"true\" data-reveal-options='{ \"direction\": \"bt\", \"delay\": 150, \"duration\": 500, \"coverArea\": 100 }'>\n\t\t\t\t\t<div class=\"lqd-fb-bg lqd-overlay\"><\/div>\n\t\t\t\t<\/div>\n\t\t\t\t\t\t\t\t<div\n\t\t\t\tclass=\"w-80 pr-md-2 pos-rel\"\n\t\t\t\tdata-custom-animations=\"true\"\n\t\t\t\tdata-ca-options='{ \"triggerHandler\": \"inview\", \"animationTarget\": \"all-childs\", \"duration\": 1200, \"delay\": 120,  \"startDelay\": 800, \"initValues\": { \"y\": 30, \"opacity\": 0 }, \"animations\": { \"y\": 0, \"opacity\": 1 } }'>\n\t\t\t\t\t<h2 class=\"lqd-fb-content-title my-0\" data-split-text=\"true\" data-split-options='{ \"type\": \"lines\" }'><a href=\"https:\/\/mayadent.com.tr\/tr\/periodontoloji\/\">Periodontoloji<\/a><\/h2>\n\t\t\t\t<\/div>\n\t\t\t\t\t\t\t\t<div\n\t\t\t\tclass=\"w-20 pos-rel\"\n\t\t\t\tdata-custom-animations=\"true\"\n\t\t\t\tdata-ca-options='{ \"triggerHandler\": \"inview\", \"animationTarget\": \"all-childs\", \"duration\": 1100, \"delay\": 120,  \"startDelay\": 950, \"initValues\": { \"y\": 30, \"opacity\": 0 }, \"animations\": { \"y\": 0, \"opacity\": 1 } }'>\n\t\t\t\t\t<a class=\"lh-1 d-flex align-items-center justify-content-end lqd-fb-icon\" href=\"https:\/\/mayadent.com.tr\/tr\/periodontoloji\/\">\n\t\t\t\t\t\t<i class=\"lqd-icn-ess \"><\/i>\t\t\t\t\t<\/a>\n\t\t\t\t<\/div>\n\t\t\t<\/div>\n\t\t\t<a  href=\"https:\/\/mayadent.com.tr\/tr\/periodontoloji\/\" class=\"liquid-overlay-link\"><\/a>\n\t\t<\/div>\n\n\t<\/div>\n<\/div><style>.ld_fancy_heading_69f39098b1d00 p {font-size:16px; } .ld_fancy_heading_69f39098b1d00 p {line-height:1.42em; } .ld_fancy_heading_69f39098b1d00 p {--element-line-height:1.42em; } @media (min-width: 992px) { .ld_fancy_heading_69f39098b1d00 p {padding-right:10.5% !important; padding-left:10.5% !important;  }  } .ld_fancy_heading_69f39098b1d00 p {margin-top:10px !important;  } .ld_fancy_heading_69f39098b1d00 .lqd-highlight-inner{height:0.275em!important;bottom:0px!important;}.ld_fancy_heading_69f39098b1d00 p {font-size:16px; } .ld_fancy_heading_69f39098b1d00 p {line-height:1.42em; } .ld_fancy_heading_69f39098b1d00 p {--element-line-height:1.42em; } @media (min-width: 992px) { .ld_fancy_heading_69f39098b1d00 p {padding-right:10.5% !important; padding-left:10.5% !important;  }  } .ld_fancy_heading_69f39098b1d00 p {margin-top:10px !important;  } <\/style><div class=\"ld-fancy-heading ld_fancy_heading_69f39098b1d00\">\n\t<p class=\"ld-fh-element lqd-highlight-underline lqd-highlight-grow-left text-decoration-default\"   >  Di\u015fin \u00e7evresindeki sert ve yumu\u015fak dokular klinik ve mikroskobik olarak incelenir, bu dokular\u0131 etkileyen bozukluklar te\u015fhis edilir, tedavileri yap\u0131l\u0131r ve sonras\u0131nda hasta ve hekim i\u015fbirli\u011fi ile sa\u011fl\u0131kl\u0131 tutulur.<\/p><\/div>[\/vc_column][\/vc_row][vc_row][vc_column]<style>.ld_spacer_69f39098b1ff8{height:32px;}<\/style>\n<div class=\"ld-empty-space ld_spacer_69f39098b1ff8\"><\/div>[\/vc_column][\/vc_row]<\/p>\n","protected":false},"excerpt":{"rendered":"<p>[vc_row][vc_column][\/vc_column][\/vc_row][vc_row][vc_column width=&#8221;1\/3&#8243;][\/vc_column][vc_column width=&#8221;1\/3&#8243;][\/vc_column][vc_column width=&#8221;1\/3&#8243;][\/vc_column][\/vc_row][vc_row][vc_column][\/vc_column][\/vc_row]<\/p>\n","protected":false},"author":1,"featured_media":0,"parent":0,"menu_order":0,"comment_status":"closed","ping_status":"closed","template":"","meta":{"footnotes":""},"class_list":["post-10281","page","type-page","status-publish","hentry"],"yoast_head":"<!-- This site is optimized with the Yoast SEO plugin v27.3 - https:\/\/yoast.com\/product\/yoast-seo-wordpress\/ -->\n<title>D\u00fczeltici Tedaviler - MAYADENT<\/title>\n<meta name=\"robots\" content=\"index, follow, max-snippet:-1, max-image-preview:large, max-video-preview:-1\" \/>\n<link rel=\"canonical\" href=\"https:\/\/mayadent.com.tr\/tr\/duzeltici-tedaviler\/\" \/>\n<meta property=\"og:locale\" content=\"tr_TR\" \/>\n<meta property=\"og:type\" content=\"article\" \/>\n<meta property=\"og:title\" content=\"D\u00fczeltici Tedaviler - MAYADENT\" \/>\n<meta property=\"og:description\" content=\"[vc_row][vc_column][\/vc_column][\/vc_row][vc_row][vc_column width=&#8221;1\/3&#8243;][\/vc_column][vc_column width=&#8221;1\/3&#8243;][\/vc_column][vc_column width=&#8221;1\/3&#8243;][\/vc_column][\/vc_row][vc_row][vc_column][\/vc_column][\/vc_row]\" \/>\n<meta property=\"og:url\" content=\"https:\/\/mayadent.com.tr\/tr\/duzeltici-tedaviler\/\" \/>\n<meta property=\"og:site_name\" content=\"MAYADENT\" \/>\n<meta property=\"article:publisher\" content=\"https:\/\/www.facebook.com\/profile.php?id=100095497178358\" \/>\n<meta property=\"article:modified_time\" content=\"2025-05-21T22:59:07+00:00\" \/>\n<meta name=\"twitter:card\" content=\"summary_large_image\" \/>\n<meta name=\"twitter:label1\" content=\"Tahmini okuma s\u00fcresi\" \/>\n\t<meta name=\"twitter:data1\" content=\"1 dakika\" \/>\n<script type=\"application\/ld+json\" class=\"yoast-schema-graph\">{\"@context\":\"https:\\\/\\\/schema.org\",\"@graph\":[{\"@type\":\"WebPage\",\"@id\":\"https:\\\/\\\/mayadent.com.tr\\\/tr\\\/duzeltici-tedaviler\\\/\",\"url\":\"https:\\\/\\\/mayadent.com.tr\\\/tr\\\/duzeltici-tedaviler\\\/\",\"name\":\"D\u00fczeltici Tedaviler - MAYADENT\",\"isPartOf\":{\"@id\":\"https:\\\/\\\/mayadent.com.tr\\\/tr\\\/#website\"},\"datePublished\":\"2023-01-12T12:44:13+00:00\",\"dateModified\":\"2025-05-21T22:59:07+00:00\",\"breadcrumb\":{\"@id\":\"https:\\\/\\\/mayadent.com.tr\\\/tr\\\/duzeltici-tedaviler\\\/#breadcrumb\"},\"inLanguage\":\"tr\",\"potentialAction\":[{\"@type\":\"ReadAction\",\"target\":[\"https:\\\/\\\/mayadent.com.tr\\\/tr\\\/duzeltici-tedaviler\\\/\"]}]},{\"@type\":\"BreadcrumbList\",\"@id\":\"https:\\\/\\\/mayadent.com.tr\\\/tr\\\/duzeltici-tedaviler\\\/#breadcrumb\",\"itemListElement\":[{\"@type\":\"ListItem\",\"position\":1,\"name\":\"Anasayfa\",\"item\":\"https:\\\/\\\/mayadent.com.tr\\\/tr\\\/\"},{\"@type\":\"ListItem\",\"position\":2,\"name\":\"D\u00fczeltici Tedaviler\"}]},{\"@type\":\"WebSite\",\"@id\":\"https:\\\/\\\/mayadent.com.tr\\\/tr\\\/#website\",\"url\":\"https:\\\/\\\/mayadent.com.tr\\\/tr\\\/\",\"name\":\"mayadent.com.tr\",\"description\":\"G\u00fcvenle G\u00fcl\u00fcmse\",\"publisher\":{\"@id\":\"https:\\\/\\\/mayadent.com.tr\\\/tr\\\/#organization\"},\"potentialAction\":[{\"@type\":\"SearchAction\",\"target\":{\"@type\":\"EntryPoint\",\"urlTemplate\":\"https:\\\/\\\/mayadent.com.tr\\\/tr\\\/?s={search_term_string}\"},\"query-input\":{\"@type\":\"PropertyValueSpecification\",\"valueRequired\":true,\"valueName\":\"search_term_string\"}}],\"inLanguage\":\"tr\"},{\"@type\":\"Organization\",\"@id\":\"https:\\\/\\\/mayadent.com.tr\\\/tr\\\/#organization\",\"name\":\"MAYADENT\",\"alternateName\":\"Mayadent International\",\"url\":\"https:\\\/\\\/mayadent.com.tr\\\/tr\\\/\",\"logo\":{\"@type\":\"ImageObject\",\"inLanguage\":\"tr\",\"@id\":\"https:\\\/\\\/mayadent.com.tr\\\/tr\\\/#\\\/schema\\\/logo\\\/image\\\/\",\"url\":\"https:\\\/\\\/mayadent.com.tr\\\/tr\\\/wp-content\\\/uploads\\\/2023\\\/08\\\/Adsiz-tasarim.png\",\"contentUrl\":\"https:\\\/\\\/mayadent.com.tr\\\/tr\\\/wp-content\\\/uploads\\\/2023\\\/08\\\/Adsiz-tasarim.png\",\"width\":375,\"height\":375,\"caption\":\"MAYADENT\"},\"image\":{\"@id\":\"https:\\\/\\\/mayadent.com.tr\\\/tr\\\/#\\\/schema\\\/logo\\\/image\\\/\"},\"sameAs\":[\"https:\\\/\\\/www.facebook.com\\\/profile.php?id=100095497178358\",\"https:\\\/\\\/www.instagram.com\\\/mayadentinternational\\\/\"]}]}<\/script>\n<!-- \/ Yoast SEO plugin. -->","yoast_head_json":{"title":"D\u00fczeltici Tedaviler - MAYADENT","robots":{"index":"index","follow":"follow","max-snippet":"max-snippet:-1","max-image-preview":"max-image-preview:large","max-video-preview":"max-video-preview:-1"},"canonical":"https:\/\/mayadent.com.tr\/tr\/duzeltici-tedaviler\/","og_locale":"tr_TR","og_type":"article","og_title":"D\u00fczeltici Tedaviler - MAYADENT","og_description":"[vc_row][vc_column][\/vc_column][\/vc_row][vc_row][vc_column width=&#8221;1\/3&#8243;][\/vc_column][vc_column width=&#8221;1\/3&#8243;][\/vc_column][vc_column width=&#8221;1\/3&#8243;][\/vc_column][\/vc_row][vc_row][vc_column][\/vc_column][\/vc_row]","og_url":"https:\/\/mayadent.com.tr\/tr\/duzeltici-tedaviler\/","og_site_name":"MAYADENT","article_publisher":"https:\/\/www.facebook.com\/profile.php?id=100095497178358","article_modified_time":"2025-05-21T22:59:07+00:00","twitter_card":"summary_large_image","twitter_misc":{"Tahmini okuma s\u00fcresi":"1 dakika"},"schema":{"@context":"https:\/\/schema.org","@graph":[{"@type":"WebPage","@id":"https:\/\/mayadent.com.tr\/tr\/duzeltici-tedaviler\/","url":"https:\/\/mayadent.com.tr\/tr\/duzeltici-tedaviler\/","name":"D\u00fczeltici Tedaviler - MAYADENT","isPartOf":{"@id":"https:\/\/mayadent.com.tr\/tr\/#website"},"datePublished":"2023-01-12T12:44:13+00:00","dateModified":"2025-05-21T22:59:07+00:00","breadcrumb":{"@id":"https:\/\/mayadent.com.tr\/tr\/duzeltici-tedaviler\/#breadcrumb"},"inLanguage":"tr","potentialAction":[{"@type":"ReadAction","target":["https:\/\/mayadent.com.tr\/tr\/duzeltici-tedaviler\/"]}]},{"@type":"BreadcrumbList","@id":"https:\/\/mayadent.com.tr\/tr\/duzeltici-tedaviler\/#breadcrumb","itemListElement":[{"@type":"ListItem","position":1,"name":"Anasayfa","item":"https:\/\/mayadent.com.tr\/tr\/"},{"@type":"ListItem","position":2,"name":"D\u00fczeltici Tedaviler"}]},{"@type":"WebSite","@id":"https:\/\/mayadent.com.tr\/tr\/#website","url":"https:\/\/mayadent.com.tr\/tr\/","name":"mayadent.com.tr","description":"G\u00fcvenle G\u00fcl\u00fcmse","publisher":{"@id":"https:\/\/mayadent.com.tr\/tr\/#organization"},"potentialAction":[{"@type":"SearchAction","target":{"@type":"EntryPoint","urlTemplate":"https:\/\/mayadent.com.tr\/tr\/?s={search_term_string}"},"query-input":{"@type":"PropertyValueSpecification","valueRequired":true,"valueName":"search_term_string"}}],"inLanguage":"tr"},{"@type":"Organization","@id":"https:\/\/mayadent.com.tr\/tr\/#organization","name":"MAYADENT","alternateName":"Mayadent International","url":"https:\/\/mayadent.com.tr\/tr\/","logo":{"@type":"ImageObject","inLanguage":"tr","@id":"https:\/\/mayadent.com.tr\/tr\/#\/schema\/logo\/image\/","url":"https:\/\/mayadent.com.tr\/tr\/wp-content\/uploads\/2023\/08\/Adsiz-tasarim.png","contentUrl":"https:\/\/mayadent.com.tr\/tr\/wp-content\/uploads\/2023\/08\/Adsiz-tasarim.png","width":375,"height":375,"caption":"MAYADENT"},"image":{"@id":"https:\/\/mayadent.com.tr\/tr\/#\/schema\/logo\/image\/"},"sameAs":["https:\/\/www.facebook.com\/profile.php?id=100095497178358","https:\/\/www.instagram.com\/mayadentinternational\/"]}]}},"_links":{"self":[{"href":"https:\/\/mayadent.com.tr\/tr\/wp-json\/wp\/v2\/pages\/10281","targetHints":{"allow":["GET"]}}],"collection":[{"href":"https:\/\/mayadent.com.tr\/tr\/wp-json\/wp\/v2\/pages"}],"about":[{"href":"https:\/\/mayadent.com.tr\/tr\/wp-json\/wp\/v2\/types\/page"}],"author":[{"embeddable":true,"href":"https:\/\/mayadent.com.tr\/tr\/wp-json\/wp\/v2\/users\/1"}],"replies":[{"embeddable":true,"href":"https:\/\/mayadent.com.tr\/tr\/wp-json\/wp\/v2\/comments?post=10281"}],"version-history":[{"count":1,"href":"https:\/\/mayadent.com.tr\/tr\/wp-json\/wp\/v2\/pages\/10281\/revisions"}],"predecessor-version":[{"id":12061,"href":"https:\/\/mayadent.com.tr\/tr\/wp-json\/wp\/v2\/pages\/10281\/revisions\/12061"}],"wp:attachment":[{"href":"https:\/\/mayadent.com.tr\/tr\/wp-json\/wp\/v2\/media?parent=10281"}],"curies":[{"name":"wp","href":"https:\/\/api.w.org\/{rel}","templated":true}]}}