{"id":10378,"date":"2023-01-13T11:50:44","date_gmt":"2023-01-13T08:50:44","guid":{"rendered":"http:\/\/moddbeta.xyz\/maya\/?page_id=10378"},"modified":"2025-05-22T01:54:35","modified_gmt":"2025-05-21T22:54:35","slug":"uzman-laboratuvar","status":"publish","type":"page","link":"https:\/\/mayadent.com.tr\/tr\/uzman-laboratuvar\/","title":{"rendered":"Uzman Laboratuvar"},"content":{"rendered":"<p>[vc_row css=&#8221;.vc_custom_1551902075173{margin-top: 20px !important;margin-bottom: 50px !important;}&#8221; responsive_css=&#8221;margin_bottom_medium:100px&#8221;][vc_column video_bg=&#8221;yes&#8221; video_local_mp4_url=&#8221;https:\/\/mayadent.com.tr\/wp-content\/uploads\/2023\/02\/dentafab-3.mp4&#8243; video_local_webm_url=&#8221;https:\/\/mayadent.com.tr\/wp-content\/uploads\/2023\/02\/dentafab-3.mp4&#8243; width=&#8221;1\/2&#8243; responsive_css=&#8221;padding_top_large:40%25|padding_bottom_large:40%25|padding_top_medium:40%25|padding_bottom_medium:40%25|padding_top_small:40%25|padding_bottom_small:40%25&#8243; css=&#8221;.vc_custom_1677152467565{padding-top: 40% !important;padding-bottom: 40% !important;}&#8221;][\/vc_column][vc_column video_bg=&#8221;yes&#8221; video_local_mp4_url=&#8221;https:\/\/mayadent.com.tr\/wp-content\/uploads\/2023\/02\/WEB-SLIDER-LABORATUVAR.mp4&#8243; video_local_webm_url=&#8221;https:\/\/mayadent.com.tr\/wp-content\/uploads\/2023\/02\/WEB-SLIDER-LABORATUVAR.mp4&#8243; width=&#8221;1\/2&#8243; responsive_css=&#8221;padding_top_large:40%25|padding_bottom_large:40%25|padding_top_medium:40%25|padding_bottom_medium:40%25|padding_top_small:40%25|padding_bottom_small:40%25&#8243; css=&#8221;.vc_custom_1676885161908{padding-top: 40% !important;padding-bottom: 40% !important;}&#8221;][\/vc_column][\/vc_row][vc_row css=&#8221;.vc_custom_1551902075173{margin-top: 20px !important;margin-bottom: 50px !important;}&#8221; responsive_css=&#8221;margin_bottom_medium:100px&#8221;][vc_column]<style>.ld_media_69f38efe69697{margin-inline-start:-10px;margin-inline-end:-10px;}.ld_media_69f38efe69697 > div{padding-inline-start:10px;padding-inline-end:10px;margin-bottom:20px;}<\/style><div id=\"ld_media_69f38efe69697\" class=\"ld-media-row row d-flex ld_media_69f38efe69697\" data-liquid-masonry=\"true\" data-custom-animations=\"true\" data-ca-options='{\"triggerHandler\":\"inview\",\"animationTarget\":\".ld-media-item\",\"duration\":700,\"delay\":100,\"ease\":\"power4.out\",\"initValues\":{\"scale\":1},\"animations\":{\"scale\":1}}'>\n\t<p><style>.ld_media_element_69f38efe69c1e{height:312px;}<\/style>\n<div id=\"ld_media_element_69f38efe69c1e\" class=\"vc_col-sm-12 vc_col-md-6 masonry-item liquid-media-element-custom-height ld_media_element_69f38efe69c1e\">\n\n\t<div class=\"ld-media-item \">\n\n\t\t<figure data-responsive-bg=\"true\"><img decoding=\"async\" width=\"755\" height=\"500\" src=\"https:\/\/mayadent.com.tr\/tr\/wp-content\/uploads\/2023\/02\/laminate-veneers.jpg\" class=\"attachment-full size-full\" alt=\"\" srcset=\"https:\/\/mayadent.com.tr\/tr\/wp-content\/uploads\/2023\/02\/laminate-veneers.jpg 755w, https:\/\/mayadent.com.tr\/tr\/wp-content\/uploads\/2023\/02\/laminate-veneers-300x199.jpg 300w\" sizes=\"(max-width: 755px) 100vw, 755px\" itemprop=\"image\" \/><\/figure>\n\t\t<div class=\"ld-media-item-overlay d-flex flex-column align-items-center text-center justify-content-end\">\n\n\t\t\t<div class=\"ld-media-bg\"><\/div>\n\n\t\t\t<div class=\"ld-media-content\">\n\t\t\t\t\t\t\t\t\t\t\t<\/div><!-- \/.ld-media-content -->\n\n\t\t<\/div><!-- \/.ld-media-item-overlay -->\n\n\t\t<a href=\"https:\/\/mayadent.com.tr\/tr\/wp-content\/uploads\/2023\/02\/laminate-veneers.jpg\" class=\"liquid-overlay-link fresco\"  data-fresco-group=\"lqd-1676382439383-fe1be5fc-6468\"><\/a>\n\t<\/div><!-- \/.ld-media-item -->\n\n<\/div><!-- \/.col-md-3 --><style>.ld_media_element_69f38efe6a550{height:312px;}<\/style>\n<div id=\"ld_media_element_69f38efe6a550\" class=\"vc_col-sm-12 vc_col-md-6 masonry-item liquid-media-element-custom-height ld_media_element_69f38efe6a550\">\n\n\t<div class=\"ld-media-item \">\n\n\t\t<figure data-responsive-bg=\"true\"><img decoding=\"async\" width=\"755\" height=\"500\" src=\"data:image\/svg+xml;charset=utf-8,%3Csvg xmlns%3D&#039;http%3A%2F%2Fwww.w3.org%2F2000%2Fsvg&#039; viewBox%3D&#039;0 0 755 500&#039;%2F%3E\" class=\"attachment-full size-full ld-lazyload\" alt=\"\" itemprop=\"image\" data-src=\"https:\/\/mayadent.com.tr\/tr\/wp-content\/uploads\/2023\/02\/gorsel-2.jpg\" data-srcset=\"https:\/\/mayadent.com.tr\/tr\/wp-content\/uploads\/2023\/02\/gorsel-2.jpg 755w, https:\/\/mayadent.com.tr\/tr\/wp-content\/uploads\/2023\/02\/gorsel-2-300x199.jpg 300w\" data-sizes=\"(max-width: 755px) 100vw, 755px\" data-aspect=\"1.51\" \/><\/figure>\n\t\t<div class=\"ld-media-item-overlay d-flex flex-column align-items-center text-center justify-content-end\">\n\n\t\t\t<div class=\"ld-media-bg\"><\/div>\n\n\t\t\t<div class=\"ld-media-content\">\n\t\t\t\t\t\t\t\t\t\t\t<\/div><!-- \/.ld-media-content -->\n\n\t\t<\/div><!-- \/.ld-media-item-overlay -->\n\n\t\t<a href=\"https:\/\/mayadent.com.tr\/tr\/wp-content\/uploads\/2023\/02\/gorsel-2.jpg\" class=\"liquid-overlay-link fresco\"  data-fresco-group=\"lqd-1676382439383-fe1be5fc-6468\"><\/a>\n\t<\/div><!-- \/.ld-media-item -->\n\n<\/div><!-- \/.col-md-3 --><style>.ld_media_element_69f38efe78c57{height:312px;}<\/style>\n<div id=\"ld_media_element_69f38efe78c57\" class=\"vc_col-sm-12 vc_col-md-6 masonry-item liquid-media-element-custom-height ld_media_element_69f38efe78c57\">\n\n\t<div class=\"ld-media-item \">\n\n\t\t<figure data-responsive-bg=\"true\"><img decoding=\"async\" width=\"755\" height=\"500\" src=\"data:image\/svg+xml;charset=utf-8,%3Csvg xmlns%3D&#039;http%3A%2F%2Fwww.w3.org%2F2000%2Fsvg&#039; viewBox%3D&#039;0 0 755 500&#039;%2F%3E\" class=\"attachment-full size-full ld-lazyload\" alt=\"\" itemprop=\"image\" data-src=\"https:\/\/mayadent.com.tr\/tr\/wp-content\/uploads\/2023\/02\/gorsel-3.jpg\" data-srcset=\"https:\/\/mayadent.com.tr\/tr\/wp-content\/uploads\/2023\/02\/gorsel-3.jpg 755w, https:\/\/mayadent.com.tr\/tr\/wp-content\/uploads\/2023\/02\/gorsel-3-300x199.jpg 300w\" data-sizes=\"(max-width: 755px) 100vw, 755px\" data-aspect=\"1.51\" \/><\/figure>\n\t\t<div class=\"ld-media-item-overlay d-flex flex-column align-items-center text-center justify-content-end\">\n\n\t\t\t<div class=\"ld-media-bg\"><\/div>\n\n\t\t\t<div class=\"ld-media-content\">\n\t\t\t\t\t\t\t\t\t\t\t<\/div><!-- \/.ld-media-content -->\n\n\t\t<\/div><!-- \/.ld-media-item-overlay -->\n\n\t\t<a href=\"https:\/\/mayadent.com.tr\/tr\/wp-content\/uploads\/2023\/02\/gorsel-3.jpg\" class=\"liquid-overlay-link fresco\"  data-fresco-group=\"lqd-1676382439383-fe1be5fc-6468\"><\/a>\n\t<\/div><!-- \/.ld-media-item -->\n\n<\/div><!-- \/.col-md-3 --><style>.ld_media_element_69f38efe86dac{height:312px;}<\/style>\n<div id=\"ld_media_element_69f38efe86dac\" class=\"vc_col-sm-12 vc_col-md-6 masonry-item liquid-media-element-custom-height ld_media_element_69f38efe86dac\">\n\n\t<div class=\"ld-media-item \">\n\n\t\t<figure data-responsive-bg=\"true\"><img decoding=\"async\" width=\"755\" height=\"500\" src=\"data:image\/svg+xml;charset=utf-8,%3Csvg xmlns%3D&#039;http%3A%2F%2Fwww.w3.org%2F2000%2Fsvg&#039; viewBox%3D&#039;0 0 755 500&#039;%2F%3E\" class=\"attachment-full size-full ld-lazyload\" alt=\"\" itemprop=\"image\" data-src=\"https:\/\/mayadent.com.tr\/tr\/wp-content\/uploads\/2023\/02\/expert-son-gorsel-1.jpg\" data-srcset=\"https:\/\/mayadent.com.tr\/tr\/wp-content\/uploads\/2023\/02\/expert-son-gorsel-1.jpg 755w, https:\/\/mayadent.com.tr\/tr\/wp-content\/uploads\/2023\/02\/expert-son-gorsel-1-300x199.jpg 300w\" data-sizes=\"(max-width: 755px) 100vw, 755px\" data-aspect=\"1.51\" \/><\/figure>\n\t\t<div class=\"ld-media-item-overlay d-flex flex-column align-items-center text-center justify-content-end\">\n\n\t\t\t<div class=\"ld-media-bg\"><\/div>\n\n\t\t\t<div class=\"ld-media-content\">\n\t\t\t\t\t\t\t\t\t\t\t<\/div><!-- \/.ld-media-content -->\n\n\t\t<\/div><!-- \/.ld-media-item-overlay -->\n\n\t\t<a href=\"https:\/\/mayadent.com.tr\/tr\/wp-content\/uploads\/2023\/02\/expert-son-gorsel-1.jpg\" class=\"liquid-overlay-link fresco\"  data-fresco-group=\"lqd-1676382439383-fe1be5fc-6468\"><\/a>\n\t<\/div><!-- \/.ld-media-item -->\n\n<\/div><!-- \/.col-md-3 --><style>.ld_media_element_69f38efe94f6b{height:312px;}<\/style>\n<div id=\"ld_media_element_69f38efe94f6b\" class=\"vc_col-sm-12 vc_col-md-6 masonry-item liquid-media-element-custom-height ld_media_element_69f38efe94f6b\">\n\n\t<div class=\"ld-media-item \">\n\n\t\t<figure data-responsive-bg=\"true\"><img decoding=\"async\" width=\"755\" height=\"500\" src=\"data:image\/svg+xml;charset=utf-8,%3Csvg xmlns%3D&#039;http%3A%2F%2Fwww.w3.org%2F2000%2Fsvg&#039; viewBox%3D&#039;0 0 755 500&#039;%2F%3E\" class=\"attachment-full size-full ld-lazyload\" alt=\"\" itemprop=\"image\" data-src=\"https:\/\/mayadent.com.tr\/tr\/wp-content\/uploads\/2023\/02\/gorsel-5.jpg\" data-srcset=\"https:\/\/mayadent.com.tr\/tr\/wp-content\/uploads\/2023\/02\/gorsel-5.jpg 755w, https:\/\/mayadent.com.tr\/tr\/wp-content\/uploads\/2023\/02\/gorsel-5-300x199.jpg 300w\" data-sizes=\"(max-width: 755px) 100vw, 755px\" data-aspect=\"1.51\" \/><\/figure>\n\t\t<div class=\"ld-media-item-overlay d-flex flex-column align-items-center text-center justify-content-end\">\n\n\t\t\t<div class=\"ld-media-bg\"><\/div>\n\n\t\t\t<div class=\"ld-media-content\">\n\t\t\t\t\t\t\t\t\t\t\t<\/div><!-- \/.ld-media-content -->\n\n\t\t<\/div><!-- \/.ld-media-item-overlay -->\n\n\t\t<a href=\"https:\/\/mayadent.com.tr\/tr\/wp-content\/uploads\/2023\/02\/gorsel-5.jpg\" class=\"liquid-overlay-link fresco\"  data-fresco-group=\"lqd-1676382439383-fe1be5fc-6468\"><\/a>\n\t<\/div><!-- \/.ld-media-item -->\n\n<\/div><!-- \/.col-md-3 --><style>.ld_media_element_69f38efea31b8{height:312px;}<\/style>\n<div id=\"ld_media_element_69f38efea31b8\" class=\"vc_col-sm-12 vc_col-md-6 masonry-item liquid-media-element-custom-height ld_media_element_69f38efea31b8\">\n\n\t<div class=\"ld-media-item \">\n\n\t\t<figure data-responsive-bg=\"true\"><img decoding=\"async\" width=\"755\" height=\"500\" src=\"data:image\/svg+xml;charset=utf-8,%3Csvg xmlns%3D&#039;http%3A%2F%2Fwww.w3.org%2F2000%2Fsvg&#039; viewBox%3D&#039;0 0 755 500&#039;%2F%3E\" class=\"attachment-full size-full ld-lazyload\" alt=\"\" itemprop=\"image\" data-src=\"https:\/\/mayadent.com.tr\/tr\/wp-content\/uploads\/2023\/02\/gorsel-6.jpg\" data-srcset=\"https:\/\/mayadent.com.tr\/tr\/wp-content\/uploads\/2023\/02\/gorsel-6.jpg 755w, https:\/\/mayadent.com.tr\/tr\/wp-content\/uploads\/2023\/02\/gorsel-6-300x199.jpg 300w\" data-sizes=\"(max-width: 755px) 100vw, 755px\" data-aspect=\"1.51\" \/><\/figure>\n\t\t<div class=\"ld-media-item-overlay d-flex flex-column align-items-center text-center justify-content-end\">\n\n\t\t\t<div class=\"ld-media-bg\"><\/div>\n\n\t\t\t<div class=\"ld-media-content\">\n\t\t\t\t\t\t\t\t\t\t\t<\/div><!-- \/.ld-media-content -->\n\n\t\t<\/div><!-- \/.ld-media-item-overlay -->\n\n\t\t<a href=\"https:\/\/mayadent.com.tr\/tr\/wp-content\/uploads\/2023\/02\/gorsel-6.jpg\" class=\"liquid-overlay-link fresco\"  data-fresco-group=\"lqd-1676382439383-fe1be5fc-6468\"><\/a>\n\t<\/div><!-- \/.ld-media-item -->\n\n<\/div><!-- \/.col-md-3 --><\/p>\n<\/div><!-- \/.ld-media-row -->\n\n\n[\/vc_column][\/vc_row]<\/p>\n","protected":false},"excerpt":{"rendered":"<p>[vc_row css=&#8221;.vc_custom_1551902075173{margin-top: 20px !important;margin-bottom: 50px !important;}&#8221; responsive_css=&#8221;margin_bottom_medium:100px&#8221;][vc_column video_bg=&#8221;yes&#8221; video_local_mp4_url=&#8221;https:\/\/mayadent.com.tr\/wp-content\/uploads\/2023\/02\/dentafab-3.mp4&#8243; video_local_webm_url=&#8221;https:\/\/mayadent.com.tr\/wp-content\/uploads\/2023\/02\/dentafab-3.mp4&#8243; width=&#8221;1\/2&#8243; responsive_css=&#8221;padding_top_large:40%25|padding_bottom_large:40%25|padding_top_medium:40%25|padding_bottom_medium:40%25|padding_top_small:40%25|padding_bottom_small:40%25&#8243; css=&#8221;.vc_custom_1677152467565{padding-top: 40% !important;padding-bottom: 40% !important;}&#8221;][\/vc_column][vc_column video_bg=&#8221;yes&#8221; video_local_mp4_url=&#8221;https:\/\/mayadent.com.tr\/wp-content\/uploads\/2023\/02\/WEB-SLIDER-LABORATUVAR.mp4&#8243; video_local_webm_url=&#8221;https:\/\/mayadent.com.tr\/wp-content\/uploads\/2023\/02\/WEB-SLIDER-LABORATUVAR.mp4&#8243; width=&#8221;1\/2&#8243; responsive_css=&#8221;padding_top_large:40%25|padding_bottom_large:40%25|padding_top_medium:40%25|padding_bottom_medium:40%25|padding_top_small:40%25|padding_bottom_small:40%25&#8243; css=&#8221;.vc_custom_1676885161908{padding-top: 40% !important;padding-bottom: 40% !important;}&#8221;][\/vc_column][\/vc_row][vc_row css=&#8221;.vc_custom_1551902075173{margin-top: 20px !important;margin-bottom: 50px !important;}&#8221; responsive_css=&#8221;margin_bottom_medium:100px&#8221;][vc_column][\/vc_column][\/vc_row]<\/p>\n","protected":false},"author":1,"featured_media":0,"parent":0,"menu_order":0,"comment_status":"closed","ping_status":"closed","template":"","meta":{"footnotes":""},"class_list":["post-10378","page","type-page","status-publish","hentry"],"yoast_head":"<!-- This site is optimized with the Yoast SEO plugin v27.3 - https:\/\/yoast.com\/product\/yoast-seo-wordpress\/ -->\n<title>Uzman Laboratuvar - MAYADENT<\/title>\n<meta name=\"robots\" content=\"index, follow, max-snippet:-1, max-image-preview:large, max-video-preview:-1\" \/>\n<link rel=\"canonical\" href=\"https:\/\/mayadent.com.tr\/tr\/uzman-laboratuvar\/\" \/>\n<meta property=\"og:locale\" content=\"tr_TR\" \/>\n<meta property=\"og:type\" content=\"article\" \/>\n<meta property=\"og:title\" content=\"Uzman Laboratuvar - MAYADENT\" \/>\n<meta property=\"og:description\" content=\"[vc_row css=&#8221;.vc_custom_1551902075173{margin-top: 20px !important;margin-bottom: 50px !important;}&#8221; responsive_css=&#8221;margin_bottom_medium:100px&#8221;][vc_column video_bg=&#8221;yes&#8221; video_local_mp4_url=&#8221;https:\/\/mayadent.com.tr\/wp-content\/uploads\/2023\/02\/dentafab-3.mp4&#8243; video_local_webm_url=&#8221;https:\/\/mayadent.com.tr\/wp-content\/uploads\/2023\/02\/dentafab-3.mp4&#8243; width=&#8221;1\/2&#8243; responsive_css=&#8221;padding_top_large:40%25|padding_bottom_large:40%25|padding_top_medium:40%25|padding_bottom_medium:40%25|padding_top_small:40%25|padding_bottom_small:40%25&#8243; css=&#8221;.vc_custom_1677152467565{padding-top: 40% !important;padding-bottom: 40% !important;}&#8221;][\/vc_column][vc_column video_bg=&#8221;yes&#8221; video_local_mp4_url=&#8221;https:\/\/mayadent.com.tr\/wp-content\/uploads\/2023\/02\/WEB-SLIDER-LABORATUVAR.mp4&#8243; video_local_webm_url=&#8221;https:\/\/mayadent.com.tr\/wp-content\/uploads\/2023\/02\/WEB-SLIDER-LABORATUVAR.mp4&#8243; width=&#8221;1\/2&#8243; responsive_css=&#8221;padding_top_large:40%25|padding_bottom_large:40%25|padding_top_medium:40%25|padding_bottom_medium:40%25|padding_top_small:40%25|padding_bottom_small:40%25&#8243; css=&#8221;.vc_custom_1676885161908{padding-top: 40% !important;padding-bottom: 40% !important;}&#8221;][\/vc_column][\/vc_row][vc_row css=&#8221;.vc_custom_1551902075173{margin-top: 20px !important;margin-bottom: 50px !important;}&#8221; responsive_css=&#8221;margin_bottom_medium:100px&#8221;][vc_column][\/vc_column][\/vc_row]\" \/>\n<meta property=\"og:url\" content=\"https:\/\/mayadent.com.tr\/tr\/uzman-laboratuvar\/\" \/>\n<meta property=\"og:site_name\" content=\"MAYADENT\" \/>\n<meta property=\"article:publisher\" content=\"https:\/\/www.facebook.com\/profile.php?id=100095497178358\" \/>\n<meta property=\"article:modified_time\" content=\"2025-05-21T22:54:35+00:00\" \/>\n<meta name=\"twitter:card\" content=\"summary_large_image\" \/>\n<meta name=\"twitter:label1\" content=\"Tahmini okuma s\u00fcresi\" \/>\n\t<meta name=\"twitter:data1\" content=\"1 dakika\" \/>\n<script type=\"application\/ld+json\" class=\"yoast-schema-graph\">{\"@context\":\"https:\\\/\\\/schema.org\",\"@graph\":[{\"@type\":\"WebPage\",\"@id\":\"https:\\\/\\\/mayadent.com.tr\\\/tr\\\/uzman-laboratuvar\\\/\",\"url\":\"https:\\\/\\\/mayadent.com.tr\\\/tr\\\/uzman-laboratuvar\\\/\",\"name\":\"Uzman Laboratuvar - MAYADENT\",\"isPartOf\":{\"@id\":\"https:\\\/\\\/mayadent.com.tr\\\/tr\\\/#website\"},\"datePublished\":\"2023-01-13T08:50:44+00:00\",\"dateModified\":\"2025-05-21T22:54:35+00:00\",\"breadcrumb\":{\"@id\":\"https:\\\/\\\/mayadent.com.tr\\\/tr\\\/uzman-laboratuvar\\\/#breadcrumb\"},\"inLanguage\":\"tr\",\"potentialAction\":[{\"@type\":\"ReadAction\",\"target\":[\"https:\\\/\\\/mayadent.com.tr\\\/tr\\\/uzman-laboratuvar\\\/\"]}]},{\"@type\":\"BreadcrumbList\",\"@id\":\"https:\\\/\\\/mayadent.com.tr\\\/tr\\\/uzman-laboratuvar\\\/#breadcrumb\",\"itemListElement\":[{\"@type\":\"ListItem\",\"position\":1,\"name\":\"Anasayfa\",\"item\":\"https:\\\/\\\/mayadent.com.tr\\\/tr\\\/\"},{\"@type\":\"ListItem\",\"position\":2,\"name\":\"Uzman Laboratuvar\"}]},{\"@type\":\"WebSite\",\"@id\":\"https:\\\/\\\/mayadent.com.tr\\\/tr\\\/#website\",\"url\":\"https:\\\/\\\/mayadent.com.tr\\\/tr\\\/\",\"name\":\"mayadent.com.tr\",\"description\":\"G\u00fcvenle G\u00fcl\u00fcmse\",\"publisher\":{\"@id\":\"https:\\\/\\\/mayadent.com.tr\\\/tr\\\/#organization\"},\"potentialAction\":[{\"@type\":\"SearchAction\",\"target\":{\"@type\":\"EntryPoint\",\"urlTemplate\":\"https:\\\/\\\/mayadent.com.tr\\\/tr\\\/?s={search_term_string}\"},\"query-input\":{\"@type\":\"PropertyValueSpecification\",\"valueRequired\":true,\"valueName\":\"search_term_string\"}}],\"inLanguage\":\"tr\"},{\"@type\":\"Organization\",\"@id\":\"https:\\\/\\\/mayadent.com.tr\\\/tr\\\/#organization\",\"name\":\"MAYADENT\",\"alternateName\":\"Mayadent International\",\"url\":\"https:\\\/\\\/mayadent.com.tr\\\/tr\\\/\",\"logo\":{\"@type\":\"ImageObject\",\"inLanguage\":\"tr\",\"@id\":\"https:\\\/\\\/mayadent.com.tr\\\/tr\\\/#\\\/schema\\\/logo\\\/image\\\/\",\"url\":\"https:\\\/\\\/mayadent.com.tr\\\/tr\\\/wp-content\\\/uploads\\\/2023\\\/08\\\/Adsiz-tasarim.png\",\"contentUrl\":\"https:\\\/\\\/mayadent.com.tr\\\/tr\\\/wp-content\\\/uploads\\\/2023\\\/08\\\/Adsiz-tasarim.png\",\"width\":375,\"height\":375,\"caption\":\"MAYADENT\"},\"image\":{\"@id\":\"https:\\\/\\\/mayadent.com.tr\\\/tr\\\/#\\\/schema\\\/logo\\\/image\\\/\"},\"sameAs\":[\"https:\\\/\\\/www.facebook.com\\\/profile.php?id=100095497178358\",\"https:\\\/\\\/www.instagram.com\\\/mayadentinternational\\\/\"]}]}<\/script>\n<!-- \/ Yoast SEO plugin. -->","yoast_head_json":{"title":"Uzman Laboratuvar - MAYADENT","robots":{"index":"index","follow":"follow","max-snippet":"max-snippet:-1","max-image-preview":"max-image-preview:large","max-video-preview":"max-video-preview:-1"},"canonical":"https:\/\/mayadent.com.tr\/tr\/uzman-laboratuvar\/","og_locale":"tr_TR","og_type":"article","og_title":"Uzman Laboratuvar - MAYADENT","og_description":"[vc_row css=&#8221;.vc_custom_1551902075173{margin-top: 20px !important;margin-bottom: 50px !important;}&#8221; responsive_css=&#8221;margin_bottom_medium:100px&#8221;][vc_column video_bg=&#8221;yes&#8221; video_local_mp4_url=&#8221;https:\/\/mayadent.com.tr\/wp-content\/uploads\/2023\/02\/dentafab-3.mp4&#8243; video_local_webm_url=&#8221;https:\/\/mayadent.com.tr\/wp-content\/uploads\/2023\/02\/dentafab-3.mp4&#8243; width=&#8221;1\/2&#8243; responsive_css=&#8221;padding_top_large:40%25|padding_bottom_large:40%25|padding_top_medium:40%25|padding_bottom_medium:40%25|padding_top_small:40%25|padding_bottom_small:40%25&#8243; css=&#8221;.vc_custom_1677152467565{padding-top: 40% !important;padding-bottom: 40% !important;}&#8221;][\/vc_column][vc_column video_bg=&#8221;yes&#8221; video_local_mp4_url=&#8221;https:\/\/mayadent.com.tr\/wp-content\/uploads\/2023\/02\/WEB-SLIDER-LABORATUVAR.mp4&#8243; video_local_webm_url=&#8221;https:\/\/mayadent.com.tr\/wp-content\/uploads\/2023\/02\/WEB-SLIDER-LABORATUVAR.mp4&#8243; width=&#8221;1\/2&#8243; responsive_css=&#8221;padding_top_large:40%25|padding_bottom_large:40%25|padding_top_medium:40%25|padding_bottom_medium:40%25|padding_top_small:40%25|padding_bottom_small:40%25&#8243; css=&#8221;.vc_custom_1676885161908{padding-top: 40% !important;padding-bottom: 40% !important;}&#8221;][\/vc_column][\/vc_row][vc_row css=&#8221;.vc_custom_1551902075173{margin-top: 20px !important;margin-bottom: 50px !important;}&#8221; responsive_css=&#8221;margin_bottom_medium:100px&#8221;][vc_column][\/vc_column][\/vc_row]","og_url":"https:\/\/mayadent.com.tr\/tr\/uzman-laboratuvar\/","og_site_name":"MAYADENT","article_publisher":"https:\/\/www.facebook.com\/profile.php?id=100095497178358","article_modified_time":"2025-05-21T22:54:35+00:00","twitter_card":"summary_large_image","twitter_misc":{"Tahmini okuma s\u00fcresi":"1 dakika"},"schema":{"@context":"https:\/\/schema.org","@graph":[{"@type":"WebPage","@id":"https:\/\/mayadent.com.tr\/tr\/uzman-laboratuvar\/","url":"https:\/\/mayadent.com.tr\/tr\/uzman-laboratuvar\/","name":"Uzman Laboratuvar - MAYADENT","isPartOf":{"@id":"https:\/\/mayadent.com.tr\/tr\/#website"},"datePublished":"2023-01-13T08:50:44+00:00","dateModified":"2025-05-21T22:54:35+00:00","breadcrumb":{"@id":"https:\/\/mayadent.com.tr\/tr\/uzman-laboratuvar\/#breadcrumb"},"inLanguage":"tr","potentialAction":[{"@type":"ReadAction","target":["https:\/\/mayadent.com.tr\/tr\/uzman-laboratuvar\/"]}]},{"@type":"BreadcrumbList","@id":"https:\/\/mayadent.com.tr\/tr\/uzman-laboratuvar\/#breadcrumb","itemListElement":[{"@type":"ListItem","position":1,"name":"Anasayfa","item":"https:\/\/mayadent.com.tr\/tr\/"},{"@type":"ListItem","position":2,"name":"Uzman Laboratuvar"}]},{"@type":"WebSite","@id":"https:\/\/mayadent.com.tr\/tr\/#website","url":"https:\/\/mayadent.com.tr\/tr\/","name":"mayadent.com.tr","description":"G\u00fcvenle G\u00fcl\u00fcmse","publisher":{"@id":"https:\/\/mayadent.com.tr\/tr\/#organization"},"potentialAction":[{"@type":"SearchAction","target":{"@type":"EntryPoint","urlTemplate":"https:\/\/mayadent.com.tr\/tr\/?s={search_term_string}"},"query-input":{"@type":"PropertyValueSpecification","valueRequired":true,"valueName":"search_term_string"}}],"inLanguage":"tr"},{"@type":"Organization","@id":"https:\/\/mayadent.com.tr\/tr\/#organization","name":"MAYADENT","alternateName":"Mayadent International","url":"https:\/\/mayadent.com.tr\/tr\/","logo":{"@type":"ImageObject","inLanguage":"tr","@id":"https:\/\/mayadent.com.tr\/tr\/#\/schema\/logo\/image\/","url":"https:\/\/mayadent.com.tr\/tr\/wp-content\/uploads\/2023\/08\/Adsiz-tasarim.png","contentUrl":"https:\/\/mayadent.com.tr\/tr\/wp-content\/uploads\/2023\/08\/Adsiz-tasarim.png","width":375,"height":375,"caption":"MAYADENT"},"image":{"@id":"https:\/\/mayadent.com.tr\/tr\/#\/schema\/logo\/image\/"},"sameAs":["https:\/\/www.facebook.com\/profile.php?id=100095497178358","https:\/\/www.instagram.com\/mayadentinternational\/"]}]}},"_links":{"self":[{"href":"https:\/\/mayadent.com.tr\/tr\/wp-json\/wp\/v2\/pages\/10378","targetHints":{"allow":["GET"]}}],"collection":[{"href":"https:\/\/mayadent.com.tr\/tr\/wp-json\/wp\/v2\/pages"}],"about":[{"href":"https:\/\/mayadent.com.tr\/tr\/wp-json\/wp\/v2\/types\/page"}],"author":[{"embeddable":true,"href":"https:\/\/mayadent.com.tr\/tr\/wp-json\/wp\/v2\/users\/1"}],"replies":[{"embeddable":true,"href":"https:\/\/mayadent.com.tr\/tr\/wp-json\/wp\/v2\/comments?post=10378"}],"version-history":[{"count":1,"href":"https:\/\/mayadent.com.tr\/tr\/wp-json\/wp\/v2\/pages\/10378\/revisions"}],"predecessor-version":[{"id":12063,"href":"https:\/\/mayadent.com.tr\/tr\/wp-json\/wp\/v2\/pages\/10378\/revisions\/12063"}],"wp:attachment":[{"href":"https:\/\/mayadent.com.tr\/tr\/wp-json\/wp\/v2\/media?parent=10378"}],"curies":[{"name":"wp","href":"https:\/\/api.w.org\/{rel}","templated":true}]}}