{"id":10721,"date":"2023-01-26T14:53:30","date_gmt":"2023-01-26T11:53:30","guid":{"rendered":"http:\/\/moddbeta.xyz\/maya\/?page_id=10721"},"modified":"2023-03-30T21:59:40","modified_gmt":"2023-03-30T18:59:40","slug":"kaplamalar-veya-kronlar","status":"publish","type":"page","link":"https:\/\/mayadent.com.tr\/tr\/kaplamalar-veya-kronlar\/","title":{"rendered":"Veneer ya da Kron ?"},"content":{"rendered":"<p>[vc_row][vc_column]<style>.ld_spacer_69f37faf9040a{height:32px;}<\/style>\n<div class=\"ld-empty-space ld_spacer_69f37faf9040a\"><\/div><style>.ld_fancy_heading_69f37faf907db p{color:rgb(255, 255, 255);}.ld_fancy_heading_69f37faf907db .lqd-highlight-inner{height:0.275em!important;bottom:0px!important;}<\/style><div class=\"ld-fancy-heading ld_fancy_heading_69f37faf907db\">\n\t<p class=\"ld-fh-element lqd-highlight-underline lqd-highlight-grow-left text-decoration-default\"   >  <strong>Veneer ve kron aras\u0131ndaki fark nedir?<\/strong><br \/>\nVeneer , mevcut di\u015finizin \u00f6n\u00fcne yap\u0131\u015ft\u0131r\u0131lan, yakla\u015f\u0131k 1 milimetre (mm) kal\u0131nl\u0131\u011f\u0131nda \u00e7ok ince bir porselen veya di\u011fer malzeme tabakas\u0131d\u0131r.<br \/>\nKuron yakla\u015f\u0131k 2 mm kal\u0131nl\u0131\u011f\u0131ndad\u0131r ve t\u00fcm di\u015fi kaplar. Tamamen porselen, bir metal ala\u015f\u0131m\u0131na (PFM) kayna\u015fm\u0131\u015f porselen veya tamamen metal bir ala\u015f\u0131m olabilir.<br \/>\nVeneer veya kuronun sizin i\u00e7in do\u011fru olup olmad\u0131\u011f\u0131, di\u015flerinizin durumuna ve neyi d\u00fczeltmeye \u00e7al\u0131\u015ft\u0131\u011f\u0131n\u0131za ba\u011fl\u0131 olacakt\u0131r. Restorasyon i\u00e7in genel ko\u015fullar \u015funlard\u0131r:<br \/>\n\u2022 Renksiz di\u015fler<br \/>\n\u2022 \u00c7atlak veya k\u0131r\u0131k di\u015fler<br \/>\n\u2022 \u00c7\u00fcr\u00fcm\u00fc\u015f veya zay\u0131flam\u0131\u015f di\u015fler<br \/>\n\u2022 \u00c7arp\u0131k di\u015fler<br \/>\nTamamen metal kuronlar hari\u00e7 hem kuron hem de veneer di\u015flerinizle ayn\u0131 renktedir.<br \/>\n<strong>Veneer nedir?<\/strong><br \/>\nBir kaplama di\u015finizin sadece \u00f6n y\u00fczeyini kaplar. Kronlar kadar invaziv de\u011fillerdir, \u00e7\u00fcnk\u00fc haz\u0131rl\u0131k, orijinal di\u015finizin \u00e7o\u011funu sa\u011flam b\u0131rak\u0131r.<br \/>\nKaplamay\u0131 yap\u0131\u015ft\u0131rmak i\u00e7in y\u00fczeyi p\u00fcr\u00fczs\u00fczle\u015ftirmek amac\u0131yla di\u015fin \u00f6n taraf\u0131ndaki minenin yakla\u015f\u0131k yar\u0131m milimetresi t\u00f6rp\u00fclenir. Baz\u0131 yeni kaplama t\u00fcrleri, di\u015f y\u00fczeyinin \u00e7ok fazla t\u00f6rp\u00fclenmesine ihtiya\u00e7 duymaz. Bunun i\u00e7in lokal anesteziye ihtiyac\u0131n\u0131z olabilir, \u00e7\u00fcnk\u00fc ta\u015flama a\u011fr\u0131l\u0131 olabilir.<br \/>\n<strong>Kron nedir?<\/strong><br \/>\nBir kuron t\u00fcm di\u015fi kaplar. Bir kuronla, kuron yerle\u015fimine haz\u0131rlanmak i\u00e7in di\u015fin daha fazlas\u0131n\u0131n t\u00f6rp\u00fclenmesi\u00a0 gerekir.<br \/>\nDi\u015f \u00e7\u00fcr\u00fc\u011f\u00fcn\u00fcz varsa, di\u015f hekiminiz kuronu yapmadan \u00f6nce di\u015fin \u00e7\u00fcr\u00fcm\u00fc\u015f k\u0131sm\u0131n\u0131 \u00e7\u0131karacakt\u0131r. Bu durumda, kuronu desteklemek i\u00e7in di\u015finizin yap\u0131lmas\u0131 gerekebilir.<\/p>\n<p><strong>Hangisinin sizin i\u00e7in do\u011fru oldu\u011funu nas\u0131l anlars\u0131n\u0131z?<\/strong><br \/>\nDi\u015finizde b\u00fcy\u00fck bir dolgu, k\u00f6k kanal\u0131 varsa veya \u00e7ok a\u015f\u0131nm\u0131\u015fsa ya da \u00e7atlam\u0131\u015fsa, muhtemelen en iyi se\u00e7enek kurondur.<br \/>\nDi\u015finiz temelde sa\u011flamsa ve restorasyon kozmetik ama\u00e7l\u0131ysa, kaplama en iyi se\u00e7enek olabilir. Kaplamalar, k\u00fc\u00e7\u00fck \u015fekil d\u00fczeltmeleri i\u00e7in de kullan\u0131labilir.<br \/>\n<strong>Kaplama art\u0131lar\u0131<\/strong><br \/>\n\u2022 Uzun vadede kronlardan daha estetik olabilirler, \u00e7\u00fcnk\u00fc kronlar\u0131n bazen yapt\u0131\u011f\u0131 gibi birka\u00e7 y\u0131l sonra di\u015f eti marj\u0131 g\u00f6stermezler.<br \/>\n\u2022 Baz\u0131 kaplamalar \u00e7ok fazla d\u00fczeltme gerektirmez, bu nedenle sa\u011fl\u0131kl\u0131 do\u011fal di\u015finizin daha fazlas\u0131 kal\u0131r.<br \/>\n\u2022 Kaplamal\u0131 di\u015fler minimum hareketlili\u011fe sahiptir.<br \/>\n<strong>Kaplama eksileri<\/strong><br \/>\n\u2022 Kaplamalar, di\u015finizin daha fazla alan\u0131n\u0131 yeni \u00e7\u00fcr\u00fcmeye maruz b\u0131rak\u0131r.<br \/>\n\u2022 Kompozit kaplamalar daha ucuzdur, ancak yaln\u0131zca 5-7 y\u0131l dayanabilir. Di\u011fer malzemeler daha uzun s\u00fcre dayan\u0131r, ancak de\u011fi\u015ftirilmeleri gerekebilir.<br \/>\n\u2022 Kaplamalar geri al\u0131namaz.<\/p>\n<p><strong>Kron art\u0131lar\u0131<\/strong><br \/>\n\u2022 Di\u015fin tamam\u0131 kaplan\u0131r, b\u00f6ylece di\u015finiz \u00e7\u00fcr\u00fcmeye kar\u015f\u0131 daha fazla korunur.<br \/>\n\u2022 Porselen kronlar t\u0131pk\u0131 do\u011fal di\u015fleriniz gibi g\u00f6r\u00fcn\u00fcr ve hissedilir.<br \/>\n\u2022 Kronlar nispeten kal\u0131c\u0131d\u0131r ve protezlerin yapt\u0131\u011f\u0131 gibi temizlik i\u00e7in \u00e7\u0131kar\u0131lmas\u0131 gerekmez.<br \/>\n<strong>Kron eksileri<\/strong><br \/>\n\u2022 Kron i\u00e7in yer a\u00e7mak i\u00e7in do\u011fal di\u015finizden daha fazlas\u0131 \u00e7\u0131kar\u0131l\u0131r.<br \/>\nKaplamal\u0131 di\u015finiz ba\u015flang\u0131\u00e7ta s\u0131ca\u011fa ve so\u011fu\u011fa kar\u015f\u0131 daha hassas olabilir ve di\u015f eti a\u011fr\u0131s\u0131 ya\u015fayabilirsiniz.<br \/>\nHem kaplamalar hem de kuronlar g\u00fcl\u00fcmsemenizi ve di\u015flerinizin i\u015flevini iyile\u015ftirebilir. Her ikisi de, \u00f6zellikle birden fazla di\u015f s\u00f6z konusu oldu\u011funda maliyetli prosed\u00fcrlerdir.<br \/>\nKaplamalar, \u00f6zellikle \u00f6n di\u015fleriniz olmak \u00fczere \u00e7arp\u0131k veya yontulmu\u015f di\u015fleri kaplamak gibi kozmetik iyile\u015ftirme istedi\u011finizde kullan\u0131l\u0131r.<br \/>\nKronlar, di\u015f \u00e7ok fazla \u00e7\u00fcr\u00fcd\u00fc\u011f\u00fcnde, k\u0131r\u0131ld\u0131\u011f\u0131nda veya kanal tedavisine ihtiya\u00e7 duydu\u011funda kullan\u0131l\u0131r. Biti\u015fik di\u015fleri desteklemeniz gerekti\u011finde kronlar daha uygun olabilir.<br \/>\nD\u00fczenli di\u015f muayenesi yapt\u0131rmak ve iyi di\u015f hijyeni uygulamak, kaplaman\u0131z\u0131 veya kuronunuzu ve di\u011fer di\u015flerinizi korumak i\u00e7in \u00e7ok \u00f6nemlidir. Ki\u015fisel endikasyonunuzla ilgili son karar\u0131 kesinlikle doktorunuza b\u0131rak\u0131n.<\/p><\/div>[\/vc_column][\/vc_row]<\/p>\n","protected":false},"excerpt":{"rendered":"<p>[vc_row][vc_column][\/vc_column][\/vc_row]<\/p>\n","protected":false},"author":1,"featured_media":0,"parent":0,"menu_order":0,"comment_status":"closed","ping_status":"closed","template":"","meta":{"footnotes":""},"class_list":["post-10721","page","type-page","status-publish","hentry"],"yoast_head":"<!-- This site is optimized with the Yoast SEO plugin v27.3 - https:\/\/yoast.com\/product\/yoast-seo-wordpress\/ -->\n<title>Veneer ya da Kron ? - MAYADENT<\/title>\n<meta name=\"robots\" content=\"index, follow, max-snippet:-1, max-image-preview:large, max-video-preview:-1\" \/>\n<link rel=\"canonical\" href=\"https:\/\/mayadent.com.tr\/tr\/kaplamalar-veya-kronlar\/\" \/>\n<meta property=\"og:locale\" content=\"tr_TR\" \/>\n<meta property=\"og:type\" content=\"article\" \/>\n<meta property=\"og:title\" content=\"Veneer ya da Kron ? - MAYADENT\" \/>\n<meta property=\"og:description\" content=\"[vc_row][vc_column][\/vc_column][\/vc_row]\" \/>\n<meta property=\"og:url\" content=\"https:\/\/mayadent.com.tr\/tr\/kaplamalar-veya-kronlar\/\" \/>\n<meta property=\"og:site_name\" content=\"MAYADENT\" \/>\n<meta property=\"article:publisher\" content=\"https:\/\/www.facebook.com\/profile.php?id=100095497178358\" \/>\n<meta property=\"article:modified_time\" content=\"2023-03-30T18:59:40+00:00\" \/>\n<meta name=\"twitter:card\" content=\"summary_large_image\" \/>\n<meta name=\"twitter:label1\" content=\"Tahmini okuma s\u00fcresi\" \/>\n\t<meta name=\"twitter:data1\" content=\"3 dakika\" \/>\n<script type=\"application\/ld+json\" class=\"yoast-schema-graph\">{\"@context\":\"https:\\\/\\\/schema.org\",\"@graph\":[{\"@type\":\"WebPage\",\"@id\":\"https:\\\/\\\/mayadent.com.tr\\\/tr\\\/kaplamalar-veya-kronlar\\\/\",\"url\":\"https:\\\/\\\/mayadent.com.tr\\\/tr\\\/kaplamalar-veya-kronlar\\\/\",\"name\":\"Veneer ya da Kron ? - MAYADENT\",\"isPartOf\":{\"@id\":\"https:\\\/\\\/mayadent.com.tr\\\/tr\\\/#website\"},\"datePublished\":\"2023-01-26T11:53:30+00:00\",\"dateModified\":\"2023-03-30T18:59:40+00:00\",\"breadcrumb\":{\"@id\":\"https:\\\/\\\/mayadent.com.tr\\\/tr\\\/kaplamalar-veya-kronlar\\\/#breadcrumb\"},\"inLanguage\":\"tr\",\"potentialAction\":[{\"@type\":\"ReadAction\",\"target\":[\"https:\\\/\\\/mayadent.com.tr\\\/tr\\\/kaplamalar-veya-kronlar\\\/\"]}]},{\"@type\":\"BreadcrumbList\",\"@id\":\"https:\\\/\\\/mayadent.com.tr\\\/tr\\\/kaplamalar-veya-kronlar\\\/#breadcrumb\",\"itemListElement\":[{\"@type\":\"ListItem\",\"position\":1,\"name\":\"Anasayfa\",\"item\":\"https:\\\/\\\/mayadent.com.tr\\\/tr\\\/\"},{\"@type\":\"ListItem\",\"position\":2,\"name\":\"Veneer ya da Kron ?\"}]},{\"@type\":\"WebSite\",\"@id\":\"https:\\\/\\\/mayadent.com.tr\\\/tr\\\/#website\",\"url\":\"https:\\\/\\\/mayadent.com.tr\\\/tr\\\/\",\"name\":\"mayadent.com.tr\",\"description\":\"G\u00fcvenle G\u00fcl\u00fcmse\",\"publisher\":{\"@id\":\"https:\\\/\\\/mayadent.com.tr\\\/tr\\\/#organization\"},\"potentialAction\":[{\"@type\":\"SearchAction\",\"target\":{\"@type\":\"EntryPoint\",\"urlTemplate\":\"https:\\\/\\\/mayadent.com.tr\\\/tr\\\/?s={search_term_string}\"},\"query-input\":{\"@type\":\"PropertyValueSpecification\",\"valueRequired\":true,\"valueName\":\"search_term_string\"}}],\"inLanguage\":\"tr\"},{\"@type\":\"Organization\",\"@id\":\"https:\\\/\\\/mayadent.com.tr\\\/tr\\\/#organization\",\"name\":\"MAYADENT\",\"alternateName\":\"Mayadent International\",\"url\":\"https:\\\/\\\/mayadent.com.tr\\\/tr\\\/\",\"logo\":{\"@type\":\"ImageObject\",\"inLanguage\":\"tr\",\"@id\":\"https:\\\/\\\/mayadent.com.tr\\\/tr\\\/#\\\/schema\\\/logo\\\/image\\\/\",\"url\":\"https:\\\/\\\/mayadent.com.tr\\\/tr\\\/wp-content\\\/uploads\\\/2023\\\/08\\\/Adsiz-tasarim.png\",\"contentUrl\":\"https:\\\/\\\/mayadent.com.tr\\\/tr\\\/wp-content\\\/uploads\\\/2023\\\/08\\\/Adsiz-tasarim.png\",\"width\":375,\"height\":375,\"caption\":\"MAYADENT\"},\"image\":{\"@id\":\"https:\\\/\\\/mayadent.com.tr\\\/tr\\\/#\\\/schema\\\/logo\\\/image\\\/\"},\"sameAs\":[\"https:\\\/\\\/www.facebook.com\\\/profile.php?id=100095497178358\",\"https:\\\/\\\/www.instagram.com\\\/mayadentinternational\\\/\"]}]}<\/script>\n<!-- \/ Yoast SEO plugin. -->","yoast_head_json":{"title":"Veneer ya da Kron ? - MAYADENT","robots":{"index":"index","follow":"follow","max-snippet":"max-snippet:-1","max-image-preview":"max-image-preview:large","max-video-preview":"max-video-preview:-1"},"canonical":"https:\/\/mayadent.com.tr\/tr\/kaplamalar-veya-kronlar\/","og_locale":"tr_TR","og_type":"article","og_title":"Veneer ya da Kron ? - MAYADENT","og_description":"[vc_row][vc_column][\/vc_column][\/vc_row]","og_url":"https:\/\/mayadent.com.tr\/tr\/kaplamalar-veya-kronlar\/","og_site_name":"MAYADENT","article_publisher":"https:\/\/www.facebook.com\/profile.php?id=100095497178358","article_modified_time":"2023-03-30T18:59:40+00:00","twitter_card":"summary_large_image","twitter_misc":{"Tahmini okuma s\u00fcresi":"3 dakika"},"schema":{"@context":"https:\/\/schema.org","@graph":[{"@type":"WebPage","@id":"https:\/\/mayadent.com.tr\/tr\/kaplamalar-veya-kronlar\/","url":"https:\/\/mayadent.com.tr\/tr\/kaplamalar-veya-kronlar\/","name":"Veneer ya da Kron ? - MAYADENT","isPartOf":{"@id":"https:\/\/mayadent.com.tr\/tr\/#website"},"datePublished":"2023-01-26T11:53:30+00:00","dateModified":"2023-03-30T18:59:40+00:00","breadcrumb":{"@id":"https:\/\/mayadent.com.tr\/tr\/kaplamalar-veya-kronlar\/#breadcrumb"},"inLanguage":"tr","potentialAction":[{"@type":"ReadAction","target":["https:\/\/mayadent.com.tr\/tr\/kaplamalar-veya-kronlar\/"]}]},{"@type":"BreadcrumbList","@id":"https:\/\/mayadent.com.tr\/tr\/kaplamalar-veya-kronlar\/#breadcrumb","itemListElement":[{"@type":"ListItem","position":1,"name":"Anasayfa","item":"https:\/\/mayadent.com.tr\/tr\/"},{"@type":"ListItem","position":2,"name":"Veneer ya da Kron ?"}]},{"@type":"WebSite","@id":"https:\/\/mayadent.com.tr\/tr\/#website","url":"https:\/\/mayadent.com.tr\/tr\/","name":"mayadent.com.tr","description":"G\u00fcvenle G\u00fcl\u00fcmse","publisher":{"@id":"https:\/\/mayadent.com.tr\/tr\/#organization"},"potentialAction":[{"@type":"SearchAction","target":{"@type":"EntryPoint","urlTemplate":"https:\/\/mayadent.com.tr\/tr\/?s={search_term_string}"},"query-input":{"@type":"PropertyValueSpecification","valueRequired":true,"valueName":"search_term_string"}}],"inLanguage":"tr"},{"@type":"Organization","@id":"https:\/\/mayadent.com.tr\/tr\/#organization","name":"MAYADENT","alternateName":"Mayadent International","url":"https:\/\/mayadent.com.tr\/tr\/","logo":{"@type":"ImageObject","inLanguage":"tr","@id":"https:\/\/mayadent.com.tr\/tr\/#\/schema\/logo\/image\/","url":"https:\/\/mayadent.com.tr\/tr\/wp-content\/uploads\/2023\/08\/Adsiz-tasarim.png","contentUrl":"https:\/\/mayadent.com.tr\/tr\/wp-content\/uploads\/2023\/08\/Adsiz-tasarim.png","width":375,"height":375,"caption":"MAYADENT"},"image":{"@id":"https:\/\/mayadent.com.tr\/tr\/#\/schema\/logo\/image\/"},"sameAs":["https:\/\/www.facebook.com\/profile.php?id=100095497178358","https:\/\/www.instagram.com\/mayadentinternational\/"]}]}},"_links":{"self":[{"href":"https:\/\/mayadent.com.tr\/tr\/wp-json\/wp\/v2\/pages\/10721","targetHints":{"allow":["GET"]}}],"collection":[{"href":"https:\/\/mayadent.com.tr\/tr\/wp-json\/wp\/v2\/pages"}],"about":[{"href":"https:\/\/mayadent.com.tr\/tr\/wp-json\/wp\/v2\/types\/page"}],"author":[{"embeddable":true,"href":"https:\/\/mayadent.com.tr\/tr\/wp-json\/wp\/v2\/users\/1"}],"replies":[{"embeddable":true,"href":"https:\/\/mayadent.com.tr\/tr\/wp-json\/wp\/v2\/comments?post=10721"}],"version-history":[{"count":0,"href":"https:\/\/mayadent.com.tr\/tr\/wp-json\/wp\/v2\/pages\/10721\/revisions"}],"wp:attachment":[{"href":"https:\/\/mayadent.com.tr\/tr\/wp-json\/wp\/v2\/media?parent=10721"}],"curies":[{"name":"wp","href":"https:\/\/api.w.org\/{rel}","templated":true}]}}