{"id":10762,"date":"2023-01-26T18:15:40","date_gmt":"2023-01-26T15:15:40","guid":{"rendered":"http:\/\/moddbeta.xyz\/maya\/?page_id=10762"},"modified":"2023-03-30T16:03:58","modified_gmt":"2023-03-30T13:03:58","slug":"beyaz-dis-hekimligi-ile-pembe-estetik-arasindaki-fark-nedir","status":"publish","type":"page","link":"https:\/\/mayadent.com.tr\/tr\/beyaz-dis-hekimligi-ile-pembe-estetik-arasindaki-fark-nedir\/","title":{"rendered":"Di\u015fhekimli\u011finde pembe estetik nedir?"},"content":{"rendered":"<p>[vc_row][vc_column]<style>.ld_spacer_69e7a599972c2{height:32px;}<\/style>\n<div class=\"ld-empty-space ld_spacer_69e7a599972c2\"><\/div><style>.ld_fancy_heading_69e7a59997515 p{color:rgb(255, 255, 255);}.ld_fancy_heading_69e7a59997515 .lqd-highlight-inner{height:0.275em!important;bottom:0px!important;}<\/style><div class=\"ld-fancy-heading ld_fancy_heading_69e7a59997515\">\n\t<p class=\"ld-fh-element lqd-highlight-underline lqd-highlight-grow-left text-decoration-default\"   >  G\u00fcl\u00fc\u015f esteti\u011finde pembe estetik dedi\u011fimiz di\u015f eti esteti\u011fi tedavinin temeli say\u0131labilir. Pembe estetik, di\u015f etlerinin yap\u0131s\u0131nda ve renginde yap\u0131lan ayarlamalar\u0131 ve de\u011fi\u015fiklikleri ifade eden bir tedavi \u015feklidir.<br \/>\nBu gibi durumlarda hastan\u0131n di\u015f eti \u00f6l\u00e7\u00fclerek di\u015f eti ve ki\u015finin sa\u011fl\u0131\u011f\u0131n\u0131 etkilemeden di\u015f eti seviyesi yukar\u0131ya do\u011fru \u00e7ekilir. Di\u015f eti esteti\u011fi sayesinde ki\u015finin di\u015f etleri daha az g\u00f6r\u00fcn\u00fcr olacak ve daha g\u00fczel bir g\u00fcl\u00fc\u015fe sahip olacakt\u0131r.<\/p>\n<p><strong>Pembe Estetik y\u00f6ntemleri<\/strong><br \/>\nPembe Estetik olarak da adland\u0131r\u0131lan di\u015f eti esteti\u011finde tek bir y\u00f6ntem uygulanmaz. Farkl\u0131 problemler i\u00e7in kullan\u0131lan farkl\u0131 teknikler ve tedavi s\u00fcre\u00e7leri vard\u0131r.<br \/>\n<strong>Rejeneratif<\/strong>:\u00a0Di\u015f eti hastal\u0131klar\u0131 nedeniyle tahrip olmu\u015f destek dokular\u0131n v\u00fccudun kendi \u00fcretim mekanizmalar\u0131n\u0131 uyararak yeniden yap\u0131land\u0131r\u0131lmas\u0131 i\u00e7in uygulan\u0131r.<br \/>\n<strong>Gingivektomi<\/strong>:\u00a0Di\u015feti b\u00fcy\u00fcmesinin ve derin ceplerin olu\u015ftu\u011fu b\u00f6lgelerdeki fazla di\u015f etlerinin al\u0131nmas\u0131 i\u015flemidir. Di\u015f etleri seviyelendirilir ve hastaya estetik bir g\u00f6r\u00fcn\u00fcm kazand\u0131r\u0131l\u0131r.<br \/>\n<strong>Gingivoplasti<\/strong>:\u00a0Fazla di\u015feti veya asimetrik seviyelemeyi d\u00fczeltmek i\u00e7in uygulanan y\u00f6ntem. Tamamlay\u0131c\u0131 protetik tedaviler (Lamina, Zirkonyum vb.) ile daha estetik bir g\u00f6r\u00fcn\u00fcm elde edilir.<br \/>\n<strong>Kron Boyu Uzatma<\/strong>:\u00a0Zamanla olu\u015fan doku kayb\u0131n\u0131 tolere edebilmek i\u00e7in fazla di\u015f eti dokusunun uzakla\u015ft\u0131r\u0131lmas\u0131 ve kemi\u011fin yeniden \u015fekillendirilerek di\u015flerde daha uzun bir g\u00f6r\u00fcn\u00fcm elde edilmesi y\u00f6ntemidir.<br \/>\n<strong>Avantajlar\u0131 nelerdir?<\/strong><br \/>\n\u2022 Di\u015f kayb\u0131 \u00f6nlenir.<br \/>\n\u2022 Di\u015f uzunluklar\u0131 di\u011fer di\u015flerle orant\u0131l\u0131 hale getirilir.<br \/>\n\u2022 Di\u015f enfeksiyonlar\u0131 tedavi edilerek tekrarlamas\u0131 engellenir.<br \/>\n\u2022 Estetik kayg\u0131lar\u0131n yan\u0131 s\u0131ra g\u00fcl\u00fcmseme sorunlar\u0131 da giderilir.<br \/>\n\u2022 Di\u015fleri destekleyen dokular eski sa\u011fl\u0131\u011f\u0131na kavu\u015fur.<\/p><\/div>[\/vc_column][\/vc_row]<\/p>\n","protected":false},"excerpt":{"rendered":"<p>[vc_row][vc_column][\/vc_column][\/vc_row]<\/p>\n","protected":false},"author":1,"featured_media":0,"parent":0,"menu_order":0,"comment_status":"closed","ping_status":"closed","template":"","meta":{"footnotes":""},"class_list":["post-10762","page","type-page","status-publish","hentry"],"yoast_head":"<!-- This site is optimized with the Yoast SEO plugin v27.3 - https:\/\/yoast.com\/product\/yoast-seo-wordpress\/ -->\n<title>Di\u015fhekimli\u011finde pembe estetik nedir? - MAYADENT<\/title>\n<meta name=\"robots\" content=\"index, follow, max-snippet:-1, max-image-preview:large, max-video-preview:-1\" \/>\n<link rel=\"canonical\" href=\"https:\/\/mayadent.com.tr\/tr\/beyaz-dis-hekimligi-ile-pembe-estetik-arasindaki-fark-nedir\/\" \/>\n<meta property=\"og:locale\" content=\"tr_TR\" \/>\n<meta property=\"og:type\" content=\"article\" \/>\n<meta property=\"og:title\" content=\"Di\u015fhekimli\u011finde pembe estetik nedir? - MAYADENT\" \/>\n<meta property=\"og:description\" content=\"[vc_row][vc_column][\/vc_column][\/vc_row]\" \/>\n<meta property=\"og:url\" content=\"https:\/\/mayadent.com.tr\/tr\/beyaz-dis-hekimligi-ile-pembe-estetik-arasindaki-fark-nedir\/\" \/>\n<meta property=\"og:site_name\" content=\"MAYADENT\" \/>\n<meta property=\"article:publisher\" content=\"https:\/\/www.facebook.com\/profile.php?id=100095497178358\" \/>\n<meta property=\"article:modified_time\" content=\"2023-03-30T13:03:58+00:00\" \/>\n<meta name=\"twitter:card\" content=\"summary_large_image\" \/>\n<meta name=\"twitter:label1\" content=\"Tahmini okuma s\u00fcresi\" \/>\n\t<meta name=\"twitter:data1\" content=\"2 dakika\" \/>\n<script type=\"application\/ld+json\" class=\"yoast-schema-graph\">{\"@context\":\"https:\\\/\\\/schema.org\",\"@graph\":[{\"@type\":\"WebPage\",\"@id\":\"https:\\\/\\\/mayadent.com.tr\\\/tr\\\/beyaz-dis-hekimligi-ile-pembe-estetik-arasindaki-fark-nedir\\\/\",\"url\":\"https:\\\/\\\/mayadent.com.tr\\\/tr\\\/beyaz-dis-hekimligi-ile-pembe-estetik-arasindaki-fark-nedir\\\/\",\"name\":\"Di\u015fhekimli\u011finde pembe estetik nedir? - MAYADENT\",\"isPartOf\":{\"@id\":\"https:\\\/\\\/mayadent.com.tr\\\/tr\\\/#website\"},\"datePublished\":\"2023-01-26T15:15:40+00:00\",\"dateModified\":\"2023-03-30T13:03:58+00:00\",\"breadcrumb\":{\"@id\":\"https:\\\/\\\/mayadent.com.tr\\\/tr\\\/beyaz-dis-hekimligi-ile-pembe-estetik-arasindaki-fark-nedir\\\/#breadcrumb\"},\"inLanguage\":\"tr\",\"potentialAction\":[{\"@type\":\"ReadAction\",\"target\":[\"https:\\\/\\\/mayadent.com.tr\\\/tr\\\/beyaz-dis-hekimligi-ile-pembe-estetik-arasindaki-fark-nedir\\\/\"]}]},{\"@type\":\"BreadcrumbList\",\"@id\":\"https:\\\/\\\/mayadent.com.tr\\\/tr\\\/beyaz-dis-hekimligi-ile-pembe-estetik-arasindaki-fark-nedir\\\/#breadcrumb\",\"itemListElement\":[{\"@type\":\"ListItem\",\"position\":1,\"name\":\"Anasayfa\",\"item\":\"https:\\\/\\\/mayadent.com.tr\\\/tr\\\/\"},{\"@type\":\"ListItem\",\"position\":2,\"name\":\"Di\u015fhekimli\u011finde pembe estetik nedir?\"}]},{\"@type\":\"WebSite\",\"@id\":\"https:\\\/\\\/mayadent.com.tr\\\/tr\\\/#website\",\"url\":\"https:\\\/\\\/mayadent.com.tr\\\/tr\\\/\",\"name\":\"mayadent.com.tr\",\"description\":\"G\u00fcvenle G\u00fcl\u00fcmse\",\"publisher\":{\"@id\":\"https:\\\/\\\/mayadent.com.tr\\\/tr\\\/#organization\"},\"potentialAction\":[{\"@type\":\"SearchAction\",\"target\":{\"@type\":\"EntryPoint\",\"urlTemplate\":\"https:\\\/\\\/mayadent.com.tr\\\/tr\\\/?s={search_term_string}\"},\"query-input\":{\"@type\":\"PropertyValueSpecification\",\"valueRequired\":true,\"valueName\":\"search_term_string\"}}],\"inLanguage\":\"tr\"},{\"@type\":\"Organization\",\"@id\":\"https:\\\/\\\/mayadent.com.tr\\\/tr\\\/#organization\",\"name\":\"MAYADENT\",\"alternateName\":\"Mayadent International\",\"url\":\"https:\\\/\\\/mayadent.com.tr\\\/tr\\\/\",\"logo\":{\"@type\":\"ImageObject\",\"inLanguage\":\"tr\",\"@id\":\"https:\\\/\\\/mayadent.com.tr\\\/tr\\\/#\\\/schema\\\/logo\\\/image\\\/\",\"url\":\"https:\\\/\\\/mayadent.com.tr\\\/tr\\\/wp-content\\\/uploads\\\/2023\\\/08\\\/Adsiz-tasarim.png\",\"contentUrl\":\"https:\\\/\\\/mayadent.com.tr\\\/tr\\\/wp-content\\\/uploads\\\/2023\\\/08\\\/Adsiz-tasarim.png\",\"width\":375,\"height\":375,\"caption\":\"MAYADENT\"},\"image\":{\"@id\":\"https:\\\/\\\/mayadent.com.tr\\\/tr\\\/#\\\/schema\\\/logo\\\/image\\\/\"},\"sameAs\":[\"https:\\\/\\\/www.facebook.com\\\/profile.php?id=100095497178358\",\"https:\\\/\\\/www.instagram.com\\\/mayadentinternational\\\/\"]}]}<\/script>\n<!-- \/ Yoast SEO plugin. -->","yoast_head_json":{"title":"Di\u015fhekimli\u011finde pembe estetik nedir? - MAYADENT","robots":{"index":"index","follow":"follow","max-snippet":"max-snippet:-1","max-image-preview":"max-image-preview:large","max-video-preview":"max-video-preview:-1"},"canonical":"https:\/\/mayadent.com.tr\/tr\/beyaz-dis-hekimligi-ile-pembe-estetik-arasindaki-fark-nedir\/","og_locale":"tr_TR","og_type":"article","og_title":"Di\u015fhekimli\u011finde pembe estetik nedir? - MAYADENT","og_description":"[vc_row][vc_column][\/vc_column][\/vc_row]","og_url":"https:\/\/mayadent.com.tr\/tr\/beyaz-dis-hekimligi-ile-pembe-estetik-arasindaki-fark-nedir\/","og_site_name":"MAYADENT","article_publisher":"https:\/\/www.facebook.com\/profile.php?id=100095497178358","article_modified_time":"2023-03-30T13:03:58+00:00","twitter_card":"summary_large_image","twitter_misc":{"Tahmini okuma s\u00fcresi":"2 dakika"},"schema":{"@context":"https:\/\/schema.org","@graph":[{"@type":"WebPage","@id":"https:\/\/mayadent.com.tr\/tr\/beyaz-dis-hekimligi-ile-pembe-estetik-arasindaki-fark-nedir\/","url":"https:\/\/mayadent.com.tr\/tr\/beyaz-dis-hekimligi-ile-pembe-estetik-arasindaki-fark-nedir\/","name":"Di\u015fhekimli\u011finde pembe estetik nedir? - MAYADENT","isPartOf":{"@id":"https:\/\/mayadent.com.tr\/tr\/#website"},"datePublished":"2023-01-26T15:15:40+00:00","dateModified":"2023-03-30T13:03:58+00:00","breadcrumb":{"@id":"https:\/\/mayadent.com.tr\/tr\/beyaz-dis-hekimligi-ile-pembe-estetik-arasindaki-fark-nedir\/#breadcrumb"},"inLanguage":"tr","potentialAction":[{"@type":"ReadAction","target":["https:\/\/mayadent.com.tr\/tr\/beyaz-dis-hekimligi-ile-pembe-estetik-arasindaki-fark-nedir\/"]}]},{"@type":"BreadcrumbList","@id":"https:\/\/mayadent.com.tr\/tr\/beyaz-dis-hekimligi-ile-pembe-estetik-arasindaki-fark-nedir\/#breadcrumb","itemListElement":[{"@type":"ListItem","position":1,"name":"Anasayfa","item":"https:\/\/mayadent.com.tr\/tr\/"},{"@type":"ListItem","position":2,"name":"Di\u015fhekimli\u011finde pembe estetik nedir?"}]},{"@type":"WebSite","@id":"https:\/\/mayadent.com.tr\/tr\/#website","url":"https:\/\/mayadent.com.tr\/tr\/","name":"mayadent.com.tr","description":"G\u00fcvenle G\u00fcl\u00fcmse","publisher":{"@id":"https:\/\/mayadent.com.tr\/tr\/#organization"},"potentialAction":[{"@type":"SearchAction","target":{"@type":"EntryPoint","urlTemplate":"https:\/\/mayadent.com.tr\/tr\/?s={search_term_string}"},"query-input":{"@type":"PropertyValueSpecification","valueRequired":true,"valueName":"search_term_string"}}],"inLanguage":"tr"},{"@type":"Organization","@id":"https:\/\/mayadent.com.tr\/tr\/#organization","name":"MAYADENT","alternateName":"Mayadent International","url":"https:\/\/mayadent.com.tr\/tr\/","logo":{"@type":"ImageObject","inLanguage":"tr","@id":"https:\/\/mayadent.com.tr\/tr\/#\/schema\/logo\/image\/","url":"https:\/\/mayadent.com.tr\/tr\/wp-content\/uploads\/2023\/08\/Adsiz-tasarim.png","contentUrl":"https:\/\/mayadent.com.tr\/tr\/wp-content\/uploads\/2023\/08\/Adsiz-tasarim.png","width":375,"height":375,"caption":"MAYADENT"},"image":{"@id":"https:\/\/mayadent.com.tr\/tr\/#\/schema\/logo\/image\/"},"sameAs":["https:\/\/www.facebook.com\/profile.php?id=100095497178358","https:\/\/www.instagram.com\/mayadentinternational\/"]}]}},"_links":{"self":[{"href":"https:\/\/mayadent.com.tr\/tr\/wp-json\/wp\/v2\/pages\/10762","targetHints":{"allow":["GET"]}}],"collection":[{"href":"https:\/\/mayadent.com.tr\/tr\/wp-json\/wp\/v2\/pages"}],"about":[{"href":"https:\/\/mayadent.com.tr\/tr\/wp-json\/wp\/v2\/types\/page"}],"author":[{"embeddable":true,"href":"https:\/\/mayadent.com.tr\/tr\/wp-json\/wp\/v2\/users\/1"}],"replies":[{"embeddable":true,"href":"https:\/\/mayadent.com.tr\/tr\/wp-json\/wp\/v2\/comments?post=10762"}],"version-history":[{"count":0,"href":"https:\/\/mayadent.com.tr\/tr\/wp-json\/wp\/v2\/pages\/10762\/revisions"}],"wp:attachment":[{"href":"https:\/\/mayadent.com.tr\/tr\/wp-json\/wp\/v2\/media?parent=10762"}],"curies":[{"name":"wp","href":"https:\/\/api.w.org\/{rel}","templated":true}]}}