{"id":10766,"date":"2023-01-26T18:22:29","date_gmt":"2023-01-26T15:22:29","guid":{"rendered":"http:\/\/moddbeta.xyz\/maya\/?page_id=10766"},"modified":"2025-05-22T01:31:46","modified_gmt":"2025-05-21T22:31:46","slug":"dis-beyazlatma-ne-kadar-surer-ve-daha-uzun-sure-dayanmasi-icin-nelere-dikkat-etmeliyim","status":"publish","type":"page","link":"https:\/\/mayadent.com.tr\/tr\/dis-beyazlatma-ne-kadar-surer-ve-daha-uzun-sure-dayanmasi-icin-nelere-dikkat-etmeliyim\/","title":{"rendered":"Di\u015f beyazlatma i\u015flemi ne kadar s\u00fcrer ve daha uzun s\u00fcre kal\u0131c\u0131 olmas\u0131 i\u00e7in nelere dikkat etmeliyim?"},"content":{"rendered":"<p>[vc_row][vc_column]<style>.ld_spacer_69e641de63e1b{height:32px;}<\/style>\n<div class=\"ld-empty-space ld_spacer_69e641de63e1b\"><\/div><style>.ld_fancy_heading_69e641de641c9 p{color:rgb(255, 255, 255);}.ld_fancy_heading_69e641de641c9 .lqd-highlight-inner{height:0.275em!important;bottom:0px!important;}<\/style><div class=\"ld-fancy-heading ld_fancy_heading_69e641de641c9\">\n\t<p class=\"ld-fh-element lqd-highlight-underline lqd-highlight-grow-left text-decoration-default\"   >  Di\u015f hekimleri olarak bize en s\u0131k sorulan sorulardan biri \u201cdi\u015f beyazlatma ne kadar s\u00fcrer?\u201d K\u0131sa cevap, de\u011fi\u015fkenlik g\u00f6sterdi\u011fidir. Bununla birlikte uzun cevap, di\u015flerin beyaz kalma s\u00fcresinin uzunlu\u011funu belirleyen\u00a0 \u00e7ok say\u0131da fakt\u00f6r\u00fcn oldu\u011fudur; bu y\u00fczden bu fakt\u00f6rlerden baz\u0131lar\u0131na daha yak\u0131ndan bakaca\u011f\u0131z ve sonunda size ger\u00e7ek\u00e7i bir \u015fekilde ne bekleyebilece\u011finiz konusunda bir fikir verece\u011fiz.<br \/>\n<strong>\u00a01 numaral\u0131 fakt\u00f6r \u2013 Se\u00e7ti\u011finiz di\u015f beyazlatma prosed\u00fcr\u00fcn\u00fcn t\u00fcr\u00fc.<\/strong><br \/>\nBir i\u015flemden sonra di\u015flerinizin ne kadar s\u00fcre beyaz kalaca\u011f\u0131n\u0131 belirleyen ana fakt\u00f6rlerden biri, sahip oldu\u011funuz beyazlatma tedavisinin t\u00fcr\u00fcd\u00fcr. Bir yanda kendin yap di\u015f beyazlatma \u00fcr\u00fcnleriniz var. Sat\u0131n alabilece\u011finiz bir dizi beyazlatma tedavisini g\u00f6rmek i\u00e7in yerel eczanenize\u00a0 gitmeniz yeterlidir. Di\u015f macunu ve jellerden beyazlat\u0131c\u0131 \u015feritlere ve beyazlat\u0131c\u0131 kalemlere kadar de\u011fi\u015febilirler. Do\u011fal olarak, baz\u0131lar\u0131 di\u011ferlerinden daha etkili olacakt\u0131r, ancak tipik olarak daha d\u00fc\u015f\u00fck miktarda beyazlat\u0131c\u0131 madde i\u00e7erirler.<br \/>\nArd\u0131ndan, di\u015f hekiminiz taraf\u0131ndan sa\u011flanan evde di\u015f beyazlatma kitleriniz var. Genel bir kural olarak, bunlar \u00e7evrimi\u00e7i sipari\u015f edebilece\u011finiz veya raftan sat\u0131n alabilece\u011finiz DIY \u00fcr\u00fcnlerinin \u00e7o\u011fundan daha pahal\u0131d\u0131r, ancak bunun nedeni di\u015f beyazlatma tepsilerinin \u00f6zellikle sizin i\u00e7in yap\u0131lm\u0131\u015f olmas\u0131d\u0131r.<br \/>\nSon olarak, di\u015f klini\u011finde di\u015f hekiminiz taraf\u0131ndan ger\u00e7ekle\u015ftirilen profesyonel hasta ba\u015f\u0131nda di\u015f beyazlatmay\u0131 tercih edebilirsiniz. Tipik olarak, bu en pahal\u0131 se\u00e7enektir ancak bu ayn\u0131 zamanda en uzun s\u00fcrmesi muhtemel olan tedavidir. Baz\u0131 tahminler 6-12 ay verirken, di\u011ferleri 3 y\u0131la kadar veriyor. Ancak geni\u015f tahminin ana nedenlerinden biri bir sonraki fakt\u00f6r\u2026<\/p>\n<p><strong>2 numaral\u0131 fakt\u00f6r \u2013 Ya\u015fam tarz\u0131n\u0131z<\/strong><br \/>\nDi\u015fleri lekeleyebilen ve lekeleyen bir\u00e7ok yiyecek ve i\u00e7ecek vard\u0131r. K\u0131rm\u0131z\u0131 \u015farap, kahve ve domates bazl\u0131 soslar akla geliyor. Bu nedenle, bir kase spagetti ile bir veya iki bardak Chianti&#8217;yi seviyorsan\u0131z ve g\u00fcnl\u00fck kafein t\u00fcketiminiz olmadan idare edemiyorsan\u0131z, o zaman bir di\u015f beyazlatma tedavisinin bu yiyeceklerden ka\u00e7\u0131nan biri kadar uzun s\u00fcrmemesi muhtemeldir. \u0130deal olarak, salata ve sudan olu\u015fan bir diyet muhtemelen daha beyaz di\u015fleri uzatmak i\u00e7in en iyi \u015feydir, ancak ger\u00e7ekte muhtemelen pratik veya ger\u00e7ekten \u00e7ok e\u011flenceli de\u011fildir. Sonu\u00e7 olarak, ne yemeyi ve i\u00e7meyi sevdi\u011finizi bilmeden \u201cdi\u015f beyazlatma ne kadar s\u00fcrer\u201d sorusuna kesin bir rakam vermek zordur \u2013 dolay\u0131s\u0131yla 6 ay ila 3 y\u0131l aras\u0131 bir tahmindir.<br \/>\nBir ba\u015fka ya\u015fam tarz\u0131 fakt\u00f6r\u00fc de sigara i\u00e7mektir. Sigara i\u00e7mek v\u00fccudunuz i\u00e7in k\u00f6t\u00fc oldu\u011fu kadar di\u015fleriniz i\u00e7in de k\u00f6t\u00fcd\u00fcr. T\u00fct\u00fcn duman\u0131nda bulunan kimyasallar birka\u00e7 ay i\u00e7inde di\u015f minesinin derinliklerine n\u00fcfuz edebilen kahverengi veya sar\u0131ms\u0131 lekelere neden olur. D\u00fczenli ve kapsaml\u0131 f\u0131r\u00e7alama, di\u015f ipi ve \u00e7alkalama yard\u0131mc\u0131 olabilirken, di\u015f beyazlatma tedavisinden sonra di\u015flerin lekesiz yiyecekler yiyen ve sigara i\u00e7meyen biri kadar beyaz kalmas\u0131 pek olas\u0131 de\u011fildir.<\/p><\/div>[\/vc_column][\/vc_row]<\/p>\n","protected":false},"excerpt":{"rendered":"<p>[vc_row][vc_column][\/vc_column][\/vc_row]<\/p>\n","protected":false},"author":1,"featured_media":0,"parent":0,"menu_order":0,"comment_status":"closed","ping_status":"closed","template":"","meta":{"footnotes":""},"class_list":["post-10766","page","type-page","status-publish","hentry"],"yoast_head":"<!-- This site is optimized with the Yoast SEO plugin v27.3 - https:\/\/yoast.com\/product\/yoast-seo-wordpress\/ -->\n<title>Di\u015f beyazlatma i\u015flemi ne kadar s\u00fcrer ve daha uzun s\u00fcre kal\u0131c\u0131 olmas\u0131 i\u00e7in nelere dikkat etmeliyim? - MAYADENT<\/title>\n<meta name=\"robots\" content=\"index, follow, max-snippet:-1, max-image-preview:large, max-video-preview:-1\" \/>\n<link rel=\"canonical\" href=\"https:\/\/mayadent.com.tr\/tr\/dis-beyazlatma-ne-kadar-surer-ve-daha-uzun-sure-dayanmasi-icin-nelere-dikkat-etmeliyim\/\" \/>\n<meta property=\"og:locale\" content=\"tr_TR\" \/>\n<meta property=\"og:type\" content=\"article\" \/>\n<meta property=\"og:title\" content=\"Di\u015f beyazlatma i\u015flemi ne kadar s\u00fcrer ve daha uzun s\u00fcre kal\u0131c\u0131 olmas\u0131 i\u00e7in nelere dikkat etmeliyim? - MAYADENT\" \/>\n<meta property=\"og:description\" content=\"[vc_row][vc_column][\/vc_column][\/vc_row]\" \/>\n<meta property=\"og:url\" content=\"https:\/\/mayadent.com.tr\/tr\/dis-beyazlatma-ne-kadar-surer-ve-daha-uzun-sure-dayanmasi-icin-nelere-dikkat-etmeliyim\/\" \/>\n<meta property=\"og:site_name\" content=\"MAYADENT\" \/>\n<meta property=\"article:publisher\" content=\"https:\/\/www.facebook.com\/profile.php?id=100095497178358\" \/>\n<meta property=\"article:modified_time\" content=\"2025-05-21T22:31:46+00:00\" \/>\n<meta name=\"twitter:card\" content=\"summary_large_image\" \/>\n<meta name=\"twitter:label1\" content=\"Tahmini okuma s\u00fcresi\" \/>\n\t<meta name=\"twitter:data1\" content=\"3 dakika\" \/>\n<script type=\"application\/ld+json\" class=\"yoast-schema-graph\">{\"@context\":\"https:\\\/\\\/schema.org\",\"@graph\":[{\"@type\":\"WebPage\",\"@id\":\"https:\\\/\\\/mayadent.com.tr\\\/tr\\\/dis-beyazlatma-ne-kadar-surer-ve-daha-uzun-sure-dayanmasi-icin-nelere-dikkat-etmeliyim\\\/\",\"url\":\"https:\\\/\\\/mayadent.com.tr\\\/tr\\\/dis-beyazlatma-ne-kadar-surer-ve-daha-uzun-sure-dayanmasi-icin-nelere-dikkat-etmeliyim\\\/\",\"name\":\"Di\u015f beyazlatma i\u015flemi ne kadar s\u00fcrer ve daha uzun s\u00fcre kal\u0131c\u0131 olmas\u0131 i\u00e7in nelere dikkat etmeliyim? - MAYADENT\",\"isPartOf\":{\"@id\":\"https:\\\/\\\/mayadent.com.tr\\\/tr\\\/#website\"},\"datePublished\":\"2023-01-26T15:22:29+00:00\",\"dateModified\":\"2025-05-21T22:31:46+00:00\",\"breadcrumb\":{\"@id\":\"https:\\\/\\\/mayadent.com.tr\\\/tr\\\/dis-beyazlatma-ne-kadar-surer-ve-daha-uzun-sure-dayanmasi-icin-nelere-dikkat-etmeliyim\\\/#breadcrumb\"},\"inLanguage\":\"tr\",\"potentialAction\":[{\"@type\":\"ReadAction\",\"target\":[\"https:\\\/\\\/mayadent.com.tr\\\/tr\\\/dis-beyazlatma-ne-kadar-surer-ve-daha-uzun-sure-dayanmasi-icin-nelere-dikkat-etmeliyim\\\/\"]}]},{\"@type\":\"BreadcrumbList\",\"@id\":\"https:\\\/\\\/mayadent.com.tr\\\/tr\\\/dis-beyazlatma-ne-kadar-surer-ve-daha-uzun-sure-dayanmasi-icin-nelere-dikkat-etmeliyim\\\/#breadcrumb\",\"itemListElement\":[{\"@type\":\"ListItem\",\"position\":1,\"name\":\"Anasayfa\",\"item\":\"https:\\\/\\\/mayadent.com.tr\\\/tr\\\/\"},{\"@type\":\"ListItem\",\"position\":2,\"name\":\"Di\u015f beyazlatma i\u015flemi ne kadar s\u00fcrer ve daha uzun s\u00fcre kal\u0131c\u0131 olmas\u0131 i\u00e7in nelere dikkat etmeliyim?\"}]},{\"@type\":\"WebSite\",\"@id\":\"https:\\\/\\\/mayadent.com.tr\\\/tr\\\/#website\",\"url\":\"https:\\\/\\\/mayadent.com.tr\\\/tr\\\/\",\"name\":\"mayadent.com.tr\",\"description\":\"G\u00fcvenle G\u00fcl\u00fcmse\",\"publisher\":{\"@id\":\"https:\\\/\\\/mayadent.com.tr\\\/tr\\\/#organization\"},\"potentialAction\":[{\"@type\":\"SearchAction\",\"target\":{\"@type\":\"EntryPoint\",\"urlTemplate\":\"https:\\\/\\\/mayadent.com.tr\\\/tr\\\/?s={search_term_string}\"},\"query-input\":{\"@type\":\"PropertyValueSpecification\",\"valueRequired\":true,\"valueName\":\"search_term_string\"}}],\"inLanguage\":\"tr\"},{\"@type\":\"Organization\",\"@id\":\"https:\\\/\\\/mayadent.com.tr\\\/tr\\\/#organization\",\"name\":\"MAYADENT\",\"alternateName\":\"Mayadent International\",\"url\":\"https:\\\/\\\/mayadent.com.tr\\\/tr\\\/\",\"logo\":{\"@type\":\"ImageObject\",\"inLanguage\":\"tr\",\"@id\":\"https:\\\/\\\/mayadent.com.tr\\\/tr\\\/#\\\/schema\\\/logo\\\/image\\\/\",\"url\":\"https:\\\/\\\/mayadent.com.tr\\\/tr\\\/wp-content\\\/uploads\\\/2023\\\/08\\\/Adsiz-tasarim.png\",\"contentUrl\":\"https:\\\/\\\/mayadent.com.tr\\\/tr\\\/wp-content\\\/uploads\\\/2023\\\/08\\\/Adsiz-tasarim.png\",\"width\":375,\"height\":375,\"caption\":\"MAYADENT\"},\"image\":{\"@id\":\"https:\\\/\\\/mayadent.com.tr\\\/tr\\\/#\\\/schema\\\/logo\\\/image\\\/\"},\"sameAs\":[\"https:\\\/\\\/www.facebook.com\\\/profile.php?id=100095497178358\",\"https:\\\/\\\/www.instagram.com\\\/mayadentinternational\\\/\"]}]}<\/script>\n<!-- \/ Yoast SEO plugin. -->","yoast_head_json":{"title":"Di\u015f beyazlatma i\u015flemi ne kadar s\u00fcrer ve daha uzun s\u00fcre kal\u0131c\u0131 olmas\u0131 i\u00e7in nelere dikkat etmeliyim? - MAYADENT","robots":{"index":"index","follow":"follow","max-snippet":"max-snippet:-1","max-image-preview":"max-image-preview:large","max-video-preview":"max-video-preview:-1"},"canonical":"https:\/\/mayadent.com.tr\/tr\/dis-beyazlatma-ne-kadar-surer-ve-daha-uzun-sure-dayanmasi-icin-nelere-dikkat-etmeliyim\/","og_locale":"tr_TR","og_type":"article","og_title":"Di\u015f beyazlatma i\u015flemi ne kadar s\u00fcrer ve daha uzun s\u00fcre kal\u0131c\u0131 olmas\u0131 i\u00e7in nelere dikkat etmeliyim? - MAYADENT","og_description":"[vc_row][vc_column][\/vc_column][\/vc_row]","og_url":"https:\/\/mayadent.com.tr\/tr\/dis-beyazlatma-ne-kadar-surer-ve-daha-uzun-sure-dayanmasi-icin-nelere-dikkat-etmeliyim\/","og_site_name":"MAYADENT","article_publisher":"https:\/\/www.facebook.com\/profile.php?id=100095497178358","article_modified_time":"2025-05-21T22:31:46+00:00","twitter_card":"summary_large_image","twitter_misc":{"Tahmini okuma s\u00fcresi":"3 dakika"},"schema":{"@context":"https:\/\/schema.org","@graph":[{"@type":"WebPage","@id":"https:\/\/mayadent.com.tr\/tr\/dis-beyazlatma-ne-kadar-surer-ve-daha-uzun-sure-dayanmasi-icin-nelere-dikkat-etmeliyim\/","url":"https:\/\/mayadent.com.tr\/tr\/dis-beyazlatma-ne-kadar-surer-ve-daha-uzun-sure-dayanmasi-icin-nelere-dikkat-etmeliyim\/","name":"Di\u015f beyazlatma i\u015flemi ne kadar s\u00fcrer ve daha uzun s\u00fcre kal\u0131c\u0131 olmas\u0131 i\u00e7in nelere dikkat etmeliyim? - MAYADENT","isPartOf":{"@id":"https:\/\/mayadent.com.tr\/tr\/#website"},"datePublished":"2023-01-26T15:22:29+00:00","dateModified":"2025-05-21T22:31:46+00:00","breadcrumb":{"@id":"https:\/\/mayadent.com.tr\/tr\/dis-beyazlatma-ne-kadar-surer-ve-daha-uzun-sure-dayanmasi-icin-nelere-dikkat-etmeliyim\/#breadcrumb"},"inLanguage":"tr","potentialAction":[{"@type":"ReadAction","target":["https:\/\/mayadent.com.tr\/tr\/dis-beyazlatma-ne-kadar-surer-ve-daha-uzun-sure-dayanmasi-icin-nelere-dikkat-etmeliyim\/"]}]},{"@type":"BreadcrumbList","@id":"https:\/\/mayadent.com.tr\/tr\/dis-beyazlatma-ne-kadar-surer-ve-daha-uzun-sure-dayanmasi-icin-nelere-dikkat-etmeliyim\/#breadcrumb","itemListElement":[{"@type":"ListItem","position":1,"name":"Anasayfa","item":"https:\/\/mayadent.com.tr\/tr\/"},{"@type":"ListItem","position":2,"name":"Di\u015f beyazlatma i\u015flemi ne kadar s\u00fcrer ve daha uzun s\u00fcre kal\u0131c\u0131 olmas\u0131 i\u00e7in nelere dikkat etmeliyim?"}]},{"@type":"WebSite","@id":"https:\/\/mayadent.com.tr\/tr\/#website","url":"https:\/\/mayadent.com.tr\/tr\/","name":"mayadent.com.tr","description":"G\u00fcvenle G\u00fcl\u00fcmse","publisher":{"@id":"https:\/\/mayadent.com.tr\/tr\/#organization"},"potentialAction":[{"@type":"SearchAction","target":{"@type":"EntryPoint","urlTemplate":"https:\/\/mayadent.com.tr\/tr\/?s={search_term_string}"},"query-input":{"@type":"PropertyValueSpecification","valueRequired":true,"valueName":"search_term_string"}}],"inLanguage":"tr"},{"@type":"Organization","@id":"https:\/\/mayadent.com.tr\/tr\/#organization","name":"MAYADENT","alternateName":"Mayadent International","url":"https:\/\/mayadent.com.tr\/tr\/","logo":{"@type":"ImageObject","inLanguage":"tr","@id":"https:\/\/mayadent.com.tr\/tr\/#\/schema\/logo\/image\/","url":"https:\/\/mayadent.com.tr\/tr\/wp-content\/uploads\/2023\/08\/Adsiz-tasarim.png","contentUrl":"https:\/\/mayadent.com.tr\/tr\/wp-content\/uploads\/2023\/08\/Adsiz-tasarim.png","width":375,"height":375,"caption":"MAYADENT"},"image":{"@id":"https:\/\/mayadent.com.tr\/tr\/#\/schema\/logo\/image\/"},"sameAs":["https:\/\/www.facebook.com\/profile.php?id=100095497178358","https:\/\/www.instagram.com\/mayadentinternational\/"]}]}},"_links":{"self":[{"href":"https:\/\/mayadent.com.tr\/tr\/wp-json\/wp\/v2\/pages\/10766","targetHints":{"allow":["GET"]}}],"collection":[{"href":"https:\/\/mayadent.com.tr\/tr\/wp-json\/wp\/v2\/pages"}],"about":[{"href":"https:\/\/mayadent.com.tr\/tr\/wp-json\/wp\/v2\/types\/page"}],"author":[{"embeddable":true,"href":"https:\/\/mayadent.com.tr\/tr\/wp-json\/wp\/v2\/users\/1"}],"replies":[{"embeddable":true,"href":"https:\/\/mayadent.com.tr\/tr\/wp-json\/wp\/v2\/comments?post=10766"}],"version-history":[{"count":1,"href":"https:\/\/mayadent.com.tr\/tr\/wp-json\/wp\/v2\/pages\/10766\/revisions"}],"predecessor-version":[{"id":12176,"href":"https:\/\/mayadent.com.tr\/tr\/wp-json\/wp\/v2\/pages\/10766\/revisions\/12176"}],"wp:attachment":[{"href":"https:\/\/mayadent.com.tr\/tr\/wp-json\/wp\/v2\/media?parent=10766"}],"curies":[{"name":"wp","href":"https:\/\/api.w.org\/{rel}","templated":true}]}}