{"id":9858,"date":"2023-01-09T15:10:26","date_gmt":"2023-01-09T12:10:26","guid":{"rendered":"http:\/\/moddbeta.xyz\/maya\/?page_id=9858"},"modified":"2023-10-11T15:08:19","modified_gmt":"2023-10-11T12:08:19","slug":"hakkimizda","status":"publish","type":"page","link":"https:\/\/mayadent.com.tr\/tr\/hakkimizda\/","title":{"rendered":"Hakk\u0131m\u0131zda"},"content":{"rendered":"<p>[vc_row content_placement=&#8221;middle&#8221;][vc_column responsive_css=&#8221;padding_top_large:2%25&#8243;]<style>.ld_fancy_heading_6a035c85502bf p{color:rgb(255, 255, 255);}.ld_fancy_heading_6a035c85502bf p {font-size:18px; } .ld_fancy_heading_6a035c85502bf p {line-height:1.44em; } .ld_fancy_heading_6a035c85502bf p {--element-line-height:1.44em; } .ld_fancy_heading_6a035c85502bf p {margin-bottom:2.5em !important;  } .ld_fancy_heading_6a035c85502bf .lqd-highlight-inner{height:0.275em!important;bottom:0px!important;}.ld_fancy_heading_6a035c85502bf p {font-size:18px; } .ld_fancy_heading_6a035c85502bf p {line-height:1.44em; } .ld_fancy_heading_6a035c85502bf p {--element-line-height:1.44em; } .ld_fancy_heading_6a035c85502bf p {margin-bottom:2.5em !important;  } <\/style><div class=\"ld-fancy-heading text-center ld_fancy_heading_6a035c85502bf\">\n\t<p class=\"ld-fh-element lqd-highlight-underline lqd-highlight-grow-left text-decoration-default\"   >  Dr. Dr. Giray Sa\u011fat&#8217;\u0131n 32 y\u0131ll\u0131k tecr\u00fcbesi ve uzun y\u0131llard\u0131r birlikte \u00e7al\u0131\u015ft\u0131\u011f\u0131 profesyonel bir ekip taraf\u0131ndan olu\u015fturulan Mayadent, T\u00fcrkiye&#8217;nin en iyi lokasyonlar\u0131ndan birinde yer alarak, hastalar\u0131n\u0131n memnuniyetinin her zaman \u00f6n planda tutuldu\u011fu, onayl\u0131 marka ve malzemelerle tedavi hizmetleri sunmaktad\u0131r.<\/p><\/div>[\/vc_column][\/vc_row][vc_row content_placement=&#8221;middle&#8221; css=&#8221;.vc_custom_1675251485590{padding-bottom: 2% !important;}&#8221;][vc_column offset=&#8221;vc_col-md-6&#8243; responsive_css=&#8221;margin_bottom_medium:0px&#8221; css=&#8221;.vc_custom_1621859472422{margin-bottom: 30px !important;}&#8221;]<style>.ld_images_group_element_6a035c8550728{border-radius:15px;}<\/style><div id=\"ld_images_group_element_6a035c8550728\" class=\"lqd-imggrp-single ld_images_group_element_6a035c8550728\" data-shadow-style=\"3\" data-roundness=\"custom\" data-hover3d=\"true\"  >\n\t\n\t<div class=\"lqd-imggrp-img-container\" data-stacking-factor=\"1\"   >\n\t\t\n\t\t\t\t\n\t\t\t\t<figure ><img decoding=\"async\" width=\"642\" height=\"648\" src=\"https:\/\/mayadent.com.tr\/tr\/wp-content\/uploads\/2023\/08\/Takim.png\" srcset=\"https:\/\/mayadent.com.tr\/tr\/wp-content\/uploads\/2023\/08\/Takim-297x300.png 297w, https:\/\/mayadent.com.tr\/tr\/wp-content\/uploads\/2023\/08\/Takim-1014x1024.png 1014w, https:\/\/mayadent.com.tr\/tr\/wp-content\/uploads\/2023\/08\/Takim.png 1284w\" class=\"\" alt=\"\" itemprop=\"image\" \/><\/figure>\t\t\t\t\t\t\t\t\n\t<\/div><!-- \/.lqd-imggrp-content -->\n<\/div><!-- \/.lqd-imggrp-single -->[\/vc_column][vc_column width=&#8221;1\/2&#8243;]<style>.ld_fancy_heading_6a035c8551977 p{color:rgb(255, 255, 255);}.ld_fancy_heading_6a035c8551977 p {font-size:18px; } .ld_fancy_heading_6a035c8551977 p {line-height:1.44em; } .ld_fancy_heading_6a035c8551977 p {--element-line-height:1.44em; } .ld_fancy_heading_6a035c8551977 p {margin-bottom:2.5em !important;  } .ld_fancy_heading_6a035c8551977 .lqd-highlight-inner{height:0.275em!important;bottom:0px!important;}.ld_fancy_heading_6a035c8551977 p {font-size:18px; } .ld_fancy_heading_6a035c8551977 p {line-height:1.44em; } .ld_fancy_heading_6a035c8551977 p {--element-line-height:1.44em; } .ld_fancy_heading_6a035c8551977 p {margin-bottom:2.5em !important;  } <\/style><div class=\"ld-fancy-heading ld_fancy_heading_6a035c8551977\">\n\t<p class=\"ld-fh-element lqd-highlight-underline lqd-highlight-grow-left text-decoration-default\"   >  Mayadent; \u0130stanbul&#8217;da ayr\u0131cal\u0131kl\u0131 bir lokasyonda ,do\u011fa ile i\u00e7 i\u00e7e, huzurlu ve rahat bir ortamda sunulan tedavi hizmetini, teknolojinin en y\u00fcksek standartlar\u0131ndaki \u00fcr\u00fcnlerle birle\u015ftirerek hastalar\u0131n\u0131n talep ve ihtiya\u00e7lar\u0131n\u0131 eksiksiz kar\u015f\u0131lar. Dental tasar\u0131mda 3D tasar\u0131m teknolojisini kullanan, her t\u00fcrl\u00fc r\u00f6ntgen g\u00f6r\u00fcnt\u00fcleme sistemlerini ve kendi laboratuvar\u0131n\u0131 b\u00fcnyesinde bulunduran Mayadent, kaliteli tedavi beklentisi ve fark\u0131ndal\u0131\u011f\u0131 olan hastalara y\u00f6nelik \u00e7al\u0131\u015fmalar\u0131n\u0131 ba\u015far\u0131l\u0131 ve sertifikal\u0131 bir yakla\u015f\u0131mla ger\u00e7ekle\u015ftirmeyi misyon kabul etmektedir.<\/p><\/div>[\/vc_column][\/vc_row][vc_row content_placement=&#8221;middle&#8221; css=&#8221;.vc_custom_1675251485590{padding-bottom: 2% !important;}&#8221;][vc_column responsive_css=&#8221;margin_bottom_medium:0px&#8221; css=&#8221;.vc_custom_1676022555994{margin-bottom: 30px !important;}&#8221;]<style>.ld_fancy_heading_6a035c8552057 p{color:rgb(255, 255, 255);}.ld_fancy_heading_6a035c8552057 p {font-size:18px; } .ld_fancy_heading_6a035c8552057 p {line-height:1.44em; } .ld_fancy_heading_6a035c8552057 p {--element-line-height:1.44em; } .ld_fancy_heading_6a035c8552057 p {margin-bottom:2.5em !important;  } .ld_fancy_heading_6a035c8552057 .lqd-highlight-inner{height:0.275em!important;bottom:0px!important;}.ld_fancy_heading_6a035c8552057 p {font-size:18px; } .ld_fancy_heading_6a035c8552057 p {line-height:1.44em; } .ld_fancy_heading_6a035c8552057 p {--element-line-height:1.44em; } .ld_fancy_heading_6a035c8552057 p {margin-bottom:2.5em !important;  } <\/style><div class=\"ld-fancy-heading ld_fancy_heading_6a035c8552057\">\n\t<p class=\"ld-fh-element lqd-highlight-underline lqd-highlight-grow-left text-decoration-default\"   >  <\/p>\n<h2 class=\"\">Neden biz?<\/h2>\n<div class=\"\">\n<h3>Hastalar\u0131 \u00f6n planda tutuyoruz.<\/h3>\n<p>\u0130lk a\u015famada sizi dinleyerek ve hayallerinizi s\u00fcsleyen g\u00fcl\u00fc\u015f\u00fc anlayarak ba\u015fl\u0131yoruz. Sizin i\u00e7in do\u011fru olan tedaviye birlikte karar veriyoruz.<\/p>\n<h3>Teknoloji ile yenilik yap\u0131yoruz.<\/h3>\n<p>Dijital teknoloji sa\u011fl\u0131kl\u0131 ve \u00f6zg\u00fcvenli g\u00fcl\u00fc\u015flere kavu\u015fmam\u0131za yard\u0131mc\u0131 oluyor. Do\u011fru planlama, konforlu tedavi ve do\u011fal g\u00f6r\u00fcnen g\u00fcl\u00fcmsemeler sa\u011fl\u0131yoruz.<\/p>\n<p>Biz Nitelikli ve Deneyimli Di\u015f Hekimleriyiz.<\/p>\n<p>Di\u015f sa\u011fl\u0131\u011f\u0131 uzmanlar\u0131n\u0131z olarak, son derece e\u011fitimli ve yetenekli klinisyenlerden olu\u015fan bir ekip oldu\u011fumuzu bildi\u011finizden emin olman\u0131z\u0131 istiyoruz.\u00a0\u0130htiyac\u0131n\u0131z olan ve hak etti\u011finiz bak\u0131m\u0131 sa\u011fl\u0131yoruz.\u00a0Size en harika g\u00fcl\u00fc\u015f\u00fc sunacak bilgi, deneyim ve beceriye sahibiz.<\/p>\n<h3>Duygusal Di\u015f Hekimli\u011fi yap\u0131yoruz.<\/h3>\n<p>Amac\u0131m\u0131z size ki\u015fili\u011finizi ve karakterinizi yans\u0131tan bir g\u00fcl\u00fcmseme kazand\u0131rmakt\u0131r. Bu nedenle hasta-di\u015f hekimi ili\u015fkisine \u00f6nem veriyoruz.<\/p>\n<h3>Uygun Fiyatlar<\/h3>\n<p>Hastalar\u0131m\u0131za uzun \u00f6m\u00fcrl\u00fc, ekonomik ve g\u00fczel \u00e7\u00f6z\u00fcmler sunuyoruz.<\/p>\n<\/div>\n<p>&nbsp;<\/p>\n<h2 class=\"\">MAYADENT Hizmetleri<\/h2>\n<h2 class=\"\"><\/h2>\n<div class=\"\">\n<ul style=\"color: #fff!important\">\n<li>Profesyonel Di\u015f Hekimleri, Cerrahlar, Hem\u015fireler ve g\u00fcler y\u00fczl\u00fc personeller.<\/li>\n<li>Hasta Koordinat\u00f6rleri<\/li>\n<li>G\u00fcl\u00fc\u015f Tasar\u0131m\u0131nda Son Teknoloji<\/li>\n<li>Di\u015f \u0130mplantlar\u0131nda Son Teknoloji<\/li>\n<li>\u00dccretsiz Dan\u0131\u015fmanl\u0131k<\/li>\n<li>\u00dccretsiz R\u00f6ntgenler<\/li>\n<li>Dinlendirici ve Modern Klinik Atmosferi<\/li>\n<li>\n<h2 class=\"\">MAYADENT Hizmetleri<\/h2>\n<\/li>\n<li>Otopark alan\u0131<\/li>\n<li>\u00dccretsiz havaalan\u0131 servisi<\/li>\n<li>\u00dccretsiz Otelden Alma hizmeti<\/li>\n<\/ul>\n<\/div>\n<p><\/p><\/div>[\/vc_column][\/vc_row][vc_row row_hide=&#8221;hidden-xs hidden-sm hidden-md&#8221;][vc_column width=&#8221;1\/6&#8243;][vc_single_image image=&#8221;11152&#8243;][\/vc_column][vc_column width=&#8221;1\/6&#8243;][vc_single_image image=&#8221;11153&#8243;][\/vc_column][vc_column width=&#8221;1\/6&#8243;][vc_single_image image=&#8221;11154&#8243;][\/vc_column][vc_column width=&#8221;1\/6&#8243;][vc_single_image image=&#8221;11155&#8243;][\/vc_column][vc_column width=&#8221;1\/6&#8243;][vc_single_image image=&#8221;11156&#8243;][\/vc_column][vc_column width=&#8221;1\/6&#8243;][vc_single_image image=&#8221;11157&#8243;][\/vc_column][\/vc_row][vc_row row_hide=&#8221;hidden-xs hidden-sm hidden-md&#8221;][vc_column width=&#8221;1\/6&#8243;][vc_single_image image=&#8221;11158&#8243;][\/vc_column][vc_column width=&#8221;1\/6&#8243;][vc_single_image image=&#8221;11159&#8243;][\/vc_column][vc_column width=&#8221;1\/6&#8243;][vc_single_image image=&#8221;11160&#8243;][\/vc_column][vc_column width=&#8221;1\/6&#8243;][vc_single_image image=&#8221;11168&#8243;][\/vc_column][vc_column width=&#8221;1\/6&#8243;][vc_single_image image=&#8221;11167&#8243;][\/vc_column][vc_column width=&#8221;1\/6&#8243;][vc_single_image image=&#8221;11166&#8243;][\/vc_column][\/vc_row][vc_row row_hide=&#8221;hidden-lg&#8221;][vc_column width=&#8221;1\/6&#8243; offset=&#8221;vc_col-xs-4&#8243;][vc_single_image image=&#8221;11152&#8243;][\/vc_column][vc_column width=&#8221;1\/6&#8243; offset=&#8221;vc_col-xs-4&#8243;][vc_single_image image=&#8221;11153&#8243;][\/vc_column][vc_column width=&#8221;1\/6&#8243; offset=&#8221;vc_col-xs-4&#8243;][vc_single_image image=&#8221;11154&#8243;][\/vc_column][vc_column width=&#8221;1\/6&#8243; offset=&#8221;vc_col-xs-4&#8243;][vc_single_image image=&#8221;11155&#8243;][\/vc_column][vc_column width=&#8221;1\/6&#8243; offset=&#8221;vc_col-xs-4&#8243;][vc_single_image image=&#8221;11156&#8243;][\/vc_column][vc_column width=&#8221;1\/6&#8243; offset=&#8221;vc_col-xs-4&#8243;][vc_single_image image=&#8221;11157&#8243;][\/vc_column][\/vc_row][vc_row row_hide=&#8221;hidden-lg&#8221;][vc_column width=&#8221;1\/6&#8243; offset=&#8221;vc_col-xs-4&#8243;][vc_single_image image=&#8221;11158&#8243;][\/vc_column][vc_column width=&#8221;1\/6&#8243; offset=&#8221;vc_col-xs-4&#8243;][vc_single_image image=&#8221;11159&#8243;][\/vc_column][vc_column width=&#8221;1\/6&#8243; offset=&#8221;vc_col-xs-4&#8243;][vc_single_image image=&#8221;11160&#8243;][\/vc_column][vc_column width=&#8221;1\/6&#8243; offset=&#8221;vc_col-xs-4&#8243;][vc_single_image image=&#8221;11168&#8243;][\/vc_column][vc_column width=&#8221;1\/6&#8243; offset=&#8221;vc_col-xs-4&#8243;][vc_single_image image=&#8221;11167&#8243;][\/vc_column][vc_column width=&#8221;1\/6&#8243; offset=&#8221;vc_col-xs-4&#8243;][vc_single_image image=&#8221;11166&#8243;][\/vc_column][\/vc_row]<\/p>\n","protected":false},"excerpt":{"rendered":"<p>[vc_row content_placement=&#8221;middle&#8221;][vc_column responsive_css=&#8221;padding_top_large:2%25&#8243;][\/vc_column][\/vc_row][vc_row content_placement=&#8221;middle&#8221; css=&#8221;.vc_custom_1675251485590{padding-bottom: 2% !important;}&#8221;][vc_column offset=&#8221;vc_col-md-6&#8243; responsive_css=&#8221;margin_bottom_medium:0px&#8221; css=&#8221;.vc_custom_1621859472422{margin-bottom: 30px !important;}&#8221;][\/vc_column][vc_column width=&#8221;1\/2&#8243;][\/vc_column][\/vc_row][vc_row content_placement=&#8221;middle&#8221; css=&#8221;.vc_custom_1675251485590{padding-bottom: 2% !important;}&#8221;][vc_column responsive_css=&#8221;margin_bottom_medium:0px&#8221; css=&#8221;.vc_custom_1676022555994{margin-bottom: 30px !important;}&#8221;][\/vc_column][\/vc_row][vc_row row_hide=&#8221;hidden-xs hidden-sm hidden-md&#8221;][vc_column width=&#8221;1\/6&#8243;][vc_single_image image=&#8221;11152&#8243;][\/vc_column][vc_column width=&#8221;1\/6&#8243;][vc_single_image image=&#8221;11153&#8243;][\/vc_column][vc_column width=&#8221;1\/6&#8243;][vc_single_image image=&#8221;11154&#8243;][\/vc_column][vc_column width=&#8221;1\/6&#8243;][vc_single_image image=&#8221;11155&#8243;][\/vc_column][vc_column width=&#8221;1\/6&#8243;][vc_single_image image=&#8221;11156&#8243;][\/vc_column][vc_column width=&#8221;1\/6&#8243;][vc_single_image image=&#8221;11157&#8243;][\/vc_column][\/vc_row][vc_row row_hide=&#8221;hidden-xs hidden-sm hidden-md&#8221;][vc_column width=&#8221;1\/6&#8243;][vc_single_image image=&#8221;11158&#8243;][\/vc_column][vc_column width=&#8221;1\/6&#8243;][vc_single_image image=&#8221;11159&#8243;][\/vc_column][vc_column width=&#8221;1\/6&#8243;][vc_single_image image=&#8221;11160&#8243;][\/vc_column][vc_column width=&#8221;1\/6&#8243;][vc_single_image image=&#8221;11168&#8243;][\/vc_column][vc_column width=&#8221;1\/6&#8243;][vc_single_image image=&#8221;11167&#8243;][\/vc_column][vc_column width=&#8221;1\/6&#8243;][vc_single_image image=&#8221;11166&#8243;][\/vc_column][\/vc_row][vc_row row_hide=&#8221;hidden-lg&#8221;][vc_column width=&#8221;1\/6&#8243; offset=&#8221;vc_col-xs-4&#8243;][vc_single_image image=&#8221;11152&#8243;][\/vc_column][vc_column [&hellip;]<\/p>\n","protected":false},"author":1,"featured_media":0,"parent":0,"menu_order":0,"comment_status":"closed","ping_status":"closed","template":"","meta":{"footnotes":""},"class_list":["post-9858","page","type-page","status-publish","hentry"],"yoast_head":"<!-- This site is optimized with the Yoast SEO plugin v27.3 - https:\/\/yoast.com\/product\/yoast-seo-wordpress\/ -->\n<title>Hakk\u0131m\u0131zda - MAYADENT<\/title>\n<meta name=\"robots\" content=\"index, follow, max-snippet:-1, max-image-preview:large, max-video-preview:-1\" \/>\n<link rel=\"canonical\" href=\"https:\/\/mayadent.com.tr\/tr\/hakkimizda\/\" \/>\n<meta property=\"og:locale\" content=\"tr_TR\" \/>\n<meta property=\"og:type\" content=\"article\" \/>\n<meta property=\"og:title\" content=\"Hakk\u0131m\u0131zda - MAYADENT\" \/>\n<meta property=\"og:description\" content=\"[vc_row content_placement=&#8221;middle&#8221;][vc_column responsive_css=&#8221;padding_top_large:2%25&#8243;][\/vc_column][\/vc_row][vc_row content_placement=&#8221;middle&#8221; css=&#8221;.vc_custom_1675251485590{padding-bottom: 2% !important;}&#8221;][vc_column offset=&#8221;vc_col-md-6&#8243; responsive_css=&#8221;margin_bottom_medium:0px&#8221; css=&#8221;.vc_custom_1621859472422{margin-bottom: 30px !important;}&#8221;][\/vc_column][vc_column width=&#8221;1\/2&#8243;][\/vc_column][\/vc_row][vc_row content_placement=&#8221;middle&#8221; css=&#8221;.vc_custom_1675251485590{padding-bottom: 2% !important;}&#8221;][vc_column responsive_css=&#8221;margin_bottom_medium:0px&#8221; css=&#8221;.vc_custom_1676022555994{margin-bottom: 30px !important;}&#8221;][\/vc_column][\/vc_row][vc_row row_hide=&#8221;hidden-xs hidden-sm hidden-md&#8221;][vc_column width=&#8221;1\/6&#8243;][vc_single_image image=&#8221;11152&#8243;][\/vc_column][vc_column width=&#8221;1\/6&#8243;][vc_single_image image=&#8221;11153&#8243;][\/vc_column][vc_column width=&#8221;1\/6&#8243;][vc_single_image image=&#8221;11154&#8243;][\/vc_column][vc_column width=&#8221;1\/6&#8243;][vc_single_image image=&#8221;11155&#8243;][\/vc_column][vc_column width=&#8221;1\/6&#8243;][vc_single_image image=&#8221;11156&#8243;][\/vc_column][vc_column width=&#8221;1\/6&#8243;][vc_single_image image=&#8221;11157&#8243;][\/vc_column][\/vc_row][vc_row row_hide=&#8221;hidden-xs hidden-sm hidden-md&#8221;][vc_column width=&#8221;1\/6&#8243;][vc_single_image image=&#8221;11158&#8243;][\/vc_column][vc_column width=&#8221;1\/6&#8243;][vc_single_image image=&#8221;11159&#8243;][\/vc_column][vc_column width=&#8221;1\/6&#8243;][vc_single_image image=&#8221;11160&#8243;][\/vc_column][vc_column width=&#8221;1\/6&#8243;][vc_single_image image=&#8221;11168&#8243;][\/vc_column][vc_column width=&#8221;1\/6&#8243;][vc_single_image image=&#8221;11167&#8243;][\/vc_column][vc_column width=&#8221;1\/6&#8243;][vc_single_image image=&#8221;11166&#8243;][\/vc_column][\/vc_row][vc_row row_hide=&#8221;hidden-lg&#8221;][vc_column width=&#8221;1\/6&#8243; offset=&#8221;vc_col-xs-4&#8243;][vc_single_image image=&#8221;11152&#8243;][\/vc_column][vc_column [&hellip;]\" \/>\n<meta property=\"og:url\" content=\"https:\/\/mayadent.com.tr\/tr\/hakkimizda\/\" \/>\n<meta property=\"og:site_name\" content=\"MAYADENT\" \/>\n<meta property=\"article:publisher\" content=\"https:\/\/www.facebook.com\/profile.php?id=100095497178358\" \/>\n<meta property=\"article:modified_time\" content=\"2023-10-11T12:08:19+00:00\" \/>\n<meta name=\"twitter:card\" content=\"summary_large_image\" \/>\n<meta name=\"twitter:label1\" content=\"Tahmini okuma s\u00fcresi\" \/>\n\t<meta name=\"twitter:data1\" content=\"3 dakika\" \/>\n<script type=\"application\/ld+json\" class=\"yoast-schema-graph\">{\"@context\":\"https:\\\/\\\/schema.org\",\"@graph\":[{\"@type\":\"WebPage\",\"@id\":\"https:\\\/\\\/mayadent.com.tr\\\/tr\\\/hakkimizda\\\/\",\"url\":\"https:\\\/\\\/mayadent.com.tr\\\/tr\\\/hakkimizda\\\/\",\"name\":\"Hakk\u0131m\u0131zda - MAYADENT\",\"isPartOf\":{\"@id\":\"https:\\\/\\\/mayadent.com.tr\\\/tr\\\/#website\"},\"datePublished\":\"2023-01-09T12:10:26+00:00\",\"dateModified\":\"2023-10-11T12:08:19+00:00\",\"breadcrumb\":{\"@id\":\"https:\\\/\\\/mayadent.com.tr\\\/tr\\\/hakkimizda\\\/#breadcrumb\"},\"inLanguage\":\"tr\",\"potentialAction\":[{\"@type\":\"ReadAction\",\"target\":[\"https:\\\/\\\/mayadent.com.tr\\\/tr\\\/hakkimizda\\\/\"]}]},{\"@type\":\"BreadcrumbList\",\"@id\":\"https:\\\/\\\/mayadent.com.tr\\\/tr\\\/hakkimizda\\\/#breadcrumb\",\"itemListElement\":[{\"@type\":\"ListItem\",\"position\":1,\"name\":\"Anasayfa\",\"item\":\"https:\\\/\\\/mayadent.com.tr\\\/tr\\\/\"},{\"@type\":\"ListItem\",\"position\":2,\"name\":\"Hakk\u0131m\u0131zda\"}]},{\"@type\":\"WebSite\",\"@id\":\"https:\\\/\\\/mayadent.com.tr\\\/tr\\\/#website\",\"url\":\"https:\\\/\\\/mayadent.com.tr\\\/tr\\\/\",\"name\":\"mayadent.com.tr\",\"description\":\"G\u00fcvenle G\u00fcl\u00fcmse\",\"publisher\":{\"@id\":\"https:\\\/\\\/mayadent.com.tr\\\/tr\\\/#organization\"},\"potentialAction\":[{\"@type\":\"SearchAction\",\"target\":{\"@type\":\"EntryPoint\",\"urlTemplate\":\"https:\\\/\\\/mayadent.com.tr\\\/tr\\\/?s={search_term_string}\"},\"query-input\":{\"@type\":\"PropertyValueSpecification\",\"valueRequired\":true,\"valueName\":\"search_term_string\"}}],\"inLanguage\":\"tr\"},{\"@type\":\"Organization\",\"@id\":\"https:\\\/\\\/mayadent.com.tr\\\/tr\\\/#organization\",\"name\":\"MAYADENT\",\"alternateName\":\"Mayadent International\",\"url\":\"https:\\\/\\\/mayadent.com.tr\\\/tr\\\/\",\"logo\":{\"@type\":\"ImageObject\",\"inLanguage\":\"tr\",\"@id\":\"https:\\\/\\\/mayadent.com.tr\\\/tr\\\/#\\\/schema\\\/logo\\\/image\\\/\",\"url\":\"https:\\\/\\\/mayadent.com.tr\\\/tr\\\/wp-content\\\/uploads\\\/2023\\\/08\\\/Adsiz-tasarim.png\",\"contentUrl\":\"https:\\\/\\\/mayadent.com.tr\\\/tr\\\/wp-content\\\/uploads\\\/2023\\\/08\\\/Adsiz-tasarim.png\",\"width\":375,\"height\":375,\"caption\":\"MAYADENT\"},\"image\":{\"@id\":\"https:\\\/\\\/mayadent.com.tr\\\/tr\\\/#\\\/schema\\\/logo\\\/image\\\/\"},\"sameAs\":[\"https:\\\/\\\/www.facebook.com\\\/profile.php?id=100095497178358\",\"https:\\\/\\\/www.instagram.com\\\/mayadentinternational\\\/\"]}]}<\/script>\n<!-- \/ Yoast SEO plugin. -->","yoast_head_json":{"title":"Hakk\u0131m\u0131zda - MAYADENT","robots":{"index":"index","follow":"follow","max-snippet":"max-snippet:-1","max-image-preview":"max-image-preview:large","max-video-preview":"max-video-preview:-1"},"canonical":"https:\/\/mayadent.com.tr\/tr\/hakkimizda\/","og_locale":"tr_TR","og_type":"article","og_title":"Hakk\u0131m\u0131zda - MAYADENT","og_description":"[vc_row content_placement=&#8221;middle&#8221;][vc_column responsive_css=&#8221;padding_top_large:2%25&#8243;][\/vc_column][\/vc_row][vc_row content_placement=&#8221;middle&#8221; css=&#8221;.vc_custom_1675251485590{padding-bottom: 2% !important;}&#8221;][vc_column offset=&#8221;vc_col-md-6&#8243; responsive_css=&#8221;margin_bottom_medium:0px&#8221; css=&#8221;.vc_custom_1621859472422{margin-bottom: 30px !important;}&#8221;][\/vc_column][vc_column width=&#8221;1\/2&#8243;][\/vc_column][\/vc_row][vc_row content_placement=&#8221;middle&#8221; css=&#8221;.vc_custom_1675251485590{padding-bottom: 2% !important;}&#8221;][vc_column responsive_css=&#8221;margin_bottom_medium:0px&#8221; css=&#8221;.vc_custom_1676022555994{margin-bottom: 30px !important;}&#8221;][\/vc_column][\/vc_row][vc_row row_hide=&#8221;hidden-xs hidden-sm hidden-md&#8221;][vc_column width=&#8221;1\/6&#8243;][vc_single_image image=&#8221;11152&#8243;][\/vc_column][vc_column width=&#8221;1\/6&#8243;][vc_single_image image=&#8221;11153&#8243;][\/vc_column][vc_column width=&#8221;1\/6&#8243;][vc_single_image image=&#8221;11154&#8243;][\/vc_column][vc_column width=&#8221;1\/6&#8243;][vc_single_image image=&#8221;11155&#8243;][\/vc_column][vc_column width=&#8221;1\/6&#8243;][vc_single_image image=&#8221;11156&#8243;][\/vc_column][vc_column width=&#8221;1\/6&#8243;][vc_single_image image=&#8221;11157&#8243;][\/vc_column][\/vc_row][vc_row row_hide=&#8221;hidden-xs hidden-sm hidden-md&#8221;][vc_column width=&#8221;1\/6&#8243;][vc_single_image image=&#8221;11158&#8243;][\/vc_column][vc_column width=&#8221;1\/6&#8243;][vc_single_image image=&#8221;11159&#8243;][\/vc_column][vc_column width=&#8221;1\/6&#8243;][vc_single_image image=&#8221;11160&#8243;][\/vc_column][vc_column width=&#8221;1\/6&#8243;][vc_single_image image=&#8221;11168&#8243;][\/vc_column][vc_column width=&#8221;1\/6&#8243;][vc_single_image image=&#8221;11167&#8243;][\/vc_column][vc_column width=&#8221;1\/6&#8243;][vc_single_image image=&#8221;11166&#8243;][\/vc_column][\/vc_row][vc_row row_hide=&#8221;hidden-lg&#8221;][vc_column width=&#8221;1\/6&#8243; offset=&#8221;vc_col-xs-4&#8243;][vc_single_image image=&#8221;11152&#8243;][\/vc_column][vc_column [&hellip;]","og_url":"https:\/\/mayadent.com.tr\/tr\/hakkimizda\/","og_site_name":"MAYADENT","article_publisher":"https:\/\/www.facebook.com\/profile.php?id=100095497178358","article_modified_time":"2023-10-11T12:08:19+00:00","twitter_card":"summary_large_image","twitter_misc":{"Tahmini okuma s\u00fcresi":"3 dakika"},"schema":{"@context":"https:\/\/schema.org","@graph":[{"@type":"WebPage","@id":"https:\/\/mayadent.com.tr\/tr\/hakkimizda\/","url":"https:\/\/mayadent.com.tr\/tr\/hakkimizda\/","name":"Hakk\u0131m\u0131zda - MAYADENT","isPartOf":{"@id":"https:\/\/mayadent.com.tr\/tr\/#website"},"datePublished":"2023-01-09T12:10:26+00:00","dateModified":"2023-10-11T12:08:19+00:00","breadcrumb":{"@id":"https:\/\/mayadent.com.tr\/tr\/hakkimizda\/#breadcrumb"},"inLanguage":"tr","potentialAction":[{"@type":"ReadAction","target":["https:\/\/mayadent.com.tr\/tr\/hakkimizda\/"]}]},{"@type":"BreadcrumbList","@id":"https:\/\/mayadent.com.tr\/tr\/hakkimizda\/#breadcrumb","itemListElement":[{"@type":"ListItem","position":1,"name":"Anasayfa","item":"https:\/\/mayadent.com.tr\/tr\/"},{"@type":"ListItem","position":2,"name":"Hakk\u0131m\u0131zda"}]},{"@type":"WebSite","@id":"https:\/\/mayadent.com.tr\/tr\/#website","url":"https:\/\/mayadent.com.tr\/tr\/","name":"mayadent.com.tr","description":"G\u00fcvenle G\u00fcl\u00fcmse","publisher":{"@id":"https:\/\/mayadent.com.tr\/tr\/#organization"},"potentialAction":[{"@type":"SearchAction","target":{"@type":"EntryPoint","urlTemplate":"https:\/\/mayadent.com.tr\/tr\/?s={search_term_string}"},"query-input":{"@type":"PropertyValueSpecification","valueRequired":true,"valueName":"search_term_string"}}],"inLanguage":"tr"},{"@type":"Organization","@id":"https:\/\/mayadent.com.tr\/tr\/#organization","name":"MAYADENT","alternateName":"Mayadent International","url":"https:\/\/mayadent.com.tr\/tr\/","logo":{"@type":"ImageObject","inLanguage":"tr","@id":"https:\/\/mayadent.com.tr\/tr\/#\/schema\/logo\/image\/","url":"https:\/\/mayadent.com.tr\/tr\/wp-content\/uploads\/2023\/08\/Adsiz-tasarim.png","contentUrl":"https:\/\/mayadent.com.tr\/tr\/wp-content\/uploads\/2023\/08\/Adsiz-tasarim.png","width":375,"height":375,"caption":"MAYADENT"},"image":{"@id":"https:\/\/mayadent.com.tr\/tr\/#\/schema\/logo\/image\/"},"sameAs":["https:\/\/www.facebook.com\/profile.php?id=100095497178358","https:\/\/www.instagram.com\/mayadentinternational\/"]}]}},"_links":{"self":[{"href":"https:\/\/mayadent.com.tr\/tr\/wp-json\/wp\/v2\/pages\/9858","targetHints":{"allow":["GET"]}}],"collection":[{"href":"https:\/\/mayadent.com.tr\/tr\/wp-json\/wp\/v2\/pages"}],"about":[{"href":"https:\/\/mayadent.com.tr\/tr\/wp-json\/wp\/v2\/types\/page"}],"author":[{"embeddable":true,"href":"https:\/\/mayadent.com.tr\/tr\/wp-json\/wp\/v2\/users\/1"}],"replies":[{"embeddable":true,"href":"https:\/\/mayadent.com.tr\/tr\/wp-json\/wp\/v2\/comments?post=9858"}],"version-history":[{"count":4,"href":"https:\/\/mayadent.com.tr\/tr\/wp-json\/wp\/v2\/pages\/9858\/revisions"}],"predecessor-version":[{"id":12095,"href":"https:\/\/mayadent.com.tr\/tr\/wp-json\/wp\/v2\/pages\/9858\/revisions\/12095"}],"wp:attachment":[{"href":"https:\/\/mayadent.com.tr\/tr\/wp-json\/wp\/v2\/media?parent=9858"}],"curies":[{"name":"wp","href":"https:\/\/api.w.org\/{rel}","templated":true}]}}