{"id":9903,"date":"2023-01-09T18:25:49","date_gmt":"2023-01-09T15:25:49","guid":{"rendered":"http:\/\/moddbeta.xyz\/maya\/?page_id=9903"},"modified":"2025-05-22T01:55:37","modified_gmt":"2025-05-21T22:55:37","slug":"iletisim","status":"publish","type":"page","link":"https:\/\/mayadent.com.tr\/tr\/iletisim\/","title":{"rendered":"\u0130leti\u015fim"},"content":{"rendered":"<p>[vc_row][vc_column][\/vc_column][\/vc_row][vc_row css=&#8221;.vc_custom_1675331683850{background-color: #0a0a0a !important;}&#8221;][vc_column]<style>.ld_spacer_69f3908e54698{height:40px;}<\/style>\n<div class=\"ld-empty-space ld_spacer_69f3908e54698\"><\/div>[\/vc_column][\/vc_row][vc_row parallax=&#8221;enable_parallax&#8221; enable_gradient=&#8221;yes&#8221; css=&#8221;.vc_custom_1675331502920{background-color: #0a0a0a !important;background-position: center;background-repeat: no-repeat !important;background-size: cover !important;}&#8221;][vc_column width=&#8221;1\/2&#8243;][vc_row_inner css=&#8221;.vc_custom_1675331644486{margin-bottom: 40px !important;border-radius: 5px !important;}&#8221;][vc_column_inner width=&#8221;1\/2&#8243; css=&#8221;.vc_custom_1675153352764{padding-top: 20px !important;}&#8221;]<style>.ld_fancy_heading_69f3908e548e6 h6{color:rgb(255, 255, 255);}.ld_fancy_heading_69f3908e548e6 h6 {font-size:16px; } .ld_fancy_heading_69f3908e548e6 h6 {font-weight:700; } .ld_fancy_heading_69f3908e548e6 h6 {letter-spacing:0px; } .ld_fancy_heading_69f3908e548e6 .lqd-highlight-inner{height:0.275em!important;bottom:0px!important;}.ld_fancy_heading_69f3908e548e6 h6 {font-size:16px; } .ld_fancy_heading_69f3908e548e6 h6 {font-weight:700; } .ld_fancy_heading_69f3908e548e6 h6 {letter-spacing:0px; } <\/style><div class=\"ld-fancy-heading ld_fancy_heading_69f3908e548e6\">\n\t<h6 class=\"ld-fh-element lqd-highlight-underline lqd-highlight-grow-left text-decoration-default\"   >  Adres<\/h6><\/div><style>.ld_fancy_heading_69f3908e54d48 p{color:rgb(255, 255, 255);}.ld_fancy_heading_69f3908e54d48 .lqd-highlight-inner{height:0.275em!important;bottom:0px!important;}<\/style><div class=\"ld-fancy-heading ld_fancy_heading_69f3908e54d48\">\n\t<p class=\"ld-fh-element lqd-highlight-underline lqd-highlight-grow-left text-decoration-default\"   >  \u00c7ilekli Cad. No:30 Villa 3.Levent \/ \u0130stanbul<\/p><\/div>[\/vc_column_inner][vc_column_inner width=&#8221;1\/2&#8243; css=&#8221;.vc_custom_1675153366213{padding-top: 20px !important;}&#8221;]<style>.ld_fancy_heading_69f3908e54fc8 h6{color:rgb(255, 255, 255);}.ld_fancy_heading_69f3908e54fc8 h6 {font-size:16px; } .ld_fancy_heading_69f3908e54fc8 h6 {font-weight:700; } .ld_fancy_heading_69f3908e54fc8 h6 {letter-spacing:0px; } .ld_fancy_heading_69f3908e54fc8 .lqd-highlight-inner{height:0.275em!important;bottom:0px!important;}.ld_fancy_heading_69f3908e54fc8 h6 {font-size:16px; } .ld_fancy_heading_69f3908e54fc8 h6 {font-weight:700; } .ld_fancy_heading_69f3908e54fc8 h6 {letter-spacing:0px; } <\/style><div class=\"ld-fancy-heading ld_fancy_heading_69f3908e54fc8\">\n\t<h6 class=\"ld-fh-element lqd-highlight-underline lqd-highlight-grow-left text-decoration-default\"   >  \u0130leti\u015fim<\/h6><\/div><style>.ld_fancy_heading_69f3908e55247 p{color:rgb(255, 255, 255);}.ld_fancy_heading_69f3908e55247 .lqd-highlight-inner{height:0.275em!important;bottom:0px!important;}<\/style><div class=\"ld-fancy-heading ld_fancy_heading_69f3908e55247\">\n\t<p class=\"ld-fh-element lqd-highlight-underline lqd-highlight-grow-left text-decoration-default\"  ><a href=\"tel:+90(212)%20324%2062%2092\" >  Telefon: +90(212) 324 62 92<\/a><\/p><\/div><style>.ld_fancy_heading_69f3908e55509 p{color:rgb(255, 255, 255);}.ld_fancy_heading_69f3908e55509 .lqd-highlight-inner{height:0.275em!important;bottom:0px!important;}<\/style><div class=\"ld-fancy-heading ld_fancy_heading_69f3908e55509\">\n\t<p class=\"ld-fh-element lqd-highlight-underline lqd-highlight-grow-left text-decoration-default\"  ><a href=\"tel:+90%20(532)%20383%2035%2096\" >  Whatsapp: +90 (532) 383 35 96<\/a><\/p><\/div><style>.ld_fancy_heading_69f3908e5579f p{color:rgb(255, 255, 255);}.ld_fancy_heading_69f3908e5579f .lqd-highlight-inner{height:0.275em!important;bottom:0px!important;background:rgb(0, 0, 0)!important;}<\/style><div class=\"ld-fancy-heading ld_fancy_heading_69f3908e5579f\">\n\t<p class=\"ld-fh-element lqd-highlight-underline lqd-highlight-grow-left text-decoration-default\"   >  info@mayadent.com.tr<\/p>\n<p>international@mayadent.com.tr<\/p><\/div>[\/vc_column_inner][\/vc_row_inner]<style>.ld_spacer_69f3908e55970{height:42px;}<\/style>\n<div class=\"ld-empty-space ld_spacer_69f3908e55970\"><\/div>[\/vc_column][vc_column width=&#8221;1\/2&#8243; custom_border_radius=&#8221;5px&#8221; responsive_css=&#8221;padding_right_large:2%25|padding_left_large:2%25&#8243;]<style>.ld_fancy_heading_69f3908e55b25 h4{color:rgb(255, 255, 255);}.ld_fancy_heading_69f3908e55b25 h4 {font-size:36px; } .ld_fancy_heading_69f3908e55b25 .lqd-highlight-inner{height:0.150em!important;bottom:0px!important;background:rgb(0, 0, 0)!important;}.ld_fancy_heading_69f3908e55b25 h4 {font-size:36px; } <\/style><div class=\"ld-fancy-heading mask-text ld_fancy_heading_69f3908e55b25\">\n\t<h4 class=\"ld-fh-element lqd-highlight-underline lqd-highlight-grow-left text-decoration-default lqd-split-words\"   data-split-text=\"true\" data-split-options='{\"type\":\"words\"}' data-custom-animations=\"true\" data-ca-options='{\"triggerHandler\":\"inview\",\"animationTarget\":\".lqd-words > .split-inner\",\"duration\":\"1000\",\"delay\":\"120\",\"ease\":\"power4.out\",\"direction\":\"forward\",\"initValues\":{\"y\":70},\"animations\":{\"y\":0}}'>  Di\u015flerinizle ilgili problemlerinizi bizimle konu\u015fmak ister misiniz ?<\/h4><\/div><style>.ld_fancy_heading_69f3908e55dc4 p{color:rgb(255, 255, 255);}.ld_fancy_heading_69f3908e55dc4 p {font-size:18px; } .ld_fancy_heading_69f3908e55dc4 p {margin-bottom:3em !important;  } .ld_fancy_heading_69f3908e55dc4 .lqd-highlight-inner{height:0.275em!important;bottom:0px!important;}.ld_fancy_heading_69f3908e55dc4 p {font-size:18px; } .ld_fancy_heading_69f3908e55dc4 p {margin-bottom:3em !important;  } <\/style><div class=\"ld-fancy-heading ld_fancy_heading_69f3908e55dc4\">\n\t<p class=\"ld-fh-element lqd-highlight-underline lqd-highlight-grow-left text-decoration-default\"   >  Do\u011fru hizmeti al\u0131n, ihtiyac\u0131n\u0131z\u0131 belirleyin en uygun hizmetler i\u00e7in bizimle ileti\u015fime ge\u00e7in.<br \/>\n<\/p><\/div>[\/vc_column][\/vc_row][vc_row parallax=&#8221;enable_parallax&#8221; enable_gradient=&#8221;yes&#8221; css=&#8221;.vc_custom_1675237682067{background-color: #0a0a0a !important;background-position: center;background-repeat: no-repeat;background-size: cover !important;}&#8221;][vc_column]<style>.ld_cf7_69f3908e55fe4 input,.ld_cf7_69f3908e55fe4 textarea,.ld_cf7_69f3908e55fe4 .ui-button.ui-selectmenu-button{font-size:18px;}.ld_cf7_69f3908e55fe4 input[type=\"submit\"]{background:rgb(204, 191, 182);border-color:rgb(255, 255, 255);}.ld_cf7_69f3908e55fe4 input, .ld_cf7_69f3908e55fe4 select, .ld_cf7_69f3908e55fe4 textarea, .ld_cf7_69f3908e55fe4 .ui-button.ui-selectmenu-button{background:rgb(246, 246, 246);}.ld_cf7_69f3908e55fe4 input, .ld_cf7_69f3908e55fe4 select, .ld_cf7_69f3908e55fe4 textarea, .ld_cf7_69f3908e55fe4 .ui-button.ui-selectmenu-button, .ld_cf7_69f3908e55fe4 .wpcf7-form-control-wrap > i, .ld_cf7_69f3908e55fe4 .wpcf7-radio{color:rgb(170, 170, 170);}.ld_cf7_69f3908e55fe4 input:focus, .ld_cf7_69f3908e55fe4 select:focus, .ld_cf7_69f3908e55fe4 textarea:focus, .ld_cf7_69f3908e55fe4 .ui-button.ui-selectmenu-button:hover, .wpcf7-acceptance .wpcf7-list-item-label:after{color:rgb(0, 0, 0);}<\/style><div id=\"ld_cf7_69f3908e55fe4\" class=\"lqd-contact-form lqd-contact-form-inputs-md lqd-contact-form-inputs-filled lqd-contact-form-inputs-round lqd-contact-form-button-lg lqd-contact-form-button-circle ld_cf7_69f3908e55fe4 vc_custom_1676647507004\">\n\t\n<div class=\"wpcf7 no-js\" id=\"wpcf7-f11233-o1\" lang=\"tr-TR\" dir=\"ltr\" data-wpcf7-id=\"11233\">\n<div class=\"screen-reader-response\"><p role=\"status\" aria-live=\"polite\" aria-atomic=\"true\"><\/p> <ul><\/ul><\/div>\n<form action=\"\/tr\/wp-json\/wp\/v2\/pages\/9903#wpcf7-f11233-o1\" method=\"post\" class=\"wpcf7-form init\" aria-label=\"\u0130leti\u015fim Formu\" novalidate=\"novalidate\" data-status=\"init\">\n<fieldset class=\"hidden-fields-container\"><input type=\"hidden\" name=\"_wpcf7\" value=\"11233\" \/><input type=\"hidden\" name=\"_wpcf7_version\" value=\"6.1.5\" \/><input type=\"hidden\" name=\"_wpcf7_locale\" value=\"tr_TR\" \/><input type=\"hidden\" name=\"_wpcf7_unit_tag\" value=\"wpcf7-f11233-o1\" \/><input type=\"hidden\" name=\"_wpcf7_container_post\" value=\"0\" \/><input type=\"hidden\" name=\"_wpcf7_posted_data_hash\" value=\"\" \/>\n<\/fieldset>\n<div class=\"row\">\n\t<div class=\"col-md-6\">\n\t\t<p style=\"color:#fff !important;\">Ad Soyad\n\t\t<\/p>\n\t\t<p><span class=\"wpcf7-form-control-wrap\" data-name=\"text-619\"><input size=\"40\" maxlength=\"400\" class=\"wpcf7-form-control wpcf7-text wpcf7-validates-as-required\" aria-required=\"true\" aria-invalid=\"false\" placeholder=\"\" value=\"\" type=\"text\" name=\"text-619\" \/><\/span><i class=\"lqd-icn-ess icon-lqd-user\"><\/i>\n\t\t<\/p>\n\t<\/div>\n\t<div class=\"col-md-6\">\n\t\t<p style=\"color:#fff !important;\">E-mail\n\t\t<\/p>\n\t\t<p><span class=\"wpcf7-form-control-wrap\" data-name=\"email-899\"><input size=\"40\" maxlength=\"400\" class=\"wpcf7-form-control wpcf7-email wpcf7-validates-as-required wpcf7-text wpcf7-validates-as-email\" aria-required=\"true\" aria-invalid=\"false\" placeholder=\"\" value=\"\" type=\"email\" name=\"email-899\" \/><\/span><i class=\"lqd-icn-ess icon-lqd-envelope\"><\/i>\n\t\t<\/p>\n\t<\/div>\n\t<div class=\"col-md-6\">\n\t\t<p style=\"color:#fff !important;\">Telefon\n\t\t<\/p>\n\t\t<p><span class=\"wpcf7-form-control-wrap\" data-name=\"your-tel\"><input size=\"40\" maxlength=\"400\" class=\"wpcf7-form-control wpcf7-tel wpcf7-text wpcf7-validates-as-tel\" aria-invalid=\"false\" value=\"\" type=\"tel\" name=\"your-tel\" \/><\/span>\n\t\t<\/p>\n\t<\/div>\n\t<div class=\"col-md-6\">\n\t\t<p style=\"color:#fff !important;\">Mesaj\u0131n\u0131z\n\t\t<\/p>\n\t\t<p><span class=\"wpcf7-form-control-wrap\" data-name=\"your-message\"><textarea cols=\"40\" rows=\"10\" maxlength=\"2000\" class=\"wpcf7-form-control wpcf7-textarea\" aria-invalid=\"false\" name=\"your-message\"><\/textarea><\/span>\n\t\t<\/p>\n\t<\/div>\n\t<div class=\"col-md-6 mb-3\">\n\t\t<p><span class=\"wpcf7-form-control-wrap\" data-name=\"acceptance-288\"><span class=\"wpcf7-form-control wpcf7-acceptance\"><span class=\"wpcf7-list-item\"><label><input type=\"checkbox\" name=\"acceptance-288\" value=\"1\" aria-invalid=\"false\" \/><span class=\"wpcf7-list-item-label\"><p style=\"color:#fff !important;\">Hizmet ko\u015fullar\u0131n\u0131 kabul ediyorum.<\/p><\/span><\/label><\/span><\/span><\/span>\n\t\t<\/p>\n\t<\/div>\n\t<div class=\"col-md-12\">\n\t\t<p><input class=\"wpcf7-form-control wpcf7-submit has-spinner\" type=\"submit\" value=\"G\u00f6nder\" \/>\n\t\t<\/p>\n\t<\/div>\n<\/div><div class=\"wpcf7-response-output\" aria-hidden=\"true\"><\/div>\n<\/form>\n<\/div>\n<\/div><style>.ld_spacer_69f3908e57231{height:42px;}<\/style>\n<div class=\"ld-empty-space ld_spacer_69f3908e57231\"><\/div>[\/vc_column][\/vc_row][vc_row full_width=&#8221;stretch_row&#8221;][vc_column][vc_single_image image=&#8221;11242&#8243; alignment=&#8221;center&#8221; onclick=&#8221;custom_link&#8221; enable_link=&#8221;enable_image_link&#8221; link=&#8221;url:https%3A%2F%2Fwww.google.com%2Fmaps%3Fll%3D41.087095%2C29.016781%26z%3D12%26t%3Dm%26hl%3Dtr%26gl%3DUS%26mapclient%3Dembed%26q%3D%25C3%2587ilekli%2BCd.%2BNo%3A30%2BLevent%2B34330%2BBe%25C5%259Fikta%25C5%259F%2F%25C4%25B0stanbul%2BT%25C3%25BCrkiye||target:%20_blank|&#8221;][\/vc_column][\/vc_row]<\/p>\n","protected":false},"excerpt":{"rendered":"<p>[vc_row][vc_column][\/vc_column][\/vc_row][vc_row css=&#8221;.vc_custom_1675331683850{background-color: #0a0a0a !important;}&#8221;][vc_column][\/vc_column][\/vc_row][vc_row parallax=&#8221;enable_parallax&#8221; enable_gradient=&#8221;yes&#8221; css=&#8221;.vc_custom_1675331502920{background-color: #0a0a0a !important;background-position: center;background-repeat: no-repeat !important;background-size: cover !important;}&#8221;][vc_column width=&#8221;1\/2&#8243;][vc_row_inner css=&#8221;.vc_custom_1675331644486{margin-bottom: 40px !important;border-radius: 5px !important;}&#8221;][vc_column_inner width=&#8221;1\/2&#8243; css=&#8221;.vc_custom_1675153352764{padding-top: 20px !important;}&#8221;][\/vc_column_inner][vc_column_inner width=&#8221;1\/2&#8243; css=&#8221;.vc_custom_1675153366213{padding-top: 20px !important;}&#8221;][\/vc_column_inner][\/vc_row_inner][\/vc_column][vc_column width=&#8221;1\/2&#8243; custom_border_radius=&#8221;5px&#8221; responsive_css=&#8221;padding_right_large:2%25|padding_left_large:2%25&#8243;][\/vc_column][\/vc_row][vc_row parallax=&#8221;enable_parallax&#8221; enable_gradient=&#8221;yes&#8221; css=&#8221;.vc_custom_1675237682067{background-color: #0a0a0a !important;background-position: center;background-repeat: no-repeat;background-size: cover !important;}&#8221;][vc_column][\/vc_column][\/vc_row][vc_row full_width=&#8221;stretch_row&#8221;][vc_column][vc_single_image image=&#8221;11242&#8243; alignment=&#8221;center&#8221; onclick=&#8221;custom_link&#8221; enable_link=&#8221;enable_image_link&#8221; link=&#8221;url:https%3A%2F%2Fwww.google.com%2Fmaps%3Fll%3D41.087095%2C29.016781%26z%3D12%26t%3Dm%26hl%3Dtr%26gl%3DUS%26mapclient%3Dembed%26q%3D%25C3%2587ilekli%2BCd.%2BNo%3A30%2BLevent%2B34330%2BBe%25C5%259Fikta%25C5%259F%2F%25C4%25B0stanbul%2BT%25C3%25BCrkiye||target:%20_blank|&#8221;][\/vc_column][\/vc_row]<\/p>\n","protected":false},"author":1,"featured_media":0,"parent":0,"menu_order":0,"comment_status":"closed","ping_status":"closed","template":"","meta":{"footnotes":""},"class_list":["post-9903","page","type-page","status-publish","hentry"],"yoast_head":"<!-- This site is optimized with the Yoast SEO plugin v27.3 - https:\/\/yoast.com\/product\/yoast-seo-wordpress\/ -->\n<title>\u0130leti\u015fim - MAYADENT<\/title>\n<meta name=\"robots\" content=\"index, follow, max-snippet:-1, max-image-preview:large, max-video-preview:-1\" \/>\n<link rel=\"canonical\" href=\"https:\/\/mayadent.com.tr\/tr\/iletisim\/\" \/>\n<meta property=\"og:locale\" content=\"tr_TR\" \/>\n<meta property=\"og:type\" content=\"article\" \/>\n<meta property=\"og:title\" content=\"\u0130leti\u015fim - MAYADENT\" \/>\n<meta property=\"og:description\" content=\"[vc_row][vc_column][\/vc_column][\/vc_row][vc_row css=&#8221;.vc_custom_1675331683850{background-color: #0a0a0a !important;}&#8221;][vc_column][\/vc_column][\/vc_row][vc_row parallax=&#8221;enable_parallax&#8221; enable_gradient=&#8221;yes&#8221; css=&#8221;.vc_custom_1675331502920{background-color: #0a0a0a !important;background-position: center;background-repeat: no-repeat !important;background-size: cover !important;}&#8221;][vc_column width=&#8221;1\/2&#8243;][vc_row_inner css=&#8221;.vc_custom_1675331644486{margin-bottom: 40px !important;border-radius: 5px !important;}&#8221;][vc_column_inner width=&#8221;1\/2&#8243; css=&#8221;.vc_custom_1675153352764{padding-top: 20px !important;}&#8221;][\/vc_column_inner][vc_column_inner width=&#8221;1\/2&#8243; css=&#8221;.vc_custom_1675153366213{padding-top: 20px !important;}&#8221;][\/vc_column_inner][\/vc_row_inner][\/vc_column][vc_column width=&#8221;1\/2&#8243; custom_border_radius=&#8221;5px&#8221; responsive_css=&#8221;padding_right_large:2%25|padding_left_large:2%25&#8243;][\/vc_column][\/vc_row][vc_row parallax=&#8221;enable_parallax&#8221; enable_gradient=&#8221;yes&#8221; css=&#8221;.vc_custom_1675237682067{background-color: #0a0a0a !important;background-position: center;background-repeat: no-repeat;background-size: cover !important;}&#8221;][vc_column][\/vc_column][\/vc_row][vc_row full_width=&#8221;stretch_row&#8221;][vc_column][vc_single_image image=&#8221;11242&#8243; alignment=&#8221;center&#8221; onclick=&#8221;custom_link&#8221; enable_link=&#8221;enable_image_link&#8221; link=&#8221;url:https%3A%2F%2Fwww.google.com%2Fmaps%3Fll%3D41.087095%2C29.016781%26z%3D12%26t%3Dm%26hl%3Dtr%26gl%3DUS%26mapclient%3Dembed%26q%3D%25C3%2587ilekli%2BCd.%2BNo%3A30%2BLevent%2B34330%2BBe%25C5%259Fikta%25C5%259F%2F%25C4%25B0stanbul%2BT%25C3%25BCrkiye||target:%20_blank|&#8221;][\/vc_column][\/vc_row]\" \/>\n<meta property=\"og:url\" content=\"https:\/\/mayadent.com.tr\/tr\/iletisim\/\" \/>\n<meta property=\"og:site_name\" content=\"MAYADENT\" \/>\n<meta property=\"article:publisher\" content=\"https:\/\/www.facebook.com\/profile.php?id=100095497178358\" \/>\n<meta property=\"article:modified_time\" content=\"2025-05-21T22:55:37+00:00\" \/>\n<meta name=\"twitter:card\" content=\"summary_large_image\" \/>\n<meta name=\"twitter:label1\" content=\"Tahmini okuma s\u00fcresi\" \/>\n\t<meta name=\"twitter:data1\" content=\"2 dakika\" \/>\n<script type=\"application\/ld+json\" class=\"yoast-schema-graph\">{\"@context\":\"https:\\\/\\\/schema.org\",\"@graph\":[{\"@type\":\"WebPage\",\"@id\":\"https:\\\/\\\/mayadent.com.tr\\\/tr\\\/iletisim\\\/\",\"url\":\"https:\\\/\\\/mayadent.com.tr\\\/tr\\\/iletisim\\\/\",\"name\":\"\u0130leti\u015fim - MAYADENT\",\"isPartOf\":{\"@id\":\"https:\\\/\\\/mayadent.com.tr\\\/tr\\\/#website\"},\"datePublished\":\"2023-01-09T15:25:49+00:00\",\"dateModified\":\"2025-05-21T22:55:37+00:00\",\"breadcrumb\":{\"@id\":\"https:\\\/\\\/mayadent.com.tr\\\/tr\\\/iletisim\\\/#breadcrumb\"},\"inLanguage\":\"tr\",\"potentialAction\":[{\"@type\":\"ReadAction\",\"target\":[\"https:\\\/\\\/mayadent.com.tr\\\/tr\\\/iletisim\\\/\"]}]},{\"@type\":\"BreadcrumbList\",\"@id\":\"https:\\\/\\\/mayadent.com.tr\\\/tr\\\/iletisim\\\/#breadcrumb\",\"itemListElement\":[{\"@type\":\"ListItem\",\"position\":1,\"name\":\"Anasayfa\",\"item\":\"https:\\\/\\\/mayadent.com.tr\\\/tr\\\/\"},{\"@type\":\"ListItem\",\"position\":2,\"name\":\"\u0130leti\u015fim\"}]},{\"@type\":\"WebSite\",\"@id\":\"https:\\\/\\\/mayadent.com.tr\\\/tr\\\/#website\",\"url\":\"https:\\\/\\\/mayadent.com.tr\\\/tr\\\/\",\"name\":\"mayadent.com.tr\",\"description\":\"G\u00fcvenle G\u00fcl\u00fcmse\",\"publisher\":{\"@id\":\"https:\\\/\\\/mayadent.com.tr\\\/tr\\\/#organization\"},\"potentialAction\":[{\"@type\":\"SearchAction\",\"target\":{\"@type\":\"EntryPoint\",\"urlTemplate\":\"https:\\\/\\\/mayadent.com.tr\\\/tr\\\/?s={search_term_string}\"},\"query-input\":{\"@type\":\"PropertyValueSpecification\",\"valueRequired\":true,\"valueName\":\"search_term_string\"}}],\"inLanguage\":\"tr\"},{\"@type\":\"Organization\",\"@id\":\"https:\\\/\\\/mayadent.com.tr\\\/tr\\\/#organization\",\"name\":\"MAYADENT\",\"alternateName\":\"Mayadent International\",\"url\":\"https:\\\/\\\/mayadent.com.tr\\\/tr\\\/\",\"logo\":{\"@type\":\"ImageObject\",\"inLanguage\":\"tr\",\"@id\":\"https:\\\/\\\/mayadent.com.tr\\\/tr\\\/#\\\/schema\\\/logo\\\/image\\\/\",\"url\":\"https:\\\/\\\/mayadent.com.tr\\\/tr\\\/wp-content\\\/uploads\\\/2023\\\/08\\\/Adsiz-tasarim.png\",\"contentUrl\":\"https:\\\/\\\/mayadent.com.tr\\\/tr\\\/wp-content\\\/uploads\\\/2023\\\/08\\\/Adsiz-tasarim.png\",\"width\":375,\"height\":375,\"caption\":\"MAYADENT\"},\"image\":{\"@id\":\"https:\\\/\\\/mayadent.com.tr\\\/tr\\\/#\\\/schema\\\/logo\\\/image\\\/\"},\"sameAs\":[\"https:\\\/\\\/www.facebook.com\\\/profile.php?id=100095497178358\",\"https:\\\/\\\/www.instagram.com\\\/mayadentinternational\\\/\"]}]}<\/script>\n<!-- \/ Yoast SEO plugin. -->","yoast_head_json":{"title":"\u0130leti\u015fim - MAYADENT","robots":{"index":"index","follow":"follow","max-snippet":"max-snippet:-1","max-image-preview":"max-image-preview:large","max-video-preview":"max-video-preview:-1"},"canonical":"https:\/\/mayadent.com.tr\/tr\/iletisim\/","og_locale":"tr_TR","og_type":"article","og_title":"\u0130leti\u015fim - MAYADENT","og_description":"[vc_row][vc_column][\/vc_column][\/vc_row][vc_row css=&#8221;.vc_custom_1675331683850{background-color: #0a0a0a !important;}&#8221;][vc_column][\/vc_column][\/vc_row][vc_row parallax=&#8221;enable_parallax&#8221; enable_gradient=&#8221;yes&#8221; css=&#8221;.vc_custom_1675331502920{background-color: #0a0a0a !important;background-position: center;background-repeat: no-repeat !important;background-size: cover !important;}&#8221;][vc_column width=&#8221;1\/2&#8243;][vc_row_inner css=&#8221;.vc_custom_1675331644486{margin-bottom: 40px !important;border-radius: 5px !important;}&#8221;][vc_column_inner width=&#8221;1\/2&#8243; css=&#8221;.vc_custom_1675153352764{padding-top: 20px !important;}&#8221;][\/vc_column_inner][vc_column_inner width=&#8221;1\/2&#8243; css=&#8221;.vc_custom_1675153366213{padding-top: 20px !important;}&#8221;][\/vc_column_inner][\/vc_row_inner][\/vc_column][vc_column width=&#8221;1\/2&#8243; custom_border_radius=&#8221;5px&#8221; responsive_css=&#8221;padding_right_large:2%25|padding_left_large:2%25&#8243;][\/vc_column][\/vc_row][vc_row parallax=&#8221;enable_parallax&#8221; enable_gradient=&#8221;yes&#8221; css=&#8221;.vc_custom_1675237682067{background-color: #0a0a0a !important;background-position: center;background-repeat: no-repeat;background-size: cover !important;}&#8221;][vc_column][\/vc_column][\/vc_row][vc_row full_width=&#8221;stretch_row&#8221;][vc_column][vc_single_image image=&#8221;11242&#8243; alignment=&#8221;center&#8221; onclick=&#8221;custom_link&#8221; enable_link=&#8221;enable_image_link&#8221; link=&#8221;url:https%3A%2F%2Fwww.google.com%2Fmaps%3Fll%3D41.087095%2C29.016781%26z%3D12%26t%3Dm%26hl%3Dtr%26gl%3DUS%26mapclient%3Dembed%26q%3D%25C3%2587ilekli%2BCd.%2BNo%3A30%2BLevent%2B34330%2BBe%25C5%259Fikta%25C5%259F%2F%25C4%25B0stanbul%2BT%25C3%25BCrkiye||target:%20_blank|&#8221;][\/vc_column][\/vc_row]","og_url":"https:\/\/mayadent.com.tr\/tr\/iletisim\/","og_site_name":"MAYADENT","article_publisher":"https:\/\/www.facebook.com\/profile.php?id=100095497178358","article_modified_time":"2025-05-21T22:55:37+00:00","twitter_card":"summary_large_image","twitter_misc":{"Tahmini okuma s\u00fcresi":"2 dakika"},"schema":{"@context":"https:\/\/schema.org","@graph":[{"@type":"WebPage","@id":"https:\/\/mayadent.com.tr\/tr\/iletisim\/","url":"https:\/\/mayadent.com.tr\/tr\/iletisim\/","name":"\u0130leti\u015fim - MAYADENT","isPartOf":{"@id":"https:\/\/mayadent.com.tr\/tr\/#website"},"datePublished":"2023-01-09T15:25:49+00:00","dateModified":"2025-05-21T22:55:37+00:00","breadcrumb":{"@id":"https:\/\/mayadent.com.tr\/tr\/iletisim\/#breadcrumb"},"inLanguage":"tr","potentialAction":[{"@type":"ReadAction","target":["https:\/\/mayadent.com.tr\/tr\/iletisim\/"]}]},{"@type":"BreadcrumbList","@id":"https:\/\/mayadent.com.tr\/tr\/iletisim\/#breadcrumb","itemListElement":[{"@type":"ListItem","position":1,"name":"Anasayfa","item":"https:\/\/mayadent.com.tr\/tr\/"},{"@type":"ListItem","position":2,"name":"\u0130leti\u015fim"}]},{"@type":"WebSite","@id":"https:\/\/mayadent.com.tr\/tr\/#website","url":"https:\/\/mayadent.com.tr\/tr\/","name":"mayadent.com.tr","description":"G\u00fcvenle G\u00fcl\u00fcmse","publisher":{"@id":"https:\/\/mayadent.com.tr\/tr\/#organization"},"potentialAction":[{"@type":"SearchAction","target":{"@type":"EntryPoint","urlTemplate":"https:\/\/mayadent.com.tr\/tr\/?s={search_term_string}"},"query-input":{"@type":"PropertyValueSpecification","valueRequired":true,"valueName":"search_term_string"}}],"inLanguage":"tr"},{"@type":"Organization","@id":"https:\/\/mayadent.com.tr\/tr\/#organization","name":"MAYADENT","alternateName":"Mayadent International","url":"https:\/\/mayadent.com.tr\/tr\/","logo":{"@type":"ImageObject","inLanguage":"tr","@id":"https:\/\/mayadent.com.tr\/tr\/#\/schema\/logo\/image\/","url":"https:\/\/mayadent.com.tr\/tr\/wp-content\/uploads\/2023\/08\/Adsiz-tasarim.png","contentUrl":"https:\/\/mayadent.com.tr\/tr\/wp-content\/uploads\/2023\/08\/Adsiz-tasarim.png","width":375,"height":375,"caption":"MAYADENT"},"image":{"@id":"https:\/\/mayadent.com.tr\/tr\/#\/schema\/logo\/image\/"},"sameAs":["https:\/\/www.facebook.com\/profile.php?id=100095497178358","https:\/\/www.instagram.com\/mayadentinternational\/"]}]}},"_links":{"self":[{"href":"https:\/\/mayadent.com.tr\/tr\/wp-json\/wp\/v2\/pages\/9903","targetHints":{"allow":["GET"]}}],"collection":[{"href":"https:\/\/mayadent.com.tr\/tr\/wp-json\/wp\/v2\/pages"}],"about":[{"href":"https:\/\/mayadent.com.tr\/tr\/wp-json\/wp\/v2\/types\/page"}],"author":[{"embeddable":true,"href":"https:\/\/mayadent.com.tr\/tr\/wp-json\/wp\/v2\/users\/1"}],"replies":[{"embeddable":true,"href":"https:\/\/mayadent.com.tr\/tr\/wp-json\/wp\/v2\/comments?post=9903"}],"version-history":[{"count":3,"href":"https:\/\/mayadent.com.tr\/tr\/wp-json\/wp\/v2\/pages\/9903\/revisions"}],"predecessor-version":[{"id":12066,"href":"https:\/\/mayadent.com.tr\/tr\/wp-json\/wp\/v2\/pages\/9903\/revisions\/12066"}],"wp:attachment":[{"href":"https:\/\/mayadent.com.tr\/tr\/wp-json\/wp\/v2\/media?parent=9903"}],"curies":[{"name":"wp","href":"https:\/\/api.w.org\/{rel}","templated":true}]}}