{"id":9980,"date":"2023-01-10T14:29:52","date_gmt":"2023-01-10T11:29:52","guid":{"rendered":"http:\/\/moddbeta.xyz\/maya\/?page_id=9980"},"modified":"2026-01-09T15:19:51","modified_gmt":"2026-01-09T12:19:51","slug":"zirkonyum-kaplama","status":"publish","type":"page","link":"https:\/\/mayadent.com.tr\/tr\/zirkonyum-kaplama\/","title":{"rendered":"Zirkonyum Kaplama"},"content":{"rendered":"<p>[vc_row content_placement=&#8221;middle&#8221; responsive_css=&#8221;padding_top_medium:65px|padding_bottom_medium:65px&#8221; css=&#8221;.vc_custom_1621858742456{padding-top: 35px !important;padding-bottom: 35px !important;}&#8221;][vc_column responsive_css=&#8221;margin_bottom_medium:0px&#8221; css=&#8221;.vc_custom_1675964936108{margin-bottom: 30px !important;}&#8221;]<style>.ld_images_group_element_69ef81659f761{border-radius:15px;}<\/style><div id=\"ld_images_group_element_69ef81659f761\" class=\"lqd-imggrp-single ld_images_group_element_69ef81659f761\" data-shadow-style=\"3\" data-roundness=\"custom\" data-hover3d=\"true\"  >\n\t\n\t<div class=\"lqd-imggrp-img-container\" data-stacking-factor=\"1\"   >\n\t\t\n\t\t\t\t\n\t\t\t\t<figure ><img decoding=\"async\" width=\"570\" height=\"466\" src=\"https:\/\/mayadent.com.tr\/tr\/wp-content\/uploads\/2023\/02\/Zirconium-Crown-son.jpg\" srcset=\"https:\/\/mayadent.com.tr\/tr\/wp-content\/uploads\/2023\/02\/Zirconium-Crown-son-300x245.jpg 300w, https:\/\/mayadent.com.tr\/tr\/wp-content\/uploads\/2023\/02\/Zirconium-Crown-son-1024x837.jpg 1024w, https:\/\/mayadent.com.tr\/tr\/wp-content\/uploads\/2023\/02\/Zirconium-Crown-son.jpg 1140w\" class=\"\" alt=\"\" itemprop=\"image\" \/><\/figure>\t\t\t\t\t\t\t\t\n\t<\/div><!-- \/.lqd-imggrp-content -->\n<\/div><!-- \/.lqd-imggrp-single --><style>.ld_spacer_69ef8165a1317{height:32px;}<\/style>\n<div class=\"ld-empty-space ld_spacer_69ef8165a1317\"><\/div><style>.ld_fancy_heading_69ef8165a16c6 h2{color:rgb(255, 255, 255);}.ld_fancy_heading_69ef8165a16c6 h2 {margin-bottom:0.3em !important;  } .ld_fancy_heading_69ef8165a16c6 .lqd-highlight-inner{height:0.275em!important;bottom:0px!important;}.ld_fancy_heading_69ef8165a16c6 h2 {margin-bottom:0.3em !important;  } <\/style><div class=\"ld-fancy-heading ld_fancy_heading_69ef8165a16c6\">\n\t<h2 class=\"ld-fh-element lqd-highlight-underline lqd-highlight-grow-left text-decoration-default\"   >  <span style=\"font-family: 'Marcellus'\">Zirkonyum Kaplama<\/span><\/h2><\/div><style>.ld_spacer_69ef8165a22de{height:64px;}<\/style>\n<div class=\"ld-empty-space ld_spacer_69ef8165a22de\"><\/div><style>.ld_fancy_heading_69ef8165a25e4 h2{color:rgb(255, 255, 255);}.ld_fancy_heading_69ef8165a25e4 h2 {margin-bottom:0.3em !important;  } .ld_fancy_heading_69ef8165a25e4 .lqd-highlight-inner{height:0.275em!important;bottom:0px!important;}.ld_fancy_heading_69ef8165a25e4 h2 {margin-bottom:0.3em !important;  } <\/style><div class=\"ld-fancy-heading ld_fancy_heading_69ef8165a25e4\">\n\t<h2 class=\"ld-fh-element lqd-highlight-underline lqd-highlight-grow-left text-decoration-default\"   >  Zirkonyumda Estetik: Bir Malzeme De\u011fil, Bir Yakla\u015f\u0131md\u0131r<\/h2><\/div><style>.ld_fancy_heading_69ef8165a4551 p{color:rgb(255, 255, 255);}.ld_fancy_heading_69ef8165a4551 p {font-size:18px; } .ld_fancy_heading_69ef8165a4551 p {line-height:1.44em; } .ld_fancy_heading_69ef8165a4551 p {--element-line-height:1.44em; } .ld_fancy_heading_69ef8165a4551 p {margin-bottom:2.5em !important;  } .ld_fancy_heading_69ef8165a4551 .lqd-highlight-inner{height:0.275em!important;bottom:0px!important;}.ld_fancy_heading_69ef8165a4551 p {font-size:18px; } .ld_fancy_heading_69ef8165a4551 p {line-height:1.44em; } .ld_fancy_heading_69ef8165a4551 p {--element-line-height:1.44em; } .ld_fancy_heading_69ef8165a4551 p {margin-bottom:2.5em !important;  } <\/style><div class=\"ld-fancy-heading ld_fancy_heading_69ef8165a4551\">\n\t<p class=\"ld-fh-element lqd-highlight-underline lqd-highlight-grow-left text-decoration-default\"   >  Zirkonyum, modern di\u015f hekimli\u011finde y\u00fcksek dayan\u0131kl\u0131l\u0131\u011f\u0131, biyouyumlu yap\u0131s\u0131 ve estetik<br \/>\npotansiyeli ile \u00f6ne \u00e7\u0131kan ileri bir materyaldir.<\/p>\n<p>Ancak ger\u00e7ek estetik ba\u015far\u0131, yaln\u0131zca<br \/>\nzirkonyum kullan\u0131m\u0131yla de\u011fil; bu materyalin nas\u0131l de\u011ferlendirildi\u011fi, nas\u0131l planland\u0131\u011f\u0131 ve nas\u0131l uyguland\u0131\u011f\u0131 ile ortaya \u00e7\u0131kar.<\/p>\n<p>Bu nedenle zirkonyum tedaviler, standart ve tek tip uygulamalar olarak de\u011fil; ki\u015fiye \u00f6zel,<br \/>\nb\u00fct\u00fcnc\u00fcl bir yakla\u015f\u0131m olarak ele al\u0131nmal\u0131d\u0131r.<\/p><\/div><style>.ld_fancy_heading_69ef8165a4f73 h2{color:rgb(255, 255, 255);}.ld_fancy_heading_69ef8165a4f73 h2 {margin-bottom:0.3em !important;  } .ld_fancy_heading_69ef8165a4f73 .lqd-highlight-inner{height:0.275em!important;bottom:0px!important;}.ld_fancy_heading_69ef8165a4f73 h2 {margin-bottom:0.3em !important;  } <\/style><div class=\"ld-fancy-heading ld_fancy_heading_69ef8165a4f73\">\n\t<h2 class=\"ld-fh-element lqd-highlight-underline lqd-highlight-grow-left text-decoration-default\"   >  Estetik, Do\u011fru Kullan\u0131mla \u015eekillenir<\/h2><\/div><style>.ld_fancy_heading_69ef8165a53b6 p{color:rgb(255, 255, 255);}.ld_fancy_heading_69ef8165a53b6 p {font-size:18px; } .ld_fancy_heading_69ef8165a53b6 p {line-height:1.44em; } .ld_fancy_heading_69ef8165a53b6 p {--element-line-height:1.44em; } .ld_fancy_heading_69ef8165a53b6 p {margin-bottom:2.5em !important;  } .ld_fancy_heading_69ef8165a53b6 .lqd-highlight-inner{height:0.275em!important;bottom:0px!important;}.ld_fancy_heading_69ef8165a53b6 p {font-size:18px; } .ld_fancy_heading_69ef8165a53b6 p {line-height:1.44em; } .ld_fancy_heading_69ef8165a53b6 p {--element-line-height:1.44em; } .ld_fancy_heading_69ef8165a53b6 p {margin-bottom:2.5em !important;  } <\/style><div class=\"ld-fancy-heading ld_fancy_heading_69ef8165a53b6\">\n\t<p class=\"ld-fh-element lqd-highlight-underline lqd-highlight-grow-left text-decoration-default\"   >  Zirkonyumun estetik g\u00fcc\u00fc, tek ba\u015f\u0131na malzemeden de\u011fil; do\u011fru klinik kararlardan do\u011far.<\/p>\n<p>Baz\u0131 vakalarda sade, yal\u0131n ve g\u00fc\u00e7l\u00fc bir g\u00f6r\u00fcn\u00fcm hedeflenirken; baz\u0131 vakalarda daha<br \/>\nyumu\u015fak ge\u00e7i\u015fli, detayl\u0131 ve do\u011fal bir estetik planlama tercih edilebilir.<br \/>\nBurada \u00f6nemli olan;<\/p>\n<p>\u2022 Uzman deneyimiyle teknik detaylara hakim olmak<br \/>\n\u2022 Malzemenin sundu\u011fu renk, doku ve dayan\u0131kl\u0131l\u0131k avantajlar\u0131n\u0131 do\u011fru yerde<br \/>\nkullanabilmektir.<\/p>\n<p>Estetik; bir zorunluluk de\u011fil, bilin\u00e7li bir tercihin sonucudur.<\/p><\/div><style>.ld_fancy_heading_69ef8165a591a h2{color:rgb(255, 255, 255);}.ld_fancy_heading_69ef8165a591a h2 {margin-bottom:0.3em !important;  } .ld_fancy_heading_69ef8165a591a .lqd-highlight-inner{height:0.275em!important;bottom:0px!important;}.ld_fancy_heading_69ef8165a591a h2 {margin-bottom:0.3em !important;  } <\/style><div class=\"ld-fancy-heading ld_fancy_heading_69ef8165a591a\">\n\t<h2 class=\"ld-fh-element lqd-highlight-underline lqd-highlight-grow-left text-decoration-default\"   >  Bizim Yakla\u015f\u0131m\u0131m\u0131z<\/h2><\/div><style>.ld_fancy_heading_69ef8165a5d61 p{color:rgb(255, 255, 255);}.ld_fancy_heading_69ef8165a5d61 p {font-size:18px; } .ld_fancy_heading_69ef8165a5d61 p {line-height:1.44em; } .ld_fancy_heading_69ef8165a5d61 p {--element-line-height:1.44em; } .ld_fancy_heading_69ef8165a5d61 p {margin-bottom:2.5em !important;  } .ld_fancy_heading_69ef8165a5d61 .lqd-highlight-inner{height:0.275em!important;bottom:0px!important;}.ld_fancy_heading_69ef8165a5d61 p {font-size:18px; } .ld_fancy_heading_69ef8165a5d61 p {line-height:1.44em; } .ld_fancy_heading_69ef8165a5d61 p {--element-line-height:1.44em; } .ld_fancy_heading_69ef8165a5d61 p {margin-bottom:2.5em !important;  } <\/style><div class=\"ld-fancy-heading ld_fancy_heading_69ef8165a5d61\">\n\t<p class=\"ld-fh-element lqd-highlight-underline lqd-highlight-grow-left text-decoration-default\"   >  Klini\u011fimizde zirkonyum tedaviler;<\/p>\n<p>\u2022 Y\u00fcksek dayan\u0131kl\u0131l\u0131k,<br \/>\n\u2022 Uzun s\u00fcreli kullan\u0131m avantaj\u0131,<br \/>\n\u2022 Biyouyumlu ve di\u015f eti dostu yap\u0131,<br \/>\n\u2022 \u00c7ok katmanl\u0131, geni\u015f renk skalas\u0131na sahip son teknoloji prime zirkonyum<br \/>\nse\u00e7enekleri<br \/>\n\u2022 \u00dczerine \u00fcst kalite seramik y\u0131\u011f\u0131m\u0131<br \/>\n\u2022 \u015eeffafl\u0131\u011f\u0131n sa\u011flanmas\u0131 ve do\u011fal cilas\u0131<br \/>\nbir b\u00fct\u00fcn olarak de\u011ferlendirilerek planlan\u0131r.<\/p>\n<p>Her hasta i\u00e7in ayr\u0131 bir estetik analiz yap\u0131l\u0131r.<\/p>\n<p>Her detay, g\u00fcl\u00fc\u015f\u00fcn do\u011fal bir par\u00e7as\u0131 olacak \u015fekilde d\u00fc\u015f\u00fcn\u00fcl\u00fcr.<br \/>\nMalzeme bilgisi, klinik deneyim ve estetik vizyon tek bir \u00e7izgide bulu\u015fturulur.<\/p><\/div><style>.ld_fancy_heading_69ef8165a631b h2{color:rgb(255, 255, 255);}.ld_fancy_heading_69ef8165a631b h2 {margin-bottom:0.3em !important;  } .ld_fancy_heading_69ef8165a631b .lqd-highlight-inner{height:0.275em!important;bottom:0px!important;}.ld_fancy_heading_69ef8165a631b h2 {margin-bottom:0.3em !important;  } <\/style><div class=\"ld-fancy-heading ld_fancy_heading_69ef8165a631b\">\n\t<h2 class=\"ld-fh-element lqd-highlight-underline lqd-highlight-grow-left text-decoration-default\"   >  Sonu\u00e7<\/h2><\/div><style>.ld_fancy_heading_69ef8165a6753 p{color:rgb(255, 255, 255);}.ld_fancy_heading_69ef8165a6753 p {font-size:18px; } .ld_fancy_heading_69ef8165a6753 p {line-height:1.44em; } .ld_fancy_heading_69ef8165a6753 p {--element-line-height:1.44em; } .ld_fancy_heading_69ef8165a6753 p {margin-bottom:2.5em !important;  } .ld_fancy_heading_69ef8165a6753 .lqd-highlight-inner{height:0.275em!important;bottom:0px!important;}.ld_fancy_heading_69ef8165a6753 p {font-size:18px; } .ld_fancy_heading_69ef8165a6753 p {line-height:1.44em; } .ld_fancy_heading_69ef8165a6753 p {--element-line-height:1.44em; } .ld_fancy_heading_69ef8165a6753 p {margin-bottom:2.5em !important;  } <\/style><div class=\"ld-fancy-heading ld_fancy_heading_69ef8165a6753\">\n\t<p class=\"ld-fh-element lqd-highlight-underline lqd-highlight-grow-left text-decoration-default\"   >  Zirkonyum di\u015f tedavilerinde kalite;<\/p>\n<p>Yaln\u0131zca kullan\u0131lan materyalin ad\u0131yla de\u011fil, uzman yakla\u015f\u0131m, do\u011fru planlama ve detaylara verilen \u00f6zenle belirlenir.<\/p>\n<p>Do\u011fru ellerde ve do\u011fru estetik anlay\u0131\u015fla uyguland\u0131\u011f\u0131nda zirkonyum;<br \/>\ndo\u011fal, dengeli, uzun \u00f6m\u00fcrl\u00fc bir estetik sunar.<\/p><\/div>[\/vc_column][\/vc_row]<\/p>\n","protected":false},"excerpt":{"rendered":"<p>[vc_row content_placement=&#8221;middle&#8221; responsive_css=&#8221;padding_top_medium:65px|padding_bottom_medium:65px&#8221; css=&#8221;.vc_custom_1621858742456{padding-top: 35px !important;padding-bottom: 35px !important;}&#8221;][vc_column responsive_css=&#8221;margin_bottom_medium:0px&#8221; css=&#8221;.vc_custom_1675964936108{margin-bottom: 30px !important;}&#8221;][\/vc_column][\/vc_row]<\/p>\n","protected":false},"author":1,"featured_media":0,"parent":0,"menu_order":0,"comment_status":"closed","ping_status":"closed","template":"","meta":{"footnotes":""},"class_list":["post-9980","page","type-page","status-publish","hentry"],"yoast_head":"<!-- This site is optimized with the Yoast SEO plugin v27.3 - https:\/\/yoast.com\/product\/yoast-seo-wordpress\/ -->\n<title>Zirkonyum Kaplama - MAYADENT<\/title>\n<meta name=\"robots\" content=\"index, follow, max-snippet:-1, max-image-preview:large, max-video-preview:-1\" \/>\n<link rel=\"canonical\" href=\"https:\/\/mayadent.com.tr\/tr\/zirkonyum-kaplama\/\" \/>\n<meta property=\"og:locale\" content=\"tr_TR\" \/>\n<meta property=\"og:type\" content=\"article\" \/>\n<meta property=\"og:title\" content=\"Zirkonyum Kaplama - MAYADENT\" \/>\n<meta property=\"og:description\" content=\"[vc_row content_placement=&#8221;middle&#8221; responsive_css=&#8221;padding_top_medium:65px|padding_bottom_medium:65px&#8221; css=&#8221;.vc_custom_1621858742456{padding-top: 35px !important;padding-bottom: 35px !important;}&#8221;][vc_column responsive_css=&#8221;margin_bottom_medium:0px&#8221; css=&#8221;.vc_custom_1675964936108{margin-bottom: 30px !important;}&#8221;][\/vc_column][\/vc_row]\" \/>\n<meta property=\"og:url\" content=\"https:\/\/mayadent.com.tr\/tr\/zirkonyum-kaplama\/\" \/>\n<meta property=\"og:site_name\" content=\"MAYADENT\" \/>\n<meta property=\"article:publisher\" content=\"https:\/\/www.facebook.com\/profile.php?id=100095497178358\" \/>\n<meta property=\"article:modified_time\" content=\"2026-01-09T12:19:51+00:00\" \/>\n<meta name=\"twitter:card\" content=\"summary_large_image\" \/>\n<meta name=\"twitter:label1\" content=\"Tahmini okuma s\u00fcresi\" \/>\n\t<meta name=\"twitter:data1\" content=\"2 dakika\" \/>\n<script type=\"application\/ld+json\" class=\"yoast-schema-graph\">{\"@context\":\"https:\\\/\\\/schema.org\",\"@graph\":[{\"@type\":\"WebPage\",\"@id\":\"https:\\\/\\\/mayadent.com.tr\\\/tr\\\/zirkonyum-kaplama\\\/\",\"url\":\"https:\\\/\\\/mayadent.com.tr\\\/tr\\\/zirkonyum-kaplama\\\/\",\"name\":\"Zirkonyum Kaplama - MAYADENT\",\"isPartOf\":{\"@id\":\"https:\\\/\\\/mayadent.com.tr\\\/tr\\\/#website\"},\"datePublished\":\"2023-01-10T11:29:52+00:00\",\"dateModified\":\"2026-01-09T12:19:51+00:00\",\"breadcrumb\":{\"@id\":\"https:\\\/\\\/mayadent.com.tr\\\/tr\\\/zirkonyum-kaplama\\\/#breadcrumb\"},\"inLanguage\":\"tr\",\"potentialAction\":[{\"@type\":\"ReadAction\",\"target\":[\"https:\\\/\\\/mayadent.com.tr\\\/tr\\\/zirkonyum-kaplama\\\/\"]}]},{\"@type\":\"BreadcrumbList\",\"@id\":\"https:\\\/\\\/mayadent.com.tr\\\/tr\\\/zirkonyum-kaplama\\\/#breadcrumb\",\"itemListElement\":[{\"@type\":\"ListItem\",\"position\":1,\"name\":\"Anasayfa\",\"item\":\"https:\\\/\\\/mayadent.com.tr\\\/tr\\\/\"},{\"@type\":\"ListItem\",\"position\":2,\"name\":\"Zirkonyum Kaplama\"}]},{\"@type\":\"WebSite\",\"@id\":\"https:\\\/\\\/mayadent.com.tr\\\/tr\\\/#website\",\"url\":\"https:\\\/\\\/mayadent.com.tr\\\/tr\\\/\",\"name\":\"mayadent.com.tr\",\"description\":\"G\u00fcvenle G\u00fcl\u00fcmse\",\"publisher\":{\"@id\":\"https:\\\/\\\/mayadent.com.tr\\\/tr\\\/#organization\"},\"potentialAction\":[{\"@type\":\"SearchAction\",\"target\":{\"@type\":\"EntryPoint\",\"urlTemplate\":\"https:\\\/\\\/mayadent.com.tr\\\/tr\\\/?s={search_term_string}\"},\"query-input\":{\"@type\":\"PropertyValueSpecification\",\"valueRequired\":true,\"valueName\":\"search_term_string\"}}],\"inLanguage\":\"tr\"},{\"@type\":\"Organization\",\"@id\":\"https:\\\/\\\/mayadent.com.tr\\\/tr\\\/#organization\",\"name\":\"MAYADENT\",\"alternateName\":\"Mayadent International\",\"url\":\"https:\\\/\\\/mayadent.com.tr\\\/tr\\\/\",\"logo\":{\"@type\":\"ImageObject\",\"inLanguage\":\"tr\",\"@id\":\"https:\\\/\\\/mayadent.com.tr\\\/tr\\\/#\\\/schema\\\/logo\\\/image\\\/\",\"url\":\"https:\\\/\\\/mayadent.com.tr\\\/tr\\\/wp-content\\\/uploads\\\/2023\\\/08\\\/Adsiz-tasarim.png\",\"contentUrl\":\"https:\\\/\\\/mayadent.com.tr\\\/tr\\\/wp-content\\\/uploads\\\/2023\\\/08\\\/Adsiz-tasarim.png\",\"width\":375,\"height\":375,\"caption\":\"MAYADENT\"},\"image\":{\"@id\":\"https:\\\/\\\/mayadent.com.tr\\\/tr\\\/#\\\/schema\\\/logo\\\/image\\\/\"},\"sameAs\":[\"https:\\\/\\\/www.facebook.com\\\/profile.php?id=100095497178358\",\"https:\\\/\\\/www.instagram.com\\\/mayadentinternational\\\/\"]}]}<\/script>\n<!-- \/ Yoast SEO plugin. -->","yoast_head_json":{"title":"Zirkonyum Kaplama - MAYADENT","robots":{"index":"index","follow":"follow","max-snippet":"max-snippet:-1","max-image-preview":"max-image-preview:large","max-video-preview":"max-video-preview:-1"},"canonical":"https:\/\/mayadent.com.tr\/tr\/zirkonyum-kaplama\/","og_locale":"tr_TR","og_type":"article","og_title":"Zirkonyum Kaplama - MAYADENT","og_description":"[vc_row content_placement=&#8221;middle&#8221; responsive_css=&#8221;padding_top_medium:65px|padding_bottom_medium:65px&#8221; css=&#8221;.vc_custom_1621858742456{padding-top: 35px !important;padding-bottom: 35px !important;}&#8221;][vc_column responsive_css=&#8221;margin_bottom_medium:0px&#8221; css=&#8221;.vc_custom_1675964936108{margin-bottom: 30px !important;}&#8221;][\/vc_column][\/vc_row]","og_url":"https:\/\/mayadent.com.tr\/tr\/zirkonyum-kaplama\/","og_site_name":"MAYADENT","article_publisher":"https:\/\/www.facebook.com\/profile.php?id=100095497178358","article_modified_time":"2026-01-09T12:19:51+00:00","twitter_card":"summary_large_image","twitter_misc":{"Tahmini okuma s\u00fcresi":"2 dakika"},"schema":{"@context":"https:\/\/schema.org","@graph":[{"@type":"WebPage","@id":"https:\/\/mayadent.com.tr\/tr\/zirkonyum-kaplama\/","url":"https:\/\/mayadent.com.tr\/tr\/zirkonyum-kaplama\/","name":"Zirkonyum Kaplama - MAYADENT","isPartOf":{"@id":"https:\/\/mayadent.com.tr\/tr\/#website"},"datePublished":"2023-01-10T11:29:52+00:00","dateModified":"2026-01-09T12:19:51+00:00","breadcrumb":{"@id":"https:\/\/mayadent.com.tr\/tr\/zirkonyum-kaplama\/#breadcrumb"},"inLanguage":"tr","potentialAction":[{"@type":"ReadAction","target":["https:\/\/mayadent.com.tr\/tr\/zirkonyum-kaplama\/"]}]},{"@type":"BreadcrumbList","@id":"https:\/\/mayadent.com.tr\/tr\/zirkonyum-kaplama\/#breadcrumb","itemListElement":[{"@type":"ListItem","position":1,"name":"Anasayfa","item":"https:\/\/mayadent.com.tr\/tr\/"},{"@type":"ListItem","position":2,"name":"Zirkonyum Kaplama"}]},{"@type":"WebSite","@id":"https:\/\/mayadent.com.tr\/tr\/#website","url":"https:\/\/mayadent.com.tr\/tr\/","name":"mayadent.com.tr","description":"G\u00fcvenle G\u00fcl\u00fcmse","publisher":{"@id":"https:\/\/mayadent.com.tr\/tr\/#organization"},"potentialAction":[{"@type":"SearchAction","target":{"@type":"EntryPoint","urlTemplate":"https:\/\/mayadent.com.tr\/tr\/?s={search_term_string}"},"query-input":{"@type":"PropertyValueSpecification","valueRequired":true,"valueName":"search_term_string"}}],"inLanguage":"tr"},{"@type":"Organization","@id":"https:\/\/mayadent.com.tr\/tr\/#organization","name":"MAYADENT","alternateName":"Mayadent International","url":"https:\/\/mayadent.com.tr\/tr\/","logo":{"@type":"ImageObject","inLanguage":"tr","@id":"https:\/\/mayadent.com.tr\/tr\/#\/schema\/logo\/image\/","url":"https:\/\/mayadent.com.tr\/tr\/wp-content\/uploads\/2023\/08\/Adsiz-tasarim.png","contentUrl":"https:\/\/mayadent.com.tr\/tr\/wp-content\/uploads\/2023\/08\/Adsiz-tasarim.png","width":375,"height":375,"caption":"MAYADENT"},"image":{"@id":"https:\/\/mayadent.com.tr\/tr\/#\/schema\/logo\/image\/"},"sameAs":["https:\/\/www.facebook.com\/profile.php?id=100095497178358","https:\/\/www.instagram.com\/mayadentinternational\/"]}]}},"_links":{"self":[{"href":"https:\/\/mayadent.com.tr\/tr\/wp-json\/wp\/v2\/pages\/9980","targetHints":{"allow":["GET"]}}],"collection":[{"href":"https:\/\/mayadent.com.tr\/tr\/wp-json\/wp\/v2\/pages"}],"about":[{"href":"https:\/\/mayadent.com.tr\/tr\/wp-json\/wp\/v2\/types\/page"}],"author":[{"embeddable":true,"href":"https:\/\/mayadent.com.tr\/tr\/wp-json\/wp\/v2\/users\/1"}],"replies":[{"embeddable":true,"href":"https:\/\/mayadent.com.tr\/tr\/wp-json\/wp\/v2\/comments?post=9980"}],"version-history":[{"count":5,"href":"https:\/\/mayadent.com.tr\/tr\/wp-json\/wp\/v2\/pages\/9980\/revisions"}],"predecessor-version":[{"id":12246,"href":"https:\/\/mayadent.com.tr\/tr\/wp-json\/wp\/v2\/pages\/9980\/revisions\/12246"}],"wp:attachment":[{"href":"https:\/\/mayadent.com.tr\/tr\/wp-json\/wp\/v2\/media?parent=9980"}],"curies":[{"name":"wp","href":"https:\/\/api.w.org\/{rel}","templated":true}]}}