{"id":9990,"date":"2023-01-10T14:37:51","date_gmt":"2023-01-10T11:37:51","guid":{"rendered":"http:\/\/moddbeta.xyz\/maya\/?page_id=9990"},"modified":"2025-05-22T01:23:38","modified_gmt":"2025-05-21T22:23:38","slug":"dis-beyazlatma","status":"publish","type":"page","link":"https:\/\/mayadent.com.tr\/tr\/dis-beyazlatma\/","title":{"rendered":"Di\u015f Beyazlatma"},"content":{"rendered":"<p>[vc_row content_placement=&#8221;middle&#8221; responsive_css=&#8221;padding_top_medium:65px|padding_bottom_medium:65px&#8221; css=&#8221;.vc_custom_1621858742456{padding-top: 35px !important;padding-bottom: 35px !important;}&#8221;][vc_column responsive_css=&#8221;margin_bottom_medium:0px&#8221; css=&#8221;.vc_custom_1675965416157{margin-bottom: 30px !important;}&#8221;]<style>.ld_images_group_element_69ef819d672a5{border-radius:15px;}<\/style><div id=\"ld_images_group_element_69ef819d672a5\" class=\"lqd-imggrp-single ld_images_group_element_69ef819d672a5\" data-shadow-style=\"3\" data-roundness=\"custom\" data-hover3d=\"true\"  >\n\t\n\t<div class=\"lqd-imggrp-img-container\" data-stacking-factor=\"1\"   >\n\t\t\n\t\t\t\t\n\t\t\t\t<figure ><img decoding=\"async\" width=\"570\" height=\"466\" src=\"https:\/\/mayadent.com.tr\/tr\/wp-content\/uploads\/2023\/02\/teeth-whintining-1.jpg\" srcset=\"https:\/\/mayadent.com.tr\/tr\/wp-content\/uploads\/2023\/02\/teeth-whintining-1-300x245.jpg 300w, https:\/\/mayadent.com.tr\/tr\/wp-content\/uploads\/2023\/02\/teeth-whintining-1-1024x837.jpg 1024w, https:\/\/mayadent.com.tr\/tr\/wp-content\/uploads\/2023\/02\/teeth-whintining-1.jpg 1140w\" class=\"\" alt=\"\" itemprop=\"image\" \/><\/figure>\t\t\t\t\t\t\t\t\n\t<\/div><!-- \/.lqd-imggrp-content -->\n<\/div><!-- \/.lqd-imggrp-single --><style>.ld_spacer_69ef819d68658{height:32px;}<\/style>\n<div class=\"ld-empty-space ld_spacer_69ef819d68658\"><\/div><style>.ld_fancy_heading_69ef819d68882 h2{color:rgb(255, 255, 255);}.ld_fancy_heading_69ef819d68882 h2 {margin-bottom:0.3em !important;  } .ld_fancy_heading_69ef819d68882 .lqd-highlight-inner{height:0.275em!important;bottom:0px!important;}.ld_fancy_heading_69ef819d68882 h2 {margin-bottom:0.3em !important;  } <\/style><div class=\"ld-fancy-heading ld_fancy_heading_69ef819d68882\">\n\t<h2 class=\"ld-fh-element lqd-highlight-underline lqd-highlight-grow-left text-decoration-default\"   >  <span style=\"font-family: 'Marcellus'\">Di\u015f Beyazlatma<\/span><\/h2><\/div><style>.ld_fancy_heading_69ef819d6912f p{color:rgb(255, 255, 255);}.ld_fancy_heading_69ef819d6912f p {font-size:18px; } .ld_fancy_heading_69ef819d6912f p {line-height:1.44em; } .ld_fancy_heading_69ef819d6912f p {--element-line-height:1.44em; } .ld_fancy_heading_69ef819d6912f p {margin-bottom:2.5em !important;  } .ld_fancy_heading_69ef819d6912f .lqd-highlight-inner{height:0.275em!important;bottom:0px!important;}.ld_fancy_heading_69ef819d6912f p {font-size:18px; } .ld_fancy_heading_69ef819d6912f p {line-height:1.44em; } .ld_fancy_heading_69ef819d6912f p {--element-line-height:1.44em; } .ld_fancy_heading_69ef819d6912f p {margin-bottom:2.5em !important;  } <\/style><div class=\"ld-fancy-heading ld_fancy_heading_69ef819d6912f\">\n\t<p class=\"ld-fh-element lqd-highlight-underline lqd-highlight-grow-left text-decoration-default\"   >  Di\u015f beyazlatma di\u015fleri beyazlat\u0131r ve lekeleri giderir. En pop\u00fcler kozmetik di\u015f prosed\u00fcrlerinden biri di\u015f beyazlatmad\u0131r \u00e7\u00fcnk\u00fc di\u015flerinizin g\u00f6r\u00fcn\u00fcm\u00fcn\u00fc \u00f6nemli \u00f6l\u00e7\u00fcde iyile\u015ftirebilir. Di\u015f beyazlatma genellikle di\u015f hekimleri taraf\u0131ndan yap\u0131l\u0131r. Ayr\u0131ca tek seferlik bir i\u015flem de\u011fildir. Rengi korumak istiyorsan\u0131z, bunu periyodik olarak tekrarlaman\u0131z gerekir.<\/p><\/div><style>.ld_fancy_heading_69ef819d69b85 p{color:rgb(0, 0, 0);}.ld_fancy_heading_69ef819d69b85 p {margin-bottom:2.5em !important;  } .ld_fancy_heading_69ef819d69b85 .lqd-highlight-inner{height:0.275em!important;bottom:0px!important;}.ld_fancy_heading_69ef819d69b85 p {margin-bottom:2.5em !important;  } <\/style><div class=\"ld-fancy-heading ld_fancy_heading_69ef819d69b85\">\n\t<p class=\"ld-fh-element lqd-highlight-underline lqd-highlight-grow-left text-decoration-default\"   >  <span style=\"color: #ffffff\"><b>Di\u015f Beyazlatma \u0130\u015fleminin Faydalar\u0131<\/b><\/span><\/p>\n<ul style=\"color: #ffffff !important\">\n<li><span style=\"color: #ffffff\">Daha parlak bir g\u00fcl\u00fcmseme sunar<\/span><\/li>\n<li><span style=\"color: #ffffff\">\u00d6zg\u00fcveni art\u0131r\u0131r<\/span><\/li>\n<li><span style=\"color: #ffffff\">Daha iyi a\u011f\u0131z sa\u011fl\u0131\u011f\u0131 sa\u011flar<\/span><\/li>\n<li><span style=\"color: #ffffff\">Uzun \u00f6m\u00fcrl\u00fcd\u00fcr <\/span><\/li>\n<li><span style=\"color: #ffffff\"> Hastalar\u0131n tam olarak arad\u0131\u011f\u0131 beyazl\u0131k miktar\u0131na ve en \u00e7ok ihtiya\u00e7 duyduklar\u0131 alanlara g\u00f6re \u00f6zelle\u015ftirilir.<\/span><\/li>\n<li><span style=\"color: #ffffff\">Di\u011fer di\u015f tedavilerine g\u00f6re daha g\u00fcvenli ve konforlu bir tedavidir.<\/span><\/li>\n<\/ul>\n<p><span style=\"color: #ffffff\"><b>Di\u015f Beyazlatma \u0130\u015flemi Ne Kadar S\u00fcrer?<\/b><\/span><\/p>\n<p><span style=\"color: #ffffff\">Di\u015f beyazlatma i\u015fleminin tamamlanmas\u0131 genellikle 45 dakika s\u00fcrer.\u00a0Di\u015f hekimi beyazlatma sol\u00fcsyonunu uygulamadan \u00f6nce hastaya di\u015f beyazlatma i\u015flemini anlatacakt\u0131r.\u00a0Bu bilgi oturumu 15 dakika kadar s\u00fcrebilir.\u00a0Sonu\u00e7 olarak, randevunun tamam\u0131 muhtemelen yakla\u015f\u0131k bir saat bulabilir.<\/span><\/p>\n<p><span style=\"color: #ffffff\"><b>Di\u015f Beyazlatma \u0130\u00e7in En \u0130yi Aday Kimdir?<\/b><\/span><\/p>\n<p><span style=\"color: #ffffff\">Sa\u011fl\u0131kl\u0131 di\u015f etleri ve di\u015fleri olan, g\u00fcl\u00fc\u015f\u00fcn\u00fc g\u00fczelle\u015ftirmek isteyen herkes di\u015f beyazlatma i\u015flemini yapt\u0131rabilir.\u00a0T\u00fct\u00fcn, kahve, \u00e7ay, tetrasiklin ve di\u011fer \u00e7e\u015fitli di\u015f lekeleri dahil olmak \u00fczere di\u015f lekelerini \u00e7\u0131karmada olduk\u00e7a etkilidir.\u00a0Profesyonel bir di\u015f beyazlatma sistemi mevcut di\u015f i\u015fini etkilemeyecektir.<\/span><\/p>\n<p><span style=\"color: #ffffff\"><b>Di\u015f Beyazlatma i\u015flemi Ne Kadar S\u00fcrer?<\/b><\/span><\/p>\n<p><span style=\"color: #ffffff\">Di\u015f beyazlatman\u0131n etkileri 2-3 y\u0131l kadar s\u00fcrebilece\u011fi gibi 6 aya kadar uzayabilir.\u00a0Bu ki\u015fiden ki\u015fiye de\u011fi\u015fir.\u00a0Di\u015flerini lekelenmeye neden olan yiyecek ve i\u00e7eceklere maruz b\u0131rakan ki\u015filerde bir ay gibi k\u0131sa bir s\u00fcrede beyazl\u0131\u011f\u0131n solmaya ba\u015flad\u0131\u011f\u0131n\u0131 g\u00f6rebilirler.\u00a0Leke yapan yiyecek ve i\u00e7eceklerden ka\u00e7\u0131nanlar, ba\u015fka bir beyazlatma tedavisi veya r\u00f6tu\u015f gerekmeden \u00f6nce bir y\u0131l veya daha uzun s\u00fcre bekleyebilirler.<\/span><\/p>\n<p>&nbsp;<\/p>\n<p><span style=\"color: #ffffff\"><b>Di\u015f Beyazlatma \u0130\u015flemi Ac\u0131l\u0131 Bir S\u00fcre\u00e7 Midir?<\/b><\/span><\/p>\n<p><span style=\"color: #ffffff\">A\u011fr\u0131s\u0131z bir i\u015flem olmakla birlikte tedavi s\u0131ras\u0131nda veya sonras\u0131nda di\u015f etlerinde hassasiyet ve hafif rahats\u0131zl\u0131klara neden olabilir.\u00a0Bu yan etkilerin her ikisi de genellikle ge\u00e7icidir ve tedaviden birka\u00e7 g\u00fcn sonra kaybolur.<\/span><\/p><\/div>[\/vc_column][\/vc_row]<\/p>\n","protected":false},"excerpt":{"rendered":"<p>[vc_row content_placement=&#8221;middle&#8221; responsive_css=&#8221;padding_top_medium:65px|padding_bottom_medium:65px&#8221; css=&#8221;.vc_custom_1621858742456{padding-top: 35px !important;padding-bottom: 35px !important;}&#8221;][vc_column responsive_css=&#8221;margin_bottom_medium:0px&#8221; css=&#8221;.vc_custom_1675965416157{margin-bottom: 30px !important;}&#8221;][\/vc_column][\/vc_row]<\/p>\n","protected":false},"author":1,"featured_media":0,"parent":0,"menu_order":0,"comment_status":"closed","ping_status":"closed","template":"","meta":{"footnotes":""},"class_list":["post-9990","page","type-page","status-publish","hentry"],"yoast_head":"<!-- This site is optimized with the Yoast SEO plugin v27.3 - https:\/\/yoast.com\/product\/yoast-seo-wordpress\/ -->\n<title>Di\u015f Beyazlatma - MAYADENT<\/title>\n<meta name=\"robots\" content=\"index, follow, max-snippet:-1, max-image-preview:large, max-video-preview:-1\" \/>\n<link rel=\"canonical\" href=\"https:\/\/mayadent.com.tr\/tr\/dis-beyazlatma\/\" \/>\n<meta property=\"og:locale\" content=\"tr_TR\" \/>\n<meta property=\"og:type\" content=\"article\" \/>\n<meta property=\"og:title\" content=\"Di\u015f Beyazlatma - MAYADENT\" \/>\n<meta property=\"og:description\" content=\"[vc_row content_placement=&#8221;middle&#8221; responsive_css=&#8221;padding_top_medium:65px|padding_bottom_medium:65px&#8221; css=&#8221;.vc_custom_1621858742456{padding-top: 35px !important;padding-bottom: 35px !important;}&#8221;][vc_column responsive_css=&#8221;margin_bottom_medium:0px&#8221; css=&#8221;.vc_custom_1675965416157{margin-bottom: 30px !important;}&#8221;][\/vc_column][\/vc_row]\" \/>\n<meta property=\"og:url\" content=\"https:\/\/mayadent.com.tr\/tr\/dis-beyazlatma\/\" \/>\n<meta property=\"og:site_name\" content=\"MAYADENT\" \/>\n<meta property=\"article:publisher\" content=\"https:\/\/www.facebook.com\/profile.php?id=100095497178358\" \/>\n<meta property=\"article:modified_time\" content=\"2025-05-21T22:23:38+00:00\" \/>\n<meta name=\"twitter:card\" content=\"summary_large_image\" \/>\n<meta name=\"twitter:label1\" content=\"Tahmini okuma s\u00fcresi\" \/>\n\t<meta name=\"twitter:data1\" content=\"2 dakika\" \/>\n<script type=\"application\/ld+json\" class=\"yoast-schema-graph\">{\"@context\":\"https:\\\/\\\/schema.org\",\"@graph\":[{\"@type\":\"WebPage\",\"@id\":\"https:\\\/\\\/mayadent.com.tr\\\/tr\\\/dis-beyazlatma\\\/\",\"url\":\"https:\\\/\\\/mayadent.com.tr\\\/tr\\\/dis-beyazlatma\\\/\",\"name\":\"Di\u015f Beyazlatma - MAYADENT\",\"isPartOf\":{\"@id\":\"https:\\\/\\\/mayadent.com.tr\\\/tr\\\/#website\"},\"datePublished\":\"2023-01-10T11:37:51+00:00\",\"dateModified\":\"2025-05-21T22:23:38+00:00\",\"breadcrumb\":{\"@id\":\"https:\\\/\\\/mayadent.com.tr\\\/tr\\\/dis-beyazlatma\\\/#breadcrumb\"},\"inLanguage\":\"tr\",\"potentialAction\":[{\"@type\":\"ReadAction\",\"target\":[\"https:\\\/\\\/mayadent.com.tr\\\/tr\\\/dis-beyazlatma\\\/\"]}]},{\"@type\":\"BreadcrumbList\",\"@id\":\"https:\\\/\\\/mayadent.com.tr\\\/tr\\\/dis-beyazlatma\\\/#breadcrumb\",\"itemListElement\":[{\"@type\":\"ListItem\",\"position\":1,\"name\":\"Anasayfa\",\"item\":\"https:\\\/\\\/mayadent.com.tr\\\/tr\\\/\"},{\"@type\":\"ListItem\",\"position\":2,\"name\":\"Di\u015f Beyazlatma\"}]},{\"@type\":\"WebSite\",\"@id\":\"https:\\\/\\\/mayadent.com.tr\\\/tr\\\/#website\",\"url\":\"https:\\\/\\\/mayadent.com.tr\\\/tr\\\/\",\"name\":\"mayadent.com.tr\",\"description\":\"G\u00fcvenle G\u00fcl\u00fcmse\",\"publisher\":{\"@id\":\"https:\\\/\\\/mayadent.com.tr\\\/tr\\\/#organization\"},\"potentialAction\":[{\"@type\":\"SearchAction\",\"target\":{\"@type\":\"EntryPoint\",\"urlTemplate\":\"https:\\\/\\\/mayadent.com.tr\\\/tr\\\/?s={search_term_string}\"},\"query-input\":{\"@type\":\"PropertyValueSpecification\",\"valueRequired\":true,\"valueName\":\"search_term_string\"}}],\"inLanguage\":\"tr\"},{\"@type\":\"Organization\",\"@id\":\"https:\\\/\\\/mayadent.com.tr\\\/tr\\\/#organization\",\"name\":\"MAYADENT\",\"alternateName\":\"Mayadent International\",\"url\":\"https:\\\/\\\/mayadent.com.tr\\\/tr\\\/\",\"logo\":{\"@type\":\"ImageObject\",\"inLanguage\":\"tr\",\"@id\":\"https:\\\/\\\/mayadent.com.tr\\\/tr\\\/#\\\/schema\\\/logo\\\/image\\\/\",\"url\":\"https:\\\/\\\/mayadent.com.tr\\\/tr\\\/wp-content\\\/uploads\\\/2023\\\/08\\\/Adsiz-tasarim.png\",\"contentUrl\":\"https:\\\/\\\/mayadent.com.tr\\\/tr\\\/wp-content\\\/uploads\\\/2023\\\/08\\\/Adsiz-tasarim.png\",\"width\":375,\"height\":375,\"caption\":\"MAYADENT\"},\"image\":{\"@id\":\"https:\\\/\\\/mayadent.com.tr\\\/tr\\\/#\\\/schema\\\/logo\\\/image\\\/\"},\"sameAs\":[\"https:\\\/\\\/www.facebook.com\\\/profile.php?id=100095497178358\",\"https:\\\/\\\/www.instagram.com\\\/mayadentinternational\\\/\"]}]}<\/script>\n<!-- \/ Yoast SEO plugin. -->","yoast_head_json":{"title":"Di\u015f Beyazlatma - MAYADENT","robots":{"index":"index","follow":"follow","max-snippet":"max-snippet:-1","max-image-preview":"max-image-preview:large","max-video-preview":"max-video-preview:-1"},"canonical":"https:\/\/mayadent.com.tr\/tr\/dis-beyazlatma\/","og_locale":"tr_TR","og_type":"article","og_title":"Di\u015f Beyazlatma - MAYADENT","og_description":"[vc_row content_placement=&#8221;middle&#8221; responsive_css=&#8221;padding_top_medium:65px|padding_bottom_medium:65px&#8221; css=&#8221;.vc_custom_1621858742456{padding-top: 35px !important;padding-bottom: 35px !important;}&#8221;][vc_column responsive_css=&#8221;margin_bottom_medium:0px&#8221; css=&#8221;.vc_custom_1675965416157{margin-bottom: 30px !important;}&#8221;][\/vc_column][\/vc_row]","og_url":"https:\/\/mayadent.com.tr\/tr\/dis-beyazlatma\/","og_site_name":"MAYADENT","article_publisher":"https:\/\/www.facebook.com\/profile.php?id=100095497178358","article_modified_time":"2025-05-21T22:23:38+00:00","twitter_card":"summary_large_image","twitter_misc":{"Tahmini okuma s\u00fcresi":"2 dakika"},"schema":{"@context":"https:\/\/schema.org","@graph":[{"@type":"WebPage","@id":"https:\/\/mayadent.com.tr\/tr\/dis-beyazlatma\/","url":"https:\/\/mayadent.com.tr\/tr\/dis-beyazlatma\/","name":"Di\u015f Beyazlatma - MAYADENT","isPartOf":{"@id":"https:\/\/mayadent.com.tr\/tr\/#website"},"datePublished":"2023-01-10T11:37:51+00:00","dateModified":"2025-05-21T22:23:38+00:00","breadcrumb":{"@id":"https:\/\/mayadent.com.tr\/tr\/dis-beyazlatma\/#breadcrumb"},"inLanguage":"tr","potentialAction":[{"@type":"ReadAction","target":["https:\/\/mayadent.com.tr\/tr\/dis-beyazlatma\/"]}]},{"@type":"BreadcrumbList","@id":"https:\/\/mayadent.com.tr\/tr\/dis-beyazlatma\/#breadcrumb","itemListElement":[{"@type":"ListItem","position":1,"name":"Anasayfa","item":"https:\/\/mayadent.com.tr\/tr\/"},{"@type":"ListItem","position":2,"name":"Di\u015f Beyazlatma"}]},{"@type":"WebSite","@id":"https:\/\/mayadent.com.tr\/tr\/#website","url":"https:\/\/mayadent.com.tr\/tr\/","name":"mayadent.com.tr","description":"G\u00fcvenle G\u00fcl\u00fcmse","publisher":{"@id":"https:\/\/mayadent.com.tr\/tr\/#organization"},"potentialAction":[{"@type":"SearchAction","target":{"@type":"EntryPoint","urlTemplate":"https:\/\/mayadent.com.tr\/tr\/?s={search_term_string}"},"query-input":{"@type":"PropertyValueSpecification","valueRequired":true,"valueName":"search_term_string"}}],"inLanguage":"tr"},{"@type":"Organization","@id":"https:\/\/mayadent.com.tr\/tr\/#organization","name":"MAYADENT","alternateName":"Mayadent International","url":"https:\/\/mayadent.com.tr\/tr\/","logo":{"@type":"ImageObject","inLanguage":"tr","@id":"https:\/\/mayadent.com.tr\/tr\/#\/schema\/logo\/image\/","url":"https:\/\/mayadent.com.tr\/tr\/wp-content\/uploads\/2023\/08\/Adsiz-tasarim.png","contentUrl":"https:\/\/mayadent.com.tr\/tr\/wp-content\/uploads\/2023\/08\/Adsiz-tasarim.png","width":375,"height":375,"caption":"MAYADENT"},"image":{"@id":"https:\/\/mayadent.com.tr\/tr\/#\/schema\/logo\/image\/"},"sameAs":["https:\/\/www.facebook.com\/profile.php?id=100095497178358","https:\/\/www.instagram.com\/mayadentinternational\/"]}]}},"_links":{"self":[{"href":"https:\/\/mayadent.com.tr\/tr\/wp-json\/wp\/v2\/pages\/9990","targetHints":{"allow":["GET"]}}],"collection":[{"href":"https:\/\/mayadent.com.tr\/tr\/wp-json\/wp\/v2\/pages"}],"about":[{"href":"https:\/\/mayadent.com.tr\/tr\/wp-json\/wp\/v2\/types\/page"}],"author":[{"embeddable":true,"href":"https:\/\/mayadent.com.tr\/tr\/wp-json\/wp\/v2\/users\/1"}],"replies":[{"embeddable":true,"href":"https:\/\/mayadent.com.tr\/tr\/wp-json\/wp\/v2\/comments?post=9990"}],"version-history":[{"count":4,"href":"https:\/\/mayadent.com.tr\/tr\/wp-json\/wp\/v2\/pages\/9990\/revisions"}],"predecessor-version":[{"id":12168,"href":"https:\/\/mayadent.com.tr\/tr\/wp-json\/wp\/v2\/pages\/9990\/revisions\/12168"}],"wp:attachment":[{"href":"https:\/\/mayadent.com.tr\/tr\/wp-json\/wp\/v2\/media?parent=9990"}],"curies":[{"name":"wp","href":"https:\/\/api.w.org\/{rel}","templated":true}]}}